{"id":163,"date":"2022-03-15T16:45:24","date_gmt":"2022-03-15T16:45:24","guid":{"rendered":"https:\/\/eventos.uab.pt\/wsd22\/?page_id=7"},"modified":"2025-09-10T09:58:27","modified_gmt":"2025-09-10T08:58:27","slug":"inicio","status":"publish","type":"page","link":"https:\/\/sites.uab.pt\/ats25\/","title":{"rendered":"In\u00edcio"},"content":{"rendered":"\n<h1 class=\"wp-block-heading has-text-align-center\"><strong>\u00c1gua, Territ\u00f3rio e Sustentabilidade<\/strong><\/h1>\n\n\n\n<h2 class=\"wp-block-heading has-text-align-center\"><strong>12 de Setembro de 2025<\/strong><\/h2>\n\n\n\n<h4 class=\"wp-block-heading has-text-align-center\"><\/h4>\n\n\n\n<h4 class=\"wp-block-heading has-text-align-center\">&#8211;> <strong><a href=\"https:\/\/teams.microsoft.com\/l\/meetup-join\/19%3ameeting_NDZiMTIxMTYtMGEzYy00NjFlLWFlNTYtMGI2NWJiOWIxMjkw%40thread.v2\/0?context=%7b%22Tid%22%3a%2258e31257-f77f-4d58-9705-d0b6ea0f9ee4%22%2c%22Oid%22%3a%22b8529054-4a85-412e-a5ec-5edc2b972163%22%7d\" data-type=\"link\" data-id=\"https:\/\/teams.microsoft.com\/l\/meetup-join\/19%3ameeting_NDZiMTIxMTYtMGEzYy00NjFlLWFlNTYtMGI2NWJiOWIxMjkw%40thread.v2\/0?context=%7b%22Tid%22%3a%2258e31257-f77f-4d58-9705-d0b6ea0f9ee4%22%2c%22Oid%22%3a%22b8529054-4a85-412e-a5ec-5edc2b972163%22%7d\">>> Liga\u00e7\u00e3o para a videoconfer\u00eancia &lt;&lt;<\/a><\/strong> &lt;&#8211;<\/h4>\n\n\n\n<div style=\"text-align: center\">\n<p style=\"font-weight: 400\"><\/p>\n<\/div>\n\n\n\n<p>&nbsp;A \u00e1gua \u00e9 um recurso essencial para a vida e o motor do desenvolvimento sustent\u00e1vel. Desde a garantia da seguran\u00e7a alimentar at\u00e9 \u00e0 preserva\u00e7\u00e3o da biodiversidade e \u00e0 promo\u00e7\u00e3o da sa\u00fade p\u00fablica, passando pelos riscos de cat\u00e1strofes e pela desertifica\u00e7\u00e3o, o acesso \u00e0 \u00e1gua pot\u00e1vel e ao saneamento adequado \u00e9 fundamental para a prosperidade das sociedades. Contudo, desafios como a escassez h\u00eddrica, os riscos associados \u00e1 presen\u00e7a de \u00e1gua, a gest\u00e3o ineficiente, a polui\u00e7\u00e3o e os impactos das altera\u00e7\u00f5es clim\u00e1ticas colocam em risco a sustentabilidade dos hidro-sistemas em todo o mundo.<br>Integrada nos Objetivos de Desenvolvimento Sustent\u00e1vel das Na\u00e7\u00f5es Unidas, a \u00e1gua ocupa uma posi\u00e7\u00e3o central, destacando a sua import\u00e2ncia transversal na erradica\u00e7\u00e3o da pobreza, na redu\u00e7\u00e3o das desigualdades e na constru\u00e7\u00e3o de comunidades resilientes. A gest\u00e3o sustent\u00e1vel dos recursos h\u00eddricos exige a colabora\u00e7\u00e3o entre governos, comunidades, investigadores e setores econ\u00f3micos, promovendo solu\u00e7\u00f5es inovadoras que equilibrem as necessidades humanas e ambientais.<br>O objetivo deste Semin\u00e1rio \u00e9 promover o debate interdisciplinar sobre o tema da \u00e1gua e a sua liga\u00e7\u00e3o ao desenvolvimento sustent\u00e1vel no espa\u00e7o lus\u00f3fono, incluindo investigadores, estudantes e representantes de ag\u00eancias locais e nacionais com diferentes forma\u00e7\u00f5es cient\u00edficas que ativamente constroem conhecimento e gerem e utilizam este recurso. Juntos, iremos abordar os desafios da disponibilidade de \u00e1gua, os riscos associados e a capacidade das comunidades locais para enfrentar os v\u00e1rios desafios associados \u00e0 \u00e1gua.<\/p>\n\n\n\n<p>ATS&#8217;25 \u00e9 um evento cient\u00edfico h\u00edbrido que ter\u00e1 lugar na Faculdade de Ci\u00eancias da Terra e Ambiente (Universidade Pedag\u00f3gica de Maputo), em Maputo.<\/p>\n\n\n\n<p class=\"has-text-align-center\">______________________________________________________________________________________<\/p>\n\n\n\n<p class=\"has-text-align-center\"><a href=\"https:\/\/maps.app.goo.gl\/MQzD2jDBsHrETt5Z8\">Ver no mapa<\/a><\/p>\n\n\n\n<p class=\"has-text-align-center\"><a href=\"https:\/\/teams.microsoft.com\/l\/meetup-join\/19%3ameeting_NDZiMTIxMTYtMGEzYy00NjFlLWFlNTYtMGI2NWJiOWIxMjkw%40thread.v2\/0?context=%7b%22Tid%22%3a%2258e31257-f77f-4d58-9705-d0b6ea0f9ee4%22%2c%22Oid%22%3a%22b8529054-4a85-412e-a5ec-5edc2b972163%22%7d\" data-type=\"link\" data-id=\"https:\/\/teams.microsoft.com\/l\/meetup-join\/19%3ameeting_NDZiMTIxMTYtMGEzYy00NjFlLWFlNTYtMGI2NWJiOWIxMjkw%40thread.v2\/0?context=%7b%22Tid%22%3a%2258e31257-f77f-4d58-9705-d0b6ea0f9ee4%22%2c%22Oid%22%3a%22b8529054-4a85-412e-a5ec-5edc2b972163%22%7d\"><strong>&gt;&gt; Liga\u00e7\u00e3o para a videoconfer\u00eancia &lt;&lt;<\/strong><\/a><\/p>\n\n\n\n<p class=\"has-text-align-center\">______________________________________________________________________________________<\/p>\n\n\n\n<p class=\"has-text-align-center\"><\/p>\n\n\n\n<h1 class=\"wp-block-heading\">Convite \u00e0 apresenta\u00e7\u00e3o de comunica\u00e7\u00f5es e artigos resumidos<\/h1>\n\n\n\n<p>Os autores s\u00e3o convidados a apresentar um artigo resumido em portugu\u00eas que inclua t\u00edtulo, introdu\u00e7\u00e3o, materiais e m\u00e9todos, resultados e discuss\u00e3o, conclus\u00f5es e refer\u00eancias, seguindo o modelo de <mark style=\"background-color:rgba(0, 0, 0, 0)\" class=\"has-inline-color has-vivid-cyan-blue-color\"><a href=\"https:\/\/sites.uab.pt\/ats25\/wp-content\/uploads\/sites\/63\/2025\/01\/TemplateArtigoResumidoATS25.docx\">artigo curto<\/a><\/mark>. As incri\u00e7\u00f5es no evento e os artigos curtos devem ser enviados eletronicamente atrav\u00e9s do <mark style=\"background-color:rgba(0, 0, 0, 0)\" class=\"has-inline-color has-vivid-cyan-blue-color\"><a href=\"https:\/\/docs.google.com\/forms\/d\/e\/1FAIpQLSeftTR8KvWWcybUu43SS1aVIsZe7huO8isXxqkS9o968hvHCA\/viewform?usp=preview\">formul\u00e1rio espec\u00edfico<\/a><\/mark>, <strong>at\u00e9 16 de abril de 2025<\/strong>. Os artigos curtos ser\u00e3o aceites com base na qualidade, originalidade e relev\u00e2ncia para os temas do Semin\u00e1rio ATS&#8217;25, ap\u00f3s revis\u00e3o por pares pelo Comit\u00e9 Cient\u00edfico.<\/p>\n\n\n\n<p>Contacte seminario.ats25@gmail.com para obter apoio no formul\u00e1rio de registo.<\/p>\n\n\n\n<p>________________________________________________<\/p>\n\n\n\n<p>Tema 1: Sustentabilidade ambiental para recursos h\u00eddricos<\/p>\n\n\n\n<p>Tema 2: Riscos relacionados com a \u00e1gua, altera\u00e7\u00f5es clim\u00e1ticas e desafios sociais<\/p>\n\n\n\n<p>Tema 3: Governan\u00e7a territorial e inclus\u00e3o social<\/p>\n\n\n\n<p>Tema 4: Gest\u00e3o h\u00eddrica, abastecimento e reutiliza\u00e7\u00e3o de recursos h\u00eddricos<\/p>\n\n\n\n<p>________________________________________________<\/p>\n\n\n\n<p><\/p>\n\n\n\n<p>As comunica\u00e7\u00f5es e respetivos artigos resumidos aceites ser\u00e3o inclu\u00eddos no Livro de Actas, editado conjuntamente pela Universidade Aberta, Universidade Pedag\u00f3gica de Maputo e Instituto de Geografia e Ordenamento do Territ\u00f3rio da Universidade de Lisboa.<\/p>\n\n\n\n<p>Aguardamos com expetativa a rece\u00e7\u00e3o da vossa comunica\u00e7\u00e3o e esperamos que possam participar no Semin\u00e1rio \u00c1GUA, TERRIT\u00d3RIO E SUSTENTABILIDADE&#8217;25.<\/p>\n\n\n\n<p>&nbsp;<\/p>\n\n\n\n<h1 class=\"wp-block-heading\">Datas <strong>importantes<\/strong><\/h1>\n\n\n\n<figure class=\"wp-block-table is-style-stripes\"><table class=\"has-fixed-layout\"><tbody><tr><td>Chamada para comunica\u00e7\u00f5es e artigos resumidos<\/td><td class=\"has-text-align-right\" data-align=\"right\"><strong>27 janeiro 2025<\/strong><\/td><\/tr><tr><td>Submiss\u00e3o de artigos resumidos <br>(<a href=\"https:\/\/sites.uab.pt\/ats25\/wp-content\/uploads\/sites\/63\/2025\/01\/TemplateArtigoResumidoATS25.docx\">3 a 5 p\u00e1ginas de acordo com o template<\/a>)<\/td><td class=\"has-text-align-right\" data-align=\"right\"><s>30 mar\u00e7o 2025<\/s><br><strong>16 de abril de 2025<\/strong><\/td><\/tr><tr><td>Resposta da Comiss\u00e3o Cient\u00edfica<\/td><td class=\"has-text-align-right\" data-align=\"right\"><strong>18 maio 2025<\/strong><\/td><\/tr><tr><td>Data limite para registo\/inscri\u00e7\u00e3o (<a href=\"https:\/\/docs.google.com\/forms\/d\/e\/1FAIpQLSeftTR8KvWWcybUu43SS1aVIsZe7huO8isXxqkS9o968hvHCA\/viewform?usp=preview\">link<\/a>)<\/td><td class=\"has-text-align-right\" data-align=\"right\"><strong>25 maio 2025<\/strong><\/td><\/tr><tr><td>Notifica\u00e7\u00e3o de aceita\u00e7\u00e3o &#8211; artigo resumido (Livro de atas)<\/td><td class=\"has-text-align-right\" data-align=\"right\"><strong>29 junho 2025<\/strong><\/td><\/tr><\/tbody><\/table><\/figure>\n\n\n\n<p>&nbsp;<\/p>\n\n\n<div class=\"wp-block-image\">\n<figure class=\"aligncenter size-full is-resized\"><img loading=\"lazy\" decoding=\"async\" width=\"931\" height=\"293\" src=\"https:\/\/sites.uab.pt\/ats25\/wp-content\/uploads\/sites\/63\/2025\/02\/LOGOS1.jpg\" alt=\"\" class=\"wp-image-417\" style=\"width:568px;height:auto\" srcset=\"https:\/\/sites.uab.pt\/ats25\/wp-content\/uploads\/sites\/63\/2025\/02\/LOGOS1.jpg 931w, https:\/\/sites.uab.pt\/ats25\/wp-content\/uploads\/sites\/63\/2025\/02\/LOGOS1-300x94.jpg 300w, https:\/\/sites.uab.pt\/ats25\/wp-content\/uploads\/sites\/63\/2025\/02\/LOGOS1-768x242.jpg 768w, https:\/\/sites.uab.pt\/ats25\/wp-content\/uploads\/sites\/63\/2025\/02\/LOGOS1-500x157.jpg 500w\" sizes=\"auto, (max-width: 931px) 100vw, 931px\" \/><\/figure>\n<\/div>\n\n\n<div class=\"wp-block-columns alignwide are-vertically-aligned-top is-layout-flex wp-container-core-columns-is-layout-9d6595d7 wp-block-columns-is-layout-flex\">\n<div class=\"wp-block-column is-vertically-aligned-top is-layout-flow wp-block-column-is-layout-flow\" style=\"flex-basis:100%\"><div class=\"wp-block-image\">\n<figure class=\"aligncenter size-large is-resized\"><img loading=\"lazy\" decoding=\"async\" width=\"1024\" height=\"362\" src=\"https:\/\/sites.uab.pt\/ats25\/wp-content\/uploads\/sites\/63\/2024\/11\/ANEEF__logo__v02_cor-1920x678-1-1024x362.png\" alt=\"\" class=\"wp-image-237\" style=\"width:209px;height:auto\" srcset=\"https:\/\/sites.uab.pt\/ats25\/wp-content\/uploads\/sites\/63\/2024\/11\/ANEEF__logo__v02_cor-1920x678-1-1024x362.png 1024w, https:\/\/sites.uab.pt\/ats25\/wp-content\/uploads\/sites\/63\/2024\/11\/ANEEF__logo__v02_cor-1920x678-1-300x106.png 300w, https:\/\/sites.uab.pt\/ats25\/wp-content\/uploads\/sites\/63\/2024\/11\/ANEEF__logo__v02_cor-1920x678-1-768x271.png 768w, https:\/\/sites.uab.pt\/ats25\/wp-content\/uploads\/sites\/63\/2024\/11\/ANEEF__logo__v02_cor-1920x678-1-1536x542.png 1536w, https:\/\/sites.uab.pt\/ats25\/wp-content\/uploads\/sites\/63\/2024\/11\/ANEEF__logo__v02_cor-1920x678-1.png 1920w\" sizes=\"auto, (max-width: 1024px) 100vw, 1024px\" \/><\/figure>\n<\/div>\n\n<div class=\"wp-block-image\">\n<figure class=\"aligncenter size-full is-resized\"><img loading=\"lazy\" decoding=\"async\" width=\"548\" height=\"170\" src=\"https:\/\/sites.uab.pt\/ats25\/wp-content\/uploads\/sites\/63\/2024\/11\/Erasmus-logo-education-website-2.png.webp\" alt=\"\" class=\"wp-image-238\" style=\"width:183px;height:auto\" srcset=\"https:\/\/sites.uab.pt\/ats25\/wp-content\/uploads\/sites\/63\/2024\/11\/Erasmus-logo-education-website-2.png.webp 548w, https:\/\/sites.uab.pt\/ats25\/wp-content\/uploads\/sites\/63\/2024\/11\/Erasmus-logo-education-website-2.png-300x93.webp 300w\" sizes=\"auto, (max-width: 548px) 100vw, 548px\" \/><\/figure>\n<\/div><\/div>\n<\/div>\n\n\n\n<p><\/p>\n","protected":false},"excerpt":{"rendered":"\u00c1gua, Territ\u00f3rio e Sustentabilidade 12 de Setembro de 2025 &#8211;> >> Liga\u00e7\u00e3o para a videoconfer\u00eancia &lt;&lt; &lt;&#8211; &nbsp;A \u00e1gua \u00e9 um recurso essencial para a vida e o motor do desenvolvimento sustent\u00e1vel. Desde a garantia da seguran\u00e7a alimentar at\u00e9 \u00e0 &hellip; <a href=\"https:\/\/sites.uab.pt\/ats25\/\">Continue reading <span class=\"meta-nav\">&rarr;<\/span><\/a>","protected":false},"author":137,"featured_media":404,"parent":0,"menu_order":0,"comment_status":"closed","ping_status":"closed","template":"","meta":{"footnotes":""},"class_list":["post-163","page","type-page","status-publish","has-post-thumbnail","hentry"],"_links":{"self":[{"href":"https:\/\/sites.uab.pt\/ats25\/wp-json\/wp\/v2\/pages\/163","targetHints":{"allow":["GET"]}}],"collection":[{"href":"https:\/\/sites.uab.pt\/ats25\/wp-json\/wp\/v2\/pages"}],"about":[{"href":"https:\/\/sites.uab.pt\/ats25\/wp-json\/wp\/v2\/types\/page"}],"author":[{"embeddable":true,"href":"https:\/\/sites.uab.pt\/ats25\/wp-json\/wp\/v2\/users\/137"}],"replies":[{"embeddable":true,"href":"https:\/\/sites.uab.pt\/ats25\/wp-json\/wp\/v2\/comments?post=163"}],"version-history":[{"count":15,"href":"https:\/\/sites.uab.pt\/ats25\/wp-json\/wp\/v2\/pages\/163\/revisions"}],"predecessor-version":[{"id":439,"href":"https:\/\/sites.uab.pt\/ats25\/wp-json\/wp\/v2\/pages\/163\/revisions\/439"}],"wp:featuredmedia":[{"embeddable":true,"href":"https:\/\/sites.uab.pt\/ats25\/wp-json\/wp\/v2\/media\/404"}],"wp:attachment":[{"href":"https:\/\/sites.uab.pt\/ats25\/wp-json\/wp\/v2\/media?parent=163"}],"curies":[{"name":"wp","href":"https:\/\/api.w.org\/{rel}","templated":true}]}}