{"id":173,"date":"2022-03-15T16:47:30","date_gmt":"2022-03-15T16:47:30","guid":{"rendered":"https:\/\/eventos.uab.pt\/wsd22\/?page_id=13"},"modified":"2025-09-09T15:44:37","modified_gmt":"2025-09-09T14:44:37","slug":"programme","status":"publish","type":"page","link":"https:\/\/sites.uab.pt\/ats25\/programme\/","title":{"rendered":"Programa"},"content":{"rendered":"<p><strong>Seminario | <\/strong><strong>\u00c1gua, Territ\u00f3rio e Sustentabilidade<\/strong><strong>\u00a0\u201925<\/strong><strong>\u00a0<\/strong><\/p>\n<p>data \u00a0| 12 Setembro 2025 (a distribui\u00e7\u00e3o de tempos no programa est\u00e3o na <a href=\"https:\/\/24timezones.com\/Maputo\/horas\"><span style=\"text-decoration: underline;\">hora de Mo\u00e7ambique<\/span><\/a>) \u00a0<\/p>\n<p><strong>PROGRAMA<\/strong><\/p>\n<table style=\"height: 1296px;\" border=\"0\" width=\"1057\" cellspacing=\"0\" cellpadding=\"0\"><colgroup> <col width=\"87\" \/> <col width=\"53\" \/> <col width=\"401\" \/> <col width=\"516\" \/><\/colgroup>\n<tbody>\n<tr style=\"height: 21px; background-color: #7cc2f7;\">\n<td class=\"xl70\" style=\"height: 21px;\" align=\"right\" width=\"87\" height=\"21\"><strong>09:10<\/strong><\/td>\n<td class=\"xl70\" style=\"height: 21px;\" align=\"right\" width=\"53\"><strong>09:20<\/strong><\/td>\n<td class=\"xl71\" style=\"height: 21px;\" width=\"401\"><strong>Sess\u00e3o de abertura\u00a0<\/strong><\/td>\n<td class=\"xl72\" style=\"height: 21px;\" width=\"516\">\u00a0<\/td>\n<\/tr>\n<tr style=\"background-color: #7cc2f7; height: 38px;\">\n<td class=\"xl69\" style=\"height: 38px;\" align=\"right\" height=\"23\"><strong>09:20<\/strong><\/td>\n<td class=\"xl69\" style=\"height: 38px;\" align=\"right\"><strong>10:20<\/strong><\/td>\n<td class=\"xl82\" style=\"height: 38px;\" width=\"401\"><strong>Tema 1: Sustentabilidade ambiental para recursos h\u00eddricos<\/strong><\/td>\n<td class=\"xl77\" style=\"height: 38px;\">Moderador da sess\u00e3o: Prof. Doutor Manuel Madeira Macandza<\/td>\n<\/tr>\n<tr style=\"background-color: #cdf2fa;\">\n<td class=\"xl67\" style=\"height: 57px;\" align=\"right\" height=\"43\">09:20<\/td>\n<td class=\"xl67\" style=\"height: 57px;\" align=\"right\">09:30<\/td>\n<td class=\"xl83\" style=\"height: 57px;\" width=\"401\">Nemias Gon\u00e7alves<\/td>\n<td class=\"xl78\" style=\"height: 57px;\" width=\"516\">Avalia\u00e7\u00e3o do risco associado \u00e0 presen\u00e7a de elementos potencialmente t\u00f3xicos em \u00e1gua de consumo (Ilha de Santiago, Cabo Verde)<\/td>\n<\/tr>\n<tr style=\"background-color: #cdf2fa;\">\n<td class=\"xl66\" style=\"height: 38px;\" align=\"right\" height=\"21\">09:30<\/td>\n<td class=\"xl66\" style=\"height: 38px;\" align=\"right\">09:40<\/td>\n<td class=\"xl83\" style=\"height: 38px;\" width=\"401\">Sime\u00e3o V. Cambaco e Agostinho Vilanculos<\/td>\n<td class=\"xl78\" style=\"height: 38px;\" width=\"516\">Sustentabilidade ambiental para recursos h\u00eddricos: o caso da bacia do Limpopo<\/td>\n<\/tr>\n<tr style=\"background-color: #cdf2fa;\">\n<td class=\"xl67\" style=\"height: 57px;\" align=\"right\" height=\"43\">09:40<\/td>\n<td class=\"xl67\" style=\"height: 57px;\" align=\"right\">09:50<\/td>\n<td class=\"xl83\" style=\"height: 57px;\" width=\"401\">Jos\u00e9 Bernardo Rafael<\/td>\n<td class=\"xl78\" style=\"height: 57px;\" width=\"516\">Abordagens integradas para conserva\u00e7\u00e3o marinha e desenvolvimento sustent\u00e1vel das comunidades costeiras: o caso do banco de Sofala<\/td>\n<\/tr>\n<tr style=\"background-color: #cdf2fa;\">\n<td class=\"xl66\" style=\"height: 57px;\" align=\"right\" height=\"43\">09:50<\/td>\n<td class=\"xl66\" style=\"height: 57px;\" align=\"right\">10:00<\/td>\n<td class=\"xl83\" style=\"height: 57px;\" width=\"401\">Lu\u00eds Al\u00edpio Gomes, Helana Miranda da Cruz Gomes e T\u00e2nia Suely Azevedo Brasileiro<\/td>\n<td class=\"xl78\" style=\"height: 57px;\" width=\"516\">Sustentabilidade ambiental e o papel da educa\u00e7\u00e3o superior: estudo de caso do rio tapaj\u00f3s na Amaz\u00f4nia Brasileira<\/td>\n<\/tr>\n<tr style=\"height: 21px; background-color: #f7ead7;\">\n<td class=\"xl67\" style=\"height: 21px;\" align=\"right\" height=\"21\">10:00<\/td>\n<td class=\"xl67\" style=\"height: 21px;\" align=\"right\">10:10<\/td>\n<td class=\"xl84\" style=\"height: 21px;\" width=\"401\">Discuss\u00e3o\/P&amp;R<\/td>\n<td class=\"xl79\" style=\"height: 21px;\">\u00a0<\/td>\n<\/tr>\n<tr style=\"height: 21px; background-color: #d5f5d7;\">\n<td class=\"xl66\" style=\"height: 21px;\" align=\"right\" height=\"21\">10:10<\/td>\n<td class=\"xl66\" style=\"height: 21px;\" align=\"right\">10:20<\/td>\n<td class=\"xl85\" style=\"height: 21px;\" width=\"401\">Coffee Break<\/td>\n<td class=\"xl80\" style=\"height: 21px;\">\u00a0<\/td>\n<\/tr>\n<tr style=\"height: 43px; background-color: #7cc2f7;\">\n<td class=\"xl69\" style=\"height: 43px;\" align=\"right\" height=\"43\"><strong>10:20<\/strong><\/td>\n<td class=\"xl69\" style=\"height: 43px;\" align=\"right\"><strong>11:30<\/strong><\/td>\n<td class=\"xl82\" style=\"height: 43px;\" width=\"401\"><strong>Tema 2: Riscos relacionados com a \u00e1gua, altera\u00e7\u00f5es clim\u00e1ticas e desafios sociais<\/strong><\/td>\n<td class=\"xl77\" style=\"height: 43px;\">Moderadora da sess\u00e3o: Profa. Doutora Gina Am\u00e9lia Albino Sitoe<\/td>\n<\/tr>\n<tr style=\"background-color: #cdf2fa;\">\n<td class=\"xl68\" style=\"height: 21px;\" align=\"right\" height=\"21\">10:20<\/td>\n<td class=\"xl68\" style=\"height: 21px;\" align=\"right\">10:30<\/td>\n<td class=\"xl83\" style=\"height: 21px;\" width=\"401\">Gl\u00f3ria Gon\u00e7alves<\/td>\n<td class=\"xl78\" style=\"height: 21px;\" width=\"516\">Previs\u00e3o do caudal no rio Vez com redes neurais<\/td>\n<\/tr>\n<tr style=\"background-color: #cdf2fa;\">\n<td class=\"xl68\" style=\"height: 57px;\" align=\"right\" height=\"43\">10:30<\/td>\n<td class=\"xl68\" style=\"height: 57px;\" align=\"right\">10:40<\/td>\n<td class=\"xl74\" style=\"height: 57px;\" width=\"401\">Agostinho Vilanculo e Gustavo Sobrinho Dgedge<\/td>\n<td class=\"xl78\" style=\"height: 57px;\" width=\"516\">Uso de m\u00e9todos estat\u00edsticos para a valida\u00e7\u00e3o de precipita\u00e7\u00e3o estimada por sat\u00e9lites de observa\u00e7\u00e3o atmosf\u00e9rica<\/td>\n<\/tr>\n<tr style=\"background-color: #cdf2fa;\">\n<td class=\"xl68\" style=\"height: 38px;\" align=\"right\" height=\"21\">10:40<\/td>\n<td class=\"xl68\" style=\"height: 38px;\" align=\"right\">10:50<\/td>\n<td class=\"xl83\" style=\"height: 38px;\" width=\"401\">Zacarias Augusto Rungo; Jorge Trindade; Pedro Pinto Santos<\/td>\n<td class=\"xl78\" style=\"height: 38px;\" width=\"516\">Din\u00e2mica de eventos hidro-meteorol\u00f3gicos em Mo\u00e7ambique, 2020-2024<\/td>\n<\/tr>\n<tr style=\"background-color: #cdf2fa;\">\n<td class=\"xl68\" style=\"height: 57px;\" align=\"right\" height=\"43\">10:50<\/td>\n<td class=\"xl68\" style=\"height: 57px;\" align=\"right\">11:00<\/td>\n<td class=\"xl83\" style=\"height: 57px;\" width=\"401\">Ruan Pinto Claudino, Pedro Pinto Santos e Tiago Miguel Ferreira<\/td>\n<td class=\"xl78\" style=\"height: 57px;\" width=\"516\">Avalia\u00e7\u00e3o da vulnerabilidade e do risco de inunda\u00e7\u00e3o em n\u00facleos urbanos: estudo de caso no centro hist\u00f3rico de Porto Alegre, Brasil<\/td>\n<\/tr>\n<tr style=\"background-color: #cdf2fa;\">\n<td class=\"xl68\" style=\"height: 57px;\" align=\"right\" height=\"43\">11:00<\/td>\n<td class=\"xl68\" style=\"height: 57px;\" align=\"right\">11:10<\/td>\n<td class=\"xl83\" style=\"height: 57px;\" width=\"401\">K\u00e1tia Regina D`Assun\u00e7\u00e3o, S\u00e9rgio Cruz Oliveira e Jorge Trindade<\/td>\n<td class=\"xl78\" style=\"height: 57px;\" width=\"516\">Exposi\u00e7\u00e3o face \u00e0 subida do n\u00edvel do mar: pespetivas para fomentar a resili\u00eancia nos pequenos estados insulares em desenvolvimento<\/td>\n<\/tr>\n<tr style=\"background-color: #cdf2fa;\">\n<td class=\"xl68\" style=\"height: 76px;\" align=\"right\" height=\"64\">11:10<\/td>\n<td class=\"xl68\" style=\"height: 76px;\" align=\"right\">11:20<\/td>\n<td class=\"xl83\" style=\"height: 76px;\" width=\"401\">Assis Daniel Gomes<\/td>\n<td class=\"xl78\" style=\"height: 76px;\" width=\"516\">\u201cSeca d\u2019\u00e1gua\u201d, migra\u00e7\u00e3o e natureza: representa\u00e7\u00f5es das altera\u00e7\u00f5es clim\u00e1ticas e dos desafios sociais nas poesias de Patativa do Assar\u00e9 a partir da perspectiva da hist\u00f3ria global (nordeste brasileiro, 1956-1992)<\/td>\n<\/tr>\n<tr style=\"height: 21px; background-color: #f7ead7;\">\n<td class=\"xl67\" style=\"height: 21px;\" align=\"right\" height=\"21\">11:20<\/td>\n<td class=\"xl67\" style=\"height: 21px;\" align=\"right\">11:30<\/td>\n<td class=\"xl84\" style=\"height: 21px;\" width=\"401\">Discuss\u00e3o\/P&amp;R<\/td>\n<td class=\"xl79\" style=\"height: 21px;\">\u00a0<\/td>\n<\/tr>\n<tr style=\"height: 76px; background-color: #f7c47c;\">\n<td class=\"xl70\" style=\"height: 76px;\" align=\"right\" height=\"64\"><strong>11:30<\/strong><\/td>\n<td class=\"xl70\" style=\"height: 76px;\" align=\"right\"><strong>12:30<\/strong><\/td>\n<td class=\"xl86\" style=\"height: 76px;\" width=\"401\"><strong>Keynote Speech: Coopera\u00e7\u00e3o Hidrica na Regi\u00e3o Austral &#8211; Desafios e Riscos de Gesta\u00e7\u00e3o de Recursos Hidricos em Mo\u00e7ambique &#8212; Agostinho Vilanculos<\/strong><\/td>\n<td class=\"xl81\" style=\"height: 76px;\">Moderator: Gustavo Sobrinho Dgedge<\/td>\n<\/tr>\n<tr style=\"height: 21px; background-color: #f7ead7;\">\n<td class=\"xl67\" style=\"height: 21px;\" align=\"right\" height=\"21\">12:30<\/td>\n<td class=\"xl67\" style=\"height: 21px;\" align=\"right\">13:00<\/td>\n<td class=\"xl84\" style=\"height: 21px;\" width=\"401\">Discuss\u00e3o\/P&amp;R<\/td>\n<td class=\"xl79\" style=\"height: 21px;\">\u00a0<\/td>\n<\/tr>\n<tr style=\"height: 21px; background-color: #d5f5d7;\">\n<td class=\"xl66\" style=\"height: 21px;\" align=\"right\" height=\"21\"><strong>13:00<\/strong><\/td>\n<td class=\"xl66\" style=\"height: 21px;\" align=\"right\"><strong>15:00<\/strong><\/td>\n<td class=\"xl85\" style=\"height: 21px;\" width=\"401\"><strong>Lunch<\/strong><\/td>\n<td class=\"xl80\" style=\"height: 21px;\">\u00a0<\/td>\n<\/tr>\n<tr style=\"height: 38px; background-color: #7cc2f7;\">\n<td class=\"xl69\" style=\"height: 38px;\" align=\"right\" height=\"21\"><strong>15:00<\/strong><\/td>\n<td class=\"xl69\" style=\"height: 38px;\" align=\"right\"><strong>15:40<\/strong><\/td>\n<td class=\"xl82\" style=\"height: 38px;\" width=\"401\"><strong>Tema 3: Governan\u00e7a territorial e inclus\u00e3o social<\/strong><\/td>\n<td class=\"xl77\" style=\"height: 38px;\">Moderador da sess\u00e3o: Prof. Doutor Luis Adriano Guevane<\/td>\n<\/tr>\n<tr style=\"background-color: #cdf2fa;\">\n<td class=\"xl68\" style=\"height: 43px;\" align=\"right\" height=\"43\">15:00<\/td>\n<td class=\"xl68\" style=\"height: 43px;\" align=\"right\">15:10<\/td>\n<td class=\"xl83\" style=\"height: 43px;\" width=\"401\">Renata de Lima Rab\u00ealo<\/td>\n<td class=\"xl78\" style=\"height: 43px;\" width=\"516\">Direito humano \u00e0 \u00e1gua e ao saneamento b\u00e1sico: fatores de inclus\u00e3o socioambiental entre as regi\u00f5es do Brasil<\/td>\n<\/tr>\n<tr style=\"background-color: #cdf2fa;\">\n<td class=\"xl68\" style=\"height: 64px;\" align=\"right\" height=\"64\">15:10<\/td>\n<td class=\"xl68\" style=\"height: 64px;\" align=\"right\">15:20<\/td>\n<td class=\"xl83\" style=\"height: 64px;\" width=\"401\">Dirlei Terezinha Fachinello, Giselle Menezes Mendes Cintado, Jorge Ricardo Martins Trigo e Sandra Sofia Ferreira da Silva Caeiro<\/td>\n<td class=\"xl78\" style=\"height: 64px;\" width=\"516\">Ods 6 em perspectiva: sustentabilidade h\u00eddrica atrav\u00e9s da parceria Brasil-Portugal<\/td>\n<\/tr>\n<tr style=\"background-color: #cdf2fa;\">\n<td class=\"xl76\" style=\"height: 57px;\" align=\"right\" height=\"43\">15:20<\/td>\n<td class=\"xl76\" style=\"height: 57px;\" align=\"right\">15:30<\/td>\n<td class=\"xl83\" style=\"height: 57px;\" width=\"401\">Oct\u00e1vio Ramos Muangelo, Jorge Manuel do Ros\u00e1rio Trindade e Paulo Morgado Sousa<\/td>\n<td class=\"xl78\" style=\"height: 57px;\" width=\"516\">As pol\u00edticas de ordenamento do territ\u00f3rio e sua aplica\u00e7\u00e3o ao n\u00edvel local. Caso das zonas ribeirinhas dos distritos de Mocuba, Namacurra e Maganja da Costa<\/td>\n<\/tr>\n<tr style=\"height: 21px; background-color: #f7ead7;\">\n<td class=\"xl67\" style=\"height: 21px;\" align=\"right\" height=\"21\">15:30<\/td>\n<td class=\"xl67\" style=\"height: 21px;\" align=\"right\">15:40<\/td>\n<td class=\"xl84\" style=\"height: 21px;\" width=\"401\">Discuss\u00e3o\/P&amp;R<\/td>\n<td class=\"xl79\" style=\"height: 21px;\">\u00a0<\/td>\n<\/tr>\n<tr style=\"height: 43px; background-color: #7cc2f7;\">\n<td class=\"xl69\" style=\"height: 43px;\" align=\"right\" height=\"43\"><strong>15:40<\/strong><\/td>\n<td class=\"xl69\" style=\"height: 43px;\" align=\"right\"><strong>16:45<\/strong><\/td>\n<td class=\"xl82\" style=\"height: 43px;\" width=\"401\"><strong>Tema 4: Gest\u00e3o h\u00eddrica, abastecimento e reutiliza\u00e7\u00e3o de recursos h\u00eddricos<\/strong><\/td>\n<td class=\"xl77\" style=\"height: 43px;\">Moderadora da sess\u00e3o: Profa. Doutora Elisa Eda Nhambire\u00a0<\/td>\n<\/tr>\n<tr style=\"background-color: #cdf2fa;\">\n<td class=\"xl68\" style=\"height: 57px;\" align=\"right\" height=\"43\">15:40<\/td>\n<td class=\"xl68\" style=\"height: 57px;\" align=\"right\">15:50<\/td>\n<td class=\"xl83\" style=\"height: 57px;\" width=\"401\">Mateus Jos\u00e9 Andir; Manuel Chichano Eduardo Augusto<\/td>\n<td class=\"xl78\" style=\"height: 57px;\" width=\"516\">Avalia\u00e7\u00e3o das condi\u00e7\u00f5es agroclimaticas da cultura de batata-reno no distrito de Tsangano prov\u00edncia de Tete em Mo\u00e7ambique<\/td>\n<\/tr>\n<tr style=\"background-color: #cdf2fa;\">\n<td class=\"xl68\" style=\"height: 38px;\" align=\"right\" height=\"21\">15:50<\/td>\n<td class=\"xl68\" style=\"height: 38px;\" align=\"right\">16:00<\/td>\n<td class=\"xl83\" style=\"height: 38px;\" width=\"401\">Pedro Ant\u00f3nio Almada , Rodrigo Coelho<\/td>\n<td class=\"xl78\" style=\"height: 38px;\" width=\"516\">A arquitetura na reflex\u00e3o do territ\u00f3rio de \u00e1gua do Porto Santo<\/td>\n<\/tr>\n<tr style=\"background-color: #cdf2fa;\">\n<td class=\"xl68\" style=\"height: 38px;\" align=\"right\" height=\"21\">16:00<\/td>\n<td class=\"xl68\" style=\"height: 38px;\" align=\"right\">16:10<\/td>\n<td class=\"xl83\" style=\"height: 38px;\" width=\"401\">Rui Rodrigues de Brito, Marcos Ant\u00f4nio Corr\u00eaa Matos do Amaral<\/td>\n<td class=\"xl78\" style=\"height: 38px;\" width=\"516\">Gest\u00e3o das \u00e1guas no Brasil em grandes metr\u00f3poles e em \u00e1reas rurais<\/td>\n<\/tr>\n<tr style=\"background-color: #cdf2fa;\">\n<td class=\"xl68\" style=\"height: 57px;\" align=\"right\" height=\"43\">16:10<\/td>\n<td class=\"xl68\" style=\"height: 57px;\" align=\"right\">16:20<\/td>\n<td class=\"xl83\" style=\"height: 57px;\" width=\"401\">M.B. Santos, M.E.S. Vieira, T.V.S. Silveira, N.M.S.R. Saturnino, M.F.S. Jesus e R.D.Gon\u00e7alves<\/td>\n<td class=\"xl78\" style=\"height: 57px;\" width=\"516\">Hidrodin\u00e2mica e recarga subterr\u00e2nea em aqu\u00edfero costeiro quatern\u00e1rio no nordeste Brasileiro<\/td>\n<\/tr>\n<tr style=\"height: 21px; background-color: #f7ead7;\">\n<td class=\"xl67\" style=\"height: 21px;\" align=\"right\" height=\"21\">16:20<\/td>\n<td class=\"xl67\" style=\"height: 21px;\" align=\"right\">16:30<\/td>\n<td class=\"xl75\" style=\"height: 21px;\" width=\"401\">Discuss\u00e3o\/P&amp;R<\/td>\n<td class=\"xl73\" style=\"height: 21px;\">\u00a0<\/td>\n<\/tr>\n<tr style=\"height: 21px; background-color: #7cc2f7;\">\n<td class=\"xl70\" style=\"height: 21px;\" align=\"right\" height=\"21\"><strong>16:30<\/strong><\/td>\n<td class=\"xl70\" style=\"height: 21px;\" align=\"right\"><strong>17:00<\/strong><\/td>\n<td class=\"xl71\" style=\"height: 21px;\" width=\"401\"><strong>Sess\u00e3o de encerramento\u00a0<\/strong><\/td>\n<td class=\"xl72\" style=\"height: 21px;\">\u00a0<\/td>\n<\/tr>\n<\/tbody>\n<\/table>\n<p>\u00a0<\/p>\n\n\n<p><\/p>\n","protected":false},"excerpt":{"rendered":"Seminario | \u00c1gua, Territ\u00f3rio e Sustentabilidade\u00a0\u201925\u00a0 data \u00a0| 12 Setembro 2025 (a distribui\u00e7\u00e3o de tempos no programa est\u00e3o na hora de Mo\u00e7ambique) \u00a0 PROGRAMA 09:10 09:20 Sess\u00e3o de abertura\u00a0 \u00a0 09:20 10:20 Tema 1: Sustentabilidade ambiental para recursos h\u00eddricos Moderador &hellip; <a href=\"https:\/\/sites.uab.pt\/ats25\/programme\/\">Continue reading <span class=\"meta-nav\">&rarr;<\/span><\/a>","protected":false},"author":137,"featured_media":404,"parent":0,"menu_order":0,"comment_status":"closed","ping_status":"closed","template":"","meta":{"footnotes":""},"class_list":["post-173","page","type-page","status-publish","has-post-thumbnail","hentry"],"_links":{"self":[{"href":"https:\/\/sites.uab.pt\/ats25\/wp-json\/wp\/v2\/pages\/173","targetHints":{"allow":["GET"]}}],"collection":[{"href":"https:\/\/sites.uab.pt\/ats25\/wp-json\/wp\/v2\/pages"}],"about":[{"href":"https:\/\/sites.uab.pt\/ats25\/wp-json\/wp\/v2\/types\/page"}],"author":[{"embeddable":true,"href":"https:\/\/sites.uab.pt\/ats25\/wp-json\/wp\/v2\/users\/137"}],"replies":[{"embeddable":true,"href":"https:\/\/sites.uab.pt\/ats25\/wp-json\/wp\/v2\/comments?post=173"}],"version-history":[{"count":9,"href":"https:\/\/sites.uab.pt\/ats25\/wp-json\/wp\/v2\/pages\/173\/revisions"}],"predecessor-version":[{"id":438,"href":"https:\/\/sites.uab.pt\/ats25\/wp-json\/wp\/v2\/pages\/173\/revisions\/438"}],"wp:featuredmedia":[{"embeddable":true,"href":"https:\/\/sites.uab.pt\/ats25\/wp-json\/wp\/v2\/media\/404"}],"wp:attachment":[{"href":"https:\/\/sites.uab.pt\/ats25\/wp-json\/wp\/v2\/media?parent=173"}],"curies":[{"name":"wp","href":"https:\/\/api.w.org\/{rel}","templated":true}]}}