{"id":1162,"date":"2023-08-03T11:40:07","date_gmt":"2023-08-03T11:40:07","guid":{"rendered":"https:\/\/sites.uab.pt\/ii-encontro-cantanhede\/?page_id=1162"},"modified":"2026-03-28T06:48:28","modified_gmt":"2026-03-28T06:48:28","slug":"contactos","status":"publish","type":"page","link":"https:\/\/sites.uab.pt\/cantanhede-historia-arte-e-patrimonio\/contactos\/","title":{"rendered":"Contactos"},"content":{"rendered":"\n<p class=\"has-medium-font-size\">Para saber mais sobre os Encontros Cantanhede \u2013 Hist\u00f3ria, Arte e Patrim\u00f3nio, contacte-nos:<\/p>\n\n\n\n<p class=\"has-medium-font-size\">Centro Local de Aprendizagem da Universidade Aberta em Cantanhede<\/p>\n\n\n\n<p class=\"has-medium-font-size\">Telem\u00f3vel \/ WhatsApp: 915 676 340<\/p>\n\n\n\n<p class=\"has-medium-font-size\">email: cla.cantanhede@uab.pt<\/p>\n\n\n\n<p>Redes Sociais:<\/p>\n\n\n\n<p><a href=\"https:\/\/www.facebook.com\/UAb.Cantanhede\">https:\/\/www.facebook.com\/UAb.Cantanhede<\/a><\/p>\n\n\n\n<p><a href=\"https:\/\/www.facebook.com\/MunicipiodeCantanhede\">https:\/\/www.facebook.com\/MunicipiodeCantanhede<\/a><\/p>\n\n\n\n<p><\/p>\n","protected":false},"excerpt":{"rendered":"Para saber mais sobre os Encontros Cantanhede \u2013 Hist\u00f3ria, Arte e Patrim\u00f3nio, contacte-nos: Centro Local de Aprendizagem da Universidade Aberta em Cantanhede Telem\u00f3vel \/ WhatsApp: 915 676 340 email: cla.cantanhede@uab.pt Redes Sociais: https:\/\/www.facebook.com\/UAb.Cantanhede https:\/\/www.facebook.com\/MunicipiodeCantanhede","protected":false},"author":9,"featured_media":1164,"parent":0,"menu_order":90,"comment_status":"closed","ping_status":"closed","template":"","meta":{"footnotes":""},"class_list":["post-1162","page","type-page","status-publish","has-post-thumbnail","hentry"],"_links":{"self":[{"href":"https:\/\/sites.uab.pt\/cantanhede-historia-arte-e-patrimonio\/wp-json\/wp\/v2\/pages\/1162","targetHints":{"allow":["GET"]}}],"collection":[{"href":"https:\/\/sites.uab.pt\/cantanhede-historia-arte-e-patrimonio\/wp-json\/wp\/v2\/pages"}],"about":[{"href":"https:\/\/sites.uab.pt\/cantanhede-historia-arte-e-patrimonio\/wp-json\/wp\/v2\/types\/page"}],"author":[{"embeddable":true,"href":"https:\/\/sites.uab.pt\/cantanhede-historia-arte-e-patrimonio\/wp-json\/wp\/v2\/users\/9"}],"replies":[{"embeddable":true,"href":"https:\/\/sites.uab.pt\/cantanhede-historia-arte-e-patrimonio\/wp-json\/wp\/v2\/comments?post=1162"}],"version-history":[{"count":7,"href":"https:\/\/sites.uab.pt\/cantanhede-historia-arte-e-patrimonio\/wp-json\/wp\/v2\/pages\/1162\/revisions"}],"predecessor-version":[{"id":1667,"href":"https:\/\/sites.uab.pt\/cantanhede-historia-arte-e-patrimonio\/wp-json\/wp\/v2\/pages\/1162\/revisions\/1667"}],"wp:featuredmedia":[{"embeddable":true,"href":"https:\/\/sites.uab.pt\/cantanhede-historia-arte-e-patrimonio\/wp-json\/wp\/v2\/media\/1164"}],"wp:attachment":[{"href":"https:\/\/sites.uab.pt\/cantanhede-historia-arte-e-patrimonio\/wp-json\/wp\/v2\/media?parent=1162"}],"curies":[{"name":"wp","href":"https:\/\/api.w.org\/{rel}","templated":true}]}}