{"id":145,"date":"2022-10-19T22:43:26","date_gmt":"2022-10-19T22:43:26","guid":{"rendered":"https:\/\/sites.uab.pt\/congresso-humanidades\/?page_id=145"},"modified":"2024-04-29T12:47:26","modified_gmt":"2024-04-29T12:47:26","slug":"call-for-papers","status":"publish","type":"page","link":"https:\/\/sites.uab.pt\/cantanhede-historia-arte-e-patrimonio\/encontros\/ii-encontro\/call-for-papers\/","title":{"rendered":"Call for Papers 2023"},"content":{"rendered":"\n<h2 class=\"wp-block-heading has-luminous-vivid-amber-color has-text-color has-large-font-size\"><em>Propostas de Comunica\u00e7\u00e3o<\/em><\/h2>\n\n\n\n<p class=\"has-medium-font-size\">Na sequ\u00eancia do&nbsp;<em>I Encontro Cantanhede &#8211; Hist\u00f3ria, Arte e Patrim\u00f3nio<\/em>, o&nbsp;<em>C\u00edrculo Portugu\u00eas de Estudos Human\u00edsticos<\/em> &#8211; <em>Humana.Idade.XXI<\/em>, a&nbsp;<em>Universidade Aberta<\/em>&nbsp;e a&nbsp;<em>C\u00e2mara Municipal de Cantanhede&nbsp;<\/em>organizam, em colabora\u00e7\u00e3o e parceria com o&nbsp;<em>Grupo de Investiga\u00e7\u00e3o Arte, Hist\u00f3ria e Patrim\u00f3nio<\/em>&nbsp;do&nbsp;<em>CHAM &#8211; Centro de Humanidades da FCSH da Universidade Nova de Lisboa \/ Universidade dos A\u00e7ores<\/em>, com a&nbsp;<em>FCT<\/em>&nbsp;e com o&nbsp;<em>Centro de Forma\u00e7\u00e3o da Associa\u00e7\u00e3o de Escolas Beira Mar<\/em>,&nbsp;nos dias 31 de Mar\u00e7o e 1 de Abril de 2023, um II Encontro, que procurar\u00e1 reunir o contributo de investigadores e interessados e que se orientar\u00e1 pelas seguintes linhas:<\/p>\n\n\n\n<p class=\"has-medium-font-size\">1. O II Encontro centrar-se-\u00e1 em torno das seguintes \u00e1reas tem\u00e1ticas:<\/p>\n\n\n\n<ul class=\"wp-block-list\">\n<li class=\"has-medium-font-size\">Os Meneses, senhores e condes de Cantanhede e marqueses de Marialva;<\/li>\n\n\n\n<li class=\"has-medium-font-size\">Biografias;<\/li>\n\n\n\n<li class=\"has-medium-font-size\">Patrim\u00f3nio edificado;<\/li>\n\n\n\n<li class=\"has-medium-font-size\">Culto e devo\u00e7\u00f5es locais;<\/li>\n\n\n\n<li class=\"has-medium-font-size\">Contributos para a hist\u00f3ria das freguesias do Concelho de Cantanhede;<\/li>\n\n\n\n<li class=\"has-medium-font-size\">O antigo Concelho de An\u00e7\u00e3.<\/li>\n<\/ul>\n\n\n\n<p class=\"has-medium-font-size\">2. Cumprindo o objetivo de, em cada Encontro, se vir a dar, sucessivamente, relevo a um dos antigos concelhos que hoje integram o de Cantanhede, um dos dias realizar-se-\u00e1 em An\u00e7\u00e3 e versar\u00e1 sobre esta vila.&nbsp;&nbsp;&nbsp;&nbsp;<\/p>\n\n\n\n<p class=\"has-medium-font-size\">3. Os estudiosos e interessados em participar devem enviar, at\u00e9 ao dia <strong>31 de janeiro<\/strong>, para o&nbsp;mail&nbsp;IIEncontroCantanhede@hotmail.com, o tema e o respetivo resumo (m\u00e1ximo de 3500 caracteres n\u00e3o incluindo espa\u00e7os), acompanhado de uma breve nota biogr\u00e1fica. Ap\u00f3s aprecia\u00e7\u00e3o do Conselho Cient\u00edfico, os autores ser\u00e3o devidamente notificados at\u00e9 ao dia 15 de fevereiro.<\/p>\n\n\n\n<p class=\"has-medium-font-size\">4. O programa definitivo e a colet\u00e2nea dos resumos das comunica\u00e7\u00f5es ficar\u00e3o dispon\u00edveis at\u00e9 1 de mar\u00e7o.<\/p>\n\n\n\n<p class=\"has-medium-font-size\">5. Em cada Encontro ser\u00e3o disponibilizados os textos do anterior que tenham sido previamente entregues pelos seus autores.<\/p>\n\n\n\n<p class=\"has-medium-font-size\">A Comiss\u00e3o Organizadora<\/p>\n\n\n\n<div class=\"wp-block-group\"><div class=\"wp-block-group__inner-container is-layout-constrained wp-block-group-is-layout-constrained\">\n<p><\/p>\n<\/div><\/div>\n\n\n\n<h2 class=\"wp-block-heading has-luminous-vivid-amber-color has-text-color\">Comiss\u00e3o Cient\u00edfica<\/h2>\n\n\n\n        \n\n    <div class=\"\">\n        <ul class=\"elements row list-unstyled justify-content-center\">\n            \t\t\t\t<li class=\" flex-column col-12 col-lg-6  d-flex align-items-center element py-3\">\n\t\t\t\t\t<a href=\"https:\/\/sites.uab.pt\/cantanhede-historia-arte-e-patrimonio\/conhecer\/duarte-nuno-chaves\/\"  class=\"d-flex flex-column align-items-center text-decoration-none\" title=\"Saber mais sobre Duarte Nuno Chaves\">\n\t\t\t\t\t\t\t\t\t\t\t\t\t\t\t\t\t\t<div class=\"entry-thumbnail-wrapper-bg\"><div class=\"entry-thumbnail-wrapper\"><img decoding=\"async\" src=\"https:\/\/sites.uab.pt\/cantanhede-historia-arte-e-patrimonio\/wp-content\/uploads\/sites\/22\/2022\/10\/P1060041.1.2.1.jpg\" width=\"1650\" height=\"2497\" class=\"attachment-news-list-thumbnails-size size-news-list-thumbnails-size block entry-thumbnail img-fluid\" alt=\"Duarte Nuno Chaves\" srcset=\"https:\/\/sites.uab.pt\/cantanhede-historia-arte-e-patrimonio\/wp-content\/uploads\/sites\/22\/2022\/10\/P1060041.1.2.1.jpg 1650w, https:\/\/sites.uab.pt\/cantanhede-historia-arte-e-patrimonio\/wp-content\/uploads\/sites\/22\/2022\/10\/P1060041.1.2.1-198x300.jpg 198w, https:\/\/sites.uab.pt\/cantanhede-historia-arte-e-patrimonio\/wp-content\/uploads\/sites\/22\/2022\/10\/P1060041.1.2.1-677x1024.jpg 677w, https:\/\/sites.uab.pt\/cantanhede-historia-arte-e-patrimonio\/wp-content\/uploads\/sites\/22\/2022\/10\/P1060041.1.2.1-768x1162.jpg 768w, https:\/\/sites.uab.pt\/cantanhede-historia-arte-e-patrimonio\/wp-content\/uploads\/sites\/22\/2022\/10\/P1060041.1.2.1-1015x1536.jpg 1015w, https:\/\/sites.uab.pt\/cantanhede-historia-arte-e-patrimonio\/wp-content\/uploads\/sites\/22\/2022\/10\/P1060041.1.2.1-1353x2048.jpg 1353w\" sizes=\"auto, (max-width: 1650px) 100vw, 1650px\"  loading=\"lazy\"><\/div><\/div>\n\t\t\t\t\t\t\n\t\t\t\t\t\t<div class=\"element-info\">\n\t\t\t\t\t\t\t<div class=\"title\">Duarte Nuno Chaves<\/div>\n\t\t\t\t\t\t\t\n\t\t\t\t\t\t\t\t\t\t\t\t\t\t\t\t\t\t\t\t\t\t<dl class=\"affiliation-wrapper\"><dt class=\"affiliation-label visually-hidden\">Afilia\u00e7\u00e3o: <\/dt><dd class=\"affiliation-value\">Universidade dos A\u00e7ores<\/dd><\/dl>\n\t\t\t\t\t\t\t\n\t\t\t\t\t\t\t\t\t\t\t\t\t<\/div>\n\t\t\t\t\t<\/a>\n\t\t\t\t<\/li>\n            \t\t\t\t<li class=\" flex-column col-12 col-lg-6  d-flex align-items-center element py-3\">\n\t\t\t\t\t<a href=\"https:\/\/sites.uab.pt\/cantanhede-historia-arte-e-patrimonio\/conhecer\/fernando-oudinot-larcher\/\"  class=\"d-flex flex-column align-items-center text-decoration-none\" title=\"Saber mais sobre Fernando Oudinot Larcher\">\n\t\t\t\t\t\t\t\t\t\t\t\t\t\t\t\t\t\t<div class=\"entry-thumbnail-wrapper-bg\"><div class=\"entry-thumbnail-wrapper\"><img decoding=\"async\" src=\"https:\/\/sites.uab.pt\/cantanhede-historia-arte-e-patrimonio\/wp-content\/uploads\/sites\/22\/2022\/10\/IMG_20221210_181144-1-e1675179681431.jpg\" width=\"1982\" height=\"1982\" class=\"attachment-news-list-thumbnails-size size-news-list-thumbnails-size block entry-thumbnail img-fluid\" alt=\"Fernando Oudinot Larcher\" srcset=\"https:\/\/sites.uab.pt\/cantanhede-historia-arte-e-patrimonio\/wp-content\/uploads\/sites\/22\/2022\/10\/IMG_20221210_181144-1-e1675179681431.jpg 1982w, https:\/\/sites.uab.pt\/cantanhede-historia-arte-e-patrimonio\/wp-content\/uploads\/sites\/22\/2022\/10\/IMG_20221210_181144-1-e1675179681431-300x300.jpg 300w, https:\/\/sites.uab.pt\/cantanhede-historia-arte-e-patrimonio\/wp-content\/uploads\/sites\/22\/2022\/10\/IMG_20221210_181144-1-e1675179681431-1024x1024.jpg 1024w, https:\/\/sites.uab.pt\/cantanhede-historia-arte-e-patrimonio\/wp-content\/uploads\/sites\/22\/2022\/10\/IMG_20221210_181144-1-e1675179681431-150x150.jpg 150w, https:\/\/sites.uab.pt\/cantanhede-historia-arte-e-patrimonio\/wp-content\/uploads\/sites\/22\/2022\/10\/IMG_20221210_181144-1-e1675179681431-768x768.jpg 768w, https:\/\/sites.uab.pt\/cantanhede-historia-arte-e-patrimonio\/wp-content\/uploads\/sites\/22\/2022\/10\/IMG_20221210_181144-1-e1675179681431-1536x1536.jpg 1536w\" sizes=\"auto, (max-width: 1982px) 100vw, 1982px\"  loading=\"lazy\"><\/div><\/div>\n\t\t\t\t\t\t\n\t\t\t\t\t\t<div class=\"element-info\">\n\t\t\t\t\t\t\t<div class=\"title\">Fernando Oudinot Larcher<\/div>\n\t\t\t\t\t\t\t\n\t\t\t\t\t\t\t\t\t\t\t\t\t\t\t\t\t\t\t\t\t\t<dl class=\"affiliation-wrapper\"><dt class=\"affiliation-label visually-hidden\">Afilia\u00e7\u00e3o: <\/dt><dd class=\"affiliation-value\">C\u00edrculo Portugu\u00eas de Estudos Human\u00edsticos<\/dd><\/dl>\n\t\t\t\t\t\t\t\n\t\t\t\t\t\t\t\t\t\t\t\t\t<\/div>\n\t\t\t\t\t<\/a>\n\t\t\t\t<\/li>\n            \t\t\t\t<li class=\" flex-column col-12 col-lg-6  d-flex align-items-center element py-3\">\n\t\t\t\t\t<a href=\"https:\/\/sites.uab.pt\/cantanhede-historia-arte-e-patrimonio\/conhecer\/guilhermina-mota\/\"  class=\"d-flex flex-column align-items-center text-decoration-none\" title=\"Saber mais sobre Guilhermina Mota\">\n\t\t\t\t\t\t\t\t\t\t\t\t\t\t\t\t\t\t<div class=\"entry-thumbnail-wrapper-bg\"><div class=\"entry-thumbnail-wrapper\"><img decoding=\"async\" src=\"https:\/\/sites.uab.pt\/cantanhede-historia-arte-e-patrimonio\/wp-content\/uploads\/sites\/22\/2022\/10\/thumbnail_guimota-e1671187440523.jpg\" width=\"590\" height=\"709\" class=\"attachment-news-list-thumbnails-size size-news-list-thumbnails-size block entry-thumbnail img-fluid\" alt=\"Guilhermina Mota\" srcset=\"https:\/\/sites.uab.pt\/cantanhede-historia-arte-e-patrimonio\/wp-content\/uploads\/sites\/22\/2022\/10\/thumbnail_guimota-e1671187440523.jpg 590w, https:\/\/sites.uab.pt\/cantanhede-historia-arte-e-patrimonio\/wp-content\/uploads\/sites\/22\/2022\/10\/thumbnail_guimota-e1671187440523-250x300.jpg 250w\" sizes=\"auto, (max-width: 590px) 100vw, 590px\"  loading=\"lazy\"><\/div><\/div>\n\t\t\t\t\t\t\n\t\t\t\t\t\t<div class=\"element-info\">\n\t\t\t\t\t\t\t<div class=\"title\">Guilhermina Mota<\/div>\n\t\t\t\t\t\t\t\n\t\t\t\t\t\t\t\t\t\t\t\t\t\t\t\t\t\t\t\t\t\t<dl class=\"affiliation-wrapper\"><dt class=\"affiliation-label visually-hidden\">Afilia\u00e7\u00e3o: <\/dt><dd class=\"affiliation-value\">Professora Aposentada da Universidade de Coimbra<\/dd><\/dl>\n\t\t\t\t\t\t\t\n\t\t\t\t\t\t\t\t\t\t\t\t\t<\/div>\n\t\t\t\t\t<\/a>\n\t\t\t\t<\/li>\n            \t\t\t\t<li class=\" flex-column col-12 col-lg-6  d-flex align-items-center element py-3\">\n\t\t\t\t\t<a href=\"https:\/\/sites.uab.pt\/cantanhede-historia-arte-e-patrimonio\/conhecer\/nunc-dictum\/\"  class=\"d-flex flex-column align-items-center text-decoration-none\" title=\"Saber mais sobre Jo\u00e3o da Cunha Matos\u00a0\">\n\t\t\t\t\t\t\t\t\t\t\t\t\t\t\t\t\t\t<div class=\"entry-thumbnail-wrapper-bg\"><div class=\"entry-thumbnail-wrapper\"><img decoding=\"async\" src=\"https:\/\/sites.uab.pt\/cantanhede-historia-arte-e-patrimonio\/wp-content\/uploads\/sites\/22\/2022\/10\/FOTO-Joao-C.-Matos.jpg\" width=\"428\" height=\"612\" class=\"attachment-news-list-thumbnails-size size-news-list-thumbnails-size block entry-thumbnail img-fluid\" alt=\"Jo\u00e3o da Cunha Matos\" srcset=\"https:\/\/sites.uab.pt\/cantanhede-historia-arte-e-patrimonio\/wp-content\/uploads\/sites\/22\/2022\/10\/FOTO-Joao-C.-Matos.jpg 428w, https:\/\/sites.uab.pt\/cantanhede-historia-arte-e-patrimonio\/wp-content\/uploads\/sites\/22\/2022\/10\/FOTO-Joao-C.-Matos-210x300.jpg 210w\" sizes=\"auto, (max-width: 428px) 100vw, 428px\"  loading=\"lazy\"><\/div><\/div>\n\t\t\t\t\t\t\n\t\t\t\t\t\t<div class=\"element-info\">\n\t\t\t\t\t\t\t<div class=\"title\">Jo\u00e3o da Cunha Matos\u00a0<\/div>\n\t\t\t\t\t\t\t\n\t\t\t\t\t\t\t\t\t\t\t\t\t\t\t\t\t\t\t\t\t\t<dl class=\"affiliation-wrapper\"><dt class=\"affiliation-label visually-hidden\">Afilia\u00e7\u00e3o: <\/dt><dd class=\"affiliation-value\">Professor Aposentado do Instituto Polit\u00e9cnico de Tomar<\/dd><\/dl>\n\t\t\t\t\t\t\t\n\t\t\t\t\t\t\t\t\t\t\t\t\t<\/div>\n\t\t\t\t\t<\/a>\n\t\t\t\t<\/li>\n            \t\t\t\t<li class=\" flex-column col-12 col-lg-6  d-flex align-items-center element py-3\">\n\t\t\t\t\t<a href=\"https:\/\/sites.uab.pt\/cantanhede-historia-arte-e-patrimonio\/conhecer\/jose-das-candeias-sales\/\"  class=\"d-flex flex-column align-items-center text-decoration-none\" title=\"Saber mais sobre Jos\u00e9 das Candeias Sales\">\n\t\t\t\t\t\t\t\t\t\t\t\t\t\t\t\t\t\t<div class=\"entry-thumbnail-wrapper-bg\"><div class=\"entry-thumbnail-wrapper\"><img decoding=\"async\" src=\"https:\/\/sites.uab.pt\/cantanhede-historia-arte-e-patrimonio\/wp-content\/uploads\/sites\/22\/2022\/10\/JSALES_FOTO_300dpi.jpg\" width=\"591\" height=\"839\" class=\"attachment-news-list-thumbnails-size size-news-list-thumbnails-size block entry-thumbnail img-fluid\" alt=\"Prof. Doutor Jos\u00e9 das Candeias Sales\" srcset=\"https:\/\/sites.uab.pt\/cantanhede-historia-arte-e-patrimonio\/wp-content\/uploads\/sites\/22\/2022\/10\/JSALES_FOTO_300dpi.jpg 591w, https:\/\/sites.uab.pt\/cantanhede-historia-arte-e-patrimonio\/wp-content\/uploads\/sites\/22\/2022\/10\/JSALES_FOTO_300dpi-211x300.jpg 211w\" sizes=\"auto, (max-width: 591px) 100vw, 591px\"  loading=\"lazy\"><\/div><\/div>\n\t\t\t\t\t\t\n\t\t\t\t\t\t<div class=\"element-info\">\n\t\t\t\t\t\t\t<div class=\"title\">Jos\u00e9 das Candeias Sales<\/div>\n\t\t\t\t\t\t\t\n\t\t\t\t\t\t\t\t\t\t\t\t\t\t\t\t\t\t\t\t\t\t<dl class=\"affiliation-wrapper\"><dt class=\"affiliation-label visually-hidden\">Afilia\u00e7\u00e3o: <\/dt><dd class=\"affiliation-value\">Universidade Aberta<\/dd><\/dl>\n\t\t\t\t\t\t\t\n\t\t\t\t\t\t\t\t\t\t\t\t\t<\/div>\n\t\t\t\t\t<\/a>\n\t\t\t\t<\/li>\n            \t\t\t\t<li class=\" flex-column col-12 col-lg-6  d-flex align-items-center element py-3\">\n\t\t\t\t\t<a href=\"https:\/\/sites.uab.pt\/cantanhede-historia-arte-e-patrimonio\/conhecer\/madalena-oudinot-larcher\/\"  class=\"d-flex flex-column align-items-center text-decoration-none\" title=\"Saber mais sobre Maria Madalena G.B. Pessoa Jorge Oudinot Larcher\">\n\t\t\t\t\t\t\t\t\t\t\t\t\t\t\t\t\t\t<div class=\"entry-thumbnail-wrapper-bg\"><div class=\"entry-thumbnail-wrapper\"><img decoding=\"async\" src=\"https:\/\/sites.uab.pt\/cantanhede-historia-arte-e-patrimonio\/wp-content\/uploads\/sites\/22\/2022\/10\/IMG_20221210_173031-scaled.jpg\" width=\"2538\" height=\"2560\" class=\"attachment-news-list-thumbnails-size size-news-list-thumbnails-size block entry-thumbnail img-fluid\" alt=\"Maria Madalena Oudinot Larcher\" srcset=\"https:\/\/sites.uab.pt\/cantanhede-historia-arte-e-patrimonio\/wp-content\/uploads\/sites\/22\/2022\/10\/IMG_20221210_173031-scaled.jpg 2538w, https:\/\/sites.uab.pt\/cantanhede-historia-arte-e-patrimonio\/wp-content\/uploads\/sites\/22\/2022\/10\/IMG_20221210_173031-297x300.jpg 297w, https:\/\/sites.uab.pt\/cantanhede-historia-arte-e-patrimonio\/wp-content\/uploads\/sites\/22\/2022\/10\/IMG_20221210_173031-1015x1024.jpg 1015w, https:\/\/sites.uab.pt\/cantanhede-historia-arte-e-patrimonio\/wp-content\/uploads\/sites\/22\/2022\/10\/IMG_20221210_173031-150x150.jpg 150w, https:\/\/sites.uab.pt\/cantanhede-historia-arte-e-patrimonio\/wp-content\/uploads\/sites\/22\/2022\/10\/IMG_20221210_173031-768x775.jpg 768w, https:\/\/sites.uab.pt\/cantanhede-historia-arte-e-patrimonio\/wp-content\/uploads\/sites\/22\/2022\/10\/IMG_20221210_173031-1523x1536.jpg 1523w, https:\/\/sites.uab.pt\/cantanhede-historia-arte-e-patrimonio\/wp-content\/uploads\/sites\/22\/2022\/10\/IMG_20221210_173031-2030x2048.jpg 2030w\" sizes=\"auto, (max-width: 2538px) 100vw, 2538px\"  loading=\"lazy\"><\/div><\/div>\n\t\t\t\t\t\t\n\t\t\t\t\t\t<div class=\"element-info\">\n\t\t\t\t\t\t\t<div class=\"title\">Maria Madalena G.B. Pessoa Jorge Oudinot Larcher<\/div>\n\t\t\t\t\t\t\t\n\t\t\t\t\t\t\t\t\t\t\t\t\t\t\t\t\t\t\t\t\t\t<dl class=\"affiliation-wrapper\"><dt class=\"affiliation-label visually-hidden\">Afilia\u00e7\u00e3o: <\/dt><dd class=\"affiliation-value\">C\u00edrculo Portugu\u00eas de Estudos Human\u00edsticos<\/dd><\/dl>\n\t\t\t\t\t\t\t\n\t\t\t\t\t\t\t\t\t\t\t\t\t<\/div>\n\t\t\t\t\t<\/a>\n\t\t\t\t<\/li>\n            \t\t\t\t<li class=\" flex-column col-12 col-lg-6  d-flex align-items-center element py-3\">\n\t\t\t\t\t<a href=\"https:\/\/sites.uab.pt\/cantanhede-historia-arte-e-patrimonio\/conhecer\/pedro-velez-unova\/\"  class=\"d-flex flex-column align-items-center text-decoration-none\" title=\"Saber mais sobre Pedro Rebelo Botelho Alfaro Velez\">\n\t\t\t\t\t\t\t\t\t\t\t\t\t\t\t\t\t\t<div class=\"entry-thumbnail-wrapper-bg\"><div class=\"entry-thumbnail-wrapper\"><img decoding=\"async\" src=\"https:\/\/sites.uab.pt\/cantanhede-historia-arte-e-patrimonio\/wp-content\/uploads\/sites\/22\/2022\/10\/Untitled-design-1.png\" width=\"591\" height=\"839\" class=\"attachment-news-list-thumbnails-size size-news-list-thumbnails-size block entry-thumbnail img-fluid\" alt=\"Pedro Rebelo Botelho Alfaro Velez\" srcset=\"https:\/\/sites.uab.pt\/cantanhede-historia-arte-e-patrimonio\/wp-content\/uploads\/sites\/22\/2022\/10\/Untitled-design-1.png 591w, https:\/\/sites.uab.pt\/cantanhede-historia-arte-e-patrimonio\/wp-content\/uploads\/sites\/22\/2022\/10\/Untitled-design-1-211x300.png 211w\" sizes=\"auto, (max-width: 591px) 100vw, 591px\"  loading=\"lazy\"><\/div><\/div>\n\t\t\t\t\t\t\n\t\t\t\t\t\t<div class=\"element-info\">\n\t\t\t\t\t\t\t<div class=\"title\">Pedro Rebelo Botelho Alfaro Velez<\/div>\n\t\t\t\t\t\t\t\n\t\t\t\t\t\t\t\t\t\t\t\t\t\t\t\t\t\t\t\t\t\t<dl class=\"affiliation-wrapper\"><dt class=\"affiliation-label visually-hidden\">Afilia\u00e7\u00e3o: <\/dt><dd class=\"affiliation-value\">Universidade Europeia<\/dd><\/dl>\n\t\t\t\t\t\t\t\n\t\t\t\t\t\t\t\t\t\t\t\t\t<\/div>\n\t\t\t\t\t<\/a>\n\t\t\t\t<\/li>\n            \t\t\t\t<li class=\" flex-column col-12 col-lg-6  d-flex align-items-center element py-3\">\n\t\t\t\t\t<a href=\"https:\/\/sites.uab.pt\/cantanhede-historia-arte-e-patrimonio\/conhecer\/virgolino-ferreira-jorge\/\"  class=\"d-flex flex-column align-items-center text-decoration-none\" title=\"Saber mais sobre Virgolino Ferreira Jorge\">\n\t\t\t\t\t\t\t\t\t\t\t\t\t\t\t\t\t\t<div class=\"entry-thumbnail-wrapper-bg\"><div class=\"entry-thumbnail-wrapper\"><img decoding=\"async\" src=\"https:\/\/sites.uab.pt\/cantanhede-historia-arte-e-patrimonio\/wp-content\/uploads\/sites\/22\/2022\/10\/Virgolino-Jorge.png\" width=\"255\" height=\"311\" class=\"attachment-news-list-thumbnails-size size-news-list-thumbnails-size block entry-thumbnail img-fluid\" alt=\"Virgolino Ferreira Jorge\" srcset=\"https:\/\/sites.uab.pt\/cantanhede-historia-arte-e-patrimonio\/wp-content\/uploads\/sites\/22\/2022\/10\/Virgolino-Jorge.png 255w, https:\/\/sites.uab.pt\/cantanhede-historia-arte-e-patrimonio\/wp-content\/uploads\/sites\/22\/2022\/10\/Virgolino-Jorge-246x300.png 246w\" sizes=\"auto, (max-width: 255px) 100vw, 255px\"  loading=\"lazy\"><\/div><\/div>\n\t\t\t\t\t\t\n\t\t\t\t\t\t<div class=\"element-info\">\n\t\t\t\t\t\t\t<div class=\"title\">Virgolino Ferreira Jorge<\/div>\n\t\t\t\t\t\t\t\n\t\t\t\t\t\t\t\t\t\t\t\t\t\t\t\t\t\t\t\t\t\t<dl class=\"affiliation-wrapper\"><dt class=\"affiliation-label visually-hidden\">Afilia\u00e7\u00e3o: <\/dt><dd class=\"affiliation-value\">Professor Aposentado da Universidade de \u00c9vora<\/dd><\/dl>\n\t\t\t\t\t\t\t\n\t\t\t\t\t\t\t\t\t\t\t\t\t<\/div>\n\t\t\t\t\t<\/a>\n\t\t\t\t<\/li>\n                    <\/ul>\n    <\/div>\n    <div class=\"clearfix\"><\/div>\n","protected":false},"excerpt":{"rendered":"Propostas de Comunica\u00e7\u00e3o Na sequ\u00eancia do&nbsp;I Encontro Cantanhede &#8211; Hist\u00f3ria, Arte e Patrim\u00f3nio, o&nbsp;C\u00edrculo Portugu\u00eas de Estudos Human\u00edsticos &#8211; Humana.Idade.XXI, a&nbsp;Universidade Aberta&nbsp;e a&nbsp;C\u00e2mara Municipal de Cantanhede&nbsp;organizam, em colabora\u00e7\u00e3o e parceria com o&nbsp;Grupo de Investiga\u00e7\u00e3o Arte, Hist\u00f3ria e Patrim\u00f3nio&nbsp;do&nbsp;CHAM &#8211; Centro de Humanidades da FCSH da Universidade Nova de Lisboa \/ Universidade dos A\u00e7ores, com a&nbsp;FCT&nbsp;e [&hellip;]","protected":false},"author":1,"featured_media":827,"parent":1184,"menu_order":60,"comment_status":"closed","ping_status":"closed","template":"","meta":{"footnotes":""},"class_list":["post-145","page","type-page","status-publish","has-post-thumbnail","hentry"],"_links":{"self":[{"href":"https:\/\/sites.uab.pt\/cantanhede-historia-arte-e-patrimonio\/wp-json\/wp\/v2\/pages\/145","targetHints":{"allow":["GET"]}}],"collection":[{"href":"https:\/\/sites.uab.pt\/cantanhede-historia-arte-e-patrimonio\/wp-json\/wp\/v2\/pages"}],"about":[{"href":"https:\/\/sites.uab.pt\/cantanhede-historia-arte-e-patrimonio\/wp-json\/wp\/v2\/types\/page"}],"author":[{"embeddable":true,"href":"https:\/\/sites.uab.pt\/cantanhede-historia-arte-e-patrimonio\/wp-json\/wp\/v2\/users\/1"}],"replies":[{"embeddable":true,"href":"https:\/\/sites.uab.pt\/cantanhede-historia-arte-e-patrimonio\/wp-json\/wp\/v2\/comments?post=145"}],"version-history":[{"count":8,"href":"https:\/\/sites.uab.pt\/cantanhede-historia-arte-e-patrimonio\/wp-json\/wp\/v2\/pages\/145\/revisions"}],"predecessor-version":[{"id":1268,"href":"https:\/\/sites.uab.pt\/cantanhede-historia-arte-e-patrimonio\/wp-json\/wp\/v2\/pages\/145\/revisions\/1268"}],"up":[{"embeddable":true,"href":"https:\/\/sites.uab.pt\/cantanhede-historia-arte-e-patrimonio\/wp-json\/wp\/v2\/pages\/1184"}],"wp:featuredmedia":[{"embeddable":true,"href":"https:\/\/sites.uab.pt\/cantanhede-historia-arte-e-patrimonio\/wp-json\/wp\/v2\/media\/827"}],"wp:attachment":[{"href":"https:\/\/sites.uab.pt\/cantanhede-historia-arte-e-patrimonio\/wp-json\/wp\/v2\/media?parent=145"}],"curies":[{"name":"wp","href":"https:\/\/api.w.org\/{rel}","templated":true}]}}