{"id":1453,"date":"2025-01-08T14:00:51","date_gmt":"2025-01-08T14:00:51","guid":{"rendered":"https:\/\/sites.uab.pt\/cantanhede-historia-arte-e-patrimonio\/?page_id=1453"},"modified":"2025-02-20T10:06:14","modified_gmt":"2025-02-20T10:06:14","slug":"programa-iii-encontro","status":"publish","type":"page","link":"https:\/\/sites.uab.pt\/cantanhede-historia-arte-e-patrimonio\/encontros\/iii-encontro\/programa-iii-encontro\/","title":{"rendered":"Programa III Encontro"},"content":{"rendered":"\n<h2 class=\"wp-block-heading\"><strong><mark style=\"background-color:rgba(0, 0, 0, 0)\" class=\"has-inline-color has-luminous-vivid-amber-color\">28 DE FEVEREIRO | CANTANHEDE, BIBLIOTECA MUNICIPAL<\/mark><\/strong><\/h2>\n\n\n\n<div class=\"wp-block-c3-framew-gutenbergblocks-timeline schedule\"><div class=\"gbt-timeline-title-wrapper\"><div class=\"gbt-timeline-title tt-title\">9h00 &#8211; Abertura do secretariado<\/div><\/div><ul class=\"gbt-timeline-content-wrapper\">\n<li style=\"--timeline-color:#abb8c3\"><div class=\"gbt-timeline-event-title-wrapper\"><div class=\"gbt-timeline-event-title time-title\"><strong>09h30 &#8211; Sess\u00e3o de Abertura<\/strong><\/div><\/div><div class=\"gbt-timeline-event-content-wrapper\">\n<p>Helena Teod\u00f3sio, Presidente da C\u00e2mara Municipal de Cantanhede<\/p>\n\n\n\n<p>Jos\u00e9 Sales, Vice-Reitor da Universidade Aberta<\/p>\n\n\n\n<p>Teot\u00f3nio Cavaco, Diretor do Centro de Forma\u00e7\u00e3o de Associa\u00e7\u00e3o de Escolas Beira-Mar<\/p>\n\n\n\n<p>Madalena e Fernando Larcher, Comiss\u00e3o Organizadora<\/p>\n<\/div><\/li>\n\n\n\n<li style=\"--timeline-color:#cf2e2e\"><div class=\"gbt-timeline-event-title-wrapper\"><div class=\"gbt-timeline-event-title time-title\"><strong>10h00<\/strong> &#8211; Painel I<\/div><\/div><div class=\"gbt-timeline-event-content-wrapper\">\n<p>Moderador: Jos\u00e9 Sales, Universidade Aberta<\/p>\n\n\n\n<p><strong>&#8211; <em>Os Meneses de Cantanhede no Norte de \u00c1frica<\/em> <\/strong>| Fernando Larcher<\/p>\n\n\n\n<p><strong>&#8211; <em>A Constru\u00e7\u00e3o Territorial do Brasil: Pedro Teixeira e os Limites da Coroa Portuguesa na Amaz\u00f4nia<\/em> <\/strong>| R\u00f3mulo Soares (<em>online<\/em>)<\/p>\n\n\n\n<p>Debate<\/p>\n<\/div><\/li>\n\n\n\n<li style=\"--timeline-color:#fcb900\"><div class=\"gbt-timeline-event-title-wrapper\"><div class=\"gbt-timeline-event-title time-title\"><strong>11h00<\/strong> &#8211; <strong>Inaugura\u00e7\u00e3o da exposi\u00e7\u00e3o <em>Cantanhede na Expans\u00e3o \u2013 Factos e Figuras<\/em> <\/strong> <br>              Fernando Larcher, <em>IPT; SGL; CHAM \u2013 Univ.Nova<\/em><br><strong><br><\/strong>Intervalo para caf\u00e9<\/div><\/div><div class=\"gbt-timeline-event-content-wrapper\">\n<p><\/p>\n<\/div><\/li>\n\n\n\n<li style=\"--timeline-color:#cf2e2e\"><div class=\"gbt-timeline-event-title-wrapper\"><div class=\"gbt-timeline-event-title time-title\"><strong>11h30<\/strong> &#8211;<strong> <\/strong>Painel II<\/div><\/div><div class=\"gbt-timeline-event-content-wrapper\">\n<p>Moderador: Pedro Cardoso, C\u00e2mara Municipal de Cantanhede<\/p>\n\n\n\n<p>Sauda\u00e7\u00e3o de Jos\u00e9 Martinho dos Santos Barros, Prefeitura de Cantanhede (<em>online<\/em>)<\/p>\n\n\n\n<p><strong>&#8211; <em>Os Senhores do Couto de Outil e a sua A\u00e7\u00e3o Governativa no Brasil e Angola<\/em> <\/strong>| M. Madalena Pessoa Jorge Oudinot Larcher<\/p>\n\n\n\n<p><strong>&#8211; <em>Duas Cantanhedes e a sua Gemina\u00e7\u00e3o <\/em><\/strong><em>| <\/em>Abra\u00e3o Teixeira (<em>online<\/em>)<\/p>\n\n\n\n<p><strong>&#8211; <em>Origem e Hist\u00f3ria de Cantanhede do Maranh\u00e3o<\/em><\/strong> | Carlito Amarci (<em>online<\/em>)<\/p>\n\n\n\n<p>&nbsp;Debate<\/p>\n<\/div><\/li>\n\n\n\n<li style=\"--timeline-color:#fcb900\"><div class=\"gbt-timeline-event-title-wrapper\"><div class=\"gbt-timeline-event-title time-title\"><strong>12h45<\/strong> &#8211; <strong>Pausa para almo\u00e7o<\/strong><\/div><\/div><div class=\"gbt-timeline-event-content-wrapper\"><\/div><\/li>\n\n\n\n<li style=\"--timeline-color:#abb8c3\"><div class=\"gbt-timeline-event-title-wrapper\"><div class=\"gbt-timeline-event-title time-title\"><strong>14h45 <\/strong>&#8211; Painel III<br><br>Moderadora: M. Madalena Pessoa Jorge Oudinot Larcher, <em>IPT; CHAM \u2013 Univ.Nova<\/em><\/div><\/div><div class=\"gbt-timeline-event-content-wrapper\">\n<p><strong>&#8211; <em>O Coronel Camilo Rebocho Vaz Governador da Prov\u00edncia de Angola e 1.\u00ba Governador do Estado de Angola <\/em><\/strong>| Jos\u00e9 Rebocho Vaz<\/p>\n\n\n\n<p><strong>&#8211; <em>No final da \u00cdndia Portuguesa<\/em>:<\/strong><\/p>\n\n\n\n<p><em>&nbsp;&nbsp;&nbsp;&nbsp;&nbsp;&nbsp;&nbsp;&nbsp;&nbsp;&nbsp;&nbsp;&nbsp;&nbsp;&nbsp;&nbsp; Contextualiza\u00e7\u00e3o<\/em> | Pedro Velez<\/p>\n\n\n\n<p><em>&nbsp;&nbsp;&nbsp;&nbsp;&nbsp;&nbsp;&nbsp;&nbsp;&nbsp;&nbsp;&nbsp;&nbsp;&nbsp;&nbsp;&nbsp; Cr\u00f3nica de um Testemunho de um Natural do Concelho de Cantanhede<\/em> | Ant\u00f3nio Castelo Branco<\/p>\n<\/div><\/li>\n\n\n\n<li><div class=\"gbt-timeline-event-title-wrapper\"><div class=\"gbt-timeline-event-title time-title\"><strong>16h00 <\/strong>&#8211; Intervalo<\/div><\/div><div class=\"gbt-timeline-event-content-wrapper\">\n<p><\/p>\n<\/div><\/li>\n\n\n\n<li style=\"--timeline-color:#abb8c3\"><div class=\"gbt-timeline-event-title-wrapper\"><div class=\"gbt-timeline-event-title time-title\"><strong>16h15<\/strong> &#8211; Painel IV<\/div><\/div><div class=\"gbt-timeline-event-content-wrapper\">\n<p>Moderador: Pedro Cardoso, C\u00e2mara Municipal de Cantanhede<\/p>\n\n\n\n<p><strong>&#8211; <\/strong><em><strong>Da Bairrada para a Regi\u00e3o Platina \u00e0 dist\u00e2ncia de um vasto Oceano<\/strong><\/em> | Maria Cec\u00edlia dos Reis Gomes<\/p>\n\n\n\n<p><strong>&#8211; <\/strong><em><strong>Os Marqueses de Marialva atrav\u00e9s da correspond\u00eancia do Duque de Loul\u00e9<\/strong><\/em> | D. Pedro de Mendo\u00e7a, Duque de Loul\u00e9<\/p>\n\n\n\n<p>Convite de Visita \u00e0 Adega Cooperativa de Cantanhede | Carlos Reis<\/p>\n<\/div><\/li>\n\n\n\n<li style=\"--timeline-color:#cf2e2e\"><div class=\"gbt-timeline-event-title-wrapper\"><div class=\"gbt-timeline-event-title time-title\"><strong>17h30 &#8211;<\/strong> <strong>Encerramento dos trabalhos<\/strong><br><br>Helena Teod\u00f3sio, Presidente da C\u00e2mara Municipal de Cantanhede<br><br>D. Miguel de Bragan\u00e7a, Duque de Laf\u00f5es, Marqu\u00eas de Marialva e Conde de Cantanhede<\/div><\/div><div class=\"gbt-timeline-event-content-wrapper\">\n<p><\/p>\n<\/div><\/li>\n\n\n\n<li style=\"--timeline-color:#fcb900\"><div class=\"gbt-timeline-event-title-wrapper\"><div class=\"gbt-timeline-event-title time-title\"><strong>18h00<\/strong> &#8211;<strong> <\/strong>Rece\u00e7\u00e3o na <strong>Adega Cooperativa de Cantanhed<\/strong>e. <strong>Visita e espumante de honra.<\/strong><\/div><\/div><div class=\"gbt-timeline-event-content-wrapper\">\n<p><\/p>\n<\/div><\/li>\n<\/ul><\/div>\n\n\n\n<p class=\"has-luminous-vivid-amber-color has-text-color has-link-color has-medium-font-size wp-elements-25de63ee0a867ec7023ac6d828ad9b2a\"><\/p>\n\n\n\n<div style=\"height:100px\" aria-hidden=\"true\" class=\"wp-block-spacer\"><\/div>\n\n\n\n<h2 class=\"wp-block-heading\"><strong><mark style=\"background-color:rgba(0, 0, 0, 0)\" class=\"has-inline-color has-luminous-vivid-amber-color\">01 DE MAR\u00c7O | AN\u00c7\u00c3, QUINTAL DA FONTE<\/mark><\/strong><\/h2>\n\n\n\n<div class=\"wp-block-c3-framew-gutenbergblocks-timeline schedule\"><div class=\"gbt-timeline-title-wrapper\"><div class=\"gbt-timeline-title tt-title\"><\/div><\/div><ul class=\"gbt-timeline-content-wrapper\">\n<li style=\"--timeline-color:#abb8c3\"><div class=\"gbt-timeline-event-title-wrapper\"><div class=\"gbt-timeline-event-title time-title\"><strong>10h00 &#8211; Sess\u00e3o de Abertura<\/strong><\/div><\/div><div class=\"gbt-timeline-event-content-wrapper\">\n<p>Pedro Cardoso, Vice-Presidente da C\u00e2mara Municipal de Cantanhede<\/p>\n\n\n\n<p>Cl\u00e1udio Cardoso, Presidente da Junta de Freguesia de An\u00e7\u00e3<\/p>\n<\/div><\/li>\n\n\n\n<li style=\"--timeline-color:#cf2e2e\"><div class=\"gbt-timeline-event-title-wrapper\"><div class=\"gbt-timeline-event-title time-title\"><strong>10h30 <\/strong>&#8211; Painel V<\/div><\/div><div class=\"gbt-timeline-event-content-wrapper\">\n<p>Moderador: Cl\u00e1udio Cardoso, Junta de Freguesia de An\u00e7\u00e3<\/p>\n\n\n\n<p><strong>&#8211; <em>An\u00e7\u00e3 e a Fam\u00edlia Cortes\u00e3o. Contexto Introdut\u00f3rio<\/em><\/strong> | Fernando Larcher<\/p>\n\n\n\n<p><strong>&#8211; <em>Jaime Cortes\u00e3o na Grande Guerra: de M\u00e9dico a Paciente do CEP<\/em> <\/strong>| Margarida Portela (<em>online<\/em>)<\/p>\n\n\n\n<p><strong>&#8211; <em>Armando Cortes\u00e3o e a Biblioteca Matem\u00e1tica da Universidade de Coimbra <\/em><\/strong>| Carlos Tenreiro<\/p>\n<\/div><\/li>\n\n\n\n<li style=\"--timeline-color:#fcb900\"><div class=\"gbt-timeline-event-title-wrapper\"><div class=\"gbt-timeline-event-title time-title\"><strong>11h30<\/strong> &#8211; <strong>An\u00e7\u00e3 de Honra<\/strong><\/div><\/div><div class=\"gbt-timeline-event-content-wrapper\"><\/div><\/li>\n\n\n\n<li style=\"--timeline-color:#abb8c3\"><div class=\"gbt-timeline-event-title-wrapper\"><div class=\"gbt-timeline-event-title time-title\"><strong>11h45<\/strong> <strong>\u2013<\/strong> <strong>&nbsp;Exposi\u00e7\u00e3o <em>Seguindo a Voz de Jaime Cortes\u00e3o<\/em> <\/strong>(organizada pela <em>Patrimonium<\/em>, An\u00e7\u00e3) | Liliana Malva e Lu\u00edsa Aguiar <\/div><\/div><div class=\"gbt-timeline-event-content-wrapper\">\n<p><\/p>\n<\/div><\/li>\n\n\n\n<li><div class=\"gbt-timeline-event-title-wrapper\"><div class=\"gbt-timeline-event-title time-title\"><strong>12h30 &#8211; Almo\u00e7o<\/strong><\/div><\/div><div class=\"gbt-timeline-event-content-wrapper\"><\/div><\/li>\n\n\n\n<li style=\"--timeline-color:#f78da7\"><div class=\"gbt-timeline-event-title-wrapper\"><div class=\"gbt-timeline-event-title time-title\"><strong>15h30 \u2013 Museu do Colecionismo de Cantanhede<\/strong>, visita guiada | Fernando Batista Pereira<\/div><\/div><div class=\"gbt-timeline-event-content-wrapper\"><\/div><\/li>\n<\/ul><\/div>\n\n\n\n<div style=\"height:100px\" aria-hidden=\"true\" class=\"wp-block-spacer\"><\/div>\n\n\n\n<h2 class=\"wp-block-heading\"><mark style=\"background-color:rgba(0, 0, 0, 0)\" class=\"has-inline-color has-luminous-vivid-amber-color\">12 DE MAR\u00c7O | LISBOA<\/mark><\/h2>\n\n\n\n<div class=\"wp-block-c3-framew-gutenbergblocks-timeline schedule\"><div class=\"gbt-timeline-title-wrapper\"><div class=\"gbt-timeline-title tt-title\"><strong>Sociedade de Geografia de Lisboa |<\/strong> Sala Algarve<\/div><\/div><ul class=\"gbt-timeline-content-wrapper\">\n<li style=\"--timeline-color:#fcb900\"><div class=\"gbt-timeline-event-title-wrapper\"><div class=\"gbt-timeline-event-title time-title\"><strong>10h15 \u2013 Abertura<\/strong> por Lu\u00eds Aires de Barros, Presidente da Sociedade de Geografia de Lisboa, Helena Teod\u00f3sio, Presidente da C\u00e2mara Municipal de Cantanhede e Fernando Larcher, Presidente da Comiss\u00e3o Infante D. Henrique, Ordem de Cristo e Expans\u00e3o da SGL<br><br>Moderador: Lu\u00eds Aires de Barros, Presidente da Sociedade de Geografia de Lisboa<br><br>&nbsp;&nbsp;&nbsp;&nbsp;&nbsp;&nbsp;&nbsp;&nbsp;&nbsp;&nbsp;&nbsp;&nbsp;&nbsp;&nbsp;&nbsp;     <em><strong>Descida do Amazonas: Expedi\u00e7\u00e3o Pedro Teixeira<\/strong><\/em> | Ant\u00f3nio Carrelhas<br><br>                   <strong> <em>Presen\u00e7a de Jaime Cortes\u00e3o na Nova \u00c1guia<\/em><\/strong><em> <\/em>| Renato Epif\u00e2nio<br><br>                    <em><strong>P\u00e1tria, Hist\u00f3ria e Epopeia em Jaime Cortes\u00e3o<\/strong><\/em> | Pedro Martins<br><br>                    <strong>Apresenta\u00e7\u00e3o da <em>Exposi\u00e7\u00e3o Armando Cortes\u00e3o<\/em><\/strong> | Helena Grego<br><br>Visita guiada ao Museu da Sociedade de Geografia de Lisboa<br><\/div><\/div><div class=\"gbt-timeline-event-content-wrapper\">\n<p><strong>13h00 \u2013 Almo\u00e7o<\/strong><\/p>\n<\/div><\/li>\n\n\n\n<li style=\"--timeline-color:#0693e3\"><div class=\"gbt-timeline-event-title-wrapper\"><div class=\"gbt-timeline-event-title time-title\"><strong>15h30<\/strong> <strong>\u2013<\/strong> <strong>Museu de Marinha<\/strong>. <strong>Rece\u00e7\u00e3o e visita guiada.<\/strong><br><\/div><\/div><div class=\"gbt-timeline-event-content-wrapper\">\n<p><\/p>\n<\/div><\/li>\n<\/ul><\/div>\n\n\n\n<p class=\"has-medium-font-size\"><strong>Inscri\u00e7\u00f5es:<a href=\"https:\/\/forms.gle\/y4JY7D4K6WPJoc7H6\"> <\/a><\/strong><a href=\"https:\/\/forms.gle\/y4JY7D4K6WPJoc7H6\"> https:\/\/forms.gle\/y4JY7D4K6WPJoc7H6 <\/a><\/p>\n","protected":false},"excerpt":{"rendered":"28 DE FEVEREIRO | CANTANHEDE, BIBLIOTECA MUNICIPAL 01 DE MAR\u00c7O | AN\u00c7\u00c3, QUINTAL DA FONTE 12 DE MAR\u00c7O | LISBOA Inscri\u00e7\u00f5es: https:\/\/forms.gle\/y4JY7D4K6WPJoc7H6","protected":false},"author":9,"featured_media":1472,"parent":1274,"menu_order":2,"comment_status":"closed","ping_status":"closed","template":"","meta":{"footnotes":""},"class_list":["post-1453","page","type-page","status-publish","has-post-thumbnail","hentry"],"_links":{"self":[{"href":"https:\/\/sites.uab.pt\/cantanhede-historia-arte-e-patrimonio\/wp-json\/wp\/v2\/pages\/1453","targetHints":{"allow":["GET"]}}],"collection":[{"href":"https:\/\/sites.uab.pt\/cantanhede-historia-arte-e-patrimonio\/wp-json\/wp\/v2\/pages"}],"about":[{"href":"https:\/\/sites.uab.pt\/cantanhede-historia-arte-e-patrimonio\/wp-json\/wp\/v2\/types\/page"}],"author":[{"embeddable":true,"href":"https:\/\/sites.uab.pt\/cantanhede-historia-arte-e-patrimonio\/wp-json\/wp\/v2\/users\/9"}],"replies":[{"embeddable":true,"href":"https:\/\/sites.uab.pt\/cantanhede-historia-arte-e-patrimonio\/wp-json\/wp\/v2\/comments?post=1453"}],"version-history":[{"count":9,"href":"https:\/\/sites.uab.pt\/cantanhede-historia-arte-e-patrimonio\/wp-json\/wp\/v2\/pages\/1453\/revisions"}],"predecessor-version":[{"id":1476,"href":"https:\/\/sites.uab.pt\/cantanhede-historia-arte-e-patrimonio\/wp-json\/wp\/v2\/pages\/1453\/revisions\/1476"}],"up":[{"embeddable":true,"href":"https:\/\/sites.uab.pt\/cantanhede-historia-arte-e-patrimonio\/wp-json\/wp\/v2\/pages\/1274"}],"wp:featuredmedia":[{"embeddable":true,"href":"https:\/\/sites.uab.pt\/cantanhede-historia-arte-e-patrimonio\/wp-json\/wp\/v2\/media\/1472"}],"wp:attachment":[{"href":"https:\/\/sites.uab.pt\/cantanhede-historia-arte-e-patrimonio\/wp-json\/wp\/v2\/media?parent=1453"}],"curies":[{"name":"wp","href":"https:\/\/api.w.org\/{rel}","templated":true}]}}