{"id":1609,"date":"2026-03-10T13:54:49","date_gmt":"2026-03-10T13:54:49","guid":{"rendered":"https:\/\/sites.uab.pt\/cantanhede-historia-arte-e-patrimonio\/?page_id=1609"},"modified":"2026-03-13T13:35:03","modified_gmt":"2026-03-13T13:35:03","slug":"moldura-institucional-2","status":"publish","type":"page","link":"https:\/\/sites.uab.pt\/cantanhede-historia-arte-e-patrimonio\/moldura-institucional-2\/","title":{"rendered":"Moldura Institucional"},"content":{"rendered":"\n<h2 class=\"wp-block-heading has-text-align-center\">Institui\u00e7\u00f5es Organizadoras<\/h2>\n\n\n\n<p><\/p>\n\n\n\n<p class=\"has-text-align-center\">Universidade Aberta, CLA Cantanhede<\/p>\n\n\n\n<p class=\"has-text-align-center\">C\u00e2mara Municipal de Cantanhede<\/p>\n\n\n\n<p class=\"has-text-align-center\">C\u00edrculo Portugu\u00eas de Estudos Human\u00edsticos<\/p>\n\n\n\n<div style=\"height:100px\" aria-hidden=\"true\" class=\"wp-block-spacer\"><\/div>\n\n\n\n<h2 class=\"wp-block-heading has-text-align-center\">Institui\u00e7\u00f5es Cooperantes<\/h2>\n\n\n\n<p><\/p>\n\n\n\n<p class=\"has-text-align-center\">Centro de Estudos Globais da Universidade Aberta<\/p>\n\n\n\n<p class=\"has-text-align-center\">Sec\u00e7\u00e3o de Hist\u00f3ria da Arte da Faculdade de Letras da Universidade de Coimbra<\/p>\n\n\n\n<p class=\"has-text-align-center\">Centro de Forma\u00e7\u00e3o da Associa\u00e7\u00e3o de Escolas Beira Mar<\/p>\n\n\n\n<p class=\"has-text-align-center\">Igreja Paroquial de Cantanhede<\/p>\n\n\n\n<p class=\"has-text-align-center\">Diocese de Coimbra<\/p>\n\n\n\n<p class=\"has-text-align-center\">Mosteiro dos Jer\u00f3nimos<\/p>\n\n\n\n<p class=\"has-text-align-center\">Centro Cultural Franciscano <\/p>\n\n\n\n<p class=\"has-text-align-center\">Igreja de Nossa Senhora da Luz (Carnide) <\/p>\n\n\n\n<p class=\"has-text-align-center\">Centro Cultural Casapiano &nbsp;&nbsp;&nbsp;&nbsp;<\/p>\n","protected":false},"excerpt":{"rendered":"Institui\u00e7\u00f5es Organizadoras Universidade Aberta, CLA Cantanhede C\u00e2mara Municipal de Cantanhede C\u00edrculo Portugu\u00eas de Estudos Human\u00edsticos Institui\u00e7\u00f5es Cooperantes Centro de Estudos Globais da Universidade Aberta Sec\u00e7\u00e3o de Hist\u00f3ria da Arte da Faculdade de Letras da Universidade de Coimbra Centro de Forma\u00e7\u00e3o da Associa\u00e7\u00e3o de Escolas Beira Mar Igreja Paroquial de Cantanhede Diocese de Coimbra Mosteiro dos [&hellip;]","protected":false},"author":9,"featured_media":0,"parent":0,"menu_order":0,"comment_status":"closed","ping_status":"closed","template":"","meta":{"footnotes":""},"class_list":["post-1609","page","type-page","status-publish","hentry"],"_links":{"self":[{"href":"https:\/\/sites.uab.pt\/cantanhede-historia-arte-e-patrimonio\/wp-json\/wp\/v2\/pages\/1609","targetHints":{"allow":["GET"]}}],"collection":[{"href":"https:\/\/sites.uab.pt\/cantanhede-historia-arte-e-patrimonio\/wp-json\/wp\/v2\/pages"}],"about":[{"href":"https:\/\/sites.uab.pt\/cantanhede-historia-arte-e-patrimonio\/wp-json\/wp\/v2\/types\/page"}],"author":[{"embeddable":true,"href":"https:\/\/sites.uab.pt\/cantanhede-historia-arte-e-patrimonio\/wp-json\/wp\/v2\/users\/9"}],"replies":[{"embeddable":true,"href":"https:\/\/sites.uab.pt\/cantanhede-historia-arte-e-patrimonio\/wp-json\/wp\/v2\/comments?post=1609"}],"version-history":[{"count":2,"href":"https:\/\/sites.uab.pt\/cantanhede-historia-arte-e-patrimonio\/wp-json\/wp\/v2\/pages\/1609\/revisions"}],"predecessor-version":[{"id":1634,"href":"https:\/\/sites.uab.pt\/cantanhede-historia-arte-e-patrimonio\/wp-json\/wp\/v2\/pages\/1609\/revisions\/1634"}],"wp:attachment":[{"href":"https:\/\/sites.uab.pt\/cantanhede-historia-arte-e-patrimonio\/wp-json\/wp\/v2\/media?parent=1609"}],"curies":[{"name":"wp","href":"https:\/\/api.w.org\/{rel}","templated":true}]}}