{"id":1668,"date":"2026-03-28T07:30:15","date_gmt":"2026-03-28T07:30:15","guid":{"rendered":"https:\/\/sites.uab.pt\/cantanhede-historia-arte-e-patrimonio\/?page_id=1668"},"modified":"2026-03-28T07:31:48","modified_gmt":"2026-03-28T07:31:48","slug":"registos-do-iii-encontro","status":"publish","type":"page","link":"https:\/\/sites.uab.pt\/cantanhede-historia-arte-e-patrimonio\/registos-do-iii-encontro\/","title":{"rendered":"Registos do III Encontro"},"content":{"rendered":"\n<h2 class=\"wp-block-heading\"><strong>Cantanhede, 28 de fevereiro de 2025<\/strong><\/h2>\n\n\n\n<figure class=\"wp-block-embed is-type-video is-provider-youtube wp-block-embed-youtube wp-embed-aspect-16-9 wp-has-aspect-ratio\"><div class=\"wp-block-embed__wrapper\">\n<iframe loading=\"lazy\" title=\"III Encontro Cantanhede \u2013 Hist\u00f3ria, Arte e Patrim\u00f3nio\" width=\"500\" height=\"281\" src=\"https:\/\/www.youtube.com\/embed\/whNunslKBeE?start=1217&#038;feature=oembed\" frameborder=\"0\" allow=\"accelerometer; autoplay; clipboard-write; encrypted-media; gyroscope; picture-in-picture; web-share\" referrerpolicy=\"strict-origin-when-cross-origin\" allowfullscreen><\/iframe>\n<\/div><\/figure>\n\n\n\n<figure class=\"wp-block-embed is-type-video is-provider-youtube wp-block-embed-youtube wp-embed-aspect-16-9 wp-has-aspect-ratio\"><div class=\"wp-block-embed__wrapper\">\n<iframe loading=\"lazy\" title=\"III Encontro Cantanhede \u2013 Hist\u00f3ria, Arte e Patrim\u00f3nio\" width=\"500\" height=\"281\" src=\"https:\/\/www.youtube.com\/embed\/P3RkzFZw5ZU?start=2793&#038;feature=oembed\" frameborder=\"0\" allow=\"accelerometer; autoplay; clipboard-write; encrypted-media; gyroscope; picture-in-picture; web-share\" referrerpolicy=\"strict-origin-when-cross-origin\" allowfullscreen><\/iframe>\n<\/div><\/figure>\n\n\n\n<figure class=\"wp-block-gallery has-nested-images columns-default is-cropped wp-block-gallery-1 is-layout-flex wp-block-gallery-is-layout-flex\">\n<figure class=\"wp-block-image size-large\"><img loading=\"lazy\" decoding=\"async\" width=\"576\" height=\"1024\" data-id=\"1677\" src=\"https:\/\/sites.uab.pt\/cantanhede-historia-arte-e-patrimonio\/wp-content\/uploads\/sites\/22\/2026\/03\/WhatsApp-Image-2026-03-28-at-06.57.36-2-576x1024.jpeg\" alt=\"\" class=\"wp-image-1677\" srcset=\"https:\/\/sites.uab.pt\/cantanhede-historia-arte-e-patrimonio\/wp-content\/uploads\/sites\/22\/2026\/03\/WhatsApp-Image-2026-03-28-at-06.57.36-2-576x1024.jpeg 576w, https:\/\/sites.uab.pt\/cantanhede-historia-arte-e-patrimonio\/wp-content\/uploads\/sites\/22\/2026\/03\/WhatsApp-Image-2026-03-28-at-06.57.36-2-169x300.jpeg 169w, https:\/\/sites.uab.pt\/cantanhede-historia-arte-e-patrimonio\/wp-content\/uploads\/sites\/22\/2026\/03\/WhatsApp-Image-2026-03-28-at-06.57.36-2-768x1365.jpeg 768w, https:\/\/sites.uab.pt\/cantanhede-historia-arte-e-patrimonio\/wp-content\/uploads\/sites\/22\/2026\/03\/WhatsApp-Image-2026-03-28-at-06.57.36-2-864x1536.jpeg 864w, https:\/\/sites.uab.pt\/cantanhede-historia-arte-e-patrimonio\/wp-content\/uploads\/sites\/22\/2026\/03\/WhatsApp-Image-2026-03-28-at-06.57.36-2.jpeg 900w\" sizes=\"auto, (max-width: 576px) 100vw, 576px\" \/><\/figure>\n\n\n\n<figure class=\"wp-block-image size-large\"><img loading=\"lazy\" decoding=\"async\" width=\"576\" height=\"1024\" data-id=\"1679\" src=\"https:\/\/sites.uab.pt\/cantanhede-historia-arte-e-patrimonio\/wp-content\/uploads\/sites\/22\/2026\/03\/WhatsApp-Image-2026-03-28-at-06.57.17-2-576x1024.jpeg\" alt=\"\" class=\"wp-image-1679\" srcset=\"https:\/\/sites.uab.pt\/cantanhede-historia-arte-e-patrimonio\/wp-content\/uploads\/sites\/22\/2026\/03\/WhatsApp-Image-2026-03-28-at-06.57.17-2-576x1024.jpeg 576w, https:\/\/sites.uab.pt\/cantanhede-historia-arte-e-patrimonio\/wp-content\/uploads\/sites\/22\/2026\/03\/WhatsApp-Image-2026-03-28-at-06.57.17-2-169x300.jpeg 169w, https:\/\/sites.uab.pt\/cantanhede-historia-arte-e-patrimonio\/wp-content\/uploads\/sites\/22\/2026\/03\/WhatsApp-Image-2026-03-28-at-06.57.17-2-768x1365.jpeg 768w, https:\/\/sites.uab.pt\/cantanhede-historia-arte-e-patrimonio\/wp-content\/uploads\/sites\/22\/2026\/03\/WhatsApp-Image-2026-03-28-at-06.57.17-2-864x1536.jpeg 864w, https:\/\/sites.uab.pt\/cantanhede-historia-arte-e-patrimonio\/wp-content\/uploads\/sites\/22\/2026\/03\/WhatsApp-Image-2026-03-28-at-06.57.17-2.jpeg 900w\" sizes=\"auto, (max-width: 576px) 100vw, 576px\" \/><\/figure>\n\n\n\n<figure class=\"wp-block-image size-large\"><img loading=\"lazy\" decoding=\"async\" width=\"576\" height=\"1024\" data-id=\"1678\" src=\"https:\/\/sites.uab.pt\/cantanhede-historia-arte-e-patrimonio\/wp-content\/uploads\/sites\/22\/2026\/03\/WhatsApp-Image-2026-03-28-at-06.58.17-2-576x1024.jpeg\" alt=\"\" class=\"wp-image-1678\" srcset=\"https:\/\/sites.uab.pt\/cantanhede-historia-arte-e-patrimonio\/wp-content\/uploads\/sites\/22\/2026\/03\/WhatsApp-Image-2026-03-28-at-06.58.17-2-576x1024.jpeg 576w, https:\/\/sites.uab.pt\/cantanhede-historia-arte-e-patrimonio\/wp-content\/uploads\/sites\/22\/2026\/03\/WhatsApp-Image-2026-03-28-at-06.58.17-2-169x300.jpeg 169w, https:\/\/sites.uab.pt\/cantanhede-historia-arte-e-patrimonio\/wp-content\/uploads\/sites\/22\/2026\/03\/WhatsApp-Image-2026-03-28-at-06.58.17-2-768x1365.jpeg 768w, https:\/\/sites.uab.pt\/cantanhede-historia-arte-e-patrimonio\/wp-content\/uploads\/sites\/22\/2026\/03\/WhatsApp-Image-2026-03-28-at-06.58.17-2-864x1536.jpeg 864w, https:\/\/sites.uab.pt\/cantanhede-historia-arte-e-patrimonio\/wp-content\/uploads\/sites\/22\/2026\/03\/WhatsApp-Image-2026-03-28-at-06.58.17-2.jpeg 900w\" sizes=\"auto, (max-width: 576px) 100vw, 576px\" \/><\/figure>\n<\/figure>\n\n\n\n<figure class=\"wp-block-gallery has-nested-images columns-default is-cropped wp-block-gallery-2 is-layout-flex wp-block-gallery-is-layout-flex\">\n<figure class=\"wp-block-image size-large\"><img loading=\"lazy\" decoding=\"async\" width=\"1024\" height=\"576\" data-id=\"1681\" src=\"https:\/\/sites.uab.pt\/cantanhede-historia-arte-e-patrimonio\/wp-content\/uploads\/sites\/22\/2026\/03\/WhatsApp-Image-2026-03-28-at-07.27.08-1024x576.jpeg\" alt=\"\" class=\"wp-image-1681\" srcset=\"https:\/\/sites.uab.pt\/cantanhede-historia-arte-e-patrimonio\/wp-content\/uploads\/sites\/22\/2026\/03\/WhatsApp-Image-2026-03-28-at-07.27.08-1024x576.jpeg 1024w, https:\/\/sites.uab.pt\/cantanhede-historia-arte-e-patrimonio\/wp-content\/uploads\/sites\/22\/2026\/03\/WhatsApp-Image-2026-03-28-at-07.27.08-300x169.jpeg 300w, https:\/\/sites.uab.pt\/cantanhede-historia-arte-e-patrimonio\/wp-content\/uploads\/sites\/22\/2026\/03\/WhatsApp-Image-2026-03-28-at-07.27.08-768x432.jpeg 768w, https:\/\/sites.uab.pt\/cantanhede-historia-arte-e-patrimonio\/wp-content\/uploads\/sites\/22\/2026\/03\/WhatsApp-Image-2026-03-28-at-07.27.08-1536x864.jpeg 1536w, https:\/\/sites.uab.pt\/cantanhede-historia-arte-e-patrimonio\/wp-content\/uploads\/sites\/22\/2026\/03\/WhatsApp-Image-2026-03-28-at-07.27.08.jpeg 1600w\" sizes=\"auto, (max-width: 1024px) 100vw, 1024px\" \/><\/figure>\n\n\n\n<figure class=\"wp-block-image size-large\"><img loading=\"lazy\" decoding=\"async\" width=\"1024\" height=\"461\" data-id=\"1680\" src=\"https:\/\/sites.uab.pt\/cantanhede-historia-arte-e-patrimonio\/wp-content\/uploads\/sites\/22\/2026\/03\/WhatsApp-Image-2026-03-28-at-07.18.02-1024x461.jpeg\" alt=\"\" class=\"wp-image-1680\" srcset=\"https:\/\/sites.uab.pt\/cantanhede-historia-arte-e-patrimonio\/wp-content\/uploads\/sites\/22\/2026\/03\/WhatsApp-Image-2026-03-28-at-07.18.02-1024x461.jpeg 1024w, https:\/\/sites.uab.pt\/cantanhede-historia-arte-e-patrimonio\/wp-content\/uploads\/sites\/22\/2026\/03\/WhatsApp-Image-2026-03-28-at-07.18.02-300x135.jpeg 300w, https:\/\/sites.uab.pt\/cantanhede-historia-arte-e-patrimonio\/wp-content\/uploads\/sites\/22\/2026\/03\/WhatsApp-Image-2026-03-28-at-07.18.02-768x346.jpeg 768w, https:\/\/sites.uab.pt\/cantanhede-historia-arte-e-patrimonio\/wp-content\/uploads\/sites\/22\/2026\/03\/WhatsApp-Image-2026-03-28-at-07.18.02-1536x691.jpeg 1536w, https:\/\/sites.uab.pt\/cantanhede-historia-arte-e-patrimonio\/wp-content\/uploads\/sites\/22\/2026\/03\/WhatsApp-Image-2026-03-28-at-07.18.02.jpeg 1600w\" sizes=\"auto, (max-width: 1024px) 100vw, 1024px\" \/><\/figure>\n<\/figure>\n\n\n\n<h2 class=\"wp-block-heading\"><strong>An\u00e7a &amp; Cantanhede, 1 de mar\u00e7o de 2025<\/strong><\/h2>\n\n\n\n<figure class=\"wp-block-embed is-type-video is-provider-youtube wp-block-embed-youtube wp-embed-aspect-16-9 wp-has-aspect-ratio\"><div class=\"wp-block-embed__wrapper\">\n<iframe loading=\"lazy\" title=\"III Encontro Cantanhede \u2013 Hist\u00f3ria, Arte e Patrim\u00f3nio\" width=\"500\" height=\"281\" src=\"https:\/\/www.youtube.com\/embed\/A8H2ffxN468?feature=oembed\" frameborder=\"0\" allow=\"accelerometer; autoplay; clipboard-write; encrypted-media; gyroscope; picture-in-picture; web-share\" referrerpolicy=\"strict-origin-when-cross-origin\" allowfullscreen><\/iframe>\n<\/div><\/figure>\n\n\n\n<figure class=\"wp-block-gallery has-nested-images columns-default is-cropped wp-block-gallery-3 is-layout-flex wp-block-gallery-is-layout-flex\">\n<figure class=\"wp-block-image size-large\"><img loading=\"lazy\" decoding=\"async\" width=\"576\" height=\"1024\" data-id=\"1686\" src=\"https:\/\/sites.uab.pt\/cantanhede-historia-arte-e-patrimonio\/wp-content\/uploads\/sites\/22\/2026\/03\/WhatsApp-Image-2026-03-28-at-06.58.39-576x1024.jpeg\" alt=\"\" class=\"wp-image-1686\" srcset=\"https:\/\/sites.uab.pt\/cantanhede-historia-arte-e-patrimonio\/wp-content\/uploads\/sites\/22\/2026\/03\/WhatsApp-Image-2026-03-28-at-06.58.39-576x1024.jpeg 576w, https:\/\/sites.uab.pt\/cantanhede-historia-arte-e-patrimonio\/wp-content\/uploads\/sites\/22\/2026\/03\/WhatsApp-Image-2026-03-28-at-06.58.39-169x300.jpeg 169w, https:\/\/sites.uab.pt\/cantanhede-historia-arte-e-patrimonio\/wp-content\/uploads\/sites\/22\/2026\/03\/WhatsApp-Image-2026-03-28-at-06.58.39-768x1365.jpeg 768w, https:\/\/sites.uab.pt\/cantanhede-historia-arte-e-patrimonio\/wp-content\/uploads\/sites\/22\/2026\/03\/WhatsApp-Image-2026-03-28-at-06.58.39-864x1536.jpeg 864w, https:\/\/sites.uab.pt\/cantanhede-historia-arte-e-patrimonio\/wp-content\/uploads\/sites\/22\/2026\/03\/WhatsApp-Image-2026-03-28-at-06.58.39.jpeg 900w\" sizes=\"auto, (max-width: 576px) 100vw, 576px\" \/><\/figure>\n\n\n\n<figure class=\"wp-block-image size-large\"><img loading=\"lazy\" decoding=\"async\" width=\"461\" height=\"1024\" data-id=\"1684\" src=\"https:\/\/sites.uab.pt\/cantanhede-historia-arte-e-patrimonio\/wp-content\/uploads\/sites\/22\/2026\/03\/WhatsApp-Image-2026-03-28-at-07.17.24-461x1024.jpeg\" alt=\"\" class=\"wp-image-1684\" srcset=\"https:\/\/sites.uab.pt\/cantanhede-historia-arte-e-patrimonio\/wp-content\/uploads\/sites\/22\/2026\/03\/WhatsApp-Image-2026-03-28-at-07.17.24-461x1024.jpeg 461w, https:\/\/sites.uab.pt\/cantanhede-historia-arte-e-patrimonio\/wp-content\/uploads\/sites\/22\/2026\/03\/WhatsApp-Image-2026-03-28-at-07.17.24-135x300.jpeg 135w, https:\/\/sites.uab.pt\/cantanhede-historia-arte-e-patrimonio\/wp-content\/uploads\/sites\/22\/2026\/03\/WhatsApp-Image-2026-03-28-at-07.17.24-691x1536.jpeg 691w, https:\/\/sites.uab.pt\/cantanhede-historia-arte-e-patrimonio\/wp-content\/uploads\/sites\/22\/2026\/03\/WhatsApp-Image-2026-03-28-at-07.17.24.jpeg 720w\" sizes=\"auto, (max-width: 461px) 100vw, 461px\" \/><\/figure>\n\n\n\n<figure class=\"wp-block-image size-large\"><img loading=\"lazy\" decoding=\"async\" width=\"576\" height=\"1024\" data-id=\"1683\" src=\"https:\/\/sites.uab.pt\/cantanhede-historia-arte-e-patrimonio\/wp-content\/uploads\/sites\/22\/2026\/03\/WhatsApp-Image-2026-03-28-at-06.59.06-576x1024.jpeg\" alt=\"\" class=\"wp-image-1683\" srcset=\"https:\/\/sites.uab.pt\/cantanhede-historia-arte-e-patrimonio\/wp-content\/uploads\/sites\/22\/2026\/03\/WhatsApp-Image-2026-03-28-at-06.59.06-576x1024.jpeg 576w, https:\/\/sites.uab.pt\/cantanhede-historia-arte-e-patrimonio\/wp-content\/uploads\/sites\/22\/2026\/03\/WhatsApp-Image-2026-03-28-at-06.59.06-169x300.jpeg 169w, https:\/\/sites.uab.pt\/cantanhede-historia-arte-e-patrimonio\/wp-content\/uploads\/sites\/22\/2026\/03\/WhatsApp-Image-2026-03-28-at-06.59.06-768x1365.jpeg 768w, https:\/\/sites.uab.pt\/cantanhede-historia-arte-e-patrimonio\/wp-content\/uploads\/sites\/22\/2026\/03\/WhatsApp-Image-2026-03-28-at-06.59.06-864x1536.jpeg 864w, https:\/\/sites.uab.pt\/cantanhede-historia-arte-e-patrimonio\/wp-content\/uploads\/sites\/22\/2026\/03\/WhatsApp-Image-2026-03-28-at-06.59.06.jpeg 900w\" sizes=\"auto, (max-width: 576px) 100vw, 576px\" \/><\/figure>\n\n\n\n<figure class=\"wp-block-image size-large\"><img loading=\"lazy\" decoding=\"async\" width=\"576\" height=\"1024\" data-id=\"1685\" src=\"https:\/\/sites.uab.pt\/cantanhede-historia-arte-e-patrimonio\/wp-content\/uploads\/sites\/22\/2026\/03\/WhatsApp-Image-2026-03-28-at-06.58.56-576x1024.jpeg\" alt=\"\" class=\"wp-image-1685\" srcset=\"https:\/\/sites.uab.pt\/cantanhede-historia-arte-e-patrimonio\/wp-content\/uploads\/sites\/22\/2026\/03\/WhatsApp-Image-2026-03-28-at-06.58.56-576x1024.jpeg 576w, https:\/\/sites.uab.pt\/cantanhede-historia-arte-e-patrimonio\/wp-content\/uploads\/sites\/22\/2026\/03\/WhatsApp-Image-2026-03-28-at-06.58.56-169x300.jpeg 169w, https:\/\/sites.uab.pt\/cantanhede-historia-arte-e-patrimonio\/wp-content\/uploads\/sites\/22\/2026\/03\/WhatsApp-Image-2026-03-28-at-06.58.56-768x1365.jpeg 768w, https:\/\/sites.uab.pt\/cantanhede-historia-arte-e-patrimonio\/wp-content\/uploads\/sites\/22\/2026\/03\/WhatsApp-Image-2026-03-28-at-06.58.56-864x1536.jpeg 864w, https:\/\/sites.uab.pt\/cantanhede-historia-arte-e-patrimonio\/wp-content\/uploads\/sites\/22\/2026\/03\/WhatsApp-Image-2026-03-28-at-06.58.56.jpeg 900w\" sizes=\"auto, (max-width: 576px) 100vw, 576px\" \/><\/figure>\n\n\n\n<figure class=\"wp-block-image size-large\"><img loading=\"lazy\" decoding=\"async\" width=\"576\" height=\"1024\" data-id=\"1682\" src=\"https:\/\/sites.uab.pt\/cantanhede-historia-arte-e-patrimonio\/wp-content\/uploads\/sites\/22\/2026\/03\/WhatsApp-Image-2026-03-28-at-06.59.27-576x1024.jpeg\" alt=\"\" class=\"wp-image-1682\" srcset=\"https:\/\/sites.uab.pt\/cantanhede-historia-arte-e-patrimonio\/wp-content\/uploads\/sites\/22\/2026\/03\/WhatsApp-Image-2026-03-28-at-06.59.27-576x1024.jpeg 576w, https:\/\/sites.uab.pt\/cantanhede-historia-arte-e-patrimonio\/wp-content\/uploads\/sites\/22\/2026\/03\/WhatsApp-Image-2026-03-28-at-06.59.27-169x300.jpeg 169w, https:\/\/sites.uab.pt\/cantanhede-historia-arte-e-patrimonio\/wp-content\/uploads\/sites\/22\/2026\/03\/WhatsApp-Image-2026-03-28-at-06.59.27-768x1365.jpeg 768w, https:\/\/sites.uab.pt\/cantanhede-historia-arte-e-patrimonio\/wp-content\/uploads\/sites\/22\/2026\/03\/WhatsApp-Image-2026-03-28-at-06.59.27-864x1536.jpeg 864w, https:\/\/sites.uab.pt\/cantanhede-historia-arte-e-patrimonio\/wp-content\/uploads\/sites\/22\/2026\/03\/WhatsApp-Image-2026-03-28-at-06.59.27.jpeg 900w\" sizes=\"auto, (max-width: 576px) 100vw, 576px\" \/><\/figure>\n<\/figure>\n\n\n\n<h2 class=\"wp-block-heading\"><strong>Lisboa, 12 de mar\u00e7o de 2025<\/strong><\/h2>\n\n\n\n<figure class=\"wp-block-gallery has-nested-images columns-default is-cropped wp-block-gallery-4 is-layout-flex wp-block-gallery-is-layout-flex\">\n<figure class=\"wp-block-image size-large\"><img loading=\"lazy\" decoding=\"async\" width=\"1024\" height=\"771\" data-id=\"1687\" src=\"https:\/\/sites.uab.pt\/cantanhede-historia-arte-e-patrimonio\/wp-content\/uploads\/sites\/22\/2026\/03\/WhatsApp-Image-2026-03-28-at-07.18.30-1024x771.jpeg\" alt=\"\" class=\"wp-image-1687\" srcset=\"https:\/\/sites.uab.pt\/cantanhede-historia-arte-e-patrimonio\/wp-content\/uploads\/sites\/22\/2026\/03\/WhatsApp-Image-2026-03-28-at-07.18.30-1024x771.jpeg 1024w, https:\/\/sites.uab.pt\/cantanhede-historia-arte-e-patrimonio\/wp-content\/uploads\/sites\/22\/2026\/03\/WhatsApp-Image-2026-03-28-at-07.18.30-300x226.jpeg 300w, https:\/\/sites.uab.pt\/cantanhede-historia-arte-e-patrimonio\/wp-content\/uploads\/sites\/22\/2026\/03\/WhatsApp-Image-2026-03-28-at-07.18.30-768x578.jpeg 768w, https:\/\/sites.uab.pt\/cantanhede-historia-arte-e-patrimonio\/wp-content\/uploads\/sites\/22\/2026\/03\/WhatsApp-Image-2026-03-28-at-07.18.30-1536x1156.jpeg 1536w, https:\/\/sites.uab.pt\/cantanhede-historia-arte-e-patrimonio\/wp-content\/uploads\/sites\/22\/2026\/03\/WhatsApp-Image-2026-03-28-at-07.18.30.jpeg 1600w\" sizes=\"auto, (max-width: 1024px) 100vw, 1024px\" \/><\/figure>\n\n\n\n<figure class=\"wp-block-image size-large\"><img loading=\"lazy\" decoding=\"async\" width=\"1024\" height=\"576\" data-id=\"1688\" src=\"https:\/\/sites.uab.pt\/cantanhede-historia-arte-e-patrimonio\/wp-content\/uploads\/sites\/22\/2026\/03\/CHAP-III-2-1024x576.jpg\" alt=\"\" class=\"wp-image-1688\" srcset=\"https:\/\/sites.uab.pt\/cantanhede-historia-arte-e-patrimonio\/wp-content\/uploads\/sites\/22\/2026\/03\/CHAP-III-2-1024x576.jpg 1024w, https:\/\/sites.uab.pt\/cantanhede-historia-arte-e-patrimonio\/wp-content\/uploads\/sites\/22\/2026\/03\/CHAP-III-2-300x169.jpg 300w, https:\/\/sites.uab.pt\/cantanhede-historia-arte-e-patrimonio\/wp-content\/uploads\/sites\/22\/2026\/03\/CHAP-III-2-768x432.jpg 768w, https:\/\/sites.uab.pt\/cantanhede-historia-arte-e-patrimonio\/wp-content\/uploads\/sites\/22\/2026\/03\/CHAP-III-2-1536x864.jpg 1536w, https:\/\/sites.uab.pt\/cantanhede-historia-arte-e-patrimonio\/wp-content\/uploads\/sites\/22\/2026\/03\/CHAP-III-2.jpg 2048w\" sizes=\"auto, (max-width: 1024px) 100vw, 1024px\" \/><\/figure>\n<\/figure>\n\n\n\n<figure class=\"wp-block-gallery has-nested-images columns-default is-cropped wp-block-gallery-5 is-layout-flex wp-block-gallery-is-layout-flex\">\n<figure class=\"wp-block-image size-large\"><img loading=\"lazy\" decoding=\"async\" width=\"576\" height=\"1024\" data-id=\"1690\" src=\"https:\/\/sites.uab.pt\/cantanhede-historia-arte-e-patrimonio\/wp-content\/uploads\/sites\/22\/2026\/03\/CHAP-III--576x1024.jpg\" alt=\"\" class=\"wp-image-1690\" srcset=\"https:\/\/sites.uab.pt\/cantanhede-historia-arte-e-patrimonio\/wp-content\/uploads\/sites\/22\/2026\/03\/CHAP-III--576x1024.jpg 576w, https:\/\/sites.uab.pt\/cantanhede-historia-arte-e-patrimonio\/wp-content\/uploads\/sites\/22\/2026\/03\/CHAP-III--169x300.jpg 169w, https:\/\/sites.uab.pt\/cantanhede-historia-arte-e-patrimonio\/wp-content\/uploads\/sites\/22\/2026\/03\/CHAP-III--768x1365.jpg 768w, https:\/\/sites.uab.pt\/cantanhede-historia-arte-e-patrimonio\/wp-content\/uploads\/sites\/22\/2026\/03\/CHAP-III--864x1536.jpg 864w, https:\/\/sites.uab.pt\/cantanhede-historia-arte-e-patrimonio\/wp-content\/uploads\/sites\/22\/2026\/03\/CHAP-III-.jpg 1152w\" sizes=\"auto, (max-width: 576px) 100vw, 576px\" \/><\/figure>\n\n\n\n<figure class=\"wp-block-image size-large\"><img loading=\"lazy\" decoding=\"async\" width=\"576\" height=\"1024\" data-id=\"1689\" src=\"https:\/\/sites.uab.pt\/cantanhede-historia-arte-e-patrimonio\/wp-content\/uploads\/sites\/22\/2026\/03\/CHAP-III-576x1024.jpg\" alt=\"\" class=\"wp-image-1689\" srcset=\"https:\/\/sites.uab.pt\/cantanhede-historia-arte-e-patrimonio\/wp-content\/uploads\/sites\/22\/2026\/03\/CHAP-III-576x1024.jpg 576w, https:\/\/sites.uab.pt\/cantanhede-historia-arte-e-patrimonio\/wp-content\/uploads\/sites\/22\/2026\/03\/CHAP-III-169x300.jpg 169w, https:\/\/sites.uab.pt\/cantanhede-historia-arte-e-patrimonio\/wp-content\/uploads\/sites\/22\/2026\/03\/CHAP-III-768x1365.jpg 768w, https:\/\/sites.uab.pt\/cantanhede-historia-arte-e-patrimonio\/wp-content\/uploads\/sites\/22\/2026\/03\/CHAP-III-864x1536.jpg 864w, https:\/\/sites.uab.pt\/cantanhede-historia-arte-e-patrimonio\/wp-content\/uploads\/sites\/22\/2026\/03\/CHAP-III.jpg 1152w\" sizes=\"auto, (max-width: 576px) 100vw, 576px\" \/><\/figure>\n<\/figure>\n\n\n\n<p><\/p>\n","protected":false},"excerpt":{"rendered":"Cantanhede, 28 de fevereiro de 2025 An\u00e7a &amp; Cantanhede, 1 de mar\u00e7o de 2025 Lisboa, 12 de mar\u00e7o de 2025","protected":false},"author":9,"featured_media":0,"parent":0,"menu_order":0,"comment_status":"closed","ping_status":"closed","template":"","meta":{"footnotes":""},"class_list":["post-1668","page","type-page","status-publish","hentry"],"_links":{"self":[{"href":"https:\/\/sites.uab.pt\/cantanhede-historia-arte-e-patrimonio\/wp-json\/wp\/v2\/pages\/1668","targetHints":{"allow":["GET"]}}],"collection":[{"href":"https:\/\/sites.uab.pt\/cantanhede-historia-arte-e-patrimonio\/wp-json\/wp\/v2\/pages"}],"about":[{"href":"https:\/\/sites.uab.pt\/cantanhede-historia-arte-e-patrimonio\/wp-json\/wp\/v2\/types\/page"}],"author":[{"embeddable":true,"href":"https:\/\/sites.uab.pt\/cantanhede-historia-arte-e-patrimonio\/wp-json\/wp\/v2\/users\/9"}],"replies":[{"embeddable":true,"href":"https:\/\/sites.uab.pt\/cantanhede-historia-arte-e-patrimonio\/wp-json\/wp\/v2\/comments?post=1668"}],"version-history":[{"count":2,"href":"https:\/\/sites.uab.pt\/cantanhede-historia-arte-e-patrimonio\/wp-json\/wp\/v2\/pages\/1668\/revisions"}],"predecessor-version":[{"id":1693,"href":"https:\/\/sites.uab.pt\/cantanhede-historia-arte-e-patrimonio\/wp-json\/wp\/v2\/pages\/1668\/revisions\/1693"}],"wp:attachment":[{"href":"https:\/\/sites.uab.pt\/cantanhede-historia-arte-e-patrimonio\/wp-json\/wp\/v2\/media?parent=1668"}],"curies":[{"name":"wp","href":"https:\/\/api.w.org\/{rel}","templated":true}]}}