{"id":137,"date":"2025-09-22T15:54:03","date_gmt":"2025-09-22T15:54:03","guid":{"rendered":"https:\/\/sites.uab.pt\/ccel2025\/?page_id=137"},"modified":"2025-12-04T11:24:54","modified_gmt":"2025-12-04T11:24:54","slug":"inicio","status":"publish","type":"page","link":"https:\/\/sites.uab.pt\/ccel\/","title":{"rendered":"In\u00edcio"},"content":{"rendered":"\n<p>Promovido pela Universidade Aberta, o Ciclo de Confer\u00eancias sobre o Ensino da Literatura prop\u00f5e-se a criar um espa\u00e7o de reflex\u00e3o e partilha em torno das pr\u00e1ticas pedag\u00f3gicas e da experi\u00eancia de docentes e investigadores, contribuindo para a atualiza\u00e7\u00e3o cient\u00edfica e o debate cr\u00edtico sobre o ensino da literatura em diferentes n\u00edveis de escolaridade. Num contexto marcado por novos desafios pedag\u00f3gicos e curriculares, importa articular referenciais te\u00f3ricos e pr\u00e1ticas docentes que valorizem o papel da literatura na forma\u00e7\u00e3o de leitores, na preserva\u00e7\u00e3o do patrim\u00f3nio cultural e no desenvolvimento da sensibilidade est\u00e9tica.<\/p>\n\n\n\n<p>Ao longo do ano acad\u00e9mico 2025\/2026, o ciclo promove doze confer\u00eancias proferidas por especialistas de distintas \u00e1reas e institui\u00e7\u00f5es. As sess\u00f5es decorrem em <strong>formato h\u00edbrido<\/strong>, com presen\u00e7a na Delega\u00e7\u00e3o Regional de Coimbra da Universidade Aberta e transmiss\u00e3o online, sempre \u00e0s quartas-feiras, das 17h \u00e0s 18h. A <a href=\"https:\/\/docs.google.com\/forms\/d\/e\/1FAIpQLSe3BSp3jIgs21dvWab5JZ5pivFS931ezqvO1mdGyrHUnRfE-Q\/viewform\" data-type=\"link\" data-id=\"https:\/\/sites.uab.pt\/ccel\/inscricoes\/\" target=\"_blank\" rel=\"noreferrer noopener\">inscri\u00e7\u00e3o<\/a> \u00e9 gratuita mas obrigat\u00f3ria, tanto para participa\u00e7\u00e3o presencial como online.<\/p>\n\n\n\n<p>O ciclo dirige-se n\u00e3o apenas aos estudantes da Universidade Aberta, mas acolhe igualmente todos os interessados em refletir sobre a educa\u00e7\u00e3o liter\u00e1ria e as estrat\u00e9gias de ensino da literatura.<\/p>\n\n\n\n<p>Com o objetivo de contribuir tamb\u00e9m para a forma\u00e7\u00e3o cont\u00ednua de Educadores de Inf\u00e2ncia e Professores dos Ensinos B\u00e1sico e Secund\u00e1rio, as confer\u00eancias foram acreditadas como A\u00e7\u00f5es de Curta Dura\u00e7\u00e3o (ACD). Cada ACD integra quatro confer\u00eancias e requer uma inscri\u00e7\u00e3o complementar no <a href=\"https:\/\/cfagora.webeduca.pt\/\" target=\"_blank\" rel=\"noreferrer noopener\">site<\/a> do Centro de Forma\u00e7\u00f5es Nova \u00c1gora, dentro dos prazos definidos nessa plataforma.<\/p>\n\n\n\n<p>O ciclo \u00e9 uma iniciativa do Departamento de Humanidades (DH) da Universidade Aberta e do Polo do Instituto de Estudos de Literatura e Tradi\u00e7\u00e3o (IELT) estabelecido naquela Universidade, e conta com o apoio do Departamento de Educa\u00e7\u00e3o e Ensino a Dist\u00e2ncia (DEED\/UAb), do Laborat\u00f3rio de Educa\u00e7\u00e3o a Dist\u00e2ncia e eLearning (LE@D\/UAb), do Centro de Forma\u00e7\u00e3o de Associa\u00e7\u00e3o de Escolas Nova \u00c1gora e do Centro de Literatura Portuguesa da Universidade de Coimbra.<\/p>\n","protected":false},"excerpt":{"rendered":"Promovido pela Universidade Aberta, o Ciclo de Confer\u00eancias sobre o Ensino da Literatura prop\u00f5e-se a criar um espa\u00e7o de reflex\u00e3o e partilha em torno das pr\u00e1ticas pedag\u00f3gicas e da experi\u00eancia de docentes e investigadores, contribuindo para a atualiza\u00e7\u00e3o cient\u00edfica e o debate cr\u00edtico sobre o ensino da literatura em diferentes n\u00edveis de escolaridade. Num contexto [&hellip;]","protected":false},"author":98,"featured_media":0,"parent":0,"menu_order":0,"comment_status":"closed","ping_status":"closed","template":"","meta":{"footnotes":""},"class_list":["post-137","page","type-page","status-publish","hentry"],"_links":{"self":[{"href":"https:\/\/sites.uab.pt\/ccel\/wp-json\/wp\/v2\/pages\/137","targetHints":{"allow":["GET"]}}],"collection":[{"href":"https:\/\/sites.uab.pt\/ccel\/wp-json\/wp\/v2\/pages"}],"about":[{"href":"https:\/\/sites.uab.pt\/ccel\/wp-json\/wp\/v2\/types\/page"}],"author":[{"embeddable":true,"href":"https:\/\/sites.uab.pt\/ccel\/wp-json\/wp\/v2\/users\/98"}],"replies":[{"embeddable":true,"href":"https:\/\/sites.uab.pt\/ccel\/wp-json\/wp\/v2\/comments?post=137"}],"version-history":[{"count":15,"href":"https:\/\/sites.uab.pt\/ccel\/wp-json\/wp\/v2\/pages\/137\/revisions"}],"predecessor-version":[{"id":340,"href":"https:\/\/sites.uab.pt\/ccel\/wp-json\/wp\/v2\/pages\/137\/revisions\/340"}],"wp:attachment":[{"href":"https:\/\/sites.uab.pt\/ccel\/wp-json\/wp\/v2\/media?parent=137"}],"curies":[{"name":"wp","href":"https:\/\/api.w.org\/{rel}","templated":true}]}}