{"id":142,"date":"2025-09-22T16:04:10","date_gmt":"2025-09-22T16:04:10","guid":{"rendered":"https:\/\/sites.uab.pt\/ccel2025\/?page_id=142"},"modified":"2026-02-20T07:38:13","modified_gmt":"2026-02-20T07:38:13","slug":"programa","status":"publish","type":"page","link":"https:\/\/sites.uab.pt\/ccel\/programa\/","title":{"rendered":"Programa"},"content":{"rendered":"\n<p class=\"has-background\" style=\"background-color:#fff6f0\"><strong>2025<\/strong><\/p>\n\n\n\n<p><strong>1\u00ba de outubro de 2025 | 17h<\/strong><\/p>\n\n\n\n<p><em>Tema:<\/em>&nbsp;Do ensino da Literatura Espanhola ao ensino das Literaturas Ib\u00e9ricas Comparadas<\/p>\n\n\n\n<p><em>Conferencista: <\/em> <strong><a href=\"https:\/\/sites.uab.pt\/ccel\/conhecer\/antonio-saez-delgado\/\" data-type=\"link\" data-id=\"https:\/\/sites.uab.pt\/ccel2025\/conhecer\/antonio-saez-delgado\/\" target=\"_blank\" rel=\"noreferrer noopener\">Antonio S\u00e1ez Delgado<\/a><\/strong> (Universidade de \u00c9vora)<\/p>\n\n\n\n<p><em>Modera\u00e7\u00e3o<\/em>: Ant\u00f3nio Chenoll (Universidade Aberta)<\/p>\n\n\n\n<p>____________________________________________________<\/p>\n\n\n\n<p><strong>15 de outubro de 2025 | 17h<\/strong><\/p>\n\n\n\n<p><em>Tema:<\/em>&nbsp;O ensino da Literatura Portuguesa: E\u00e7a de Queir\u00f3s em di\u00e1logos interart\u00edsticos<\/p>\n\n\n\n<p><em>Conferencista:<\/em>&nbsp;<strong><a href=\"https:\/\/sites.uab.pt\/ccel\/conhecer\/carlos-reis\/\" data-type=\"link\" data-id=\"https:\/\/sites.uab.pt\/ccel2025\/conhecer\/carlos-reis\/\" target=\"_blank\" rel=\"noreferrer noopener\">Carlos Reis<\/a><\/strong> (Universidade de Coimbra)<\/p>\n\n\n\n<p><em><em>Modera\u00e7\u00e3o<\/em><\/em>: Sara Gr\u00fcnhagen (Universidade Aberta)<\/p>\n\n\n\n<p>____________________________________________________<\/p>\n\n\n\n<p><strong>5 de novembro de 2025 | 17h<\/strong><\/p>\n\n\n\n<p><em>Tema:<\/em>&nbsp;O papel do ensino da poesia na forma\u00e7\u00e3o humana e escolar<\/p>\n\n\n\n<p><em>Conferencista:<\/em>&nbsp;<strong><a href=\"https:\/\/sites.uab.pt\/ccel\/conhecer\/raquel-brandao-do-serro\/\" data-type=\"link\" data-id=\"https:\/\/sites.uab.pt\/ccel2025\/conhecer\/raquel-brandao-do-serro\/\" target=\"_blank\" rel=\"noreferrer noopener\">Raquel Brand\u00e3o do S\u00earro<\/a><\/strong> (Instituto Polit\u00e9cnico de Coimbra)<\/p>\n\n\n\n<p><em><em>Modera\u00e7\u00e3o<\/em><\/em>: Filipe Alves Moreira (Universidade Aberta)<\/p>\n\n\n\n<p>____________________________________________________<\/p>\n\n\n\n<p><strong>3 de dezembro de 2025 | 17h<\/strong><\/p>\n\n\n\n<p><em>Tema:<\/em>&nbsp;O ensino da Literatura Americana<\/p>\n\n\n\n<p><em>Conferencista: <\/em> <strong><a href=\"https:\/\/sites.uab.pt\/ccel\/conhecer\/goncalo-cholant\/\" data-type=\"link\" data-id=\"https:\/\/sites.uab.pt\/ccel2025\/conhecer\/goncalo-cholant\/\" target=\"_blank\" rel=\"noreferrer noopener\">Gon\u00e7alo Cholant<\/a><\/strong> (Universidade de Coimbra)<\/p>\n\n\n\n<p><em><em>Modera\u00e7\u00e3o<\/em><\/em>: Jos\u00e9lia Neves (Universidade Aberta)<\/p>\n\n\n\n<p>____________________________________________________<\/p>\n\n\n\n<p class=\"has-background\" style=\"background-color:#fff6f0\">2026<\/p>\n\n\n\n<p><strong>21 de janeiro de 2026 | 17h<\/strong><\/p>\n\n\n\n<p><em>Tema:<\/em>&nbsp;O ensino da Literatura Portuguesa: Fernando Pessoa<\/p>\n\n\n\n<p><em>Conferencista:<\/em> <strong><a href=\"https:\/\/sites.uab.pt\/ccel\/conhecer\/dionisio-vila-maior\/\" data-type=\"link\" data-id=\"https:\/\/sites.uab.pt\/ccel2025\/conhecer\/dionisio-vila-maior\/\" target=\"_blank\" rel=\"noreferrer noopener\">Dion\u00edsio Vila Maior<\/a><\/strong> (Universidade Aberta)<\/p>\n\n\n\n<p><em><em>Modera\u00e7\u00e3o<\/em><\/em>: Maria do Ros\u00e1rio Lupi Bello (Universidade Aberta)<\/p>\n\n\n\n<p>____________________________________________________<\/p>\n\n\n\n<p><strong>11 de fevereiro de 2026 | 17h<\/strong><\/p>\n\n\n\n<p><em>Tema:<\/em>&nbsp;O ensino da Literatura Portuguesa: <em>Frei Lu\u00eds de Sousa<\/em>, de Almeida Garrett<\/p>\n\n\n\n<p><em>Conferencistas:<\/em>&nbsp;<strong><a href=\"https:\/\/sites.uab.pt\/ccel\/conhecer\/maria-helena-santana\/\" data-type=\"link\" data-id=\"https:\/\/sites.uab.pt\/ccel2025\/conhecer\/maria-helena-santana\/\" target=\"_blank\" rel=\"noreferrer noopener\">Maria Helena Santana<\/a><\/strong> e <strong><a href=\"https:\/\/sites.uab.pt\/ccel\/conhecer\/marta-teixeira-anacleto\/\" data-type=\"link\" data-id=\"https:\/\/sites.uab.pt\/ccel2025\/conhecer\/marta-teixeira-anacleto\/\" target=\"_blank\" rel=\"noreferrer noopener\">Marta Teixeira Anacleto<\/a><\/strong> (Universidade de Coimbra)<\/p>\n\n\n\n<p><em><em>Modera\u00e7\u00e3o<\/em><\/em>: Isabel Barros Dias (Universidade Aberta)<\/p>\n\n\n\n<p>____________________________________________________<\/p>\n\n\n\n<p><strong>4 de mar\u00e7o de 2026 | 17h <\/strong>\u2013&nbsp;<em>sess\u00e3o 100% online<\/em><\/p>\n\n\n\n<p><em>Tema:<\/em>&nbsp;O ensino da Literatura Portuguesa em It\u00e1lia<\/p>\n\n\n\n<p><em>Conferencista:<\/em>&nbsp;<strong><a href=\"https:\/\/sites.uab.pt\/ccel\/conhecer\/barbara-gori\/\" data-type=\"link\" data-id=\"https:\/\/sites.uab.pt\/ccel2025\/conhecer\/barbara-gori\/\" target=\"_blank\" rel=\"noreferrer noopener\">Barbara Gori<\/a><\/strong> (Universit\u00e0 di Padova)<\/p>\n\n\n\n<p><em><em>Modera\u00e7\u00e3o<\/em><\/em>: Dion\u00edsio Vila Maior (Universidade Aberta)<\/p>\n\n\n\n<p>____________________________________________________<\/p>\n\n\n\n<p><strong>25 de mar\u00e7o de 2026 | 17h <\/strong>\u2013&nbsp;<em>sess\u00e3o 100% online<\/em><\/p>\n\n\n\n<p><em>Tema:<\/em>\u00a0Jos\u00e9 Saramago em Fran\u00e7a: desafios do ensino da Literatura Portuguesa em contexto n\u00e3o lus\u00f3fono<\/p>\n\n\n\n<p><em>Conferencista:<\/em>&nbsp;<strong><a href=\"https:\/\/sites.uab.pt\/ccel\/conhecer\/silvia-amorim\/\" data-type=\"link\" data-id=\"https:\/\/sites.uab.pt\/ccel2025\/conhecer\/silvia-amorim\/\" target=\"_blank\" rel=\"noreferrer noopener\">S\u00edlvia Amorim<\/a><\/strong> (Universit\u00e9 Bordeaux Montaigne)<\/p>\n\n\n\n<p><em><em>Modera\u00e7\u00e3o<\/em><\/em>: Maria Manuela Costa da Silva (Universidade Aberta)<\/p>\n\n\n\n<p>____________________________________________________<\/p>\n\n\n\n<p><strong>15 de abril de 2026 | 17h<\/strong><\/p>\n\n\n\n<p><em>Tema:<\/em>&nbsp;Pedagogia palindr\u00f3mica: ler \u201cescrever\u201d, escrever \u201cler\u201d<\/p>\n\n\n\n<p><em>Conferencista: <\/em> <strong><a href=\"https:\/\/sites.uab.pt\/ccel\/conhecer\/manuel-portela\/\" data-type=\"link\" data-id=\"https:\/\/sites.uab.pt\/ccel2025\/conhecer\/manuel-portela\/\" target=\"_blank\" rel=\"noreferrer noopener\">Manuel Portela<\/a><\/strong> (Universidade de Coimbra)<\/p>\n\n\n\n<p><em><em>Modera\u00e7\u00e3o<\/em><\/em>: Jeffrey Childs (Universidade Aberta)<\/p>\n\n\n\n<p>____________________________________________________<\/p>\n\n\n\n<p><strong>6 de maio de 2026 | 17h <\/strong>\u2013&nbsp;<em>sess\u00e3o 100% online<\/em><\/p>\n\n\n\n<p><em>Tema:<\/em>&nbsp;O ensino da Literatura Portuguesa no Brasil<\/p>\n\n\n\n<p><em>Conferencista:<\/em> <strong><a href=\"https:\/\/sites.uab.pt\/ccel\/conhecer\/raquel-trentin\/\" data-type=\"link\" data-id=\"https:\/\/sites.uab.pt\/ccel2025\/conhecer\/raquel-trentin\/\" target=\"_blank\" rel=\"noreferrer noopener\">Raquel Trentin Oliveira<\/a><\/strong> (Universidade Federal de Santa Maria)<\/p>\n\n\n\n<p><em><em>Modera\u00e7\u00e3o<\/em><\/em>: Isabel Seara (Universidade Aberta)<\/p>\n\n\n\n<p>____________________________________________________<\/p>\n\n\n\n<p><strong>27 de maio de 2026 | 17h<\/strong><\/p>\n\n\n\n<p><em>Tema:<\/em>&nbsp;O ensino da Literatura Portuguesa: Jos\u00e9 Saramago<\/p>\n\n\n\n<p><em>Conferencista:<\/em>&nbsp;<strong><a href=\"https:\/\/sites.uab.pt\/ccel\/conhecer\/sara-grunhagen\/\" data-type=\"link\" data-id=\"https:\/\/sites.uab.pt\/ccel2025\/conhecer\/sara-grunhagen\/\" target=\"_blank\" rel=\"noreferrer noopener\">Sara Gr\u00fcnhagen<\/a><\/strong> (Universidade Aberta)<\/p>\n\n\n\n<p><em><em>Modera\u00e7\u00e3o<\/em><\/em>: Rosa Sequeira (Universidade Aberta)<\/p>\n\n\n\n<p>____________________________________________________<\/p>\n\n\n\n<p><strong>17 de junho de 2026 | 17h<\/strong><\/p>\n\n\n\n<p><em>Tema:<\/em>&nbsp;O ensino da Literatura Portuguesa Hipercontempor\u00e2nea<\/p>\n\n\n\n<p><em>Conferencist<\/em>a: <strong><a href=\"https:\/\/sites.uab.pt\/ccel\/conhecer\/ana-paula-arnaut\/\" data-type=\"link\" data-id=\"https:\/\/sites.uab.pt\/ccel2025\/conhecer\/ana-paula-arnaut\/\" target=\"_blank\" rel=\"noreferrer noopener\">Ana Paula Arnaut<\/a><\/strong> (Universidade de Coimbra)<\/p>\n\n\n\n<p><em><em>Modera\u00e7\u00e3o<\/em><\/em>: Sara Gr\u00fcnhagen (Universidade Aberta)<\/p>\n","protected":false},"excerpt":{"rendered":"2025 1\u00ba de outubro de 2025 | 17h Tema:&nbsp;Do ensino da Literatura Espanhola ao ensino das Literaturas Ib\u00e9ricas Comparadas Conferencista: Antonio S\u00e1ez Delgado (Universidade de \u00c9vora) Modera\u00e7\u00e3o: Ant\u00f3nio Chenoll (Universidade Aberta) ____________________________________________________ 15 de outubro de 2025 | 17h Tema:&nbsp;O ensino da Literatura Portuguesa: E\u00e7a de Queir\u00f3s em di\u00e1logos interart\u00edsticos Conferencista:&nbsp;Carlos Reis (Universidade de Coimbra) [&hellip;]","protected":false},"author":98,"featured_media":0,"parent":0,"menu_order":0,"comment_status":"closed","ping_status":"closed","template":"","meta":{"footnotes":""},"class_list":["post-142","page","type-page","status-publish","hentry"],"_links":{"self":[{"href":"https:\/\/sites.uab.pt\/ccel\/wp-json\/wp\/v2\/pages\/142","targetHints":{"allow":["GET"]}}],"collection":[{"href":"https:\/\/sites.uab.pt\/ccel\/wp-json\/wp\/v2\/pages"}],"about":[{"href":"https:\/\/sites.uab.pt\/ccel\/wp-json\/wp\/v2\/types\/page"}],"author":[{"embeddable":true,"href":"https:\/\/sites.uab.pt\/ccel\/wp-json\/wp\/v2\/users\/98"}],"replies":[{"embeddable":true,"href":"https:\/\/sites.uab.pt\/ccel\/wp-json\/wp\/v2\/comments?post=142"}],"version-history":[{"count":15,"href":"https:\/\/sites.uab.pt\/ccel\/wp-json\/wp\/v2\/pages\/142\/revisions"}],"predecessor-version":[{"id":345,"href":"https:\/\/sites.uab.pt\/ccel\/wp-json\/wp\/v2\/pages\/142\/revisions\/345"}],"wp:attachment":[{"href":"https:\/\/sites.uab.pt\/ccel\/wp-json\/wp\/v2\/media?parent=142"}],"curies":[{"name":"wp","href":"https:\/\/api.w.org\/{rel}","templated":true}]}}