{"id":148,"date":"2025-09-22T16:05:32","date_gmt":"2025-09-22T16:05:32","guid":{"rendered":"https:\/\/sites.uab.pt\/ccel2025\/?page_id=148"},"modified":"2026-04-10T11:55:40","modified_gmt":"2026-04-10T11:55:40","slug":"inscricoes","status":"publish","type":"page","link":"https:\/\/sites.uab.pt\/ccel\/inscricoes\/","title":{"rendered":"Inscri\u00e7\u00f5es"},"content":{"rendered":"\n<p><strong>Inscri\u00e7\u00e3o obrigat\u00f3ria<\/strong><\/p>\n\n\n\n<p>A participa\u00e7\u00e3o no ciclo,&nbsp;tanto para participa\u00e7\u00e3o presencial como online, \u00e9 gratuita, mas requer inscri\u00e7\u00e3o atrav\u00e9s <a href=\"https:\/\/docs.google.com\/forms\/d\/e\/1FAIpQLSe3BSp3jIgs21dvWab5JZ5pivFS931ezqvO1mdGyrHUnRfE-Q\/viewform\" target=\"_blank\" rel=\"noreferrer noopener\">deste formul\u00e1rio<\/a>.<\/p>\n\n\n\n<p>As inscri\u00e7\u00f5es permanecem abertas at\u00e9 48 horas antes de cada confer\u00eancia, sendo necess\u00e1ria apenas uma inscri\u00e7\u00e3o para todo o ciclo. A liga\u00e7\u00e3o de acesso ser\u00e1 enviada aos participantes inscritos antes de cada sess\u00e3o.<\/p>\n\n\n\n<p>A participa\u00e7\u00e3o presencial est\u00e1 sujeita \u00e0 capacidade da sala, sendo a admiss\u00e3o feita por ordem de chegada das inscri\u00e7\u00f5es e confirmada atempadamente.<\/p>\n\n\n\n<p><\/p>\n\n\n\n<p><strong>Inscri\u00e7\u00e3o complementar: A\u00e7\u00e3o de Curta Dura\u00e7\u00e3o<\/strong><\/p>\n\n\n\n<p>Para os efeitos previstos na legisla\u00e7\u00e3o em vigor, os Educadores de Inf\u00e2ncia e os Professores dos Ensinos B\u00e1sico e Secund\u00e1rio podem inscrever-se nas A\u00e7\u00f5es de Curta Dura\u00e7\u00e3o (ACD) associadas ao ciclo \u2014 Ciclo de Confer\u00eancias sobre o Ensino da Literatura 1, 2 e 3 \u2014 diretamente no <a href=\"https:\/\/cfagora.webeduca.pt\" target=\"_blank\" rel=\"noreferrer noopener\">site<\/a> do Centro de Forma\u00e7\u00e3o de Associa\u00e7\u00e3o de Escolas Nova \u00c1gora, entidade respons\u00e1vel pela sele\u00e7\u00e3o dos candidatos e pela emiss\u00e3o dos certificados aos participantes que cumprirem os requisitos exigidos.<\/p>\n","protected":false},"excerpt":{"rendered":"Inscri\u00e7\u00e3o obrigat\u00f3ria A participa\u00e7\u00e3o no ciclo,&nbsp;tanto para participa\u00e7\u00e3o presencial como online, \u00e9 gratuita, mas requer inscri\u00e7\u00e3o atrav\u00e9s deste formul\u00e1rio. As inscri\u00e7\u00f5es permanecem abertas at\u00e9 48 horas antes de cada confer\u00eancia, sendo necess\u00e1ria apenas uma inscri\u00e7\u00e3o para todo o ciclo. A liga\u00e7\u00e3o de acesso ser\u00e1 enviada aos participantes inscritos antes de cada sess\u00e3o. A participa\u00e7\u00e3o presencial [&hellip;]","protected":false},"author":98,"featured_media":0,"parent":0,"menu_order":0,"comment_status":"closed","ping_status":"closed","template":"","meta":{"footnotes":""},"class_list":["post-148","page","type-page","status-publish","hentry"],"_links":{"self":[{"href":"https:\/\/sites.uab.pt\/ccel\/wp-json\/wp\/v2\/pages\/148","targetHints":{"allow":["GET"]}}],"collection":[{"href":"https:\/\/sites.uab.pt\/ccel\/wp-json\/wp\/v2\/pages"}],"about":[{"href":"https:\/\/sites.uab.pt\/ccel\/wp-json\/wp\/v2\/types\/page"}],"author":[{"embeddable":true,"href":"https:\/\/sites.uab.pt\/ccel\/wp-json\/wp\/v2\/users\/98"}],"replies":[{"embeddable":true,"href":"https:\/\/sites.uab.pt\/ccel\/wp-json\/wp\/v2\/comments?post=148"}],"version-history":[{"count":11,"href":"https:\/\/sites.uab.pt\/ccel\/wp-json\/wp\/v2\/pages\/148\/revisions"}],"predecessor-version":[{"id":349,"href":"https:\/\/sites.uab.pt\/ccel\/wp-json\/wp\/v2\/pages\/148\/revisions\/349"}],"wp:attachment":[{"href":"https:\/\/sites.uab.pt\/ccel\/wp-json\/wp\/v2\/media?parent=148"}],"curies":[{"name":"wp","href":"https:\/\/api.w.org\/{rel}","templated":true}]}}