{"id":2154,"date":"2024-03-12T14:36:39","date_gmt":"2024-03-12T14:36:39","guid":{"rendered":"https:\/\/sites.uab.pt\/congresso-beira-coa\/?page_id=2154"},"modified":"2024-03-12T14:36:39","modified_gmt":"2024-03-12T14:36:39","slug":"memorandum-2013","status":"publish","type":"page","link":"https:\/\/sites.uab.pt\/congresso-beira-coa\/edicoes-anteriores\/edicao-2023\/memorandum-2013\/","title":{"rendered":"Memorandum 2013"},"content":{"rendered":"\n<h2 class=\"wp-block-heading\">Semin\u00e1rio Beira e C\u00f4a, Hist\u00f3ria, Arte e Patrim\u00f3nio<\/h2>\n\n\n\n<h3 class=\"wp-block-heading\">Historial<\/h3>\n\n\n\n<p>Em 15 de Abril de 2013 realizou-se o <strong>Semin\u00e1rio Beira C\u00f4a, Hist\u00f3ria, Arte e Patrim\u00f3nio<\/strong>, organizado pela Sociedade de Geografia de Lisboa e pelo Instituto Hist\u00f3rico da Beira C\u00f4a.<\/p>\n\n\n\n<p>O semin\u00e1rio, al\u00e9m da abertura pelo Presidente da Sociedade de Geografia de Lisboa e o Presidente da Academia das Ci\u00eancias de Lisboa, contou com as seguintes confer\u00eancias:<\/p>\n\n\n\n<div id=\"gbc-4218d7-90\" class=\"wp-block-c3-framew-gutenbergblocks-advancedcontainer gbc gbc-view row-valign-top align-none c3-framew-gutenbergblocks-advancedcontainer\" style=\"background-color:#eeeeee;margin-bottom:30px\"><div class=\"gbc-background-overlay gbc-background-overlay-normal\" style=\"opacity:0.3\"><\/div><div class=\"gbc-wrapper\" style=\"padding-left:30px;padding-right:30px;padding-top:30px;padding-bottom:30px\"><div id=\"gbc-container-gbc-4218d7-90\" class=\"inner-container container\">\n<div class=\"wp-block-group\"><div class=\"wp-block-group__inner-container is-layout-constrained wp-block-group-is-layout-constrained\">\n<p>ADRIANO VASCO RODRIGUES &#8211; <em>Riba C\u00f4a, ber\u00e7o da Ordem de S\u00e3o Juli\u00e3o do Pereiro.<\/em><\/p>\n\n\n\n<p>ANT\u00d3NIO VERMELHO DO CORRAL &#8211; <em>A Ocupa\u00e7\u00e3o do espa\u00e7o na regi\u00e3o ribacudana. Da desertifica\u00e7\u00e3o ao despovoamento. Que futuro?<\/em><\/p>\n\n\n\n<p>FERNANDO LARCHER &#8211; <em>S.Lu\u00eds, Pr\u00edncipe herdeiro de N\u00e1poles, frade menor, bispo de Tolosa e orago da Igreja e Mosteiro das Clarissas de Pinhel.<\/em><\/p>\n\n\n\n<p>MANUEL BRAGA DA CRUZ &#8211; <em>O Combate do C\u00f4a.<\/em><\/p>\n\n\n\n<p>MARIA HELENA CARVALHO DOS SANTOS \u2013 <em>Desenvolvimento e Emigra\u00e7\u00e3o.<\/em><\/p>\n\n\n\n<p>MARIO VARELA GOMES &#8211; <em>A Arte do Complexo C\u00f4a-Douro \u2013 Patrim\u00f3nio da Humanidade.<\/em><\/p>\n\n\n\n<p>PAULO LEIT\u00c3O BAPTISTA &#8211; <em>O Homem da Beira C\u00f4a.<\/em><\/p>\n<\/div><\/div>\n<\/div><\/div><\/div>\n\n\n\n<p><\/p>\n\n\n\n<p>Os textos do semin\u00e1rio encontram-se consult\u00e1veis no site do Instituto Hist\u00f3rico da Beira C\u00f4a | Observat\u00f3rio Cultural &#8211; <a href=\"https:\/\/ihbeiracoa.wordpress.com\/\">https:\/\/ihbeiracoa.wordpress.com\/<\/a><\/p>\n\n\n\n<p><\/p>\n","protected":false},"excerpt":{"rendered":"Semin\u00e1rio Beira e C\u00f4a, Hist\u00f3ria, Arte e Patrim\u00f3nio Historial Em 15 de Abril de 2013 realizou-se o Semin\u00e1rio Beira C\u00f4a, Hist\u00f3ria, Arte e Patrim\u00f3nio, organizado pela Sociedade de Geografia de Lisboa e pelo Instituto Hist\u00f3rico da Beira C\u00f4a. O semin\u00e1rio, al\u00e9m da abertura pelo Presidente da Sociedade de Geografia de Lisboa e o Presidente da [&hellip;]","protected":false},"author":1,"featured_media":0,"parent":2152,"menu_order":10,"comment_status":"closed","ping_status":"closed","template":"","meta":{"footnotes":""},"class_list":["post-2154","page","type-page","status-publish","hentry"],"_links":{"self":[{"href":"https:\/\/sites.uab.pt\/congresso-beira-coa\/wp-json\/wp\/v2\/pages\/2154","targetHints":{"allow":["GET"]}}],"collection":[{"href":"https:\/\/sites.uab.pt\/congresso-beira-coa\/wp-json\/wp\/v2\/pages"}],"about":[{"href":"https:\/\/sites.uab.pt\/congresso-beira-coa\/wp-json\/wp\/v2\/types\/page"}],"author":[{"embeddable":true,"href":"https:\/\/sites.uab.pt\/congresso-beira-coa\/wp-json\/wp\/v2\/users\/1"}],"replies":[{"embeddable":true,"href":"https:\/\/sites.uab.pt\/congresso-beira-coa\/wp-json\/wp\/v2\/comments?post=2154"}],"version-history":[{"count":1,"href":"https:\/\/sites.uab.pt\/congresso-beira-coa\/wp-json\/wp\/v2\/pages\/2154\/revisions"}],"predecessor-version":[{"id":2158,"href":"https:\/\/sites.uab.pt\/congresso-beira-coa\/wp-json\/wp\/v2\/pages\/2154\/revisions\/2158"}],"up":[{"embeddable":true,"href":"https:\/\/sites.uab.pt\/congresso-beira-coa\/wp-json\/wp\/v2\/pages\/2152"}],"wp:attachment":[{"href":"https:\/\/sites.uab.pt\/congresso-beira-coa\/wp-json\/wp\/v2\/media?parent=2154"}],"curies":[{"name":"wp","href":"https:\/\/api.w.org\/{rel}","templated":true}]}}