{"id":2156,"date":"2024-03-12T14:38:21","date_gmt":"2024-03-12T14:38:21","guid":{"rendered":"https:\/\/sites.uab.pt\/congresso-beira-coa\/?page_id=2156"},"modified":"2024-03-12T15:29:13","modified_gmt":"2024-03-12T15:29:13","slug":"programa-2023","status":"publish","type":"page","link":"https:\/\/sites.uab.pt\/congresso-beira-coa\/edicoes-anteriores\/edicao-2023\/programa-2023\/","title":{"rendered":"Programa 2023"},"content":{"rendered":"\n<div style=\"height:51px\" aria-hidden=\"true\" class=\"wp-block-spacer\"><\/div>\n\n\n\n<div class=\"wp-block-c3-framew-gutenbergblocks-timeline schedule\"><div class=\"gbt-timeline-title-wrapper\"><div class=\"gbt-timeline-title tt-title\"><strong>Dia 9 &#8211; SESS\u00c3O ONLINE<\/strong><br><\/div><\/div><ul class=\"gbt-timeline-content-wrapper\">\n<li><div class=\"gbt-timeline-event-title-wrapper\"><div class=\"gbt-timeline-event-title time-title\"><strong>Link da sess\u00e3o:<\/strong><\/div><\/div><div class=\"gbt-timeline-event-content-wrapper\">\n<p><a href=\"https:\/\/us06web.zoom.us\/j\/83459904226?pwd=V9YkRAdpYIHPAYL1Yy8IDPWpAZTltL.1\" target=\"_blank\" rel=\"noreferrer noopener\">https:\/\/us06web.zoom.us\/j\/83459904226?pwd=V9YkRAdpYIHPAYL1Yy8IDPWpAZTltL.1<\/a><\/p>\n\n\n\n<p>ID da reuni\u00e3o: 834 5990 4226 &#8211; Senha: 523448<\/p>\n<\/div><\/li>\n\n\n\n<li style=\"--timeline-color:#7bdcb5\"><div class=\"gbt-timeline-event-title-wrapper\"><div class=\"gbt-timeline-event-title time-title\"><strong>14h30 &#8211; Sess\u00e3o de abertura<\/strong><\/div><\/div><div class=\"gbt-timeline-event-content-wrapper\">\n<p>Prof. Doutores Lu\u00eds Aires-Barros, Presidente da SGL, Jos\u00e9 das Candeias Sales, Ant\u00f3nio Vermelho do Corral e Fernando Larcher<\/p>\n<\/div><\/li>\n\n\n\n<li style=\"--timeline-color:#fcb900\"><div class=\"gbt-timeline-event-title-wrapper\"><div class=\"gbt-timeline-event-title time-title\"><strong>14h45 &#8211; 1\u00ba F\u00f3rum<\/strong><\/div><\/div><div class=\"gbt-timeline-event-content-wrapper\">\n<p>Coordenador: Prof. Doutora M. Madalena Oudinot Larcher<\/p>\n\n\n\n<p>Prof. Doutor Augusto Moutinho Borges, <em>A Casa Nobre em Riba C\u00f4a. Constru\u00e7\u00f5es, tipologias e fam\u00edlias.<\/em><\/p>\n\n\n\n<p>Mestre Marcos Os\u00f3rio, <em>As sepulturas escavadas na rocha da \u00e9poca medieval no Alto C\u00f4a e Alto \u00c1gueda: dispers\u00e3o e contextualiza\u00e7\u00e3o geogr\u00e1fica.<\/em><\/p>\n\n\n\n<p>Prof. Doutor Carlos Pereira, <em>As Profecias de Bandarra na obra filos\u00f3fica de Fernando Pessoa.<\/em><\/p>\n\n\n\n<p>Mestre Manuela Oliveira, <em>O ensino a distancia em regi\u00f5es de baixa densidade e o contributo para ao desenvolvimento local. O caso da Beira C\u00f4a.<\/em><\/p>\n<\/div><\/li>\n<\/ul><\/div>\n\n\n\n<div style=\"height:51px\" aria-hidden=\"true\" class=\"wp-block-spacer\"><\/div>\n\n\n\n<div class=\"wp-block-c3-framew-gutenbergblocks-timeline schedule\"><div class=\"gbt-timeline-title-wrapper\"><div class=\"gbt-timeline-title tt-title\"><strong>Dia 10 &#8211; SESS\u00c3O H\u00cdBRIDA<\/strong><br><\/div><\/div><ul class=\"gbt-timeline-content-wrapper\">\n<li style=\"--timeline-color:#0693e3\"><div class=\"gbt-timeline-event-title-wrapper\"><div class=\"gbt-timeline-event-title time-title\"><strong>Link da sess\u00e3o:<\/strong><\/div><\/div><div class=\"gbt-timeline-event-content-wrapper\"><a class=\"wp-block-read-more\" href=\"https:\/\/sites.uab.pt\/congresso-beira-coa\/edicoes-anteriores\/edicao-2023\/programa-2023\/\" target=\"_self\">https:\/\/us06web.zoom.us\/j\/83459904226?pwd=V9YkRAdpYIHPAYL1Yy8IDPWpAZTltL.1<span class=\"screen-reader-text\">: Programa 2023<\/span><\/a>\n\n\n<p>ID da reuni\u00e3o:  834 5990 4226 &#8211; Senha: 523448<\/p>\n<\/div><\/li>\n\n\n\n<li style=\"--timeline-color:#cf2e2e\"><div class=\"gbt-timeline-event-title-wrapper\"><div class=\"gbt-timeline-event-title time-title\"><strong>10H00 &#8211; 2\u00ba F\u00f3rum, Audit\u00f3rio Adriano Moreira<\/strong><\/div><\/div><div class=\"gbt-timeline-event-content-wrapper\">\n<p>Coordenador: Dr. Manuel Neves<\/p>\n\n\n\n<p>Prof. Doutor Ant\u00f3nio Arnaut, <em>O complexo da Arte rupestre e a sua contribui\u00e7\u00e3o para o desenvolvimento da regi\u00e3o de Riba-C\u00f4a.<\/em><\/p>\n\n\n\n<p>Prof. Doutor Ant\u00f3nio Vermelho do Corral, <em>O Culto Mariano no Concelho de Figueira de Castelo Rodrigo. o Sagrado e o Profano.<\/em><\/p>\n<\/div><\/li>\n\n\n\n<li style=\"--timeline-color:#fcb900\"><div class=\"gbt-timeline-event-title-wrapper\"><div class=\"gbt-timeline-event-title time-title\"><strong>10h50 &#8211; Pausa para caf\u00e9<\/strong><\/div><\/div><div class=\"gbt-timeline-event-content-wrapper\"><\/div><\/li>\n\n\n\n<li style=\"--timeline-color:#8ed1fc\"><div class=\"gbt-timeline-event-title-wrapper\"><div class=\"gbt-timeline-event-title time-title\"><strong>11h10 &#8211; 3\u00ba F\u00f3rum,  Audit\u00f3rio Adriano Moreira<\/strong><\/div><\/div><div class=\"gbt-timeline-event-content-wrapper\">\n<p>Coordenador: Prof. Doutor Fernando Larcher<\/p>\n\n\n\n<p>Dr. In\u00e1cio Barradas Correia, <em>Alverca da Beira &#8211; O Tempo da Hist\u00f3ria, as Hist\u00f3rias do Tempo.<\/em><\/p>\n\n\n\n<p>Pedro Ruas, Presidente Junta de Freguesia de Alverca da Beira,<em> A Vila de Alverca da Beira<\/em>.<\/p>\n<\/div><\/li>\n\n\n\n<li style=\"--timeline-color:#00d084\"><div class=\"gbt-timeline-event-title-wrapper\"><div class=\"gbt-timeline-event-title time-title\"><strong>12h00 &#8211; Visita ao Museu da Sociedade de Geografia, guiada pela Senhora Prof. Doutora Manuela Cantinho (s\u00f3 presencial).<\/strong><\/div><\/div><div class=\"gbt-timeline-event-content-wrapper\"><\/div><\/li>\n\n\n\n<li><div class=\"gbt-timeline-event-title-wrapper\"><div class=\"gbt-timeline-event-title time-title\"><strong>13h00 &#8211; Almo\u00e7o &#8211; Sociedade de Geografia de Lisboa<\/strong><\/div><\/div><div class=\"gbt-timeline-event-content-wrapper\"><\/div><\/li>\n\n\n\n<li style=\"--timeline-color:#f78da7\"><div class=\"gbt-timeline-event-title-wrapper\"><div class=\"gbt-timeline-event-title time-title\"><strong>14h30 &#8211; 4\u00ba F\u00f3rum, Audit\u00f3rio Adriano Moreira<\/strong><\/div><\/div><div class=\"gbt-timeline-event-content-wrapper\">\n<p>Coordenador: Prof. Doutor Vermelho do Corral<\/p>\n\n\n\n<p>Prof. Doutor Pedro Velez, <em>Problematizando um fragmento de genealogia familiar para um tombo geneal\u00f3gico das Beiras: Moreira, Sousa, Almeidas, de Crist\u00f3v\u00e3o Moreira de Figueiredo.<\/em><\/p>\n\n\n\n<p>Dr. Manuel Neves, <em>Da actual \u00e0s nove igrejas paroquiais de Pinhel no s\u00e9culo XIII.<\/em><\/p>\n<\/div><\/li>\n\n\n\n<li style=\"--timeline-color:#7bdcb5\"><div class=\"gbt-timeline-event-title-wrapper\"><div class=\"gbt-timeline-event-title time-title\"><strong>15h30 &#8211; 5\u00ba F\u00f3rum, Audit\u00f3rio Adriano Moreira<\/strong><\/div><\/div><div class=\"gbt-timeline-event-content-wrapper\">\n<p>Coordenador: Dr. In\u00e1cio Barradas Correia<\/p>\n\n\n\n<p>Prof. Doutor Carlos Caetano, <em>As casas da c\u00e2mara dos antigos concelhos portugueses de terras da Beira C\u00f4a e a celebra\u00e7\u00e3o do velho poder local.<\/em><\/p>\n\n\n\n<p>Prof. Doutor Fernando Larcher, <em>A Beira C\u00f4a h\u00e1 200 anos (1820-1824).<\/em><\/p>\n<\/div><\/li>\n\n\n\n<li><div class=\"gbt-timeline-event-title-wrapper\"><div class=\"gbt-timeline-event-title time-title\"><strong>Sess\u00e3o de encerramento<\/strong><\/div><\/div><div class=\"gbt-timeline-event-content-wrapper\">\n<p>Prof. Doutores Vermelho do Corral, Madalena Larcher e Fernando Larcher<\/p>\n<\/div><\/li>\n<\/ul><\/div>\n","protected":false},"excerpt":{"rendered":"","protected":false},"author":1,"featured_media":0,"parent":2152,"menu_order":30,"comment_status":"closed","ping_status":"closed","template":"","meta":{"footnotes":""},"class_list":["post-2156","page","type-page","status-publish","hentry"],"_links":{"self":[{"href":"https:\/\/sites.uab.pt\/congresso-beira-coa\/wp-json\/wp\/v2\/pages\/2156","targetHints":{"allow":["GET"]}}],"collection":[{"href":"https:\/\/sites.uab.pt\/congresso-beira-coa\/wp-json\/wp\/v2\/pages"}],"about":[{"href":"https:\/\/sites.uab.pt\/congresso-beira-coa\/wp-json\/wp\/v2\/types\/page"}],"author":[{"embeddable":true,"href":"https:\/\/sites.uab.pt\/congresso-beira-coa\/wp-json\/wp\/v2\/users\/1"}],"replies":[{"embeddable":true,"href":"https:\/\/sites.uab.pt\/congresso-beira-coa\/wp-json\/wp\/v2\/comments?post=2156"}],"version-history":[{"count":2,"href":"https:\/\/sites.uab.pt\/congresso-beira-coa\/wp-json\/wp\/v2\/pages\/2156\/revisions"}],"predecessor-version":[{"id":2182,"href":"https:\/\/sites.uab.pt\/congresso-beira-coa\/wp-json\/wp\/v2\/pages\/2156\/revisions\/2182"}],"up":[{"embeddable":true,"href":"https:\/\/sites.uab.pt\/congresso-beira-coa\/wp-json\/wp\/v2\/pages\/2152"}],"wp:attachment":[{"href":"https:\/\/sites.uab.pt\/congresso-beira-coa\/wp-json\/wp\/v2\/media?parent=2156"}],"curies":[{"name":"wp","href":"https:\/\/api.w.org\/{rel}","templated":true}]}}