{"id":2201,"date":"2024-03-15T09:47:34","date_gmt":"2024-03-15T09:47:34","guid":{"rendered":"https:\/\/sites.uab.pt\/congresso-beira-coa\/?page_id=2201"},"modified":"2024-05-06T09:11:44","modified_gmt":"2024-05-06T09:11:44","slug":"call-for-papers","status":"publish","type":"page","link":"https:\/\/sites.uab.pt\/congresso-beira-coa\/call-for-papers\/","title":{"rendered":"Call For Papers"},"content":{"rendered":"\n<p class=\"has-text-align-center has-very-dark-gray-color has-text-color has-link-color has-medium-font-size wp-elements-99fa1b2c1096ecfc68be26ae2de690bf\"><strong>CONVITE PARA APRESENTA\u00c7\u00c3O DE COMUNICA\u00c7\u00c3O \/<br>\/ CALL FOR PAPERS<\/strong><\/p>\n\n\n\n<p>Dando continuidade aos col\u00f3quios Beira C\u00f4a \u2013 Hist\u00f3ria, Arte e Patrim\u00f3nio, realizar-se-\u00e1, com a coorganiza\u00e7\u00e3o da Sociedade de Geografia de Lisboa, do Instituto Hist\u00f3rico da Beira C\u00f4a, da Universidade Aberta (CLA da M\u00eada e do Sabugal), Centro de Estudos Globais &#8211; UAb, do CHAM &#8211; Centro de Humanidades \/ Universidade Nova de Lisboa e Universidade dos A\u00e7ores, da Associa\u00e7\u00e3o dos Arque\u00f3logos Portugueses e do Movimento Internacional Lus\u00f3fono, e com a colabora\u00e7\u00e3o da Casa Mem\u00f3ria S. Jo\u00e3o da Pra\u00e7a (Almeida), na Sociedade de Geografia de Lisboa, nos dias 19 e 20 de Setembro, o Congresso Internacional.<\/p>\n\n\n\n<p class=\"has-very-light-gray-background-color has-background\"><\/p>\n\n\n\n<p class=\"has-text-align-center has-very-dark-gray-color has-text-color has-link-color has-medium-font-size wp-elements-9d6a82357885a15d43a2dc36bf3db7e2\"><strong>BEIRA C\u00d4A \u2013 Hist\u00f3ria, Arte e Patrim\u00f3nio, 2024<\/strong><\/p>\n\n\n\n<p>O Congresso, que tem por objeto a hist\u00f3ria, a arte, o patrim\u00f3nio e a atual realidade desta regi\u00e3o, constitu\u00edda pelos tr\u00eas concelhos ribacudanos de Almeida, Figueira de Castelo Rodrigo e Sabugal, e pelos quatro transcudanos de Meda, Pinhel, Trancoso e Vila Nova de Foz C\u00f4a, bem como abordar a realidade interfronteiri\u00e7a, procurar\u00e1 reunir o contributo de investigadores e interessados em torno das seguintes \u00e1reas tem\u00e1ticas:<\/p>\n\n\n\n<p class=\"has-text-align-left\">I \u2013 Patrim\u00f3nio arqueol\u00f3gico<br>II &#8211; Patrim\u00f3nio edificado<br>III \u2013 Estudos corogr\u00e1ficos<br>IV \u2013 Associa\u00e7\u00f5es culturais da Beira C\u00f4a: a\u00e7\u00e3o atual<br>V &#8211; Meios de comunica\u00e7\u00e3o social local e regional<br>VI \u2013 Tem\u00e1ticas regionais atrav\u00e9s da imprensa<br>VII &#8211; Biografias<br>VII &#8211; Rela\u00e7\u00f5es interfronteiri\u00e7as<\/p>\n\n\n\n<p><\/p>\n\n\n\n<p>As propostas de comunica\u00e7\u00e3o dever\u00e3o ser enviadas, at\u00e9 ao <strong>dia 20 de Junho<\/strong> para o email do Congresso (congressobeiracoa2024@outlook.com), com o tema e o respetivo resumo (m\u00e1ximo de 3.500 caracteres n\u00e3o incluindo espa\u00e7os), acompanhados de uma breve nota biogr\u00e1fica. <\/p>\n\n\n\n<p>Ap\u00f3s a aprecia\u00e7\u00e3o do Conselho Cient\u00edfico, os autores ser\u00e3o devidamente notificados at\u00e9 ao <strong>dia 10 de julho<\/strong>. <\/p>\n\n\n\n<p>O programa definitivo, bem como o volume com os resumos das comunica\u00e7\u00f5es, estar\u00e1 dispon\u00edvel a partir de<strong> <\/strong>31 de julho.<\/p>\n\n\n\n<p>O Congresso adotar\u00e1 o sistema h\u00edbrido.<\/p>\n\n\n\n<p><\/p>\n","protected":false},"excerpt":{"rendered":"CONVITE PARA APRESENTA\u00c7\u00c3O DE COMUNICA\u00c7\u00c3O \/\/ CALL FOR PAPERS Dando continuidade aos col\u00f3quios Beira C\u00f4a \u2013 Hist\u00f3ria, Arte e Patrim\u00f3nio, realizar-se-\u00e1, com a coorganiza\u00e7\u00e3o da Sociedade de Geografia de Lisboa, do Instituto Hist\u00f3rico da Beira C\u00f4a, da Universidade Aberta (CLA da M\u00eada e do Sabugal), Centro de Estudos Globais &#8211; UAb, do CHAM &#8211; Centro [&hellip;]","protected":false},"author":96,"featured_media":0,"parent":0,"menu_order":0,"comment_status":"closed","ping_status":"closed","template":"","meta":{"footnotes":""},"class_list":["post-2201","page","type-page","status-publish","hentry"],"_links":{"self":[{"href":"https:\/\/sites.uab.pt\/congresso-beira-coa\/wp-json\/wp\/v2\/pages\/2201","targetHints":{"allow":["GET"]}}],"collection":[{"href":"https:\/\/sites.uab.pt\/congresso-beira-coa\/wp-json\/wp\/v2\/pages"}],"about":[{"href":"https:\/\/sites.uab.pt\/congresso-beira-coa\/wp-json\/wp\/v2\/types\/page"}],"author":[{"embeddable":true,"href":"https:\/\/sites.uab.pt\/congresso-beira-coa\/wp-json\/wp\/v2\/users\/96"}],"replies":[{"embeddable":true,"href":"https:\/\/sites.uab.pt\/congresso-beira-coa\/wp-json\/wp\/v2\/comments?post=2201"}],"version-history":[{"count":13,"href":"https:\/\/sites.uab.pt\/congresso-beira-coa\/wp-json\/wp\/v2\/pages\/2201\/revisions"}],"predecessor-version":[{"id":2256,"href":"https:\/\/sites.uab.pt\/congresso-beira-coa\/wp-json\/wp\/v2\/pages\/2201\/revisions\/2256"}],"wp:attachment":[{"href":"https:\/\/sites.uab.pt\/congresso-beira-coa\/wp-json\/wp\/v2\/media?parent=2201"}],"curies":[{"name":"wp","href":"https:\/\/api.w.org\/{rel}","templated":true}]}}