{"id":144,"date":"2026-02-24T14:26:00","date_gmt":"2026-02-24T14:26:00","guid":{"rendered":"https:\/\/sites.uab.pt\/eeg2026\/?page_id=144"},"modified":"2026-02-27T15:58:57","modified_gmt":"2026-02-27T15:58:57","slug":"comissao-organizadora","status":"publish","type":"page","link":"https:\/\/sites.uab.pt\/eeg2026\/comissao-organizadora\/","title":{"rendered":"Comiss\u00e3o Organizadora"},"content":{"rendered":"\n<div style=\"height:49px\" aria-hidden=\"true\" class=\"wp-block-spacer\"><\/div>\n\n\n\n<p style=\"font-size:30px\"><strong>Comiss\u00e3o Organizadora<\/strong><\/p>\n\n\n\n<div style=\"height:34px\" aria-hidden=\"true\" class=\"wp-block-spacer\"><\/div>\n\n\n\n<p>Ant\u00f3nio Gomes Ferreira &#8211; Universidade de Coimbra (Coordenador)<\/p>\n\n\n\n<p>Ant\u00f3nio Moreira &#8211; Universidade Aberta (Coordenador)<\/p>\n\n\n\n<p>Manuel Ribeiro &#8211; Polo de Cultura e Ci\u00eancia de Alf\u00e2ndega da F\u00e9\/UAb (Coordenador)<\/p>\n\n\n\n<p>Sara Dias-Trindade &#8211; Universidade do Porto (Coordenadora)<\/p>\n\n\n\n<div style=\"height:30px\" aria-hidden=\"true\" class=\"wp-block-spacer\"><\/div>\n\n\n\n<p>Alvanir Alves da Silva &#8211; Universidade Federal Rural de Pernambuco, Universidade do Porto<\/p>\n\n\n\n<p>Ana Catarina Teixeira &#8211; Polo de Cultura e Ci\u00eancia de Alf\u00e2ndega da F\u00e9\/UAb<\/p>\n\n\n\n<p>Ana Sofia Cabrita &#8211; Universidade Aberta<\/p>\n\n\n\n<p>Miriam Medeiros Strack &#8211; Universidade de Coimbra<\/p>\n\n\n\n<p>Paula Bra\u00e7ais &#8211; Universidade Aberta<\/p>\n\n\n\n<p>Roberta Duarte da Silva &#8211; Universidade Federal de Pernambuco, Universidade do Porto<\/p>\n\n\n\n<p>S\u00f3nia Valente &#8211; Universidade Aberta<\/p>\n","protected":false},"excerpt":{"rendered":"Comiss\u00e3o Organizadora Ant\u00f3nio Gomes Ferreira &#8211; Universidade de Coimbra (Coordenador) Ant\u00f3nio Moreira &#8211; Universidade Aberta (Coordenador) Manuel Ribeiro &#8211; Polo de Cultura e Ci\u00eancia de Alf\u00e2ndega da F\u00e9\/UAb (Coordenador) Sara Dias-Trindade &#8211; Universidade do Porto (Coordenadora) Alvanir Alves da Silva &#8211; Universidade Federal Rural de Pernambuco, Universidade do Porto Ana Catarina Teixeira &#8211; Polo de [&hellip;]","protected":false},"author":98,"featured_media":0,"parent":0,"menu_order":0,"comment_status":"closed","ping_status":"closed","template":"","meta":{"footnotes":""},"class_list":["post-144","page","type-page","status-publish","hentry"],"_links":{"self":[{"href":"https:\/\/sites.uab.pt\/eeg2026\/wp-json\/wp\/v2\/pages\/144","targetHints":{"allow":["GET"]}}],"collection":[{"href":"https:\/\/sites.uab.pt\/eeg2026\/wp-json\/wp\/v2\/pages"}],"about":[{"href":"https:\/\/sites.uab.pt\/eeg2026\/wp-json\/wp\/v2\/types\/page"}],"author":[{"embeddable":true,"href":"https:\/\/sites.uab.pt\/eeg2026\/wp-json\/wp\/v2\/users\/98"}],"replies":[{"embeddable":true,"href":"https:\/\/sites.uab.pt\/eeg2026\/wp-json\/wp\/v2\/comments?post=144"}],"version-history":[{"count":8,"href":"https:\/\/sites.uab.pt\/eeg2026\/wp-json\/wp\/v2\/pages\/144\/revisions"}],"predecessor-version":[{"id":203,"href":"https:\/\/sites.uab.pt\/eeg2026\/wp-json\/wp\/v2\/pages\/144\/revisions\/203"}],"wp:attachment":[{"href":"https:\/\/sites.uab.pt\/eeg2026\/wp-json\/wp\/v2\/media?parent=144"}],"curies":[{"name":"wp","href":"https:\/\/api.w.org\/{rel}","templated":true}]}}