{"id":153,"date":"2026-02-12T22:01:35","date_gmt":"2026-02-12T22:01:35","guid":{"rendered":"https:\/\/sites.uab.pt\/eeg2026\/?page_id=153"},"modified":"2026-04-27T10:41:55","modified_gmt":"2026-04-27T10:41:55","slug":"contacto","status":"publish","type":"page","link":"https:\/\/sites.uab.pt\/eeg2026\/contacto\/","title":{"rendered":"Contacto"},"content":{"rendered":"\n<div style=\"height:49px\" aria-hidden=\"true\" class=\"wp-block-spacer\"><\/div>\n\n\n\n<p><strong>Casa da Cultura Mestre Jos\u00e9 Rodrigues<\/strong><br>Largo S. Sebasti\u00e3o<br>5350-013 Alf\u00e2ndega da F\u00e9<\/p>\n\n\n\n<iframe src=\"https:\/\/www.google.com\/maps\/embed?pb=!1m14!1m8!1m3!1d2995.5063253268663!2d-6.9616612!3d41.3413472!3m2!1i1024!2i768!4f13.1!3m3!1m2!1s0xd3b99a879770d77%3A0x9d0f88a518667d70!2sCasa%20da%20Cultura!5e0!3m2!1spt-PT!2spt!4v1777280905195!5m2!1spt-PT!2spt\" width=\"600\" height=\"450\" style=\"border:0;\" allowfullscreen=\"\" loading=\"lazy\" referrerpolicy=\"no-referrer-when-downgrade\"><\/iframe>\n\n\n\n<p>Para qualquer d\u00favida ou esclarecimento adicional, agradecemos que envie uma mensagem para o seguinte endere\u00e7o de email: uabpoloalf@gmail.com<\/p>\n","protected":false},"excerpt":{"rendered":"Casa da Cultura Mestre Jos\u00e9 RodriguesLargo S. Sebasti\u00e3o5350-013 Alf\u00e2ndega da F\u00e9 Para qualquer d\u00favida ou esclarecimento adicional, agradecemos que envie uma mensagem para o seguinte endere\u00e7o de email: uabpoloalf@gmail.com","protected":false},"author":98,"featured_media":0,"parent":0,"menu_order":0,"comment_status":"closed","ping_status":"closed","template":"","meta":{"footnotes":""},"class_list":["post-153","page","type-page","status-publish","hentry"],"_links":{"self":[{"href":"https:\/\/sites.uab.pt\/eeg2026\/wp-json\/wp\/v2\/pages\/153","targetHints":{"allow":["GET"]}}],"collection":[{"href":"https:\/\/sites.uab.pt\/eeg2026\/wp-json\/wp\/v2\/pages"}],"about":[{"href":"https:\/\/sites.uab.pt\/eeg2026\/wp-json\/wp\/v2\/types\/page"}],"author":[{"embeddable":true,"href":"https:\/\/sites.uab.pt\/eeg2026\/wp-json\/wp\/v2\/users\/98"}],"replies":[{"embeddable":true,"href":"https:\/\/sites.uab.pt\/eeg2026\/wp-json\/wp\/v2\/comments?post=153"}],"version-history":[{"count":7,"href":"https:\/\/sites.uab.pt\/eeg2026\/wp-json\/wp\/v2\/pages\/153\/revisions"}],"predecessor-version":[{"id":224,"href":"https:\/\/sites.uab.pt\/eeg2026\/wp-json\/wp\/v2\/pages\/153\/revisions\/224"}],"wp:attachment":[{"href":"https:\/\/sites.uab.pt\/eeg2026\/wp-json\/wp\/v2\/media?parent=153"}],"curies":[{"name":"wp","href":"https:\/\/api.w.org\/{rel}","templated":true}]}}