{"id":193,"date":"2025-12-30T09:51:46","date_gmt":"2025-12-30T09:51:46","guid":{"rendered":"https:\/\/sites.uab.pt\/entre-summit-2026\/?page_id=193"},"modified":"2026-01-06T13:51:29","modified_gmt":"2026-01-06T13:51:29","slug":"programa","status":"publish","type":"page","link":"https:\/\/sites.uab.pt\/entre-summit-2026\/home\/programa\/","title":{"rendered":"PROGRAMA\u00c7\u00c3O"},"content":{"rendered":"\n<p><strong><em>15 de Janeiro \u2013 Quinta-feira<\/em><\/strong><\/p>\n\n\n\n<p><strong>09h00 \u2013 09h30: <\/strong>Abertura do secretariado<\/p>\n\n\n\n<p><strong>09h30 \u2013 10h00:<\/strong>&nbsp; Sess\u00e3o de abertura<\/p>\n\n\n\n<ul class=\"wp-block-list\">\n<li>Carla Padrel de Oliveira (Magn\u00edfica Reitora da UAb)<\/li>\n\n\n\n<li>Jos\u00e9 Ant\u00f3nio Porf\u00edrio (Diretor do DCSG-UAb)<\/li>\n\n\n\n<li>Ana Brochado (DRCA &#8211; Ordem dos Economistas)<\/li>\n\n\n\n<li>Jacinto Jardim (Coordenador MECG, UAb)<\/li>\n<\/ul>\n\n\n\n<p><strong>10h00 \u2013<\/strong> <strong>11h00<\/strong>:<strong> Confer\u00eancia de abertura<\/strong> \u2013 <em>Avalia\u00e7\u00e3o de Impacto na Educa\u00e7\u00e3o Empreendedora: Fundamentos, Modelos e Desafios<\/em><\/p>\n\n\n\n<ul class=\"wp-block-list\">\n<li>Jacinto Jardim (UAb)<\/li>\n\n\n\n<li>Patr\u00edcia Palma (UAb)<\/li>\n<\/ul>\n\n\n\n<p><strong>10h30 \u2013 11h00:<\/strong>&nbsp; Pausa para caf\u00e9<\/p>\n\n\n\n<p><strong>11h30 \u2013 13h00:<\/strong>&nbsp; <strong>Palestra<\/strong> \u2013 <em>Avalia\u00e7\u00e3o de Impacto de Programas de Educa\u00e7\u00e3o Empreendedora: Pr\u00e1ticas e Tend\u00eancias Emergentes<\/em><\/p>\n\n\n\n<ul class=\"wp-block-list\">\n<li>Rose Mary Lopes (ANEGEPE, S\u00e3o Paulo)<\/li>\n\n\n\n<li>Naira Libermann (PUCRS; p\u00f3s-doc. na UAb)<\/li>\n\n\n\n<li>Ant\u00f3nio Eduardo Martins (UAb)<\/li>\n<\/ul>\n\n\n\n<p><strong>13h00 \u2013 14h30:<\/strong>&nbsp; Almo\u00e7o<\/p>\n\n\n\n<p><strong>14h30 \u2013 16h00:<\/strong>&nbsp; <strong>Painel<\/strong> \u2013 Indicadores do Impacto da Promo\u00e7\u00e3o do Empreendedorismo&#8230;<\/p>\n\n\n\n<ul class=\"wp-block-list\">\n<li>Nos <strong>A\u00e7ores<\/strong> (Catarina Gaspar)<\/li>\n\n\n\n<li>Em <strong>Angola<\/strong> (Rosa de S\u00e1 Pereira)<\/li>\n\n\n\n<li>Em <strong>Cabo Verde<\/strong> (Ana Mafalda)<\/li>\n\n\n\n<li>Na <strong>China<\/strong> (Alexandra Lemos)<\/li>\n\n\n\n<li>No estado de <strong>S\u00e3o Paulo<\/strong> (Paula Mota)<\/li>\n\n\n\n<li>No estado do <strong>Rio de Janeiro<\/strong> (Bia Willcox)<\/li>\n\n\n\n<li>Em <strong>S\u00e3o Tom\u00e9 e Pr\u00edncipe<\/strong> (Eug\u00e9nio Neves)<\/li>\n<\/ul>\n\n\n\n<p><strong>16h00 \u2013 16h30:<\/strong>&nbsp; Pausa para caf\u00e9<\/p>\n\n\n\n<p><strong>16h30 \u2013 17h30:<\/strong>&nbsp; <strong>Sess\u00f5es de trabalho colaborativo<\/strong> \u2013 Mestrandos por edi\u00e7\u00e3o, docentes e especialistas: <em>Constru\u00e7\u00e3o de Quadros de Avalia\u00e7\u00e3o: Problemas, Perguntas, Indicadores e Evid\u00eancias<\/em><\/p>\n\n\n\n<hr class=\"wp-block-separator has-alpha-channel-opacity\"\/>\n\n\n\n<p><strong><em>16 de Janeiro \u2013 Sexta-feira<\/em><\/strong><\/p>\n\n\n\n<p><strong>09h30 \u2013 11h00:<\/strong>&nbsp; <strong><em>Pitchs<\/em> cient\u00edficos <\/strong>\u2013 Apresenta\u00e7\u00e3o dos projetos de disserta\u00e7\u00e3o e teses \u2013 no \u00e2mbito do&nbsp;<strong>Pitch Cient\u00edfico EntreSummit\u2013DRCA&nbsp;da Ordem dos Economistas <\/strong>[sess\u00f5es paralelas com avalia\u00e7\u00e3o por um j\u00fari].<\/p>\n\n\n\n<ul class=\"wp-block-list\">\n<li>Inova\u00e7\u00e3o, Compet\u00eancias e Cultura Empreendedora: An\u00e1lise de Impacto dos Eventos Cient\u00edficos (<strong>Andr\u00e9 Gusm\u00e3o<\/strong> e Jacinto Jardim)<\/li>\n\n\n\n<li>Pensamento Cr\u00edtico e Uso de IA Generativa no Ensino Superior a Dist\u00e2ncia (<strong>Nuno Gi\u00e3o<\/strong> e Diogo Casa Nova)<\/li>\n\n\n\n<li>Avalia\u00e7\u00e3o das Compet\u00eancias Empreendedoras dos Alunos da Academia Militar (<strong>Bruno Machado<\/strong> e Jos\u00e9 Ant\u00f3nio Moreira)<\/li>\n\n\n\n<li>Altera\u00e7\u00e3o do Paradigma do Perfil Empreendedor com a Intelig\u00eancia Artificial (<strong>Paula Silva<\/strong> e Jos\u00e9 Ant\u00f3nio Porf\u00edrio)<\/li>\n\n\n\n<li>Din\u00e2micas Sist\u00e9micas do Empreendedorismo Feminino em Macau (<strong>Alexandra Lemos<\/strong> e Patr\u00edcia Palma)<\/li>\n\n\n\n<li>Inscri\u00e7\u00f5es em curso<\/li>\n<\/ul>\n\n\n\n<p><strong>11h00 \u2013 11h30:<\/strong>&nbsp; Pausa para caf\u00e9<\/p>\n\n\n\n<p><strong>11h30 \u2013 13h00:<\/strong>&nbsp; <strong>Palestra<\/strong> \u2013 <em>Intelig\u00eancia Artificial e Novas Tecnologias na Avalia\u00e7\u00e3o de Impacto: Oportunidades, Limites e \u00c9tica<\/em><\/p>\n\n\n\n<ul class=\"wp-block-list\">\n<li>Adriana Martello Valero (PUCPR, Londrina &#8211; Conselho Regional de Administra\u00e7\u00e3o do Paran\u00e1 &#8211; CRA-PR)<\/li>\n\n\n\n<li>Arnaldo Santos (UAb)<\/li>\n\n\n\n<li>Cl\u00e9ber Lopes (PUCPR)<\/li>\n<\/ul>\n\n\n\n<p><strong>13h00 \u2013 14h30:<\/strong>&nbsp; Almo\u00e7o<\/p>\n\n\n\n<p><strong>14h30 \u2013 16h00:<\/strong>&nbsp; <strong>Workshop de pr\u00e1ticas de avalia\u00e7\u00e3o<\/strong> \u2013 Da teoria \u00e0 pr\u00e1tica: constru\u00e7\u00e3o de ferramentas e instrumentos de avalia\u00e7\u00e3o<\/p>\n\n\n\n<p><strong>16h00 \u2013 16h30:<\/strong> Pausa para caf\u00e9<\/p>\n\n\n\n<p><strong>16h30 \u2013 17h30:<\/strong>&nbsp; <strong>Palestra<\/strong>: <em>Evid\u00eancias Globais sobre o Impacto da Educa\u00e7\u00e3o Empreendedora: Resultados, M\u00e9tricas e Implica\u00e7\u00f5es para a Pr\u00e1tica<\/em><\/p>\n\n\n\n<ul class=\"wp-block-list\">\n<li>Let\u00edcia Vieira (UDESC, Florian\u00f3polis)<\/li>\n\n\n\n<li>Alexsander Silva Moreira (Aracaju)<\/li>\n\n\n\n<li>M\u00e1rio Negas (UAb)<\/li>\n<\/ul>\n\n\n\n<p>Tiago Carrilho (UAb)<\/p>\n\n\n\n<hr class=\"wp-block-separator has-alpha-channel-opacity\"\/>\n\n\n\n<p><strong><em>17 de Janeiro \u2013 S\u00e1bado<\/em><\/strong><\/p>\n\n\n\n<p><strong>09h30 \u2013 11h00:<\/strong>&nbsp; <strong>Sess\u00e3o s\u00edntese com conclus\u00f5es estrat\u00e9gicas<\/strong> \u2013 <em>Aprendizagens e Recomenda\u00e7\u00f5es para a Avalia\u00e7\u00e3o de Impacto da Educa\u00e7\u00e3o Empreendedora<\/em><em><\/em><\/p>\n\n\n\n<p><strong>11h00 \u2013 11h20:<\/strong>&nbsp; Pausa para caf\u00e9<\/p>\n\n\n\n<p><strong>11h20 \u2013 12h10:<\/strong>&nbsp; <strong>Confer\u00eancia de encerramento<\/strong> \u2013 <em>O Futuro da Avalia\u00e7\u00e3o de Impacto na Educa\u00e7\u00e3o Empreendedora: Tend\u00eancias Globais, Pol\u00edticas P\u00fablicas e Regenera\u00e7\u00e3o Social<\/em><\/p>\n\n\n\n<ul class=\"wp-block-list\">\n<li>Diego Menezes (ABIPTI, BR)<\/li>\n\n\n\n<li>Jos\u00e9 Eduardo Franco (UAb)<\/li>\n<\/ul>\n\n\n\n<p><strong>12h20 \u2013 12h30:<\/strong>&nbsp; <strong>Sess\u00e3o de encerramento<\/strong><\/p>\n\n\n\n<ul class=\"wp-block-list\">\n<li>Sandra Caeiro (Vice-reitora da UAb)<\/li>\n\n\n\n<li>Joaquim Gronita (UAb)<\/li>\n\n\n\n<li>Ana Brochado (DRCA &#8211; Ordem dos Economistas)<\/li>\n\n\n\n<li>Jacinto Jardim (UAb)<\/li>\n<\/ul>\n\n\n\n<p><strong>13h00 \u2013 <\/strong>Almo\u00e7o seguido de programa social e cultural informal<\/p>\n\n\n\n<hr class=\"wp-block-separator has-alpha-channel-opacity\"\/>\n","protected":false},"excerpt":{"rendered":"15 de Janeiro \u2013 Quinta-feira 09h00 \u2013 09h30: Abertura do secretariado 09h30 \u2013 10h00:&nbsp; Sess\u00e3o de abertura 10h00 \u2013 11h00: Confer\u00eancia de abertura \u2013 Avalia\u00e7\u00e3o de Impacto na Educa\u00e7\u00e3o Empreendedora: Fundamentos, Modelos e Desafios 10h30 \u2013 11h00:&nbsp; Pausa para caf\u00e9 11h30 \u2013 13h00:&nbsp; Palestra \u2013 Avalia\u00e7\u00e3o de Impacto de Programas de Educa\u00e7\u00e3o Empreendedora: Pr\u00e1ticas e [&hellip;]","protected":false},"author":170,"featured_media":155,"parent":213,"menu_order":0,"comment_status":"closed","ping_status":"closed","template":"","meta":{"footnotes":""},"class_list":["post-193","page","type-page","status-publish","has-post-thumbnail","hentry"],"_links":{"self":[{"href":"https:\/\/sites.uab.pt\/entre-summit-2026\/wp-json\/wp\/v2\/pages\/193","targetHints":{"allow":["GET"]}}],"collection":[{"href":"https:\/\/sites.uab.pt\/entre-summit-2026\/wp-json\/wp\/v2\/pages"}],"about":[{"href":"https:\/\/sites.uab.pt\/entre-summit-2026\/wp-json\/wp\/v2\/types\/page"}],"author":[{"embeddable":true,"href":"https:\/\/sites.uab.pt\/entre-summit-2026\/wp-json\/wp\/v2\/users\/170"}],"replies":[{"embeddable":true,"href":"https:\/\/sites.uab.pt\/entre-summit-2026\/wp-json\/wp\/v2\/comments?post=193"}],"version-history":[{"count":8,"href":"https:\/\/sites.uab.pt\/entre-summit-2026\/wp-json\/wp\/v2\/pages\/193\/revisions"}],"predecessor-version":[{"id":264,"href":"https:\/\/sites.uab.pt\/entre-summit-2026\/wp-json\/wp\/v2\/pages\/193\/revisions\/264"}],"up":[{"embeddable":true,"href":"https:\/\/sites.uab.pt\/entre-summit-2026\/wp-json\/wp\/v2\/pages\/213"}],"wp:featuredmedia":[{"embeddable":true,"href":"https:\/\/sites.uab.pt\/entre-summit-2026\/wp-json\/wp\/v2\/media\/155"}],"wp:attachment":[{"href":"https:\/\/sites.uab.pt\/entre-summit-2026\/wp-json\/wp\/v2\/media?parent=193"}],"curies":[{"name":"wp","href":"https:\/\/api.w.org\/{rel}","templated":true}]}}