{"id":280,"date":"2026-01-06T13:36:56","date_gmt":"2026-01-06T13:36:56","guid":{"rendered":"https:\/\/sites.uab.pt\/entre-summit-2026\/?page_id=280"},"modified":"2026-01-06T19:16:21","modified_gmt":"2026-01-06T19:16:21","slug":"equipas-executivas","status":"publish","type":"page","link":"https:\/\/sites.uab.pt\/entre-summit-2026\/equipas-executivas\/","title":{"rendered":"EQUIPAS EXECUTIVAS"},"content":{"rendered":"\n<p><\/p>\n\n\n\n<p><strong>Diretor Cient\u00edfico-Pedag\u00f3gico:<\/strong> Jacinto Jardim (UAb)<\/p>\n\n\n\n<p><\/p>\n\n\n\n<p><strong>Coordena\u00e7\u00e3o:<\/strong> Jacinto Jardim(UAb), Jos\u00e9 Ant\u00f3nio Porf\u00edrio(UAb) e Joaquim Gronita(UAb)<\/p>\n\n\n\n<p><\/p>\n\n\n\n<p><strong>Secretariado:<\/strong> Andreia Pinho, Cl\u00e9ber Lopes, Sandra Fernandes, Catarina Gaspar, Andr\u00e9 Gusm\u00e3o, Liliana Seixas, V\u00edtor Branco, Ana Teixeira e Maria Cardoso.<\/p>\n\n\n\n<p><\/p>\n\n\n\n<p><strong>Comiss\u00e3o Cient\u00edfica:<\/strong><br>\u2022\u2060 \u2060Ana Brochado (UAb)<br>\u2022\u2060 \u2060Ant\u00f3nio Carrizo Moreira (UAb)<br>\u2022\u2060 \u2060Ant\u00f3nio Eduardo Martins (UAb)<br>\u2022\u2060 \u2060Arnaldo Santos (UAb)<br>\u2022\u2060 \u2060Carlos Augusto Castanheira (CEG-UAb)<br>\u2022\u2060 \u2060Carlos Rafael Branco (UAb)<br>\u2022\u2060 \u2060Daniela Barros (UAb)<br>\u2022\u2060 \u2060Diego Menezes (ABIPTI, BR)<br>\u2022\u2060 \u2060Eliane Schlemmer (UAb)<br>\u2022\u2060 \u2060Isabel Cristina Carvalho (UAb)<br>\u2022\u2060 \u2060Jo\u00e3o Leit\u00e3o (UBI)<br>\u2022\u2060 \u2060Jo\u00e3o Relv\u00e3o Caetano (UAb)<br>\u2022\u2060 \u2060Joaquim Gronita (UAb)<br>\u2022\u2060 \u2060Jos\u00e9 Ant\u00f3nio Ferreira Porf\u00edrio (UAb)<br>\u2022\u2060 \u2060Jos\u00e9 Ant\u00f3nio Moreira (UAb)<br>\u2022\u2060 \u2060Jos\u00e9 Eduardo Franco (UAb)<br>\u2022\u2060 \u2060Josefa S\u00f4nia Pereira da Fonseca (UESC, Ilh\u00e9us)<br>\u2022\u2060 \u2060Let\u00edcia Vieira (UDESC, Santa Catarina)<br>\u2022\u2060 \u2060Manuel Jacinto de Ascens\u00e3o Jardim (UAb)<br>\u2022\u2060 \u2060M\u00e1rio Carrilho Negas (UAb)<br>\u2022\u2060 \u2060Naira Libermann (PUCRS)<br>\u2022\u2060 \u2060Naira Livermann (PUCRS, Porto Alegre)<br>\u2022\u2060 \u2060Patr\u00edcia Jardim da Palma (UAb)<br>\u2022\u2060 \u2060Paula Carreira (UAb)<br>\u2022\u2060 \u2060Raquel Pasternak Glitz Kowalski (PUCPR)<br>\u2022\u2060 \u2060Rose Mary Lopes (ANEGEPE)<br>\u2022\u2060 \u2060Sandra Caeiro (UAb)<br>\u2022\u2060 \u2060Sara Monteiro (UAb)<br>\u2022\u2060 \u2060Solange Corr\u00eaa (UESC, Ilh\u00e9us)<br>\u2022\u2060 \u2060Susana Mourato Alves-Jesus (UAb)<br>\u2022\u2060 \u2060Tiago Carrilho Mendes (UAb)<\/p>\n","protected":false},"excerpt":{"rendered":"Diretor Cient\u00edfico-Pedag\u00f3gico: Jacinto Jardim (UAb) Coordena\u00e7\u00e3o: Jacinto Jardim(UAb), Jos\u00e9 Ant\u00f3nio Porf\u00edrio(UAb) e Joaquim Gronita(UAb) Secretariado: Andreia Pinho, Cl\u00e9ber Lopes, Sandra Fernandes, Catarina Gaspar, Andr\u00e9 Gusm\u00e3o, Liliana Seixas, V\u00edtor Branco, Ana Teixeira e Maria Cardoso. Comiss\u00e3o Cient\u00edfica:\u2022\u2060 \u2060Ana Brochado (UAb)\u2022\u2060 \u2060Ant\u00f3nio Carrizo Moreira (UAb)\u2022\u2060 \u2060Ant\u00f3nio Eduardo Martins (UAb)\u2022\u2060 \u2060Arnaldo Santos (UAb)\u2022\u2060 \u2060Carlos Augusto Castanheira (CEG-UAb)\u2022\u2060 \u2060Carlos [&hellip;]","protected":false},"author":171,"featured_media":155,"parent":0,"menu_order":0,"comment_status":"closed","ping_status":"closed","template":"","meta":{"footnotes":""},"class_list":["post-280","page","type-page","status-publish","has-post-thumbnail","hentry"],"_links":{"self":[{"href":"https:\/\/sites.uab.pt\/entre-summit-2026\/wp-json\/wp\/v2\/pages\/280","targetHints":{"allow":["GET"]}}],"collection":[{"href":"https:\/\/sites.uab.pt\/entre-summit-2026\/wp-json\/wp\/v2\/pages"}],"about":[{"href":"https:\/\/sites.uab.pt\/entre-summit-2026\/wp-json\/wp\/v2\/types\/page"}],"author":[{"embeddable":true,"href":"https:\/\/sites.uab.pt\/entre-summit-2026\/wp-json\/wp\/v2\/users\/171"}],"replies":[{"embeddable":true,"href":"https:\/\/sites.uab.pt\/entre-summit-2026\/wp-json\/wp\/v2\/comments?post=280"}],"version-history":[{"count":4,"href":"https:\/\/sites.uab.pt\/entre-summit-2026\/wp-json\/wp\/v2\/pages\/280\/revisions"}],"predecessor-version":[{"id":302,"href":"https:\/\/sites.uab.pt\/entre-summit-2026\/wp-json\/wp\/v2\/pages\/280\/revisions\/302"}],"wp:featuredmedia":[{"embeddable":true,"href":"https:\/\/sites.uab.pt\/entre-summit-2026\/wp-json\/wp\/v2\/media\/155"}],"wp:attachment":[{"href":"https:\/\/sites.uab.pt\/entre-summit-2026\/wp-json\/wp\/v2\/media?parent=280"}],"curies":[{"name":"wp","href":"https:\/\/api.w.org\/{rel}","templated":true}]}}