{"id":142,"date":"2022-10-19T22:42:28","date_gmt":"2022-10-19T22:42:28","guid":{"rendered":"https:\/\/sites.uab.pt\/congresso-humanidades\/?page_id=142"},"modified":"2023-04-18T15:05:56","modified_gmt":"2023-04-18T15:05:56","slug":"hauptredner","status":"publish","type":"page","link":"https:\/\/sites.uab.pt\/itel2023-de\/hauptredner\/","title":{"rendered":"Hauptredner"},"content":{"rendered":"\n<h2 class=\"wp-block-heading has-text-align-center\">Hauptredner<\/h2>\n\n\n\n<p class=\"has-text-align-center\"><\/p>\n\n\n\n<div style=\"height:69px\" aria-hidden=\"true\" class=\"wp-block-spacer\"><\/div>\n\n\n\n<div class=\"wp-block-columns is-layout-flex wp-container-core-columns-is-layout-9d6595d7 wp-block-columns-is-layout-flex\">\n<div class=\"wp-block-column is-layout-flow wp-block-column-is-layout-flow\" style=\"flex-basis:25%\"><div class=\"wp-block-image\">\n<figure class=\"aligncenter size-large is-resized\"><img loading=\"lazy\" decoding=\"async\" src=\"https:\/\/sites.uab.pt\/itel2023-de\/wp-content\/uploads\/sites\/28\/2023\/04\/daniel-723x1024.jpeg\" alt=\"\" class=\"wp-image-2178\" width=\"175\" height=\"247\" srcset=\"https:\/\/sites.uab.pt\/itel2023-de\/wp-content\/uploads\/sites\/28\/2023\/04\/daniel-723x1024.jpeg 723w, https:\/\/sites.uab.pt\/itel2023-de\/wp-content\/uploads\/sites\/28\/2023\/04\/daniel-212x300.jpeg 212w, https:\/\/sites.uab.pt\/itel2023-de\/wp-content\/uploads\/sites\/28\/2023\/04\/daniel-768x1087.jpeg 768w, https:\/\/sites.uab.pt\/itel2023-de\/wp-content\/uploads\/sites\/28\/2023\/04\/daniel-1085x1536.jpeg 1085w, https:\/\/sites.uab.pt\/itel2023-de\/wp-content\/uploads\/sites\/28\/2023\/04\/daniel.jpeg 1087w\" sizes=\"auto, (max-width: 175px) 100vw, 175px\" \/><\/figure>\n<\/div><\/div>\n\n\n\n<div class=\"wp-block-column is-layout-flow wp-block-column-is-layout-flow\" style=\"flex-basis:50%\">\n<p><strong>Daniel Cassany<\/strong><\/p>\n\n\n\n<p><strong>Universitat Pompeu Fabra, Spanien<\/strong><\/p>\n\n\n\n<p>Daniel Cassany ist Professor und Forscher f\u00fcr Diskursanalyse an der Universitat Pompeu Fabra in Barcelona (Spanien). Er hat einen Hochschulabschluss in katalanischer Philologie und einen Doktortitel in Sprachdidaktik. Daniel Cassany hat mehr als 20 Monografien und 100 Artikel zum Thema Lesen, Schreiben und Sprachunterricht ver\u00f6ffentlicht. Seit 2004 leitet er die Forschungsgruppe <em>Literacidade Cr\u00edtica. <\/em>Seine neuesten B\u00fccher sind <em>El arte de dar clases (seg\u00fan un ling\u00fcista)<\/em>, aus dem Jahr 2021 und <em>Met\u00e1foras sospechosas<\/em> aus dem Jahr 2023, beide bei Editorial Anagrama erschienen.<\/p>\n\n\n\n<p><a href=\"https:\/\/www.upf.edu\/web\/daniel_cassany\/\">https:\/\/www.upf.edu\/web\/daniel_cassany\/<\/a><\/p>\n<\/div>\n\n\n\n<div class=\"wp-block-column is-layout-flow wp-block-column-is-layout-flow\" style=\"flex-basis:25%\"><\/div>\n<\/div>\n\n\n\n<hr class=\"wp-block-separator has-alpha-channel-opacity\"\/>\n\n\n\n<div class=\"wp-block-columns is-layout-flex wp-container-core-columns-is-layout-9d6595d7 wp-block-columns-is-layout-flex\">\n<div class=\"wp-block-column is-layout-flow wp-block-column-is-layout-flow\" style=\"flex-basis:25%\"><div class=\"wp-block-image\">\n<figure class=\"aligncenter size-full is-resized\"><img loading=\"lazy\" decoding=\"async\" src=\"https:\/\/sites.uab.pt\/itel2023-de\/wp-content\/uploads\/sites\/28\/2023\/04\/lucia.jpg\" alt=\"\" class=\"wp-image-2180\" width=\"162\" height=\"196\" srcset=\"https:\/\/sites.uab.pt\/itel2023-de\/wp-content\/uploads\/sites\/28\/2023\/04\/lucia.jpg 588w, https:\/\/sites.uab.pt\/itel2023-de\/wp-content\/uploads\/sites\/28\/2023\/04\/lucia-247x300.jpg 247w\" sizes=\"auto, (max-width: 162px) 100vw, 162px\" \/><\/figure>\n<\/div><\/div>\n\n\n\n<div class=\"wp-block-column is-layout-flow wp-block-column-is-layout-flow\" style=\"flex-basis:50%\">\n<p><strong>L\u00facia Amante<\/strong><\/p>\n\n\n\n<p><strong>Universidade Aberta<\/strong><\/p>\n\n\n\n<p>L\u00facia Amante hat einen Doktortitel in Erziehungswissenschaft. Sie ist Professorin an der Universidade Aberta (UAb), in der Abteilung f\u00fcr Erziehungswissenschaft und Fernunterricht. Sie ist Mitglied des Labors f\u00fcr Fernunterricht und E-Learning der UAb (LE@D), wo sie zur P\u00e4dagogik des Online-Unterrichts forscht, mit besonderem Schwerpunkt auf der digitalen Bewertung des Lernens. Sie koordiniert das ADiC-Projekt, in dessen Rahmen sie regelm\u00e4\u00dfig Fortbildungen von Lehrkr\u00e4ften \u00fcber digitale p\u00e4dagogische Bewertung durchf\u00fchrt. Sie ist Mitautorin des p\u00e4dagogischen Online-Modells der UAb (<em>modelo pedag\u00f3gico virtual da UAb<\/em>).<\/p>\n<\/div>\n\n\n\n<div class=\"wp-block-column is-layout-flow wp-block-column-is-layout-flow\" style=\"flex-basis:25%\"><\/div>\n<\/div>\n\n\n\n<hr class=\"wp-block-separator has-alpha-channel-opacity\"\/>\n\n\n\n<div class=\"wp-block-columns is-layout-flex wp-container-core-columns-is-layout-9d6595d7 wp-block-columns-is-layout-flex\">\n<div class=\"wp-block-column is-layout-flow wp-block-column-is-layout-flow\" style=\"flex-basis:25%\"><div class=\"wp-block-image\">\n<figure class=\"aligncenter size-full is-resized\"><img loading=\"lazy\" decoding=\"async\" src=\"https:\/\/sites.uab.pt\/itel2023-de\/wp-content\/uploads\/sites\/28\/2023\/04\/EAIE-1.jpg\" alt=\"\" class=\"wp-image-2181\" width=\"144\" height=\"216\" srcset=\"https:\/\/sites.uab.pt\/itel2023-de\/wp-content\/uploads\/sites\/28\/2023\/04\/EAIE-1.jpg 510w, https:\/\/sites.uab.pt\/itel2023-de\/wp-content\/uploads\/sites\/28\/2023\/04\/EAIE-1-200x300.jpg 200w\" sizes=\"auto, (max-width: 144px) 100vw, 144px\" \/><\/figure>\n<\/div><\/div>\n\n\n\n<div class=\"wp-block-column is-layout-flow wp-block-column-is-layout-flow\" style=\"flex-basis:50%\">\n<p><strong>Mirjam Hauck<\/strong><\/p>\n\n\n\n<p><strong>Open University, Gro\u00dfbritannien<\/strong><\/p>\n\n\n\n<p>Professor Mirjam Hauck ist stellvertretende Direktorin f\u00fcr Internationalisierung, Gleichberechtigung, Vielfalt und Inklusion an der School of Languages and Applied Linguistics der Open University\/UK und Senior Fellow der UK Higher Education Academy. Sie ist Autorin zahlreicher <a href=\"http:\/\/oro.open.ac.uk\/view\/person\/mch9.html\" data-type=\"URL\" data-id=\"http:\/\/oro.open.ac.uk\/view\/person\/mch9.html\">Artikel und Buchkapitel<\/a> \u00fcber den Einsatz von Technologie beim Lernen und Lehren von Sprachen und Kulturen, insbesondere in Kontexten des virtuellen Austauschs (VE), d. h. des kollaborativen Online-Lernens zwischen Gruppen von Lernenden in unterschiedlichen kulturellen Kontexten und\/oder geografischen Standorten. VE verbindet die tiefgehenden und umfassenden Wirkungen des interkulturellen Dialogs mit der gro\u00dfen Reichweite der digitalen Technologien. Es handelt sich dabei um eine forschungsbasierte Praxis und einen starken Katalysator f\u00fcr die Internationalisierung von Hochschullehrpl\u00e4nen, bekannt als Internationalisation at Home (IaH).<\/p>\n\n\n\n<p>Prof. Dr. Mirjam Hauck h\u00e4lt&nbsp; regelm\u00e4\u00dfig Vortr\u00e4ge auf Konferenzen, Seminaren und Workshops in der ganzen Welt. Sie ist Pr\u00e4sidentin der European Association for Computer Assisted Language Learning (EUROCALL) und Vorsitzende der Language and Culture Expert Community der European Association for International Education (EAIE). Au\u00dferdem ist sie stellvertretende Herausgeberin des CALL Journal und Mitglied des Redaktionsausschusses von ReCALL und LLT.<\/p>\n\n\n\n<p>Sie war Mitbegr\u00fcnderin von UNICollaboration.org und hat als Forscherin an den EU-finanzierten Projekten VAMOS, EVOLVE und ERASMUS PLUS Virtual Exchange teilgenommen.<\/p>\n<\/div>\n\n\n\n<div class=\"wp-block-column is-layout-flow wp-block-column-is-layout-flow\" style=\"flex-basis:25%\"><\/div>\n<\/div>\n","protected":false},"excerpt":{"rendered":"Hauptredner Daniel Cassany Universitat Pompeu Fabra, Spanien Daniel Cassany ist Professor und Forscher f\u00fcr Diskursanalyse an der Universitat Pompeu Fabra in Barcelona (Spanien). Er hat einen Hochschulabschluss in katalanischer Philologie und einen Doktortitel in Sprachdidaktik. Daniel Cassany hat mehr als 20 Monografien und 100 Artikel zum Thema Lesen, Schreiben und Sprachunterricht ver\u00f6ffentlicht. Seit 2004 leitet [&hellip;]","protected":false},"author":1,"featured_media":1978,"parent":0,"menu_order":20,"comment_status":"closed","ping_status":"closed","template":"","meta":{"speak2many_translation":"{\"pt-PT\":{\"url\":\"https:\/\/sites.uab.pt\/itel2023\/conferencistas-plenarios\/#\",\"postID\":null,\"postTitle\":\"\",\"siteID\":25,\"customURL\":true,\"languageInfo\":{\"speak2many_site_api_url\":\"https:\/\/sites.uab.pt\/itel2023\/wp-json\/\",\"name\":\"Portugu\u00eas\",\"locale\":\"pt_PT_ao90\"},\"langKey\":\"pt-PT\"},\"en-GB\":{\"url\":\"https:\/\/sites.uab.pt\/itel2023-en\/keynote-speakers\/#\",\"postID\":null,\"postTitle\":\"\",\"siteID\":27,\"customURL\":true,\"languageInfo\":{\"speak2many_site_api_url\":\"https:\/\/sites.uab.pt\/itel2023-en\/wp-json\/\",\"name\":\"English\",\"locale\":\"en_GB\"},\"langKey\":\"en-GB\"},\"es\":{\"url\":\"https:\/\/sites.uab.pt\/itel2023-es\/conferencistas-plenarios\/\",\"postID\":null,\"postTitle\":\"\",\"siteID\":30,\"customURL\":true,\"languageInfo\":{\"speak2many_site_api_url\":\"https:\/\/sites.uab.pt\/itel2023-es\/wp-json\/\",\"name\":\"Espa\u00f1ol\",\"locale\":\"es_ES\"},\"langKey\":\"es\"},\"de\":{\"url\":\"\",\"postID\":null,\"postTitle\":\"\",\"siteID\":28,\"customURL\":true,\"languageInfo\":{\"name\":\"Deutsch\",\"locale\":\"de_DE\"},\"langKey\":\"de\"},\"fr\":{\"url\":\"https:\/\/sites.uab.pt\/itel2023-fr\/conferences-plenieres\/\",\"postID\":null,\"postTitle\":\"\",\"siteID\":29,\"customURL\":true,\"languageInfo\":{\"speak2many_site_api_url\":\"https:\/\/sites.uab.pt\/itel2023-fr\/wp-json\/\",\"name\":\"Fran\u00e7ais\",\"locale\":\"fr_FR\"},\"langKey\":\"fr\"}}","footnotes":""},"class_list":["post-142","page","type-page","status-publish","has-post-thumbnail","hentry"],"_links":{"self":[{"href":"https:\/\/sites.uab.pt\/itel2023-de\/wp-json\/wp\/v2\/pages\/142","targetHints":{"allow":["GET"]}}],"collection":[{"href":"https:\/\/sites.uab.pt\/itel2023-de\/wp-json\/wp\/v2\/pages"}],"about":[{"href":"https:\/\/sites.uab.pt\/itel2023-de\/wp-json\/wp\/v2\/types\/page"}],"author":[{"embeddable":true,"href":"https:\/\/sites.uab.pt\/itel2023-de\/wp-json\/wp\/v2\/users\/1"}],"replies":[{"embeddable":true,"href":"https:\/\/sites.uab.pt\/itel2023-de\/wp-json\/wp\/v2\/comments?post=142"}],"version-history":[{"count":7,"href":"https:\/\/sites.uab.pt\/itel2023-de\/wp-json\/wp\/v2\/pages\/142\/revisions"}],"predecessor-version":[{"id":2183,"href":"https:\/\/sites.uab.pt\/itel2023-de\/wp-json\/wp\/v2\/pages\/142\/revisions\/2183"}],"wp:featuredmedia":[{"embeddable":true,"href":"https:\/\/sites.uab.pt\/itel2023-de\/wp-json\/wp\/v2\/media\/1978"}],"wp:attachment":[{"href":"https:\/\/sites.uab.pt\/itel2023-de\/wp-json\/wp\/v2\/media?parent=142"}],"curies":[{"name":"wp","href":"https:\/\/api.w.org\/{rel}","templated":true}]}}