{"id":139,"date":"2022-10-19T22:41:51","date_gmt":"2022-10-19T22:41:51","guid":{"rendered":"https:\/\/sites.uab.pt\/congresso-humanidades\/?page_id=139"},"modified":"2023-09-08T21:23:41","modified_gmt":"2023-09-08T21:23:41","slug":"committees","status":"publish","type":"page","link":"https:\/\/sites.uab.pt\/itel2023-en\/committees\/","title":{"rendered":"Committees"},"content":{"rendered":"\n<h2 class=\"wp-block-heading has-text-align-center\">Organizing Committee<\/h2>\n\n\n\n<p class=\"has-text-align-center\"><strong>Universidade Aberta<\/strong><\/p>\n\n\n\n<p class=\"has-text-align-center\">Coordination: Adelina Castelo<\/p>\n\n\n\n<p class=\"has-text-align-center\">Ana Cristina Braz<\/p>\n\n\n\n<p class=\"has-text-align-center\">Antonio Chenoll<\/p>\n\n\n\n<p class=\"has-text-align-center\">\u00c2zar Renani<\/p>\n\n\n\n<p class=\"has-text-align-center\">Cristiana Vasconcelos Rodrigues<\/p>\n\n\n\n<p class=\"has-text-align-center\">Isabel Roboredo Seara<\/p>\n\n\n\n<p class=\"has-text-align-center\">Isabelle Sim\u00f5es Marques<\/p>\n\n\n\n<p class=\"has-text-align-center\">Jeffrey Scott Childs<\/p>\n\n\n\n<p class=\"has-text-align-center\">Katja G\u00f6ttsche Clara<\/p>\n\n\n\n<p class=\"has-text-align-center\">Susana de Magalh\u00e3es Oliveira<\/p>\n\n\n\n<div style=\"height:46px\" aria-hidden=\"true\" class=\"wp-block-spacer\"><\/div>\n\n\n\n<hr class=\"wp-block-separator has-alpha-channel-opacity is-style-wide\"\/>\n\n\n\n<h2 class=\"wp-block-heading has-text-align-center\">Scientific Committee<\/h2>\n\n\n\n<p class=\"has-text-align-center\">Alicia San Mateo Valdehita, Universidad Nacional de Educaci\u00f3n a Distancia<\/p>\n\n\n\n<p class=\"has-text-align-center\">Ana Gon\u00e7alves Matos, Universidade Nova de Lisboa<\/p>\n\n\n\n<p class=\"has-text-align-center\">Ana Lu\u00edsa Costa, Instituto Polit\u00e9cnico de Set\u00fabal<\/p>\n\n\n\n<p class=\"has-text-align-center\">Ana Madeira, Universidade Nova de Lisboa<\/p>\n\n\n\n<p class=\"has-text-align-center\">Andreea Teletin, Universitatea din Bucure\u0219ti<\/p>\n\n\n\n<p class=\"has-text-align-center\">Ant\u00f3nia Estrela, Instituto Polit\u00e9cnico de Lisboa<\/p>\n\n\n\n<p class=\"has-text-align-center\">Beatriz Moriano, Universidade Nova de Lisboa<\/p>\n\n\n\n<p class=\"has-text-align-center\">Christina Dechamps, Universidade Nova de Lisboa<\/p>\n\n\n\n<p class=\"has-text-align-center\">Cristina Martins, Universidade de Coimbra<\/p>\n\n\n\n<p class=\"has-text-align-center\">Daniela Bunn, Universidade Federal de Santa Catarina<\/p>\n\n\n\n<p class=\"has-text-align-center\">Diogo Casanova, Universidade Aberta<\/p>\n\n\n\n<p class=\"has-text-align-center\">F\u00e1tima Silva, Universidade do Porto<\/p>\n\n\n\n<p class=\"has-text-align-center\">Filomena Capucho, Universidade Cat\u00f3lica Portuguesa<\/p>\n\n\n\n<p class=\"has-text-align-center\">Isabel Aires Matos, Instituto Polit\u00e9cnico de Viseu<\/p>\n\n\n\n<p class=\"has-text-align-center\">Isabel Fal\u00e9, Universidade Aberta<\/p>\n\n\n\n<p class=\"has-text-align-center\">Jorge Pinto, Universidade de Lisboa<\/p>\n\n\n\n<p class=\"has-text-align-center\">Jos\u00e9 Coelho de Souza, University of Manchester<\/p>\n\n\n\n<p class=\"has-text-align-center\">Lili Cavalheiro, Universidade Nova de Lisboa<\/p>\n\n\n\n<p class=\"has-text-align-center\">Lina Morgado, Universidade Aberta<\/p>\n\n\n\n<p class=\"has-text-align-center\">Lola Xavier, Universidade Polit\u00e9cnica de Macau \/ Instituto Polit\u00e9cnico de Coimbra<\/p>\n\n\n\n<p class=\"has-text-align-center\">L\u00facia Barbosa, Universidade de Bras\u00edlia<\/p>\n\n\n\n<p class=\"has-text-align-center\">Lu\u00eds Filipe Barbeiro, Instituto Polit\u00e9cnico de Leiria<\/p>\n\n\n\n<p class=\"has-text-align-center\">Manuel C\u00e9lio Concei\u00e7\u00e3o, Universidade do Algarve<\/p>\n\n\n\n<p class=\"has-text-align-center\">Maria Jo\u00e3o Mar\u00e7alo, Universidade de \u00c9vora<\/p>\n\n\n\n<p class=\"has-text-align-center\">Maria Potes Barbas, Instituto Polit\u00e9cnico de Santar\u00e9m<\/p>\n\n\n\n<p class=\"has-text-align-center\">M\u00e1rio Matos, Universidade do Minho<\/p>\n\n\n\n<p class=\"has-text-align-center\">Marta Cerezo, Universidad Nacional de Educaci\u00f3n a Distancia<\/p>\n\n\n\n<p class=\"has-text-align-center\">Paulo Os\u00f3rio, Universidade da Beira Interior<\/p>\n\n\n\n<p class=\"has-text-align-center\">Peter Hanenberg, Universidade Cat\u00f3lica Portuguesa<\/p>\n\n\n\n<p class=\"has-text-align-center\">Rui Ramos, Universidade do Minho<\/p>\n\n\n\n<p class=\"has-text-align-center\">Simon Collin, Universit\u00e9 du Qu\u00e9bec \u00e0 Montr\u00e9al<\/p>\n\n\n\n<p class=\"has-text-align-center\">Veronica Manole, Universitatea Babe\u0219-Bolyai<\/p>\n\n\n\n<div style=\"height:46px\" aria-hidden=\"true\" class=\"wp-block-spacer\"><\/div>\n","protected":false},"excerpt":{"rendered":"Organizing Committee Universidade Aberta Coordination: Adelina Castelo Ana Cristina Braz Antonio Chenoll \u00c2zar Renani Cristiana Vasconcelos Rodrigues Isabel Roboredo Seara Isabelle Sim\u00f5es Marques Jeffrey Scott Childs Katja G\u00f6ttsche Clara Susana de Magalh\u00e3es Oliveira Scientific Committee Alicia San Mateo Valdehita, Universidad Nacional de Educaci\u00f3n a Distancia Ana Gon\u00e7alves Matos, Universidade Nova de Lisboa Ana Lu\u00edsa Costa, [&hellip;]","protected":false},"author":1,"featured_media":1978,"parent":0,"menu_order":10,"comment_status":"closed","ping_status":"closed","template":"","meta":{"speak2many_translation":"{\"pt-PT\":{\"postID\":null,\"postTitle\":\"\",\"siteID\":25,\"customURL\":true,\"languageInfo\":{\"speak2many_site_api_url\":\"https:\/\/sites.uab.pt\/itel2023\/wp-json\/\",\"name\":\"Portugu\u00eas\",\"locale\":\"pt_PT_ao90\"},\"langKey\":\"pt-PT\",\"id\":139,\"url\":\"https:\/\/sites.uab.pt\/itel2023\/comissoes\/#\",\"title\":\"Comiss\u00f5es\",\"type\":\"page\"},\"en-GB\":{\"url\":\"\",\"postID\":null,\"postTitle\":\"\",\"siteID\":27,\"customURL\":true,\"languageInfo\":{\"name\":\"English\",\"locale\":\"en_GB\"},\"langKey\":\"en-GB\"},\"es\":{\"url\":\"https:\/\/sites.uab.pt\/itel2023-es\/comites\/\",\"postID\":null,\"postTitle\":\"\",\"siteID\":30,\"customURL\":true,\"languageInfo\":{\"speak2many_site_api_url\":\"https:\/\/sites.uab.pt\/itel2023-es\/wp-json\/\",\"name\":\"Espa\u00f1ol\",\"locale\":\"es_ES\"},\"langKey\":\"es\"},\"de\":{\"url\":\"https:\/\/sites.uab.pt\/itel2023-de\/ausschuesse\/#\",\"postID\":null,\"postTitle\":\"\",\"siteID\":28,\"customURL\":true,\"languageInfo\":{\"speak2many_site_api_url\":\"https:\/\/sites.uab.pt\/itel2023-de\/wp-json\/\",\"name\":\"Deutsch\",\"locale\":\"de_DE\"},\"langKey\":\"de\"},\"fr\":{\"url\":\"https:\/\/sites.uab.pt\/itel2023-fr\/comites\/\",\"postID\":null,\"postTitle\":\"\",\"siteID\":29,\"customURL\":true,\"languageInfo\":{\"speak2many_site_api_url\":\"https:\/\/sites.uab.pt\/itel2023-fr\/wp-json\/\",\"name\":\"Fran\u00e7ais\",\"locale\":\"fr_FR\"},\"langKey\":\"fr\"}}","footnotes":""},"class_list":["post-139","page","type-page","status-publish","has-post-thumbnail","hentry"],"_links":{"self":[{"href":"https:\/\/sites.uab.pt\/itel2023-en\/wp-json\/wp\/v2\/pages\/139","targetHints":{"allow":["GET"]}}],"collection":[{"href":"https:\/\/sites.uab.pt\/itel2023-en\/wp-json\/wp\/v2\/pages"}],"about":[{"href":"https:\/\/sites.uab.pt\/itel2023-en\/wp-json\/wp\/v2\/types\/page"}],"author":[{"embeddable":true,"href":"https:\/\/sites.uab.pt\/itel2023-en\/wp-json\/wp\/v2\/users\/1"}],"replies":[{"embeddable":true,"href":"https:\/\/sites.uab.pt\/itel2023-en\/wp-json\/wp\/v2\/comments?post=139"}],"version-history":[{"count":10,"href":"https:\/\/sites.uab.pt\/itel2023-en\/wp-json\/wp\/v2\/pages\/139\/revisions"}],"predecessor-version":[{"id":2319,"href":"https:\/\/sites.uab.pt\/itel2023-en\/wp-json\/wp\/v2\/pages\/139\/revisions\/2319"}],"wp:featuredmedia":[{"embeddable":true,"href":"https:\/\/sites.uab.pt\/itel2023-en\/wp-json\/wp\/v2\/media\/1978"}],"wp:attachment":[{"href":"https:\/\/sites.uab.pt\/itel2023-en\/wp-json\/wp\/v2\/media?parent=139"}],"curies":[{"name":"wp","href":"https:\/\/api.w.org\/{rel}","templated":true}]}}