{"id":2340,"date":"2024-02-08T12:48:29","date_gmt":"2024-02-08T12:48:29","guid":{"rendered":"https:\/\/sites.uab.pt\/itel2023-en\/?page_id=2340"},"modified":"2024-02-28T22:25:42","modified_gmt":"2024-02-28T22:25:42","slug":"call-for-publication","status":"publish","type":"page","link":"https:\/\/sites.uab.pt\/itel2023-en\/call-for-publication\/","title":{"rendered":"Call for Publication"},"content":{"rendered":"\n<h2 class=\"wp-block-heading has-text-align-center\">Call for Publication<\/h2>\n\n\n\n<div style=\"height:48px\" aria-hidden=\"true\" class=\"wp-block-spacer\"><\/div>\n\n\n\n<div class=\"wp-block-columns is-layout-flex wp-container-core-columns-is-layout-9d6595d7 wp-block-columns-is-layout-flex\">\n<div class=\"wp-block-column is-layout-flow wp-block-column-is-layout-flow\" style=\"flex-basis:25%\"><\/div>\n\n\n\n<div class=\"wp-block-column is-layout-flow wp-block-column-is-layout-flow\" style=\"flex-basis:50%\">\n<p>The texts resulting from the presentations (papers or workshops) may be published in a thematic issue of the journal&nbsp;<strong><em><a href=\"https:\/\/revistas.rcaap.pt\/lead_read\/index\">RE@D &#8211; Revista de Educa\u00e7\u00e3o a Dist\u00e2ncia e Elearning (Journal of Distance Education and eLearning)<\/a><\/em><\/strong>, if they are accepted after evaluation by the Scientific Committee of the Conference.&nbsp;<\/p>\n\n\n\n<p><strong>Important<\/strong>&nbsp;<strong>information<\/strong><\/p>\n\n\n\n<ul class=\"wp-block-list\">\n<li>Texts must be submitted through the journal\u2019s platform, following the instructions indicated there for authors:&nbsp;<a href=\"https:\/\/revistas.rcaap.pt\/lead_read\/information\/authors\">https:\/\/revistas.rcaap.pt\/lead_read\/information\/authors<\/a>&nbsp;.&nbsp;<\/li>\n\n\n\n<li>When submitting the text, authors must indicate that it is a paper on the theme \u201cinnovation and technology in language teaching\u201d.&nbsp;<\/li>\n\n\n\n<li>The texts submitted may be designed to fit into any section of the journal (Empirical Studies; Theoretical Reflection; Praxis).&nbsp;<\/li>\n<\/ul>\n\n\n\n<p><strong>Dates<\/strong>&nbsp;<\/p>\n\n\n\n<ul class=\"wp-block-list\">\n<li>Text submission:\u00a0<strong>until <s>February 29<\/s> March 14, 2024\u00a0<\/strong><\/li>\n\n\n\n<li>Evaluation and notification of acceptance: until April 30, 2024&nbsp;<\/li>\n\n\n\n<li>Review by the authors of the accepted texts: until May 15, 2024&nbsp;<\/li>\n\n\n\n<li>Publication of the journal\u2019s special issue: by the end of 2024&nbsp;<\/li>\n<\/ul>\n<\/div>\n\n\n\n<div class=\"wp-block-column is-layout-flow wp-block-column-is-layout-flow\" style=\"flex-basis:25%\"><\/div>\n<\/div>\n","protected":false},"excerpt":{"rendered":"Call for Publication The texts resulting from the presentations (papers or workshops) may be published in a thematic issue of the journal&nbsp;RE@D &#8211; Revista de Educa\u00e7\u00e3o a Dist\u00e2ncia e Elearning (Journal of Distance Education and eLearning), if they are accepted after evaluation by the Scientific Committee of the Conference.&nbsp; Important&nbsp;information Dates&nbsp;","protected":false},"author":39,"featured_media":0,"parent":0,"menu_order":0,"comment_status":"closed","ping_status":"closed","template":"","meta":{"speak2many_translation":"","footnotes":""},"class_list":["post-2340","page","type-page","status-publish","hentry"],"_links":{"self":[{"href":"https:\/\/sites.uab.pt\/itel2023-en\/wp-json\/wp\/v2\/pages\/2340","targetHints":{"allow":["GET"]}}],"collection":[{"href":"https:\/\/sites.uab.pt\/itel2023-en\/wp-json\/wp\/v2\/pages"}],"about":[{"href":"https:\/\/sites.uab.pt\/itel2023-en\/wp-json\/wp\/v2\/types\/page"}],"author":[{"embeddable":true,"href":"https:\/\/sites.uab.pt\/itel2023-en\/wp-json\/wp\/v2\/users\/39"}],"replies":[{"embeddable":true,"href":"https:\/\/sites.uab.pt\/itel2023-en\/wp-json\/wp\/v2\/comments?post=2340"}],"version-history":[{"count":3,"href":"https:\/\/sites.uab.pt\/itel2023-en\/wp-json\/wp\/v2\/pages\/2340\/revisions"}],"predecessor-version":[{"id":2344,"href":"https:\/\/sites.uab.pt\/itel2023-en\/wp-json\/wp\/v2\/pages\/2340\/revisions\/2344"}],"wp:attachment":[{"href":"https:\/\/sites.uab.pt\/itel2023-en\/wp-json\/wp\/v2\/media?parent=2340"}],"curies":[{"name":"wp","href":"https:\/\/api.w.org\/{rel}","templated":true}]}}