{"id":142,"date":"2022-10-19T22:42:28","date_gmt":"2022-10-19T22:42:28","guid":{"rendered":"https:\/\/sites.uab.pt\/congresso-humanidades\/?page_id=142"},"modified":"2023-04-18T15:18:06","modified_gmt":"2023-04-18T15:18:06","slug":"conferencistas-plenarios","status":"publish","type":"page","link":"https:\/\/sites.uab.pt\/itel2023-es\/conferencistas-plenarios\/","title":{"rendered":"Conferencistas Plenarios"},"content":{"rendered":"\n<h2 class=\"wp-block-heading has-text-align-center\">Conferencistas Plenarios<\/h2>\n\n\n\n<div style=\"height:74px\" aria-hidden=\"true\" class=\"wp-block-spacer\"><\/div>\n\n\n\n<div class=\"wp-block-columns is-layout-flex wp-container-core-columns-is-layout-9d6595d7 wp-block-columns-is-layout-flex\">\n<div class=\"wp-block-column is-layout-flow wp-block-column-is-layout-flow\" style=\"flex-basis:25%\"><div class=\"wp-block-image\">\n<figure class=\"aligncenter size-large is-resized\"><img loading=\"lazy\" decoding=\"async\" src=\"https:\/\/sites.uab.pt\/itel2023-es\/wp-content\/uploads\/sites\/30\/2023\/04\/daniel-723x1024.jpeg\" alt=\"\" class=\"wp-image-2286\" width=\"147\" height=\"207\" srcset=\"https:\/\/sites.uab.pt\/itel2023-es\/wp-content\/uploads\/sites\/30\/2023\/04\/daniel-723x1024.jpeg 723w, https:\/\/sites.uab.pt\/itel2023-es\/wp-content\/uploads\/sites\/30\/2023\/04\/daniel-212x300.jpeg 212w, https:\/\/sites.uab.pt\/itel2023-es\/wp-content\/uploads\/sites\/30\/2023\/04\/daniel-768x1087.jpeg 768w, https:\/\/sites.uab.pt\/itel2023-es\/wp-content\/uploads\/sites\/30\/2023\/04\/daniel-1085x1536.jpeg 1085w, https:\/\/sites.uab.pt\/itel2023-es\/wp-content\/uploads\/sites\/30\/2023\/04\/daniel.jpeg 1087w\" sizes=\"auto, (max-width: 147px) 100vw, 147px\" \/><\/figure>\n<\/div><\/div>\n\n\n\n<div class=\"wp-block-column is-layout-flow wp-block-column-is-layout-flow\" style=\"flex-basis:50%\">\n<p><strong>Daniel Cassany<\/strong><\/p>\n\n\n\n<p><strong>Universitat Pompeu Fabra, Espa\u00f1a<\/strong><\/p>\n\n\n\n<p>Daniel Cassany es profesor e investigador de An\u00e1lisis del Discurso en la Universitat Pompeu Fabra de Barcelona (Espa\u00f1a). Licenciado en Filolog\u00eda Catalana y doctor en Did\u00e1ctica de la lengua, ha publicado m\u00e1s de 20 monograf\u00edas y 100 art\u00edculos sobre lectura, escritura y did\u00e1ctica de la lengua.\u00a0Desde 2004 dirige el grupo de investigaci\u00f3n sobre\u00a0<em>Literacidad cr\u00edtica<\/em>. Sus \u00faltimos libros son\u00a0<em>El arte de dar clases (seg\u00fan un ling\u00fcista),<\/em>\u00a0de 2021, y\u00a0<em>Met\u00e1foras sospechosas<\/em>, de 2023, ambos en Editorial Anagrama.\u00a0<a rel=\"noreferrer noopener\" href=\"https:\/\/www.upf.edu\/web\/daniel_cassany\/\" target=\"_blank\">https:\/\/www.upf.edu\/web\/daniel_cassany\/<\/a><\/p>\n<\/div>\n\n\n\n<div class=\"wp-block-column is-layout-flow wp-block-column-is-layout-flow\" style=\"flex-basis:25%\"><\/div>\n<\/div>\n\n\n\n<hr class=\"wp-block-separator has-alpha-channel-opacity\"\/>\n\n\n\n<div class=\"wp-block-columns is-layout-flex wp-container-core-columns-is-layout-9d6595d7 wp-block-columns-is-layout-flex\">\n<div class=\"wp-block-column is-layout-flow wp-block-column-is-layout-flow\" style=\"flex-basis:25%\"><div class=\"wp-block-image\">\n<figure class=\"aligncenter size-full is-resized\"><img loading=\"lazy\" decoding=\"async\" src=\"https:\/\/sites.uab.pt\/itel2023-es\/wp-content\/uploads\/sites\/30\/2023\/04\/lucia.jpg\" alt=\"\" class=\"wp-image-2288\" width=\"151\" height=\"182\" srcset=\"https:\/\/sites.uab.pt\/itel2023-es\/wp-content\/uploads\/sites\/30\/2023\/04\/lucia.jpg 588w, https:\/\/sites.uab.pt\/itel2023-es\/wp-content\/uploads\/sites\/30\/2023\/04\/lucia-247x300.jpg 247w\" sizes=\"auto, (max-width: 151px) 100vw, 151px\" \/><\/figure>\n<\/div><\/div>\n\n\n\n<div class=\"wp-block-column is-layout-flow wp-block-column-is-layout-flow\" style=\"flex-basis:50%\">\n<p><strong>L\u00facia Amante <\/strong><\/p>\n\n\n\n<p><strong>Universidade Aberta<\/strong><\/p>\n\n\n\n<p>Doctora en Educaci\u00f3n, L\u00facia Amante es Profesora Asociada de la Universidade Aberta (UAb), Departamento de Educaci\u00f3n y Aprendizaje a Distancia. Integra el Laboratorio de Educaci\u00f3n a Distancia y Elearning de la UAb (LE@D) donde investiga sobre pedagog\u00eda de la educaci\u00f3n en l\u00ednea, con especial foco en la evaluaci\u00f3n digital del aprendizaje. Coordina el Proyecto ADiC, en cuyo \u00e1mbito desarrolla peri\u00f3dicamente la formaci\u00f3n continua de docentes en contexto, sobre evaluaci\u00f3n pedag\u00f3gica digital. Es coautora del modelo pedag\u00f3gico virtual de la UAb.<\/p>\n<\/div>\n\n\n\n<div class=\"wp-block-column is-layout-flow wp-block-column-is-layout-flow\" style=\"flex-basis:25%\"><\/div>\n<\/div>\n\n\n\n<hr class=\"wp-block-separator has-alpha-channel-opacity\"\/>\n\n\n\n<div class=\"wp-block-columns is-layout-flex wp-container-core-columns-is-layout-9d6595d7 wp-block-columns-is-layout-flex\">\n<div class=\"wp-block-column is-layout-flow wp-block-column-is-layout-flow\" style=\"flex-basis:25%\"><div class=\"wp-block-image\">\n<figure class=\"aligncenter size-full is-resized\"><img loading=\"lazy\" decoding=\"async\" src=\"https:\/\/sites.uab.pt\/itel2023-es\/wp-content\/uploads\/sites\/30\/2023\/04\/EAIE-1.jpg\" alt=\"\" class=\"wp-image-2289\" width=\"146\" height=\"219\" srcset=\"https:\/\/sites.uab.pt\/itel2023-es\/wp-content\/uploads\/sites\/30\/2023\/04\/EAIE-1.jpg 510w, https:\/\/sites.uab.pt\/itel2023-es\/wp-content\/uploads\/sites\/30\/2023\/04\/EAIE-1-200x300.jpg 200w\" sizes=\"auto, (max-width: 146px) 100vw, 146px\" \/><\/figure>\n<\/div><\/div>\n\n\n\n<div class=\"wp-block-column is-layout-flow wp-block-column-is-layout-flow\" style=\"flex-basis:50%\">\n<p><strong>Mirjam Hauck<\/strong> <\/p>\n\n\n\n<p><strong>Open University, Reino Unido<\/strong><\/p>\n\n\n\n<p>La Dra. Mirjam Hauck es Directora Asociada de Internacionalizaci\u00f3n, Igualdad, Diversidad e Inclusi\u00f3n en la Escuela de Idiomas y Ling\u00fc\u00edstica Aplicada de la Open University\/Reino Unido y miembro s\u00e9nior de la Higher Education Academy del Reino Unido. Ha escrito numerosos <a href=\"http:\/\/oro.open.ac.uk\/view\/person\/mch9.html\" data-type=\"URL\" data-id=\"http:\/\/oro.open.ac.uk\/view\/person\/mch9.html\">art\u00edculos y cap\u00edtulos de libros<\/a> sobre el uso de tecnolog\u00edas para el aprendizaje y la ense\u00f1anza de lenguas y culturas, en contextos de intercambio virtual (VE por sus siglas em ingl\u00e9s) en particular, es decir, aprendizaje colaborativo en l\u00ednea entre grupos de estudiantes en diferentes contextos culturales y\/o ubicaciones geogr\u00e1ficas. VE combina el profundo impacto del di\u00e1logo intercultural con el amplio alcance de la tecnolog\u00eda digital. Es una pr\u00e1ctica basada en la investigaci\u00f3n y un fuerte catalizador para avanzar en la internacionalizaci\u00f3n de los planes de estudio de ES, conocida como Internacionalizaci\u00f3n en Casa (IaH por sus siglas em ingl\u00e9s). El Dr. Hauck se presenta regularmente en conferencias, seminarios y talleres en todo el mundo. Es presidenta de la Asociaci\u00f3n Europea para el Aprendizaje de Idiomas Asistido por Ordenador (EUROCALL) y presidenta de la Comunidad de Expertos en Idiomas y Cultura de la Asociaci\u00f3n Europea para la Educaci\u00f3n Internacional (EAIE). Desempe\u00f1a labores como editora asociada de CALL Journal y es miembro del consejo editorial de ReCALL y LLT. Es miembro fundador de UNICollaboration.org y co-investigadora en los proyectos VAMOS, EVOLVE y ERASMUS PLUS Virtual Exchange financiados por la UE.<\/p>\n<\/div>\n\n\n\n<div class=\"wp-block-column is-layout-flow wp-block-column-is-layout-flow\" style=\"flex-basis:25%\"><\/div>\n<\/div>\n","protected":false},"excerpt":{"rendered":"Conferencistas Plenarios Daniel Cassany Universitat Pompeu Fabra, Espa\u00f1a Daniel Cassany es profesor e investigador de An\u00e1lisis del Discurso en la Universitat Pompeu Fabra de Barcelona (Espa\u00f1a). Licenciado en Filolog\u00eda Catalana y doctor en Did\u00e1ctica de la lengua, ha publicado m\u00e1s de 20 monograf\u00edas y 100 art\u00edculos sobre lectura, escritura y did\u00e1ctica de la lengua.\u00a0Desde 2004 [&hellip;]","protected":false},"author":1,"featured_media":1978,"parent":0,"menu_order":20,"comment_status":"closed","ping_status":"closed","template":"","meta":{"speak2many_translation":"{\"pt-PT\":{\"url\":\"https:\/\/sites.uab.pt\/itel2023\/conferencistas-plenarios\/#\",\"postID\":null,\"postTitle\":\"\",\"siteID\":25,\"customURL\":true,\"languageInfo\":{\"speak2many_site_api_url\":\"https:\/\/sites.uab.pt\/itel2023\/wp-json\/\",\"name\":\"Portugu\u00eas\",\"locale\":\"pt_PT_ao90\"},\"langKey\":\"pt-PT\"},\"en-GB\":{\"url\":\"https:\/\/sites.uab.pt\/itel2023-en\/keynote-speakers\/#\",\"postID\":null,\"postTitle\":\"\",\"siteID\":27,\"customURL\":true,\"languageInfo\":{\"speak2many_site_api_url\":\"https:\/\/sites.uab.pt\/itel2023-en\/wp-json\/\",\"name\":\"English\",\"locale\":\"en_GB\"},\"langKey\":\"en-GB\"},\"es\":{\"url\":\"\",\"postID\":null,\"postTitle\":\"\",\"siteID\":30,\"customURL\":true,\"languageInfo\":{\"name\":\"Espa\u00f1ol\",\"locale\":\"es_ES\"},\"langKey\":\"es\"},\"de\":{\"url\":\"https:\/\/sites.uab.pt\/itel2023-de\/hauptredner\/#\",\"postID\":null,\"postTitle\":\"\",\"siteID\":28,\"customURL\":true,\"languageInfo\":{\"speak2many_site_api_url\":\"https:\/\/sites.uab.pt\/itel2023-de\/wp-json\/\",\"name\":\"Deutsch\",\"locale\":\"de_DE\"},\"langKey\":\"de\"},\"fr\":{\"url\":\"https:\/\/sites.uab.pt\/itel2023-fr\/conferences-plenieres\/\",\"postID\":null,\"postTitle\":\"\",\"siteID\":29,\"customURL\":true,\"languageInfo\":{\"speak2many_site_api_url\":\"https:\/\/sites.uab.pt\/itel2023-fr\/wp-json\/\",\"name\":\"Fran\u00e7ais\",\"locale\":\"fr_FR\"},\"langKey\":\"fr\"}}","footnotes":""},"class_list":["post-142","page","type-page","status-publish","has-post-thumbnail","hentry"],"_links":{"self":[{"href":"https:\/\/sites.uab.pt\/itel2023-es\/wp-json\/wp\/v2\/pages\/142","targetHints":{"allow":["GET"]}}],"collection":[{"href":"https:\/\/sites.uab.pt\/itel2023-es\/wp-json\/wp\/v2\/pages"}],"about":[{"href":"https:\/\/sites.uab.pt\/itel2023-es\/wp-json\/wp\/v2\/types\/page"}],"author":[{"embeddable":true,"href":"https:\/\/sites.uab.pt\/itel2023-es\/wp-json\/wp\/v2\/users\/1"}],"replies":[{"embeddable":true,"href":"https:\/\/sites.uab.pt\/itel2023-es\/wp-json\/wp\/v2\/comments?post=142"}],"version-history":[{"count":5,"href":"https:\/\/sites.uab.pt\/itel2023-es\/wp-json\/wp\/v2\/pages\/142\/revisions"}],"predecessor-version":[{"id":2290,"href":"https:\/\/sites.uab.pt\/itel2023-es\/wp-json\/wp\/v2\/pages\/142\/revisions\/2290"}],"wp:featuredmedia":[{"embeddable":true,"href":"https:\/\/sites.uab.pt\/itel2023-es\/wp-json\/wp\/v2\/media\/1978"}],"wp:attachment":[{"href":"https:\/\/sites.uab.pt\/itel2023-es\/wp-json\/wp\/v2\/media?parent=142"}],"curies":[{"name":"wp","href":"https:\/\/api.w.org\/{rel}","templated":true}]}}