{"id":154,"date":"2022-10-20T10:47:10","date_gmt":"2022-10-20T10:47:10","guid":{"rendered":"https:\/\/sites.uab.pt\/congresso-humanidades\/?page_id=154"},"modified":"2023-11-05T20:15:58","modified_gmt":"2023-11-05T20:15:58","slug":"contactos-e-inscripciones","status":"publish","type":"page","link":"https:\/\/sites.uab.pt\/itel2023-es\/contactos-e-inscripciones\/","title":{"rendered":"Contactos e Inscripciones"},"content":{"rendered":"\n<h2 class=\"wp-block-heading has-text-align-center\">Contactos<\/h2>\n\n\n\n<p class=\"has-text-align-center\">Para m\u00e1s informaci\u00f3n, por favor, p\u00f3ngase en contacto con:<\/p>\n\n\n\n<p class=\"has-text-align-center\"><a href=\"mailto:elon.dh@uab.pt\">elon.dh@uab.pt<\/a><\/p>\n\n\n\n<p class=\"has-text-align-center\"><a href=\"https:\/\/www.facebook.com\/elonuab\">https:\/\/www.facebook.com\/elonuab<\/a><\/p>\n\n\n\n<p class=\"has-text-align-center\"><a href=\"https:\/\/lead.uab.pt\/elon\/\">https:\/\/lead.uab.pt\/elon\/<\/a><\/p>\n\n\n\n<div style=\"height:50px\" aria-hidden=\"true\" class=\"wp-block-spacer\"><\/div>\n\n\n\n<hr class=\"wp-block-separator has-alpha-channel-opacity\"\/>\n\n\n\n<h2 class=\"wp-block-heading has-text-align-center\">Inscripciones<\/h2>\n\n\n\n<p class=\"has-text-align-center\">Inscripci\u00f3n obligatoria y gratuita <\/p>\n\n\n\n<p class=\"has-text-align-center\">(con o sin presentaci\u00f3n)<\/p>\n\n\n\n<p class=\"has-text-align-center\"><a href=\"https:\/\/forms.gle\/Y5zj3y5bB2ij2HPx7\">https:\/\/forms.gle\/Y5zj3y5bB2ij2HPx7<\/a><\/p>\n\n\n\n<div style=\"height:50px\" aria-hidden=\"true\" class=\"wp-block-spacer\"><\/div>\n","protected":false},"excerpt":{"rendered":"Contactos Para m\u00e1s informaci\u00f3n, por favor, p\u00f3ngase en contacto con: elon.dh@uab.pt https:\/\/www.facebook.com\/elonuab https:\/\/lead.uab.pt\/elon\/ Inscripciones Inscripci\u00f3n obligatoria y gratuita (con o sin presentaci\u00f3n) https:\/\/forms.gle\/Y5zj3y5bB2ij2HPx7","protected":false},"author":1,"featured_media":1978,"parent":0,"menu_order":70,"comment_status":"closed","ping_status":"closed","template":"","meta":{"speak2many_translation":"{\"de\":{\"url\":\"https:\/\/sites.uab.pt\/itel2023-de\/kontakte-und-anmeldung\/\",\"postID\":154,\"postTitle\":\"Kontakte &#038; Anmeldung\",\"siteID\":28,\"customURL\":false,\"type\":\"page\",\"languageInfo\":{\"name\":\"German\",\"locale\":\"de_DE\",\"speak2many_site_api_url\":\"https:\/\/sites.uab.pt\/itel2023-de\/wp-json\/\"}}}","footnotes":""},"class_list":["post-154","page","type-page","status-publish","has-post-thumbnail","hentry"],"_links":{"self":[{"href":"https:\/\/sites.uab.pt\/itel2023-es\/wp-json\/wp\/v2\/pages\/154","targetHints":{"allow":["GET"]}}],"collection":[{"href":"https:\/\/sites.uab.pt\/itel2023-es\/wp-json\/wp\/v2\/pages"}],"about":[{"href":"https:\/\/sites.uab.pt\/itel2023-es\/wp-json\/wp\/v2\/types\/page"}],"author":[{"embeddable":true,"href":"https:\/\/sites.uab.pt\/itel2023-es\/wp-json\/wp\/v2\/users\/1"}],"replies":[{"embeddable":true,"href":"https:\/\/sites.uab.pt\/itel2023-es\/wp-json\/wp\/v2\/comments?post=154"}],"version-history":[{"count":5,"href":"https:\/\/sites.uab.pt\/itel2023-es\/wp-json\/wp\/v2\/pages\/154\/revisions"}],"predecessor-version":[{"id":2312,"href":"https:\/\/sites.uab.pt\/itel2023-es\/wp-json\/wp\/v2\/pages\/154\/revisions\/2312"}],"wp:featuredmedia":[{"embeddable":true,"href":"https:\/\/sites.uab.pt\/itel2023-es\/wp-json\/wp\/v2\/media\/1978"}],"wp:attachment":[{"href":"https:\/\/sites.uab.pt\/itel2023-es\/wp-json\/wp\/v2\/media?parent=154"}],"curies":[{"name":"wp","href":"https:\/\/api.w.org\/{rel}","templated":true}]}}