{"id":2314,"date":"2024-02-08T13:16:58","date_gmt":"2024-02-08T13:16:58","guid":{"rendered":"https:\/\/sites.uab.pt\/itel2023-es\/?page_id=2314"},"modified":"2024-02-28T22:29:24","modified_gmt":"2024-02-28T22:29:24","slug":"peticion-de-contribuciones","status":"publish","type":"page","link":"https:\/\/sites.uab.pt\/itel2023-es\/peticion-de-contribuciones\/","title":{"rendered":"Petici\u00f3n de Contribuciones"},"content":{"rendered":"\n<h2 class=\"wp-block-heading has-text-align-center\">Petici\u00f3n de Contribuciones<\/h2>\n\n\n\n<div style=\"height:51px\" aria-hidden=\"true\" class=\"wp-block-spacer\"><\/div>\n\n\n\n<div class=\"wp-block-columns is-layout-flex wp-container-core-columns-is-layout-9d6595d7 wp-block-columns-is-layout-flex\">\n<div class=\"wp-block-column is-layout-flow wp-block-column-is-layout-flow\" style=\"flex-basis:25%\"><\/div>\n\n\n\n<div class=\"wp-block-column is-layout-flow wp-block-column-is-layout-flow\" style=\"flex-basis:50%\">\n<p>Los textos de las presentaciones realizadas en el congreso (comunicaciones orales o talleres) podr\u00e1n ser publicados en un n\u00famero tem\u00e1tico de la revista <a href=\"https:\/\/revistas.rcaap.pt\/lead_read\/\">RE@D &#8211; Revista de Educa\u00e7\u00e3o a Dist\u00e2ncia e Elearning<\/a>, si son aceptados previa evaluaci\u00f3n por el Comit\u00e9 Cient\u00edfico del Congreso.<\/p>\n\n\n\n<p><strong>Informaciones importantes<\/strong><\/p>\n\n\n\n<p>\u2022 Los art\u00edculos deber\u00e1n enviarse a trav\u00e9s de la plataforma de la revista, siguiendo las instrucciones all\u00ed indicadas para los autores: <a href=\"https:\/\/revistas.rcaap.pt\/lead_read\/information\/authors\">https:\/\/revistas.rcaap.pt\/lead_read\/information\/authors<\/a>.<\/p>\n\n\n\n<p>\u2022 Al enviar el art\u00edculo, los autores deben indicar que se trata de un art\u00edculo sobre el tema \u201cinnovaci\u00f3n y tecnolog\u00eda en la ense\u00f1anza de idiomas\u201d.<\/p>\n\n\n\n<p>\u2022 Los art\u00edculos enviados pueden dise\u00f1arse para encajar en cualquier secci\u00f3n de la revista (Estudios emp\u00edricos; Reflexi\u00f3n te\u00f3rica; Praxis).<\/p>\n\n\n\n<p><strong>Fechas<\/strong><\/p>\n\n\n\n<p>\u2022 Env\u00edo de art\u00edculos: <strong>hasta el <s>29 de febrero<\/s> 14 de marzo de 2024<\/strong><\/p>\n\n\n\n<p>\u2022 Evaluaci\u00f3n y notificaci\u00f3n de aceptaci\u00f3n: hasta el 30 de abril de 2024<\/p>\n\n\n\n<p>\u2022 Revisi\u00f3n por autores de art\u00edculos aceptados: hasta el 15 de mayo de 2024 \u2022 Publicaci\u00f3n del n\u00famero especial de la revista: a&nbsp;finales&nbsp;de&nbsp;2024<\/p>\n<\/div>\n\n\n\n<div class=\"wp-block-column is-layout-flow wp-block-column-is-layout-flow\" style=\"flex-basis:25%\"><\/div>\n<\/div>\n","protected":false},"excerpt":{"rendered":"Petici\u00f3n de Contribuciones Los textos de las presentaciones realizadas en el congreso (comunicaciones orales o talleres) podr\u00e1n ser publicados en un n\u00famero tem\u00e1tico de la revista RE@D &#8211; Revista de Educa\u00e7\u00e3o a Dist\u00e2ncia e Elearning, si son aceptados previa evaluaci\u00f3n por el Comit\u00e9 Cient\u00edfico del Congreso. Informaciones importantes \u2022 Los art\u00edculos deber\u00e1n enviarse a trav\u00e9s [&hellip;]","protected":false},"author":39,"featured_media":0,"parent":0,"menu_order":0,"comment_status":"closed","ping_status":"closed","template":"","meta":{"speak2many_translation":"","footnotes":""},"class_list":["post-2314","page","type-page","status-publish","hentry"],"_links":{"self":[{"href":"https:\/\/sites.uab.pt\/itel2023-es\/wp-json\/wp\/v2\/pages\/2314","targetHints":{"allow":["GET"]}}],"collection":[{"href":"https:\/\/sites.uab.pt\/itel2023-es\/wp-json\/wp\/v2\/pages"}],"about":[{"href":"https:\/\/sites.uab.pt\/itel2023-es\/wp-json\/wp\/v2\/types\/page"}],"author":[{"embeddable":true,"href":"https:\/\/sites.uab.pt\/itel2023-es\/wp-json\/wp\/v2\/users\/39"}],"replies":[{"embeddable":true,"href":"https:\/\/sites.uab.pt\/itel2023-es\/wp-json\/wp\/v2\/comments?post=2314"}],"version-history":[{"count":3,"href":"https:\/\/sites.uab.pt\/itel2023-es\/wp-json\/wp\/v2\/pages\/2314\/revisions"}],"predecessor-version":[{"id":2318,"href":"https:\/\/sites.uab.pt\/itel2023-es\/wp-json\/wp\/v2\/pages\/2314\/revisions\/2318"}],"wp:attachment":[{"href":"https:\/\/sites.uab.pt\/itel2023-es\/wp-json\/wp\/v2\/media?parent=2314"}],"curies":[{"name":"wp","href":"https:\/\/api.w.org\/{rel}","templated":true}]}}