{"id":142,"date":"2022-10-19T22:42:28","date_gmt":"2022-10-19T22:42:28","guid":{"rendered":"https:\/\/sites.uab.pt\/congresso-humanidades\/?page_id=142"},"modified":"2023-04-18T15:11:32","modified_gmt":"2023-04-18T15:11:32","slug":"conferences-plenieres","status":"publish","type":"page","link":"https:\/\/sites.uab.pt\/itel2023-fr\/conferences-plenieres\/","title":{"rendered":"Conf\u00e9rences Pl\u00e9ni\u00e8res"},"content":{"rendered":"\n<h2 class=\"wp-block-heading has-text-align-center\">Conf\u00e9rences Pl\u00e9ni\u00e8res<\/h2>\n\n\n\n<div style=\"height:53px\" aria-hidden=\"true\" class=\"wp-block-spacer\"><\/div>\n\n\n\n<div class=\"wp-block-columns is-layout-flex wp-container-core-columns-is-layout-9d6595d7 wp-block-columns-is-layout-flex\">\n<div class=\"wp-block-column is-layout-flow wp-block-column-is-layout-flow\" style=\"flex-basis:25%\"><div class=\"wp-block-image\">\n<figure class=\"aligncenter size-large is-resized\"><img loading=\"lazy\" decoding=\"async\" src=\"https:\/\/sites.uab.pt\/itel2023-fr\/wp-content\/uploads\/sites\/29\/2023\/04\/daniel-723x1024.jpeg\" alt=\"\" class=\"wp-image-2292\" width=\"168\" height=\"237\" srcset=\"https:\/\/sites.uab.pt\/itel2023-fr\/wp-content\/uploads\/sites\/29\/2023\/04\/daniel-723x1024.jpeg 723w, https:\/\/sites.uab.pt\/itel2023-fr\/wp-content\/uploads\/sites\/29\/2023\/04\/daniel-212x300.jpeg 212w, https:\/\/sites.uab.pt\/itel2023-fr\/wp-content\/uploads\/sites\/29\/2023\/04\/daniel-768x1087.jpeg 768w, https:\/\/sites.uab.pt\/itel2023-fr\/wp-content\/uploads\/sites\/29\/2023\/04\/daniel-1085x1536.jpeg 1085w, https:\/\/sites.uab.pt\/itel2023-fr\/wp-content\/uploads\/sites\/29\/2023\/04\/daniel.jpeg 1087w\" sizes=\"auto, (max-width: 168px) 100vw, 168px\" \/><\/figure>\n<\/div><\/div>\n\n\n\n<div class=\"wp-block-column is-layout-flow wp-block-column-is-layout-flow\" style=\"flex-basis:50%\">\n<p><strong>Daniel Cassany<\/strong><\/p>\n\n\n\n<p><strong>Universitat Pompeu Fabra, Espagne<\/strong><\/p>\n\n\n\n<p>Daniel Cassany est professeur et chercheur en analyse du discours \u00e0 l&#8217;Universitat Pompeu Fabra de Barcelone (Espagne). Dipl\u00f4m\u00e9 en philologie catalane et docteur en didactique des langues, il a publi\u00e9 plus de 20 monographies et de 100 articles sur la lecture, l&#8217;\u00e9criture et l&#8217;enseignement des langues. Depuis 2004, il dirige le groupe de recherche sur la litt\u00e9ratie critique. Ses derniers livres sont <em>El arte de dar clases (seg\u00fan un ling\u00fcista)<\/em>, de 2021, et <em>Met\u00e1foras sospechosas<\/em>, de 2023, tous deux chez Editorial Anagrama. <a href=\"https:\/\/www.upf.edu\/web\/daniel_cassany\/\">https:\/\/www.upf.edu\/web\/daniel_cassany\/<\/a><\/p>\n<\/div>\n\n\n\n<div class=\"wp-block-column is-layout-flow wp-block-column-is-layout-flow\" style=\"flex-basis:25%\"><\/div>\n<\/div>\n\n\n\n<hr class=\"wp-block-separator has-alpha-channel-opacity\"\/>\n\n\n\n<div class=\"wp-block-columns is-layout-flex wp-container-core-columns-is-layout-9d6595d7 wp-block-columns-is-layout-flex\">\n<div class=\"wp-block-column is-layout-flow wp-block-column-is-layout-flow\" style=\"flex-basis:25%\"><div class=\"wp-block-image\">\n<figure class=\"aligncenter size-full is-resized\"><img loading=\"lazy\" decoding=\"async\" src=\"https:\/\/sites.uab.pt\/itel2023-fr\/wp-content\/uploads\/sites\/29\/2023\/04\/lucia.jpg\" alt=\"\" class=\"wp-image-2294\" width=\"162\" height=\"196\" srcset=\"https:\/\/sites.uab.pt\/itel2023-fr\/wp-content\/uploads\/sites\/29\/2023\/04\/lucia.jpg 588w, https:\/\/sites.uab.pt\/itel2023-fr\/wp-content\/uploads\/sites\/29\/2023\/04\/lucia-247x300.jpg 247w\" sizes=\"auto, (max-width: 162px) 100vw, 162px\" \/><\/figure>\n<\/div><\/div>\n\n\n\n<div class=\"wp-block-column is-layout-flow wp-block-column-is-layout-flow\" style=\"flex-basis:50%\">\n<p><strong>L\u00facia Amante<\/strong><\/p>\n\n\n\n<p><strong>Universidade Aberta<\/strong><\/p>\n\n\n\n<p>Docteure en \u00e9ducation, L\u00facia Amante est professeure associ\u00e9e \u00e0 l&#8217;Universidade Aberta (UAb), D\u00e9partement d&#8217;\u00e9ducation et d&#8217;enseignement \u00e0 distance. Elle int\u00e8gre le Laboratoire d&#8217;Enseignement \u00e0 Distance et Elearning de l&#8217;UAb (LE@D) o\u00f9 elle effectue des recherches sur la p\u00e9dagogie de l&#8217;enseignement en ligne, en mettant l\u00b4accent sur l&#8217;\u00e9valuation num\u00e9rique des apprentissages. Elle coordonne le projet ADiC, dans le cadre duquel elle d\u00e9veloppe la formation continue r\u00e9guli\u00e8re des enseignants en contexte, sur l&#8217;\u00e9valuation p\u00e9dagogique num\u00e9rique. Elle est co-auteure du mod\u00e8le p\u00e9dagogique virtuel UAb.<\/p>\n<\/div>\n\n\n\n<div class=\"wp-block-column is-layout-flow wp-block-column-is-layout-flow\" style=\"flex-basis:25%\"><\/div>\n<\/div>\n\n\n\n<hr class=\"wp-block-separator has-alpha-channel-opacity\"\/>\n\n\n\n<div class=\"wp-block-columns is-layout-flex wp-container-core-columns-is-layout-9d6595d7 wp-block-columns-is-layout-flex\">\n<div class=\"wp-block-column is-layout-flow wp-block-column-is-layout-flow\" style=\"flex-basis:25%\"><div class=\"wp-block-image\">\n<figure class=\"aligncenter size-full is-resized\"><img loading=\"lazy\" decoding=\"async\" src=\"https:\/\/sites.uab.pt\/itel2023-fr\/wp-content\/uploads\/sites\/29\/2023\/04\/EAIE-1.jpg\" alt=\"\" class=\"wp-image-2295\" width=\"154\" height=\"231\" srcset=\"https:\/\/sites.uab.pt\/itel2023-fr\/wp-content\/uploads\/sites\/29\/2023\/04\/EAIE-1.jpg 510w, https:\/\/sites.uab.pt\/itel2023-fr\/wp-content\/uploads\/sites\/29\/2023\/04\/EAIE-1-200x300.jpg 200w\" sizes=\"auto, (max-width: 154px) 100vw, 154px\" \/><\/figure>\n<\/div><\/div>\n\n\n\n<div class=\"wp-block-column is-layout-flow wp-block-column-is-layout-flow\" style=\"flex-basis:50%\">\n<p><strong>Mirjam Hauck<\/strong> <\/p>\n\n\n\n<p><strong>Open University, Royaume-Uni<\/strong><\/p>\n\n\n\n<p>Mirjam Hauck est directrice associ\u00e9e pour l&#8217;internationalisation, l&#8217;\u00e9galit\u00e9, la diversit\u00e9 et l&#8217;inclusion \u00e0 l&#8217;\u00c9cole de langues et de linguistique appliqu\u00e9e de l&#8217;Open University\/Royaume-Uni et membre s\u00e9nior de la Higher Education Academy au Royaume-Uni. Elle a \u00e9crit de nombreux <a href=\"http:\/\/oro.open.ac.uk\/view\/person\/mch9.html\" data-type=\"URL\" data-id=\"http:\/\/oro.open.ac.uk\/view\/person\/mch9.html\">articles et chapitres de livres<\/a> sur l&#8217;utilisation des technologies pour l&#8217;apprentissage et l&#8217;enseignement des langues et des cultures, dans des contextes d&#8217;\u00e9changes virtuels (VE) en particulier, l&#8217;apprentissage collaboratif en ligne entre des groupes d&#8217;\u00e9tudiants dans des contextes culturels et\/ou g\u00e9ographiques diff\u00e9rents. Le VE combine l&#8217;impact profond du dialogue interculturel avec la large port\u00e9e de la technologie num\u00e9rique. Il s&#8217;agit d&#8217;une pratique fond\u00e9e sur la recherche et d&#8217;un puissant catalyseur pour faire progresser l&#8217;internationalisation des programmes d&#8217;enseignement sup\u00e9rieur, connue sous le nom d&#8217;Internationalisation \u00e0 la Maison (IaH). Docteure Hauck pr\u00e9sente r\u00e9guli\u00e8rement des conf\u00e9rences, des s\u00e9minaires et des ateliers dans le monde entier. Elle est pr\u00e9sidente de l&#8217;Association europ\u00e9enne pour l&#8217;apprentissage des langues assist\u00e9 par ordinateur (EUROCALL) et pr\u00e9sidente de la communaut\u00e9 d&#8217;experts linguistiques et culturels de l&#8217;Association europ\u00e9enne pour l&#8217;\u00e9ducation internationale (EAIE). Elle est r\u00e9dactrice en chef adjointe du <em>CALL Journal<\/em> et membre du comit\u00e9 de r\u00e9daction de <em>ReCALL<\/em> et LLT. Elle est membre fondatrice d&#8217;UNICollaboration.org et a \u00e9t\u00e9 co-chercheuse dans les projets VAMOS, EVOLVE et ERASMUS PLUS Virtual Exchange financ\u00e9s par l&#8217;UE.<\/p>\n<\/div>\n\n\n\n<div class=\"wp-block-column is-layout-flow wp-block-column-is-layout-flow\" style=\"flex-basis:25%\"><\/div>\n<\/div>\n","protected":false},"excerpt":{"rendered":"Conf\u00e9rences Pl\u00e9ni\u00e8res Daniel Cassany Universitat Pompeu Fabra, Espagne Daniel Cassany est professeur et chercheur en analyse du discours \u00e0 l&#8217;Universitat Pompeu Fabra de Barcelone (Espagne). Dipl\u00f4m\u00e9 en philologie catalane et docteur en didactique des langues, il a publi\u00e9 plus de 20 monographies et de 100 articles sur la lecture, l&#8217;\u00e9criture et l&#8217;enseignement des langues. Depuis [&hellip;]","protected":false},"author":1,"featured_media":1978,"parent":0,"menu_order":20,"comment_status":"closed","ping_status":"closed","template":"","meta":{"speak2many_translation":"{\"pt-PT\":{\"url\":\"https:\/\/sites.uab.pt\/itel2023\/conferencistas-plenarios\/#\",\"postID\":null,\"postTitle\":\"\",\"siteID\":25,\"customURL\":true,\"languageInfo\":{\"speak2many_site_api_url\":\"https:\/\/sites.uab.pt\/itel2023\/wp-json\/\",\"name\":\"Portugu\u00eas\",\"locale\":\"pt_PT_ao90\"},\"langKey\":\"pt-PT\"},\"en-GB\":{\"url\":\"https:\/\/sites.uab.pt\/itel2023-en\/keynote-speakers\/#\",\"postID\":null,\"postTitle\":\"\",\"siteID\":27,\"customURL\":true,\"languageInfo\":{\"speak2many_site_api_url\":\"https:\/\/sites.uab.pt\/itel2023-en\/wp-json\/\",\"name\":\"English\",\"locale\":\"en_GB\"},\"langKey\":\"en-GB\"},\"es\":{\"url\":\"https:\/\/sites.uab.pt\/itel2023-es\/conferencistas-plenarios\/\",\"postID\":null,\"postTitle\":\"\",\"siteID\":30,\"customURL\":true,\"languageInfo\":{\"speak2many_site_api_url\":\"https:\/\/sites.uab.pt\/itel2023-es\/wp-json\/\",\"name\":\"Espa\u00f1ol\",\"locale\":\"es_ES\"},\"langKey\":\"es\"},\"de\":{\"url\":\"https:\/\/sites.uab.pt\/itel2023-de\/hauptredner\/#\",\"postID\":null,\"postTitle\":\"\",\"siteID\":28,\"customURL\":true,\"languageInfo\":{\"speak2many_site_api_url\":\"https:\/\/sites.uab.pt\/itel2023-de\/wp-json\/\",\"name\":\"Deutsch\",\"locale\":\"de_DE\"},\"langKey\":\"de\"},\"fr\":{\"url\":\"\",\"postID\":null,\"postTitle\":\"\",\"siteID\":29,\"customURL\":true,\"languageInfo\":{\"name\":\"Fran\u00e7ais\",\"locale\":\"fr_FR\"},\"langKey\":\"fr\"}}","footnotes":""},"class_list":["post-142","page","type-page","status-publish","has-post-thumbnail","hentry"],"_links":{"self":[{"href":"https:\/\/sites.uab.pt\/itel2023-fr\/wp-json\/wp\/v2\/pages\/142","targetHints":{"allow":["GET"]}}],"collection":[{"href":"https:\/\/sites.uab.pt\/itel2023-fr\/wp-json\/wp\/v2\/pages"}],"about":[{"href":"https:\/\/sites.uab.pt\/itel2023-fr\/wp-json\/wp\/v2\/types\/page"}],"author":[{"embeddable":true,"href":"https:\/\/sites.uab.pt\/itel2023-fr\/wp-json\/wp\/v2\/users\/1"}],"replies":[{"embeddable":true,"href":"https:\/\/sites.uab.pt\/itel2023-fr\/wp-json\/wp\/v2\/comments?post=142"}],"version-history":[{"count":6,"href":"https:\/\/sites.uab.pt\/itel2023-fr\/wp-json\/wp\/v2\/pages\/142\/revisions"}],"predecessor-version":[{"id":2297,"href":"https:\/\/sites.uab.pt\/itel2023-fr\/wp-json\/wp\/v2\/pages\/142\/revisions\/2297"}],"wp:featuredmedia":[{"embeddable":true,"href":"https:\/\/sites.uab.pt\/itel2023-fr\/wp-json\/wp\/v2\/media\/1978"}],"wp:attachment":[{"href":"https:\/\/sites.uab.pt\/itel2023-fr\/wp-json\/wp\/v2\/media?parent=142"}],"curies":[{"name":"wp","href":"https:\/\/api.w.org\/{rel}","templated":true}]}}