{"id":150,"date":"2022-10-20T10:46:29","date_gmt":"2022-10-20T10:46:29","guid":{"rendered":"https:\/\/sites.uab.pt\/congresso-humanidades\/?page_id=150"},"modified":"2023-11-05T15:59:30","modified_gmt":"2023-11-05T15:59:30","slug":"dates-et-lieu","status":"publish","type":"page","link":"https:\/\/sites.uab.pt\/itel2023-fr\/dates-et-lieu\/","title":{"rendered":"Dates et Lieu"},"content":{"rendered":"\n<h2 class=\"wp-block-heading has-text-align-center\">Dates<\/h2>\n\n\n\n<div class=\"wp-block-columns is-layout-flex wp-container-core-columns-is-layout-9d6595d7 wp-block-columns-is-layout-flex\">\n<div class=\"wp-block-column is-layout-flow wp-block-column-is-layout-flow\" style=\"flex-basis:300px\"><\/div>\n\n\n\n<div class=\"wp-block-column is-layout-flow wp-block-column-is-layout-flow\">\n<ul class=\"wp-block-list\">\n<li>22 septembre 2023 | Date limite de soumission des propositions<\/li>\n\n\n\n<li>9 octobre 2023 | Notification d\u2019acceptation&nbsp;<\/li>\n\n\n\n<li>15 octobre 2023 | Date limite d\u2019inscription (avec pr\u00e9sentation)<\/li>\n\n\n\n<li>1er novembre 2023 | Date limite d\u2019inscription (sans pr\u00e9sentation)<\/li>\n<\/ul>\n<\/div>\n<\/div>\n\n\n\n<p><\/p>\n\n\n\n<hr class=\"wp-block-separator has-alpha-channel-opacity\"\/>\n\n\n\n<h2 class=\"wp-block-heading has-text-align-center\">Lieu du congr\u00e8s<\/h2>\n\n\n\n<p class=\"has-text-align-center\"><strong>R\u00e9alisation en ligne via Zoom \/ Horaire de Lisbonne, Portugal<\/strong> <\/p>\n\n\n\n<p class=\"has-text-align-center\"><a href=\"https:\/\/videoconf-colibri.zoom.us\/j\/99543643583\">https:\/\/videoconf-colibri.zoom.us\/j\/99543643583<\/a><\/p>\n\n\n\n<p class=\"has-text-align-center\">(<a href=\"https:\/\/drive.google.com\/file\/d\/1V4BNrN46rPl9RcNoXpXHkYiEZUCrl5GP\/view\" data-type=\"link\" data-id=\"https:\/\/drive.google.com\/file\/d\/1V4BNrN46rPl9RcNoXpXHkYiEZUCrl5GP\/view\">instructions pour l&#8217;acc\u00e8s aux salles parall\u00e8les 1 \u00e0 3<\/a>)<\/p>\n\n\n\n<div style=\"height:40px\" aria-hidden=\"true\" class=\"wp-block-spacer\"><\/div>\n\n\n<div class=\"wp-block-image\">\n<figure class=\"aligncenter size-full is-resized\"><img loading=\"lazy\" decoding=\"async\" width=\"300\" height=\"194\" src=\"https:\/\/sites.uab.pt\/itel2023-fr\/wp-content\/uploads\/sites\/29\/2023\/03\/image.png\" alt=\"\" class=\"wp-image-1838\" style=\"width:314px;height:202px\"\/><figcaption class=\"wp-element-caption\">Pal\u00e1cio Ceia, si\u00e8ge de l\u00b4Universidade Aberta<\/figcaption><\/figure>\n<\/div>\n\n\n<p class=\"has-text-align-center\">Universidade Aberta, Portugal<br><a href=\"https:\/\/portal.uab.pt\/\">https:\/\/portal.uab.pt\/<\/a><\/p>\n\n\n\n<p class=\"has-text-align-center\"><\/p>\n\n\n\n<div style=\"height:41px\" aria-hidden=\"true\" class=\"wp-block-spacer\"><\/div>\n","protected":false},"excerpt":{"rendered":"Dates Lieu du congr\u00e8s R\u00e9alisation en ligne via Zoom \/ Horaire de Lisbonne, Portugal https:\/\/videoconf-colibri.zoom.us\/j\/99543643583 (instructions pour l&#8217;acc\u00e8s aux salles parall\u00e8les 1 \u00e0 3) Universidade Aberta, Portugalhttps:\/\/portal.uab.pt\/","protected":false},"author":1,"featured_media":1978,"parent":0,"menu_order":50,"comment_status":"closed","ping_status":"closed","template":"","meta":{"speak2many_translation":"{\"pt-PT\":{\"url\":\"https:\/\/sites.uab.pt\/itel2023\/datas-e-local\/#\",\"postID\":null,\"postTitle\":\"\",\"siteID\":25,\"customURL\":true,\"languageInfo\":{\"speak2many_site_api_url\":\"https:\/\/sites.uab.pt\/itel2023\/wp-json\/\",\"name\":\"Portugu\u00eas\",\"locale\":\"pt_PT_ao90\"},\"langKey\":\"pt-PT\"},\"en-GB\":{\"url\":\"https:\/\/sites.uab.pt\/itel2023-en\/dates-and-venue\/#\",\"postID\":null,\"postTitle\":\"\",\"siteID\":27,\"customURL\":true,\"languageInfo\":{\"speak2many_site_api_url\":\"https:\/\/sites.uab.pt\/itel2023-en\/wp-json\/\",\"name\":\"English\",\"locale\":\"en_GB\"},\"langKey\":\"en-GB\"},\"es\":{\"url\":\"https:\/\/sites.uab.pt\/itel2023-es\/fechas-y-lugar\/#\",\"postID\":null,\"postTitle\":\"\",\"siteID\":30,\"customURL\":true,\"languageInfo\":{\"speak2many_site_api_url\":\"https:\/\/sites.uab.pt\/itel2023-es\/wp-json\/\",\"name\":\"Espa\u00f1ol\",\"locale\":\"es_ES\"},\"langKey\":\"es\"},\"de\":{\"url\":\"https:\/\/sites.uab.pt\/itel2023-de\/zeitplan-und-veranstaltungsort\/\",\"postID\":null,\"postTitle\":\"\",\"siteID\":28,\"customURL\":true,\"languageInfo\":{\"speak2many_site_api_url\":\"https:\/\/sites.uab.pt\/itel2023-de\/wp-json\/\",\"name\":\"Deutsch\",\"locale\":\"de_DE\"},\"langKey\":\"de\"},\"fr\":{\"url\":\"\",\"postID\":null,\"postTitle\":\"\",\"siteID\":29,\"customURL\":true,\"languageInfo\":{\"name\":\"Fran\u00e7ais\",\"locale\":\"fr_FR\"},\"langKey\":\"fr\"}}","footnotes":""},"class_list":["post-150","page","type-page","status-publish","has-post-thumbnail","hentry"],"_links":{"self":[{"href":"https:\/\/sites.uab.pt\/itel2023-fr\/wp-json\/wp\/v2\/pages\/150","targetHints":{"allow":["GET"]}}],"collection":[{"href":"https:\/\/sites.uab.pt\/itel2023-fr\/wp-json\/wp\/v2\/pages"}],"about":[{"href":"https:\/\/sites.uab.pt\/itel2023-fr\/wp-json\/wp\/v2\/types\/page"}],"author":[{"embeddable":true,"href":"https:\/\/sites.uab.pt\/itel2023-fr\/wp-json\/wp\/v2\/users\/1"}],"replies":[{"embeddable":true,"href":"https:\/\/sites.uab.pt\/itel2023-fr\/wp-json\/wp\/v2\/comments?post=150"}],"version-history":[{"count":9,"href":"https:\/\/sites.uab.pt\/itel2023-fr\/wp-json\/wp\/v2\/pages\/150\/revisions"}],"predecessor-version":[{"id":2320,"href":"https:\/\/sites.uab.pt\/itel2023-fr\/wp-json\/wp\/v2\/pages\/150\/revisions\/2320"}],"wp:featuredmedia":[{"embeddable":true,"href":"https:\/\/sites.uab.pt\/itel2023-fr\/wp-json\/wp\/v2\/media\/1978"}],"wp:attachment":[{"href":"https:\/\/sites.uab.pt\/itel2023-fr\/wp-json\/wp\/v2\/media?parent=150"}],"curies":[{"name":"wp","href":"https:\/\/api.w.org\/{rel}","templated":true}]}}