{"id":142,"date":"2022-10-19T22:42:28","date_gmt":"2022-10-19T22:42:28","guid":{"rendered":"https:\/\/sites.uab.pt\/congresso-humanidades\/?page_id=142"},"modified":"2023-04-18T15:06:44","modified_gmt":"2023-04-18T15:06:44","slug":"conferencistas-plenarios","status":"publish","type":"page","link":"https:\/\/sites.uab.pt\/itel2023\/conferencistas-plenarios\/","title":{"rendered":"Conferencistas Plen\u00e1rios"},"content":{"rendered":"\n<h2 class=\"wp-block-heading has-text-align-center\">Conferencistas Plen\u00e1rios<\/h2>\n\n\n\n<div style=\"height:60px\" aria-hidden=\"true\" class=\"wp-block-spacer\"><\/div>\n\n\n\n<div class=\"wp-block-columns is-layout-flex wp-container-core-columns-is-layout-9d6595d7 wp-block-columns-is-layout-flex\">\n<div class=\"wp-block-column is-layout-flow wp-block-column-is-layout-flow\" style=\"flex-basis:25%\"><div class=\"wp-block-image\">\n<figure class=\"aligncenter size-large is-resized\"><img loading=\"lazy\" decoding=\"async\" src=\"https:\/\/sites.uab.pt\/itel2023\/wp-content\/uploads\/sites\/25\/2022\/10\/daniel-723x1024.jpeg\" alt=\"\" class=\"wp-image-2051\" width=\"199\" height=\"281\" srcset=\"https:\/\/sites.uab.pt\/itel2023\/wp-content\/uploads\/sites\/25\/2022\/10\/daniel-723x1024.jpeg 723w, https:\/\/sites.uab.pt\/itel2023\/wp-content\/uploads\/sites\/25\/2022\/10\/daniel-212x300.jpeg 212w, https:\/\/sites.uab.pt\/itel2023\/wp-content\/uploads\/sites\/25\/2022\/10\/daniel-768x1087.jpeg 768w, https:\/\/sites.uab.pt\/itel2023\/wp-content\/uploads\/sites\/25\/2022\/10\/daniel-1085x1536.jpeg 1085w, https:\/\/sites.uab.pt\/itel2023\/wp-content\/uploads\/sites\/25\/2022\/10\/daniel.jpeg 1087w\" sizes=\"auto, (max-width: 199px) 100vw, 199px\" \/><\/figure>\n<\/div><\/div>\n\n\n\n<div class=\"wp-block-column is-layout-flow wp-block-column-is-layout-flow\" style=\"flex-basis:50%\">\n<p><strong>Daniel Cassany<\/strong><\/p>\n\n\n\n<p><strong>Universitat Pompeu Fabra, Espanha<\/strong><\/p>\n\n\n\n<p>Daniel Cassany \u00e9 professor e investigador de An\u00e1lise do Discurso na Universitat Pompeu Fabra em Barcelona (Espanha). Licenciado em Filologia Catal\u00e3 e Doutor em Did\u00e1tica da L\u00edngua, publicou mais de 20 monografias e 100 artigos sobre leitura, escrita e ensino de l\u00ednguas. Desde 2004 dirige o grupo de investiga\u00e7\u00e3o sobre <em>Literacia Cr\u00edtica<\/em>. Os seus \u00faltimos livros s\u00e3o <em>El arte de dar clases (seg\u00fan un ling\u00fcista)<\/em>, de 2021, e <em>Met\u00e1foras sospechosas<\/em>, de 2023, ambos na Editorial Anagrama. <a href=\"https:\/\/www.upf.edu\/web\/daniel_cassany\/\">https:\/\/www.upf.edu\/web\/daniel_cassany\/<\/a><\/p>\n<\/div>\n\n\n\n<div class=\"wp-block-column is-layout-flow wp-block-column-is-layout-flow\" style=\"flex-basis:25%\"><\/div>\n<\/div>\n\n\n\n<hr class=\"wp-block-separator has-alpha-channel-opacity\"\/>\n\n\n\n<div class=\"wp-block-columns is-layout-flex wp-container-core-columns-is-layout-9d6595d7 wp-block-columns-is-layout-flex\">\n<div class=\"wp-block-column is-layout-flow wp-block-column-is-layout-flow\" style=\"flex-basis:25%\"><div class=\"wp-block-image\">\n<figure class=\"aligncenter size-full is-resized\"><img loading=\"lazy\" decoding=\"async\" src=\"https:\/\/sites.uab.pt\/itel2023\/wp-content\/uploads\/sites\/25\/2022\/10\/lucia.jpg\" alt=\"\" class=\"wp-image-2050\" width=\"190\" height=\"228\"\/><\/figure>\n<\/div><\/div>\n\n\n\n<div class=\"wp-block-column is-layout-flow wp-block-column-is-layout-flow\" style=\"flex-basis:50%\">\n<p><strong>L\u00facia Amante<\/strong><\/p>\n\n\n\n<p><strong>Universidade Aberta<\/strong><\/p>\n\n\n\n<p>Doutora em Educa\u00e7\u00e3o, L\u00facia Amante \u00e9 Professora Associada na Universidade Aberta (UAb), Departamento de Educa\u00e7\u00e3o e Ensino a Dist\u00e2ncia. Integra o Laborat\u00f3rio de Educa\u00e7\u00e3o a Dist\u00e2ncia e Elearning da UAb (LE@D), onde investiga sobre pedagogia da educa\u00e7\u00e3o <em>online<\/em>, com especial foco na avalia\u00e7\u00e3o digital das aprendizagens. Coordena o Projeto ADiC, no \u00e2mbito do qual desenvolve regularmente forma\u00e7\u00e3o cont\u00ednua de professores em contexto, sobre avalia\u00e7\u00e3o pedag\u00f3gica digital. \u00c9 coautora do modelo pedag\u00f3gico virtual da UAb.<\/p>\n<\/div>\n\n\n\n<div class=\"wp-block-column is-layout-flow wp-block-column-is-layout-flow\" style=\"flex-basis:25%\"><\/div>\n<\/div>\n\n\n\n<hr class=\"wp-block-separator has-alpha-channel-opacity\"\/>\n\n\n\n<div class=\"wp-block-columns is-layout-flex wp-container-core-columns-is-layout-9d6595d7 wp-block-columns-is-layout-flex\">\n<div class=\"wp-block-column is-layout-flow wp-block-column-is-layout-flow\" style=\"flex-basis:25%\"><div class=\"wp-block-image\">\n<figure class=\"aligncenter size-full is-resized\"><img loading=\"lazy\" decoding=\"async\" src=\"https:\/\/sites.uab.pt\/itel2023\/wp-content\/uploads\/sites\/25\/2023\/04\/EAIE-1.jpg\" alt=\"\" class=\"wp-image-2046\" width=\"165\" height=\"248\" srcset=\"https:\/\/sites.uab.pt\/itel2023\/wp-content\/uploads\/sites\/25\/2023\/04\/EAIE-1.jpg 510w, https:\/\/sites.uab.pt\/itel2023\/wp-content\/uploads\/sites\/25\/2023\/04\/EAIE-1-200x300.jpg 200w\" sizes=\"auto, (max-width: 165px) 100vw, 165px\" \/><\/figure>\n<\/div><\/div>\n\n\n\n<div class=\"wp-block-column is-layout-flow wp-block-column-is-layout-flow\" style=\"flex-basis:50%\">\n<p><strong>Mirjam Hauck <\/strong><\/p>\n\n\n\n<p><strong>Open University, Reino Unido<\/strong><\/p>\n\n\n\n<p>A Prof. Doutora Mirjam Hauck \u00e9 a Diretora Associada para a Internacionaliza\u00e7\u00e3o, Igualdade, Diversidade e Inclus\u00e3o na School of Languages and Applied Linguistics da Open University\/Reino Unido e membro s\u00e9nior da Higher Education Academy do Reino Unido. \u00c9 autora de numerosos <a href=\"http:\/\/oro.open.ac.uk\/view\/person\/mch9.html\" data-type=\"URL\" data-id=\"http:\/\/oro.open.ac.uk\/view\/person\/mch9.html\">artigos e cap\u00edtulos de livros<\/a> sobre o uso de tecnologias para a aprendizagem e ensino de l\u00ednguas e culturas, em particular em contextos de interc\u00e2mbio virtual (VE, <em>virtual exchange<\/em>), ou seja, aprendizagem colaborativa online entre grupos de alunos em diferentes contextos culturais e\/ou localiza\u00e7\u00f5es geogr\u00e1ficas. O VE combina o impacto profundo do di\u00e1logo intercultural com o amplo alcance da tecnologia digital. \u00c9 uma pr\u00e1tica baseada na investiga\u00e7\u00e3o e um forte catalisador no avan\u00e7o da internacionaliza\u00e7\u00e3o dos curr\u00edculos do Ensino Superior, conhecida como <em>Internationalization at Home<\/em> (IaH). A Prof. Doutora Mirjam Hauck faz apresenta\u00e7\u00f5es frequentes em confer\u00eancias, semin\u00e1rios e workshops em todo o mundo. Ela \u00e9 a presidente da European Association for Computer Assisted Language Learning (EUROCALL) e a presidente da Language and Culture Expert Community da European Association for International Education (EAIE). Desempenha tamb\u00e9m as fun\u00e7\u00f5es de Editora Associada do <em>CALL Journal<\/em> e \u00e9 membro do conselho editorial do <em>ReCALL<\/em> e <em>LLT<\/em>. Foi uma das fundadoras da UNICollaboration.org e foi co-investigadora nos projetos VAMOS, EVOLVE e ERASMUS PLUS Virtual Exchange financiados pela UE.<\/p>\n<\/div>\n\n\n\n<div class=\"wp-block-column is-layout-flow wp-block-column-is-layout-flow\" style=\"flex-basis:25%\"><\/div>\n<\/div>\n","protected":false},"excerpt":{"rendered":"Conferencistas Plen\u00e1rios Daniel Cassany Universitat Pompeu Fabra, Espanha Daniel Cassany \u00e9 professor e investigador de An\u00e1lise do Discurso na Universitat Pompeu Fabra em Barcelona (Espanha). Licenciado em Filologia Catal\u00e3 e Doutor em Did\u00e1tica da L\u00edngua, publicou mais de 20 monografias e 100 artigos sobre leitura, escrita e ensino de l\u00ednguas. Desde 2004 dirige o grupo [&hellip;]","protected":false},"author":1,"featured_media":1978,"parent":0,"menu_order":20,"comment_status":"closed","ping_status":"closed","template":"","meta":{"speak2many_translation":"{\"pt-PT\":{\"url\":\"\",\"postID\":null,\"postTitle\":\"\",\"siteID\":25,\"customURL\":true,\"languageInfo\":{\"name\":\"Portugu\u00eas\",\"locale\":\"pt_PT_ao90\"},\"langKey\":\"pt-PT\"},\"en-GB\":{\"url\":\"https:\/\/sites.uab.pt\/itel2023-en\/keynote-speakers\/#\",\"postID\":null,\"postTitle\":\"\",\"siteID\":27,\"customURL\":true,\"languageInfo\":{\"speak2many_site_api_url\":\"https:\/\/sites.uab.pt\/itel2023-en\/wp-json\/\",\"name\":\"English\",\"locale\":\"en_GB\"},\"langKey\":\"en-GB\"},\"es\":{\"url\":\"https:\/\/sites.uab.pt\/itel2023-es\/conferencistas-plenarios\/\",\"postID\":null,\"postTitle\":\"\",\"siteID\":30,\"customURL\":true,\"languageInfo\":{\"speak2many_site_api_url\":\"https:\/\/sites.uab.pt\/itel2023-es\/wp-json\/\",\"name\":\"Espa\u00f1ol\",\"locale\":\"es_ES\"},\"langKey\":\"es\"},\"de\":{\"url\":\"https:\/\/sites.uab.pt\/itel2023-de\/hauptredner\/#\",\"postID\":null,\"postTitle\":\"\",\"siteID\":28,\"customURL\":true,\"languageInfo\":{\"speak2many_site_api_url\":\"https:\/\/sites.uab.pt\/itel2023-de\/wp-json\/\",\"name\":\"Deutsch\",\"locale\":\"de_DE\"},\"langKey\":\"de\"},\"fr\":{\"url\":\"https:\/\/sites.uab.pt\/itel2023-fr\/conferences-plenieres\/\",\"postID\":null,\"postTitle\":\"\",\"siteID\":29,\"customURL\":true,\"languageInfo\":{\"speak2many_site_api_url\":\"https:\/\/sites.uab.pt\/itel2023-fr\/wp-json\/\",\"name\":\"Fran\u00e7ais\",\"locale\":\"fr_FR\"},\"langKey\":\"fr\"}}","footnotes":""},"class_list":["post-142","page","type-page","status-publish","has-post-thumbnail","hentry"],"_links":{"self":[{"href":"https:\/\/sites.uab.pt\/itel2023\/wp-json\/wp\/v2\/pages\/142","targetHints":{"allow":["GET"]}}],"collection":[{"href":"https:\/\/sites.uab.pt\/itel2023\/wp-json\/wp\/v2\/pages"}],"about":[{"href":"https:\/\/sites.uab.pt\/itel2023\/wp-json\/wp\/v2\/types\/page"}],"author":[{"embeddable":true,"href":"https:\/\/sites.uab.pt\/itel2023\/wp-json\/wp\/v2\/users\/1"}],"replies":[{"embeddable":true,"href":"https:\/\/sites.uab.pt\/itel2023\/wp-json\/wp\/v2\/comments?post=142"}],"version-history":[{"count":15,"href":"https:\/\/sites.uab.pt\/itel2023\/wp-json\/wp\/v2\/pages\/142\/revisions"}],"predecessor-version":[{"id":2087,"href":"https:\/\/sites.uab.pt\/itel2023\/wp-json\/wp\/v2\/pages\/142\/revisions\/2087"}],"wp:featuredmedia":[{"embeddable":true,"href":"https:\/\/sites.uab.pt\/itel2023\/wp-json\/wp\/v2\/media\/1978"}],"wp:attachment":[{"href":"https:\/\/sites.uab.pt\/itel2023\/wp-json\/wp\/v2\/media?parent=142"}],"curies":[{"name":"wp","href":"https:\/\/api.w.org\/{rel}","templated":true}]}}