{"id":1494,"date":"2022-10-19T21:13:18","date_gmt":"2022-10-19T21:13:18","guid":{"rendered":"https:\/\/sites.uab.pt\/congresso-humanidades\/?page_id=2"},"modified":"2024-05-03T13:22:55","modified_gmt":"2024-05-03T13:22:55","slug":"inicio","status":"publish","type":"page","link":"https:\/\/sites.uab.pt\/itel2023\/","title":{"rendered":"Apresenta\u00e7\u00e3o"},"content":{"rendered":"\n<h2 class=\"wp-block-heading has-text-align-center\">3.\u00ba Congresso Internacional<em> <\/em><\/h2>\n\n\n\n<h2 class=\"wp-block-heading has-text-align-center\"><em>Inova\u00e7\u00e3o e Tecnologia no Ensino de L\u00ednguas <\/em>(iTel 2023):<\/h2>\n\n\n\n<h2 class=\"wp-block-heading has-text-align-center\"><em>Avalia\u00e7\u00e3o digital no ensino de l\u00ednguas<\/em><\/h2>\n\n\n\n<h2 class=\"wp-block-heading has-text-align-center\"><\/h2>\n\n\n\n<div style=\"height:50px\" aria-hidden=\"true\" class=\"wp-block-spacer\"><\/div>\n\n\n\n<p><\/p>\n\n\n\n<div class=\"wp-block-columns is-layout-flex wp-container-core-columns-is-layout-9d6595d7 wp-block-columns-is-layout-flex\">\n<div class=\"wp-block-column is-layout-flow wp-block-column-is-layout-flow\" style=\"flex-basis:25%\"><\/div>\n\n\n\n<div class=\"wp-block-column is-layout-flow wp-block-column-is-layout-flow\" style=\"flex-basis:50%\"><div class=\"wp-block-image\">\n<figure class=\"aligncenter size-full\"><img loading=\"lazy\" decoding=\"async\" width=\"592\" height=\"141\" src=\"https:\/\/sites.uab.pt\/itel2023\/wp-content\/uploads\/sites\/25\/2023\/06\/EL@N-3.jpg\" alt=\"\" class=\"wp-image-2093\" srcset=\"https:\/\/sites.uab.pt\/itel2023\/wp-content\/uploads\/sites\/25\/2023\/06\/EL@N-3.jpg 592w, https:\/\/sites.uab.pt\/itel2023\/wp-content\/uploads\/sites\/25\/2023\/06\/EL@N-3-300x71.jpg 300w\" sizes=\"auto, (max-width: 592px) 100vw, 592px\" \/><\/figure>\n<\/div><\/div>\n\n\n\n<div class=\"wp-block-column is-layout-flow wp-block-column-is-layout-flow\" style=\"flex-basis:25%\"><\/div>\n<\/div>\n\n\n\n<p class=\"has-text-align-center\"><strong>6 e 7 de novembro de 2023<\/strong><br>Universidade Aberta, Lisboa, Portugal<\/p>\n\n\n\n<p class=\"has-text-align-center\"><em>Online <\/em>via Zoom \/ Fuso hor\u00e1rio de Lisboa, Portugal<\/p>\n\n\n\n<p class=\"has-text-align-center\"><a href=\"https:\/\/videoconf-colibri.zoom.us\/j\/99543643583\">https:\/\/videoconf-colibri.zoom.us\/j\/99543643583<\/a><\/p>\n\n\n\n<p class=\"has-text-align-center\">(<a href=\"https:\/\/drive.google.com\/file\/d\/1V4BNrN46rPl9RcNoXpXHkYiEZUCrl5GP\/view?usp=sharing\" data-type=\"link\" data-id=\"https:\/\/drive.google.com\/file\/d\/1V4BNrN46rPl9RcNoXpXHkYiEZUCrl5GP\/view?usp=sharing\">instru\u00e7\u00f5es de acesso \u00e0s salas paralelas 1 a 3<\/a>)<\/p>\n\n\n\n<hr class=\"wp-block-separator has-alpha-channel-opacity is-style-default\"\/>\n\n\n\n<figure class=\"wp-block-embed aligncenter is-type-video is-provider-youtube wp-block-embed-youtube wp-embed-aspect-16-9 wp-has-aspect-ratio\"><div class=\"wp-block-embed__wrapper\">\n<iframe loading=\"lazy\" title=\"ITEL23 Momentos\" width=\"500\" height=\"281\" src=\"https:\/\/www.youtube.com\/embed\/g0PoHEFelK0?feature=oembed\" frameborder=\"0\" allow=\"accelerometer; autoplay; clipboard-write; encrypted-media; gyroscope; picture-in-picture; web-share\" referrerpolicy=\"strict-origin-when-cross-origin\" allowfullscreen><\/iframe>\n<\/div><\/figure>\n\n\n\n<h2 class=\"wp-block-heading\"><\/h2>\n\n\n\n<div class=\"wp-block-columns is-layout-flex wp-container-core-columns-is-layout-9d6595d7 wp-block-columns-is-layout-flex\">\n<div class=\"wp-block-column has-small-font-size is-layout-flow wp-block-column-is-layout-flow\" style=\"flex-basis:200px\"><\/div>\n\n\n\n<div class=\"wp-block-column is-layout-flow wp-block-column-is-layout-flow\" style=\"flex-basis:700px\">\n<p>Dando seguimento ao primeiro encontro de 2018 e ao segundo de 2021, o grupo de investiga\u00e7\u00e3o El@n (Ensino de L\u00ednguas <em>Online<\/em>) do LE@D (Laborat\u00f3rio de Educa\u00e7\u00e3o a Dist\u00e2ncia e <em>eLearning<\/em>) e do Departamento de Humanidades da Universidade Aberta organizar\u00e1, nos pr\u00f3ximos dias 6 e 7 de novembro de 2023, o 3.\u00ba Congresso Internacional <em>Inova\u00e7\u00e3o e Tecnologia no Ensino de L\u00ednguas<\/em>, dedicado especialmente \u00e0 avalia\u00e7\u00e3o digital no ensino de l\u00ednguas e culturas.<\/p>\n\n\n\n<p>Este congresso internacional pretende reunir investigadores, docentes e estudantes da \u00e1rea do ensino de l\u00ednguas, maternas ou n\u00e3o-maternas, que se dediquem a temas relacionados com o ensino e a aprendizagem&nbsp;de l\u00ednguas e culturas realizados em contexto virtual ou mediados por tecnologias digitais. <\/p>\n\n\n\n<p>Pretende-se dar impulso \u00e0 reflex\u00e3o te\u00f3rica, bem como \u00e0 partilha de pr\u00e1ticas e de experi\u00eancias sobre o ensino e a aprendizagem de l\u00ednguas e culturas concretizados em ambiente virtual ou mediados&nbsp;por diferentes tecnologias digitais. Tal como o subt\u00edtulo o indica, nesta 3.\u00aa edi\u00e7\u00e3o do congresso, visa-se ainda dar uma aten\u00e7\u00e3o muito especial \u00e0 avalia\u00e7\u00e3o em contexto digital, nomeadamente considerando as quest\u00f5es \u00e9ticas e os novos desafios que levanta.<\/p>\n<\/div>\n\n\n\n<div class=\"wp-block-column is-layout-flow wp-block-column-is-layout-flow\" style=\"flex-basis:100px\"><\/div>\n<\/div>\n\n\n\n<p><\/p>\n","protected":false},"excerpt":{"rendered":"3.\u00ba Congresso Internacional Inova\u00e7\u00e3o e Tecnologia no Ensino de L\u00ednguas (iTel 2023): Avalia\u00e7\u00e3o digital no ensino de l\u00ednguas 6 e 7 de novembro de 2023Universidade Aberta, Lisboa, Portugal Online via Zoom \/ Fuso hor\u00e1rio de Lisboa, Portugal https:\/\/videoconf-colibri.zoom.us\/j\/99543643583 (instru\u00e7\u00f5es de acesso \u00e0s salas paralelas 1 a 3) Dando seguimento ao primeiro encontro de 2018 e [&hellip;]","protected":false},"author":1,"featured_media":1973,"parent":0,"menu_order":0,"comment_status":"closed","ping_status":"open","template":"","meta":{"speak2many_translation":"{\"pt-PT\":{\"url\":\"\",\"postID\":null,\"postTitle\":\"\",\"siteID\":25,\"customURL\":true,\"languageInfo\":{\"name\":\"Portugu\u00eas\",\"locale\":\"pt_PT_ao90\"},\"langKey\":\"pt-PT\"},\"en-GB\":{\"postID\":null,\"postTitle\":\"\",\"siteID\":27,\"customURL\":true,\"languageInfo\":{\"speak2many_site_api_url\":\"https:\/\/sites.uab.pt\/itel2023-en\/wp-json\/\",\"name\":\"English\",\"locale\":\"en_GB\"},\"langKey\":\"en-GB\",\"id\":1494,\"url\":\"https:\/\/sites.uab.pt\/itel2023-en\/#\",\"title\":\"Presentation\",\"type\":\"page\"},\"es\":{\"url\":\"https:\/\/sites.uab.pt\/itel2023-es\/#\",\"postID\":null,\"postTitle\":\"\",\"siteID\":30,\"customURL\":true,\"languageInfo\":{\"speak2many_site_api_url\":\"https:\/\/sites.uab.pt\/itel2023-es\/wp-json\/\",\"name\":\"Espa\u00f1ol\",\"locale\":\"es_ES\"},\"langKey\":\"es\"},\"de\":{\"url\":\"https:\/\/sites.uab.pt\/itel2023-de\/#\",\"postID\":null,\"postTitle\":\"\",\"siteID\":28,\"customURL\":true,\"type\":\"page\",\"languageInfo\":{\"name\":\"German\",\"locale\":\"de_DE\",\"speak2many_site_api_url\":\"https:\/\/sites.uab.pt\/itel2023-de\/wp-json\/\"},\"langKey\":\"de\"},\"fr\":{\"url\":\"https:\/\/sites.uab.pt\/itel2023-fr\/#\",\"postID\":null,\"postTitle\":\"\",\"siteID\":29,\"customURL\":true,\"languageInfo\":{\"speak2many_site_api_url\":\"https:\/\/sites.uab.pt\/itel2023-fr\/wp-json\/\",\"name\":\"Fran\u00e7ais\",\"locale\":\"fr_FR\"},\"langKey\":\"fr\"}}","footnotes":""},"class_list":["post-1494","page","type-page","status-publish","has-post-thumbnail","hentry"],"_links":{"self":[{"href":"https:\/\/sites.uab.pt\/itel2023\/wp-json\/wp\/v2\/pages\/1494","targetHints":{"allow":["GET"]}}],"collection":[{"href":"https:\/\/sites.uab.pt\/itel2023\/wp-json\/wp\/v2\/pages"}],"about":[{"href":"https:\/\/sites.uab.pt\/itel2023\/wp-json\/wp\/v2\/types\/page"}],"author":[{"embeddable":true,"href":"https:\/\/sites.uab.pt\/itel2023\/wp-json\/wp\/v2\/users\/1"}],"replies":[{"embeddable":true,"href":"https:\/\/sites.uab.pt\/itel2023\/wp-json\/wp\/v2\/comments?post=1494"}],"version-history":[{"count":11,"href":"https:\/\/sites.uab.pt\/itel2023\/wp-json\/wp\/v2\/pages\/1494\/revisions"}],"predecessor-version":[{"id":2140,"href":"https:\/\/sites.uab.pt\/itel2023\/wp-json\/wp\/v2\/pages\/1494\/revisions\/2140"}],"wp:featuredmedia":[{"embeddable":true,"href":"https:\/\/sites.uab.pt\/itel2023\/wp-json\/wp\/v2\/media\/1973"}],"wp:attachment":[{"href":"https:\/\/sites.uab.pt\/itel2023\/wp-json\/wp\/v2\/media?parent=1494"}],"curies":[{"name":"wp","href":"https:\/\/api.w.org\/{rel}","templated":true}]}}