{"id":2131,"date":"2024-02-08T12:33:58","date_gmt":"2024-02-08T12:33:58","guid":{"rendered":"https:\/\/sites.uab.pt\/itel2023\/?page_id=2131"},"modified":"2024-02-28T22:24:39","modified_gmt":"2024-02-28T22:24:39","slug":"chamada-de-trabalhos-para-publicacao","status":"publish","type":"page","link":"https:\/\/sites.uab.pt\/itel2023\/chamada-de-trabalhos-para-publicacao\/","title":{"rendered":"Chamada para Publica\u00e7\u00e3o"},"content":{"rendered":"\n<h2 class=\"wp-block-heading has-text-align-center\">Chamada para Publica\u00e7\u00e3o<\/h2>\n\n\n\n<div style=\"height:56px\" aria-hidden=\"true\" class=\"wp-block-spacer\"><\/div>\n\n\n\n<div class=\"wp-block-columns is-layout-flex wp-container-core-columns-is-layout-9d6595d7 wp-block-columns-is-layout-flex\">\n<div class=\"wp-block-column is-layout-flow wp-block-column-is-layout-flow\" style=\"flex-basis:25%\"><\/div>\n\n\n\n<div class=\"wp-block-column is-layout-flow wp-block-column-is-layout-flow\" style=\"flex-basis:50%\">\n<p>Os textos das apresenta\u00e7\u00f5es realizadas no congresso (comunica\u00e7\u00f5es orais ou&nbsp;<em>workshops<\/em>) poder\u00e3o ser publicados num n\u00famero tem\u00e1tico da revista&nbsp;<strong><em><a href=\"https:\/\/revistas.rcaap.pt\/lead_read\/index\">RE@D &#8211; Revista de Educa\u00e7\u00e3o a Dist\u00e2ncia e Elearning<\/a><\/em><\/strong>, se forem aceites ap\u00f3s a avalia\u00e7\u00e3o por parte da Comiss\u00e3o Cient\u00edfica do Congresso. &nbsp;<\/p>\n\n\n\n<p><strong>Informa\u00e7\u00f5es importantes<\/strong>&nbsp;<\/p>\n\n\n\n<ul class=\"wp-block-list\">\n<li>Os artigos dever\u00e3o ser submetidos atrav\u00e9s da plataforma da revista, seguindo as instru\u00e7\u00f5es l\u00e1 indicadas para os autores:&nbsp;<a href=\"https:\/\/revistas.rcaap.pt\/lead_read\/information\/authors\">https:\/\/revistas.rcaap.pt\/lead_read\/information\/authors<\/a>&nbsp;.&nbsp;<\/li>\n\n\n\n<li>Ao submeter o artigo, os autores devem indicar que se trata de um artigo subordinado \u00e0 tem\u00e1tica \u201cinova\u00e7\u00e3o e tecnologia no ensino de l\u00ednguas\u201d.&nbsp;<\/li>\n\n\n\n<li>Os artigos submetidos podem estar pensados para se enquadrarem em qualquer sec\u00e7\u00e3o da revista (Estudos Emp\u00edricos; Reflex\u00e3o Te\u00f3rica; Praxis).&nbsp;<\/li>\n<\/ul>\n\n\n\n<p><strong>Datas<\/strong>&nbsp;<\/p>\n\n\n\n<ul class=\"wp-block-list\">\n<li>Submiss\u00e3o de artigos:\u00a0<strong>at\u00e9 <s>29 de fevereiro<\/s>\u00a014 de mar\u00e7o de 2024\u00a0<\/strong><\/li>\n\n\n\n<li>Avalia\u00e7\u00e3o e notifica\u00e7\u00e3o de aceita\u00e7\u00e3o: at\u00e9 30 de abril de 2024 &nbsp;<\/li>\n\n\n\n<li>Revis\u00e3o pelos autores dos artigos aceites: at\u00e9 15 de maio de 2024&nbsp;<\/li>\n\n\n\n<li>Publica\u00e7\u00e3o do n\u00famero especial da revista: at\u00e9 final de 2024 &nbsp;<\/li>\n<\/ul>\n<\/div>\n\n\n\n<div class=\"wp-block-column is-layout-flow wp-block-column-is-layout-flow\" style=\"flex-basis:25%\"><\/div>\n<\/div>\n","protected":false},"excerpt":{"rendered":"Chamada para Publica\u00e7\u00e3o Os textos das apresenta\u00e7\u00f5es realizadas no congresso (comunica\u00e7\u00f5es orais ou&nbsp;workshops) poder\u00e3o ser publicados num n\u00famero tem\u00e1tico da revista&nbsp;RE@D &#8211; Revista de Educa\u00e7\u00e3o a Dist\u00e2ncia e Elearning, se forem aceites ap\u00f3s a avalia\u00e7\u00e3o por parte da Comiss\u00e3o Cient\u00edfica do Congresso. &nbsp; Informa\u00e7\u00f5es importantes&nbsp; Datas&nbsp;","protected":false},"author":39,"featured_media":0,"parent":0,"menu_order":40,"comment_status":"closed","ping_status":"closed","template":"","meta":{"speak2many_translation":"","footnotes":""},"class_list":["post-2131","page","type-page","status-publish","hentry"],"_links":{"self":[{"href":"https:\/\/sites.uab.pt\/itel2023\/wp-json\/wp\/v2\/pages\/2131","targetHints":{"allow":["GET"]}}],"collection":[{"href":"https:\/\/sites.uab.pt\/itel2023\/wp-json\/wp\/v2\/pages"}],"about":[{"href":"https:\/\/sites.uab.pt\/itel2023\/wp-json\/wp\/v2\/types\/page"}],"author":[{"embeddable":true,"href":"https:\/\/sites.uab.pt\/itel2023\/wp-json\/wp\/v2\/users\/39"}],"replies":[{"embeddable":true,"href":"https:\/\/sites.uab.pt\/itel2023\/wp-json\/wp\/v2\/comments?post=2131"}],"version-history":[{"count":5,"href":"https:\/\/sites.uab.pt\/itel2023\/wp-json\/wp\/v2\/pages\/2131\/revisions"}],"predecessor-version":[{"id":2137,"href":"https:\/\/sites.uab.pt\/itel2023\/wp-json\/wp\/v2\/pages\/2131\/revisions\/2137"}],"wp:attachment":[{"href":"https:\/\/sites.uab.pt\/itel2023\/wp-json\/wp\/v2\/media?parent=2131"}],"curies":[{"name":"wp","href":"https:\/\/api.w.org\/{rel}","templated":true}]}}