{"id":142,"date":"2022-10-19T22:42:28","date_gmt":"2022-10-19T22:42:28","guid":{"rendered":"https:\/\/sites.uab.pt\/congresso-humanidades\/?page_id=142"},"modified":"2025-10-20T22:29:41","modified_gmt":"2025-10-20T21:29:41","slug":"keynote-speakers","status":"publish","type":"page","link":"https:\/\/sites.uab.pt\/itel2025-en\/keynote-speakers\/","title":{"rendered":"Keynote Speakers"},"content":{"rendered":"\n<h2 class=\"wp-block-heading has-text-align-center\">Keynote Speakers<\/h2>\n\n\n\n<hr class=\"wp-block-separator has-alpha-channel-opacity\"\/>\n\n\n\n<div style=\"height:31px\" aria-hidden=\"true\" class=\"wp-block-spacer\"><\/div>\n\n\n\n        \n\n    <div class=\"\">\n        <ul class=\"elements row list-unstyled justify-content-center\">\n            \t\t\t\t<li class=\" flex-column col-12 col-lg-6  d-flex align-items-center element py-3\">\n\t\t\t\t\t\t\t\t\t\t\t<div class=\"d-flex flex-column align-items-center text-decoration-none lb\">\n\t\t\t\t\t\t\t\t\t\t\t\t\t\t\t\t\t\t\t\t\t<div class=\"entry-thumbnail-wrapper-bg\"><div class=\"entry-thumbnail-wrapper\"><img decoding=\"async\" src=\"https:\/\/sites.uab.pt\/itel2025-en\/wp-content\/uploads\/sites\/56\/2025\/09\/PhotoJavier-Munoz-Basols-880x1024-1.jpg\" width=\"880\" height=\"1024\" class=\"attachment-news-list-thumbnails-size size-news-list-thumbnails-size block entry-thumbnail img-fluid\" alt=\"\" srcset=\"https:\/\/sites.uab.pt\/itel2025-en\/wp-content\/uploads\/sites\/56\/2025\/09\/PhotoJavier-Munoz-Basols-880x1024-1.jpg 880w, https:\/\/sites.uab.pt\/itel2025-en\/wp-content\/uploads\/sites\/56\/2025\/09\/PhotoJavier-Munoz-Basols-880x1024-1-258x300.jpg 258w, https:\/\/sites.uab.pt\/itel2025-en\/wp-content\/uploads\/sites\/56\/2025\/09\/PhotoJavier-Munoz-Basols-880x1024-1-768x894.jpg 768w\" sizes=\"auto, (max-width: 880px) 100vw, 880px\"  loading=\"lazy\"><\/div><\/div>\n\t\t\t\t\t\t\t\n\t\t\t\t\t\t\t<div class=\"element-info\">\n\t\t\t\t\t\t\t\t<div class=\"title\">Javier Mu\u00f1oz-Basols<\/div>\n\n\t\t\t\t\t\t\t\t\t\t\t\t\t\t\t\t\t\t\t\t\t\t\t\t\t<dl class=\"affiliation-wrapper\"><dt class=\"affiliation-label visually-hidden\">Affiliation: <\/dt><dd class=\"affiliation-value\">Executive Director, Instituto Cervantes Los Angeles, and Honorary Research Fellow at the University of Seville and the University of Oxford<\/dd><\/dl>\n\t\t\t\t\t\t\t\t\n\t\t\t\t\t\t\t\t\t\t\t\t\t\t\t\t\t\t\t\t\t\t\t\t\t\t\t\t\t\t\t\t\t<div class=\"content w-100\">\n<p>Javier Mu\u00f1oz-Basols is a Beatriz Galindo Distinguished Senior Researcher at the University of Seville (Spain), funded by the Spanish Ministry of Science, Innovation and Universities through a competitive international talent attraction programme. He is also an Honorary Faculty Research Fellow at the University of Oxford (UK), where he spent 15 years as Lecturer, Senior Lecturer in Spanish, and Co-ordinator of Spanish.<\/p>\n\n\n\n<p>His research interests focus on the connections between language contact and multilingualism, the integration of technology\u2014including Artificial Intelligence (AI)\u2014in language learning, and the impact of institutional contexts on language teaching. His work has been featured in prominent Spanish and international media outlets such as El Pa\u00eds, France 24, Radio France Internationale, La Vanguardia, and RNE Radio Exterior. He has delivered keynote addresses at international conferences and events in Argentina, Belgium, Brazil, Canada, Hong Kong, Italy, Japan, Luxembourg, Mexico, Morocco, the Netherlands, Peru, Portugal, Spain, Tunisia, and the UK.<\/p>\n\n\n\n<p>Dr. Mu\u00f1oz-Basols has an extensive publication portfolio that includes 18 books and edited volumes with leading international publishers. He has published in top academic journals such as Applied Linguistics, International Journal of Multilingualism, and Computer Assisted Language Learning. His latest book, Technology-Mediated Language Teaching: From Social Justice to Artificial Intelligence (AI) (Multilingual Matters, 2025), explores innovative research and teaching strategies for integrating technology into language education. He is also the co-founder and Editor-in-Chief of the Journal of Spanish Language Teaching (Routledge). Dr. Mu\u00f1oz-Basols\u2019 societal contributions include serving as President of the Asociaci\u00f3n para la Ense\u00f1anza del Espa\u00f1ol como Lengua Extranjera (Association for the Teaching of Spanish as a Foreign Language) (ASELE), Trustee of the Instituto Cervantes, and corresponding member of the Academia Norteamericana de la Lengua Espa\u00f1ola (North American Academy of the Spanish Language) (ANLE).<\/p>\n<\/div>\n\t\t\t\t\t\t\t\t\t\t\t\t\t\t\t<\/div>\n\t\t\t\t\t\t<\/div>\n\t\t\t\t\t\t\t\t\t<\/li>\n            \t\t\t\t<li class=\" flex-column col-12 col-lg-6  d-flex align-items-center element py-3\">\n\t\t\t\t\t\t\t\t\t\t\t<div class=\"d-flex flex-column align-items-center text-decoration-none lb\">\n\t\t\t\t\t\t\t\t\t\t\t\t\t\t\t\t\t\t\t\t\t<div class=\"entry-thumbnail-wrapper-bg\"><div class=\"entry-thumbnail-wrapper\"><img decoding=\"async\" src=\"https:\/\/sites.uab.pt\/itel2025-en\/wp-content\/uploads\/sites\/56\/2025\/09\/lcmorgado.jpg\" width=\"200\" height=\"205\" class=\"attachment-news-list-thumbnails-size size-news-list-thumbnails-size block entry-thumbnail img-fluid\" alt=\"\"  loading=\"lazy\"><\/div><\/div>\n\t\t\t\t\t\t\t\n\t\t\t\t\t\t\t<div class=\"element-info\">\n\t\t\t\t\t\t\t\t<div class=\"title\">Leonel Morgado<\/div>\n\n\t\t\t\t\t\t\t\t\t\t\t\t\t\t\t\t\t\t\t\t\t\t\t\t\t<dl class=\"affiliation-wrapper\"><dt class=\"affiliation-label visually-hidden\">Affiliation: <\/dt><dd class=\"affiliation-value\">Universidade Aberta<\/dd><\/dl>\n\t\t\t\t\t\t\t\t\n\t\t\t\t\t\t\t\t\t\t\t\t\t\t\t\t\t\t\t\t\t\t\t\t\t\t\t\t\t\t\t\t\t<div class=\"content w-100\">\n<p>Leonel Morgado is Full Professor at Universidade Aberta (UAb), lecturing on research methods, immersive environments, and programming. Senior Researcher at the INESC TEC independent laboratory, and Coordinator of the INESC TEC Nucleus at UAb. Member of the Unit for Development of the Local Learning Centres (UMCLA). Standards Liaison of the IEEE Education Society Technical Committee for Immersive Learning Environments, and Steering Committee &amp; Circle of Scholars member at the Immersive Learning Research Network. Does research on immersive environments since 2000, with emphasis on supporting teaching and learning. He authored over 200 papers. Before his academic career, he was business and technical manager of a hardware import, distribution, and retail company, terminologist for the localization teams of MS Office 97 and Oracle InterOffice, language quality specialist for IBM\/Lotus, and a coordinator of Web-development and software deployment teams. He was also a manager of a cooperative extension team fighting the digital divide in rural villages.<\/p>\n<\/div>\n\t\t\t\t\t\t\t\t\t\t\t\t\t\t\t<\/div>\n\t\t\t\t\t\t<\/div>\n\t\t\t\t\t\t\t\t\t<\/li>\n                    <\/ul>\n    <\/div>\n    <div class=\"clearfix\"><\/div>\n\n\n\n<h2 class=\"wp-block-heading has-text-align-center\">Panellists \u2013 Round Table<\/h2>\n\n\n\n<hr class=\"wp-block-separator has-alpha-channel-opacity\"\/>\n\n\n\n        \n\n    <div class=\"\">\n        <ul class=\"elements row list-unstyled justify-content-center\">\n            \t\t\t\t<li class=\" flex-column col-12 col-lg-6  d-flex align-items-center element py-3\">\n\t\t\t\t\t\t\t\t\t\t\t<div class=\"d-flex flex-column align-items-center text-decoration-none lb\">\n\t\t\t\t\t\t\t\t\t\t\t\t\t\t\t\t\t\t\t\t\t<div class=\"entry-thumbnail-wrapper-bg\"><div class=\"entry-thumbnail-wrapper\"><img decoding=\"async\" src=\"https:\/\/sites.uab.pt\/itel2025-en\/wp-content\/uploads\/sites\/56\/2025\/10\/Antonio-Chenoll-copia.jpg\" width=\"268\" height=\"268\" class=\"attachment-news-list-thumbnails-size size-news-list-thumbnails-size block entry-thumbnail img-fluid\" alt=\"\" srcset=\"https:\/\/sites.uab.pt\/itel2025-en\/wp-content\/uploads\/sites\/56\/2025\/10\/Antonio-Chenoll-copia.jpg 268w, https:\/\/sites.uab.pt\/itel2025-en\/wp-content\/uploads\/sites\/56\/2025\/10\/Antonio-Chenoll-copia-150x150.jpg 150w\" sizes=\"auto, (max-width: 268px) 100vw, 268px\"  loading=\"lazy\"><\/div><\/div>\n\t\t\t\t\t\t\t\n\t\t\t\t\t\t\t<div class=\"element-info\">\n\t\t\t\t\t\t\t\t<div class=\"title\">Antonio Chenoll<\/div>\n\n\t\t\t\t\t\t\t\t\t\t\t\t\t\t\t\t\t\t\t\t\t\t\t\t\t<dl class=\"affiliation-wrapper\"><dt class=\"affiliation-label visually-hidden\">Affiliation: <\/dt><dd class=\"affiliation-value\">Universidade Aberta<\/dd><\/dl>\n\t\t\t\t\t\t\t\t\n\t\t\t\t\t\t\t\t\t\t\t\t\t\t\t\t\t\t\t\t\t\t\t\t\t\t\t\t\t\t\t\t\t<div class=\"content w-100\">\n<p>Antonio Chenoll is a researcher and lecturer specialising in the teaching of foreign languages, digital educational technologies and online learning. He is currently an integrated member of the LE@D (Distance Learning &amp; eLearning Laboratory) at Universidade Aberta (Portugal), where, in addition to teaching, he coordinates the EL@N group within the same laboratory. His research focuses on foreign-language acquisition as a cognitive process through online and multimedia texts, as well as on the production, perception and acquisition of spoken language. He also investigates the use of web technologies, gamification and digital learning in the language-classroom.<\/p>\n<\/div>\n\t\t\t\t\t\t\t\t\t\t\t\t\t\t\t<\/div>\n\t\t\t\t\t\t<\/div>\n\t\t\t\t\t\t\t\t\t<\/li>\n            \t\t\t\t<li class=\" flex-column col-12 col-lg-6  d-flex align-items-center element py-3\">\n\t\t\t\t\t\t\t\t\t\t\t<div class=\"d-flex flex-column align-items-center text-decoration-none lb\">\n\t\t\t\t\t\t\t\t\t\t\t\t\t\t\t\t\t\t\t\t\t<div class=\"entry-thumbnail-wrapper-bg\"><div class=\"entry-thumbnail-wrapper\"><img decoding=\"async\" src=\"https:\/\/sites.uab.pt\/itel2025-en\/wp-content\/uploads\/sites\/56\/2025\/10\/jhopkins-2025.jpg\" width=\"1516\" height=\"1909\" class=\"attachment-news-list-thumbnails-size size-news-list-thumbnails-size block entry-thumbnail img-fluid\" alt=\"\" srcset=\"https:\/\/sites.uab.pt\/itel2025-en\/wp-content\/uploads\/sites\/56\/2025\/10\/jhopkins-2025.jpg 1516w, https:\/\/sites.uab.pt\/itel2025-en\/wp-content\/uploads\/sites\/56\/2025\/10\/jhopkins-2025-238x300.jpg 238w, https:\/\/sites.uab.pt\/itel2025-en\/wp-content\/uploads\/sites\/56\/2025\/10\/jhopkins-2025-813x1024.jpg 813w, https:\/\/sites.uab.pt\/itel2025-en\/wp-content\/uploads\/sites\/56\/2025\/10\/jhopkins-2025-768x967.jpg 768w, https:\/\/sites.uab.pt\/itel2025-en\/wp-content\/uploads\/sites\/56\/2025\/10\/jhopkins-2025-1220x1536.jpg 1220w\" sizes=\"auto, (max-width: 1516px) 100vw, 1516px\"  loading=\"lazy\"><\/div><\/div>\n\t\t\t\t\t\t\t\n\t\t\t\t\t\t\t<div class=\"element-info\">\n\t\t\t\t\t\t\t\t<div class=\"title\">Joseph\u00a0Hopkins<\/div>\n\n\t\t\t\t\t\t\t\t\t\t\t\t\t\t\t\t\t\t\t\t\t\t\t\t\t<dl class=\"affiliation-wrapper\"><dt class=\"affiliation-label visually-hidden\">Affiliation: <\/dt><dd class=\"affiliation-value\">Universitat Oberta de Catalunya<\/dd><\/dl>\n\t\t\t\t\t\t\t\t\n\t\t\t\t\t\t\t\t\t\t\t\t\t\t\t\t\t\t\t\t\t\t\t\t\t\t\t\t\t\t\t\t\t<div class=\"content w-100\">\n<p>Recently retired, but still active,\u00a0Joseph\u00a0Hopkins is a language teacher\/teacher trainer and is the former Director of the Centre for Modern Languages at the Universitat Oberta de Catalunya, a totally online institution. He is also a team member of the project ICT-REV, an teacher development initiative financed by the European Centre for Modern Languages (ECML) and the European Commission. His research interests are technology-enhanced language teaching and learning, language teaching management, and ICT training for language teachers.<\/p>\n<\/div>\n\t\t\t\t\t\t\t\t\t\t\t\t\t\t\t<\/div>\n\t\t\t\t\t\t<\/div>\n\t\t\t\t\t\t\t\t\t<\/li>\n            \t\t\t\t<li class=\" flex-column col-12 col-lg-6  d-flex align-items-center element py-3\">\n\t\t\t\t\t\t\t\t\t\t\t<div class=\"d-flex flex-column align-items-center text-decoration-none lb\">\n\t\t\t\t\t\t\t\t\t\t\t\t\t\t\t\t\t\t\t\t\t<div class=\"entry-thumbnail-wrapper-bg\"><div class=\"entry-thumbnail-wrapper\"><img decoding=\"async\" src=\"https:\/\/sites.uab.pt\/itel2025-en\/wp-content\/uploads\/sites\/56\/2025\/10\/PILAR-RODRIGUEZ-ARANCON.jpg\" width=\"483\" height=\"400\" class=\"attachment-news-list-thumbnails-size size-news-list-thumbnails-size block entry-thumbnail img-fluid\" alt=\"\" srcset=\"https:\/\/sites.uab.pt\/itel2025-en\/wp-content\/uploads\/sites\/56\/2025\/10\/PILAR-RODRIGUEZ-ARANCON.jpg 483w, https:\/\/sites.uab.pt\/itel2025-en\/wp-content\/uploads\/sites\/56\/2025\/10\/PILAR-RODRIGUEZ-ARANCON-300x248.jpg 300w\" sizes=\"auto, (max-width: 483px) 100vw, 483px\"  loading=\"lazy\"><\/div><\/div>\n\t\t\t\t\t\t\t\n\t\t\t\t\t\t\t<div class=\"element-info\">\n\t\t\t\t\t\t\t\t<div class=\"title\">Pilar Rodr\u00edguez-Aranc\u00f3n<\/div>\n\n\t\t\t\t\t\t\t\t\t\t\t\t\t\t\t\t\n\t\t\t\t\t\t\t\t\t\t\t\t\t\t\t\t\t\t\t\t\t\t\t\t\t\t\t\t\t\t\t\t\t<div class=\"content w-100\">\n<p>Pilar Rodr\u00edguez-Aranc\u00f3n works at the Department of Foreign Philologies and their Linguistics, National Distance Education University (UNED). Her research interests focus on Intercultural Communication and the didactic use of Audiovisual Translation. Her current projects is Green GECKO, which aims to improve Asian engineers&#8217; green skills through online learning modules. She is a member of the TRADIT Research Group which specializes in three main research areas: audiovisual translation, media accessibility, and language learning. Pilar has managed\u00a0UNED&#8217;s Language Centre for the past six years.<\/p>\n<\/div>\n\t\t\t\t\t\t\t\t\t\t\t\t\t\t\t<\/div>\n\t\t\t\t\t\t<\/div>\n\t\t\t\t\t\t\t\t\t<\/li>\n            \t\t\t\t<li class=\" flex-column col-12 col-lg-6  d-flex align-items-center element py-3\">\n\t\t\t\t\t\t\t\t\t\t\t<div class=\"d-flex flex-column align-items-center text-decoration-none lb\">\n\t\t\t\t\t\t\t\t\t\t\t\t\t\t\t\t\t\t\t\t\t<div class=\"entry-thumbnail-wrapper-bg\"><div class=\"entry-thumbnail-wrapper\"><img decoding=\"async\" src=\"https:\/\/sites.uab.pt\/itel2025-en\/wp-content\/uploads\/sites\/56\/2025\/10\/Ursula-Stickler.jpg\" width=\"450\" height=\"600\" class=\"attachment-news-list-thumbnails-size size-news-list-thumbnails-size block entry-thumbnail img-fluid\" alt=\"\" srcset=\"https:\/\/sites.uab.pt\/itel2025-en\/wp-content\/uploads\/sites\/56\/2025\/10\/Ursula-Stickler.jpg 450w, https:\/\/sites.uab.pt\/itel2025-en\/wp-content\/uploads\/sites\/56\/2025\/10\/Ursula-Stickler-225x300.jpg 225w\" sizes=\"auto, (max-width: 450px) 100vw, 450px\"  loading=\"lazy\"><\/div><\/div>\n\t\t\t\t\t\t\t\n\t\t\t\t\t\t\t<div class=\"element-info\">\n\t\t\t\t\t\t\t\t<div class=\"title\">Ursula Stickler<\/div>\n\n\t\t\t\t\t\t\t\t\t\t\t\t\t\t\t\t\n\t\t\t\t\t\t\t\t\t\t\t\t\t\t\t\t\t\t\t\t\t\t\t\t\t\t\t\t\t\t\t\t\t<div class=\"content w-100\">\n<p>Ursula Stickler is Professor of Online Language Teaching at the Open University, UK, a distance teaching institution. Her research deals with technology enhanced language learning, teacher training, and qualitative research design. Across Europe and beyond she has worked with language teachers on integrating technology into their language teaching practice. She is co-editor of the Castledown book series &#8220;Developing online language pedagogies&#8221; and the &#8220;Bloomsbury Handbook of Language Learning and Technology&#8221;; and has co-edited numerous special issues and book projects.<\/p>\n<\/div>\n\t\t\t\t\t\t\t\t\t\t\t\t\t\t\t<\/div>\n\t\t\t\t\t\t<\/div>\n\t\t\t\t\t\t\t\t\t<\/li>\n                    <\/ul>\n    <\/div>\n    <div class=\"clearfix\"><\/div>\n","protected":false},"excerpt":{"rendered":"Keynote Speakers Panellists \u2013 Round Table","protected":false},"author":1,"featured_media":2356,"parent":0,"menu_order":20,"comment_status":"closed","ping_status":"closed","template":"","meta":{"speak2many_translation":"{\"pt-PT\":{\"postID\":null,\"postTitle\":\"\",\"siteID\":25,\"customURL\":true,\"languageInfo\":{\"speak2many_site_api_url\":\"https:\/\/sites.uab.pt\/itel2023\/wp-json\/\",\"name\":\"Portugu\u00eas\",\"locale\":\"pt_PT_ao90\"},\"langKey\":\"pt-PT\",\"url\":\"https:\/\/sites.uab.pt\/itel2025\/conferencistas-plenarios\/#\"},\"en-GB\":{\"url\":\"\",\"postID\":null,\"postTitle\":\"\",\"siteID\":27,\"customURL\":true,\"languageInfo\":{\"name\":\"English\",\"locale\":\"en_GB\"},\"langKey\":\"en-GB\"},\"es\":{\"postID\":null,\"postTitle\":\"\",\"siteID\":30,\"customURL\":true,\"languageInfo\":{\"speak2many_site_api_url\":\"https:\/\/sites.uab.pt\/itel2023-es\/wp-json\/\",\"name\":\"Espa\u00f1ol\",\"locale\":\"es_ES\"},\"langKey\":\"es\",\"url\":\"https:\/\/sites.uab.pt\/itel2025-es\/conferencistas-plenarios\/\"},\"de\":{\"postID\":null,\"postTitle\":\"\",\"siteID\":28,\"customURL\":true,\"languageInfo\":{\"speak2many_site_api_url\":\"https:\/\/sites.uab.pt\/itel2023-de\/wp-json\/\",\"name\":\"Deutsch\",\"locale\":\"de_DE\"},\"langKey\":\"de\",\"url\":\"https:\/\/sites.uab.pt\/itel2025-de\/hauptredner\/#\"},\"fr\":{\"postID\":null,\"postTitle\":\"\",\"siteID\":29,\"customURL\":true,\"languageInfo\":{\"speak2many_site_api_url\":\"https:\/\/sites.uab.pt\/itel2023-fr\/wp-json\/\",\"name\":\"Fran\u00e7ais\",\"locale\":\"fr_FR\"},\"langKey\":\"fr\",\"url\":\"https:\/\/sites.uab.pt\/itel2025-fr\/conferences-plenieres\/\"}}","footnotes":""},"class_list":["post-142","page","type-page","status-publish","has-post-thumbnail","hentry"],"_links":{"self":[{"href":"https:\/\/sites.uab.pt\/itel2025-en\/wp-json\/wp\/v2\/pages\/142","targetHints":{"allow":["GET"]}}],"collection":[{"href":"https:\/\/sites.uab.pt\/itel2025-en\/wp-json\/wp\/v2\/pages"}],"about":[{"href":"https:\/\/sites.uab.pt\/itel2025-en\/wp-json\/wp\/v2\/types\/page"}],"author":[{"embeddable":true,"href":"https:\/\/sites.uab.pt\/itel2025-en\/wp-json\/wp\/v2\/users\/1"}],"replies":[{"embeddable":true,"href":"https:\/\/sites.uab.pt\/itel2025-en\/wp-json\/wp\/v2\/comments?post=142"}],"version-history":[{"count":14,"href":"https:\/\/sites.uab.pt\/itel2025-en\/wp-json\/wp\/v2\/pages\/142\/revisions"}],"predecessor-version":[{"id":2453,"href":"https:\/\/sites.uab.pt\/itel2025-en\/wp-json\/wp\/v2\/pages\/142\/revisions\/2453"}],"wp:featuredmedia":[{"embeddable":true,"href":"https:\/\/sites.uab.pt\/itel2025-en\/wp-json\/wp\/v2\/media\/2356"}],"wp:attachment":[{"href":"https:\/\/sites.uab.pt\/itel2025-en\/wp-json\/wp\/v2\/media?parent=142"}],"curies":[{"name":"wp","href":"https:\/\/api.w.org\/{rel}","templated":true}]}}