{"id":142,"date":"2022-10-19T22:42:28","date_gmt":"2022-10-19T22:42:28","guid":{"rendered":"https:\/\/sites.uab.pt\/congresso-humanidades\/?page_id=142"},"modified":"2025-10-20T22:28:56","modified_gmt":"2025-10-20T21:28:56","slug":"conferencistas-plenarios","status":"publish","type":"page","link":"https:\/\/sites.uab.pt\/itel2025-es\/conferencistas-plenarios\/","title":{"rendered":"Conferencistas Plenarios"},"content":{"rendered":"\n<h2 class=\"wp-block-heading has-text-align-center\">Conferencistas Plenarios<\/h2>\n\n\n\n<hr class=\"wp-block-separator has-alpha-channel-opacity\"\/>\n\n\n\n<div style=\"height:31px\" aria-hidden=\"true\" class=\"wp-block-spacer\"><\/div>\n\n\n\n        \n\n    <div class=\"\">\n        <ul class=\"elements row list-unstyled justify-content-center\">\n            \t\t\t\t<li class=\" flex-column col-12 col-lg-6  d-flex align-items-center element py-3\">\n\t\t\t\t\t\t\t\t\t\t\t<div class=\"d-flex flex-column align-items-center text-decoration-none lb\">\n\t\t\t\t\t\t\t\t\t\t\t\t\t\t\t\t\t\t\t\t\t<div class=\"entry-thumbnail-wrapper-bg\"><div class=\"entry-thumbnail-wrapper\"><img decoding=\"async\" src=\"https:\/\/sites.uab.pt\/itel2025-es\/wp-content\/uploads\/sites\/59\/2025\/09\/lcmorgado.jpg\" width=\"200\" height=\"205\" class=\"attachment-news-list-thumbnails-size size-news-list-thumbnails-size block entry-thumbnail img-fluid\" alt=\"\"  loading=\"lazy\"><\/div><\/div>\n\t\t\t\t\t\t\t\n\t\t\t\t\t\t\t<div class=\"element-info\">\n\t\t\t\t\t\t\t\t<div class=\"title\">Leonel Morgado<\/div>\n\n\t\t\t\t\t\t\t\t\t\t\t\t\t\t\t\t\t\t\t\t\t\t\t\t\t<dl class=\"affiliation-wrapper\"><dt class=\"affiliation-label visually-hidden\">Affiliation: <\/dt><dd class=\"affiliation-value\">Universidade Aberta<\/dd><\/dl>\n\t\t\t\t\t\t\t\t\n\t\t\t\t\t\t\t\t\t\t\t\t\t\t\t\t\t\t\t\t\t\t\t\t\t\t\t\t\t\t\t\t\t<div class=\"content w-100\">\n<p>Leonel Morgado es Catedr\u00e1tico en la&nbsp;<em>Universidade Aberta<\/em>&nbsp;(UAb). Imparte docencia en m\u00e9todos de investigaci\u00f3n, entornos inmersivos y programaci\u00f3n. Es Investigador S\u00e9nior en INESC TEC, Laboratorio Asociado, y coordinador del N\u00facleo de INESC TEC en la UAb. Integra la Unidad de Desarrollo de los Centros Locales de Aprendizaje (UMCLA). Es Adjunto para Normas de la Comisi\u00f3n T\u00e9cnica de Entornos de Aprendizaje Inmersivos de la IEEE&nbsp;<em>Education Society<\/em>. Miembro de la Comisi\u00f3n Directiva y del C\u00edrculo de Acad\u00e9micos de la&nbsp;<em>Immersive Learning Research Network<\/em>. Realiza investigaci\u00f3n cient\u00edfica y desarrollo tecnol\u00f3gico sobre entornos inmersivos desde el a\u00f1o 2000, en apoyo a la ense\u00f1anza y el aprendizaje. Es autor de m\u00e1s de 200 publicaciones cient\u00edficas.<\/p>\n\n\n\n<p>Antes de su carrera acad\u00e9mica fue director t\u00e9cnico-comercial de una empresa de importaci\u00f3n, distribuci\u00f3n y venta de&nbsp;<em>hardware<\/em>, termin\u00f3logo en la localizaci\u00f3n de Microsoft Office 97 y Oracle InterOffice, consultor ling\u00fc\u00edstico en IBM\/Lotus, coordinador de equipos de desarrollo web e implantaci\u00f3n de software, y gestor de equipos de lucha contra la infoexclusi\u00f3n en la regi\u00f3n de Tr\u00e1s-os-Montes y Alto Douro.<\/p>\n<\/div>\n\t\t\t\t\t\t\t\t\t\t\t\t\t\t\t<\/div>\n\t\t\t\t\t\t<\/div>\n\t\t\t\t\t\t\t\t\t<\/li>\n            \t\t\t\t<li class=\" flex-column col-12 col-lg-6  d-flex align-items-center element py-3\">\n\t\t\t\t\t\t\t\t\t\t\t<div class=\"d-flex flex-column align-items-center text-decoration-none lb\">\n\t\t\t\t\t\t\t\t\t\t\t\t\t\t\t\t\t\t\t\t\t<div class=\"entry-thumbnail-wrapper-bg\"><div class=\"entry-thumbnail-wrapper\"><img decoding=\"async\" src=\"https:\/\/sites.uab.pt\/itel2025-es\/wp-content\/uploads\/sites\/59\/2025\/09\/PhotoJavier-Munoz-Basols-880x1024-1.jpg\" width=\"880\" height=\"1024\" class=\"attachment-news-list-thumbnails-size size-news-list-thumbnails-size block entry-thumbnail img-fluid\" alt=\"\" srcset=\"https:\/\/sites.uab.pt\/itel2025-es\/wp-content\/uploads\/sites\/59\/2025\/09\/PhotoJavier-Munoz-Basols-880x1024-1.jpg 880w, https:\/\/sites.uab.pt\/itel2025-es\/wp-content\/uploads\/sites\/59\/2025\/09\/PhotoJavier-Munoz-Basols-880x1024-1-258x300.jpg 258w, https:\/\/sites.uab.pt\/itel2025-es\/wp-content\/uploads\/sites\/59\/2025\/09\/PhotoJavier-Munoz-Basols-880x1024-1-768x894.jpg 768w\" sizes=\"auto, (max-width: 880px) 100vw, 880px\"  loading=\"lazy\"><\/div><\/div>\n\t\t\t\t\t\t\t\n\t\t\t\t\t\t\t<div class=\"element-info\">\n\t\t\t\t\t\t\t\t<div class=\"title\">Javier Mu\u00f1oz-Basols<\/div>\n\n\t\t\t\t\t\t\t\t\t\t\t\t\t\t\t\t\t\t\t\t\t\t\t\t\t<dl class=\"affiliation-wrapper\"><dt class=\"affiliation-label visually-hidden\">Affiliation: <\/dt><dd class=\"affiliation-value\">Executive Director, Instituto Cervantes Los Angeles, and Honorary Research Fellow at the University of Seville and the University of Oxford<\/dd><\/dl>\n\t\t\t\t\t\t\t\t\n\t\t\t\t\t\t\t\t\t\t\t\t\t\t\t\t\t\t\t\t\t\t\t\t\t\t\t\t\t\t\t\t\t<div class=\"content w-100\">\n<p id=\"block-b9cb9fe8-bb93-4b1b-a75b-dc6b1988d8cd\">Javier Mu\u00f1oz-Basols es <em>Beatriz Galindo Distinguished Senior Researcher<\/em> en la Universidad de Sevilla (Espa\u00f1a), financiado por el Ministerio de Ciencia, Innovaci\u00f3n y Universidades a trav\u00e9s de un programa competitivo de atracci\u00f3n internacional de talento. Asimismo, es <em>Honorary Faculty Research Fellow<\/em> en la Universidad de Oxford (Reino Unido), donde trabaj\u00f3 durante 15 a\u00f1os como <em>Lecturer, Senior Lecturer<\/em> en espa\u00f1ol y Coordinador de espa\u00f1ol.<\/p>\n\n\n\n<p id=\"block-3937d341-febd-492e-a1f1-407332331b55\">Sus l\u00edneas de investigaci\u00f3n se centran en las conexiones entre el contacto ling\u00fc\u00edstico y el multiling\u00fcismo, la integraci\u00f3n de la tecnolog\u00eda \u2014incluida la Inteligencia Artificial (IA)\u2014 en el aprendizaje de lenguas, y el impacto de los contextos institucionales en la ense\u00f1anza de idiomas. Su trabajo ha aparecido en destacados medios de comunicaci\u00f3n espa\u00f1oles e internacionales como El Pa\u00eds, France 24, Radio France Internationale, La Vanguardia y RNE Radio Exterior. Ha impartido conferencias plenarias en congresos y eventos internacionales en Argentina, B\u00e9lgica, Brasil, Canad\u00e1, Hong Kong, Italia, Jap\u00f3n, Luxemburgo, M\u00e9xico, Marruecos, Pa\u00edses Bajos, Per\u00fa, Portugal, Espa\u00f1a, T\u00fanez y el Reino Unido.<\/p>\n\n\n\n<p id=\"block-d5c06768-f88f-4bbf-900d-6e67bf166ba3\">El Dr. Mu\u00f1oz-Basols cuenta con una amplia producci\u00f3n acad\u00e9mica que incluye 18 libros y vol\u00famenes colectivos publicados con editoriales internacionales de referencia. Ha publicado en revistas acad\u00e9micas de alto impacto como <em>Applied Linguistics, International Journal of Multilingualism<\/em> y<em> Computer Assisted Language Learning<\/em>. Su libro m\u00e1s reciente, <em>Technology-Mediated Language Teaching: From Social Justice to Artificial Intelligence (AI) (Multilingual Matters, 2025)<\/em>, explora estrategias innovadoras de investigaci\u00f3n y docencia para integrar la tecnolog\u00eda en la educaci\u00f3n ling\u00fc\u00edstica. Tambi\u00e9n es cofundador y editor jefe de la revista <em>Journal of Spanish Language Teaching (Routledge).<\/em><\/p>\n\n\n\n<p id=\"block-a1d45236-9007-4085-9f7e-f9f1b6032825\">Las contribuciones del Dr. Mu\u00f1oz-Basols a la sociedad incluyen su labor como presidente de la Asociaci\u00f3n para la Ense\u00f1anza del Espa\u00f1ol como Lengua Extranjera (ASELE), miembro del Patronato del Instituto Cervantes y miembro correspondiente de la Academia Norteamericana de la Lengua Espa\u00f1ola <em>North American Academy of the Spanish Language<\/em> (ANLE).<\/p>\n<\/div>\n\t\t\t\t\t\t\t\t\t\t\t\t\t\t\t<\/div>\n\t\t\t\t\t\t<\/div>\n\t\t\t\t\t\t\t\t\t<\/li>\n                    <\/ul>\n    <\/div>\n    <div class=\"clearfix\"><\/div>\n\n\n\n<h2 class=\"wp-block-heading has-text-align-center\">Invitados &#8211; Mesa Redonda<\/h2>\n\n\n\n<hr class=\"wp-block-separator has-alpha-channel-opacity\"\/>\n\n\n\n        \n\n    <div class=\"\">\n        <ul class=\"elements row list-unstyled justify-content-center\">\n            \t\t\t\t<li class=\" flex-column col-12 col-lg-6  d-flex align-items-center element py-3\">\n\t\t\t\t\t\t\t\t\t\t\t<div class=\"d-flex flex-column align-items-center text-decoration-none lb\">\n\t\t\t\t\t\t\t\t\t\t\t\t\t\t\t\t\t\t\t\t\t<div class=\"entry-thumbnail-wrapper-bg\"><div class=\"entry-thumbnail-wrapper\"><img decoding=\"async\" src=\"https:\/\/sites.uab.pt\/itel2025-es\/wp-content\/uploads\/sites\/59\/2025\/10\/Antonio-Chenoll-copia.jpg\" width=\"268\" height=\"268\" class=\"attachment-news-list-thumbnails-size size-news-list-thumbnails-size block entry-thumbnail img-fluid\" alt=\"\" srcset=\"https:\/\/sites.uab.pt\/itel2025-es\/wp-content\/uploads\/sites\/59\/2025\/10\/Antonio-Chenoll-copia.jpg 268w, https:\/\/sites.uab.pt\/itel2025-es\/wp-content\/uploads\/sites\/59\/2025\/10\/Antonio-Chenoll-copia-150x150.jpg 150w\" sizes=\"auto, (max-width: 268px) 100vw, 268px\"  loading=\"lazy\"><\/div><\/div>\n\t\t\t\t\t\t\t\n\t\t\t\t\t\t\t<div class=\"element-info\">\n\t\t\t\t\t\t\t\t<div class=\"title\">Antonio Chenoll<\/div>\n\n\t\t\t\t\t\t\t\t\t\t\t\t\t\t\t\t\t\t\t\t\t\t\t\t\t<dl class=\"affiliation-wrapper\"><dt class=\"affiliation-label visually-hidden\">Affiliation: <\/dt><dd class=\"affiliation-value\">Universidade Aberta<\/dd><\/dl>\n\t\t\t\t\t\t\t\t\n\t\t\t\t\t\t\t\t\t\t\t\t\t\t\t\t\t\t\t\t\t\t\t\t\t\t\t\t\t\t\t\t\t<div class=\"content w-100\">\n<p>Antonio Chenoll es investigador y docente especializado en el \u00e1mbito de la ense\u00f1anza de lenguas extranjeras, tecnolog\u00edas digitales educativas y aprendizaje online. Actualmente forma parte como miembro integrado del laboratorio LE@D (Laborat\u00f3rio de Ensino a Dist\u00e2ncia) en la Universidade\u202fAberta (Portugal) donde adem\u00e1s de dar clase, coordina el grupo EL@N del mismo laboratorio. Sus l\u00edneas de investigaci\u00f3n se centran en el proceso de adquisici\u00f3n de lenguas extranjeras como proceso cognitivo a trav\u00e9s de textos en l\u00ednea y multimedia, as\u00ed como en la producci\u00f3n, percepci\u00f3n y adquisici\u00f3n de la lengua hablada. Tambi\u00e9n investiga el uso de tecnolog\u00edas web, la gamificaci\u00f3n y el aprendizaje digital en el aula de lenguas.<\/p>\n<\/div>\n\t\t\t\t\t\t\t\t\t\t\t\t\t\t\t<\/div>\n\t\t\t\t\t\t<\/div>\n\t\t\t\t\t\t\t\t\t<\/li>\n            \t\t\t\t<li class=\" flex-column col-12 col-lg-6  d-flex align-items-center element py-3\">\n\t\t\t\t\t\t\t\t\t\t\t<div class=\"d-flex flex-column align-items-center text-decoration-none lb\">\n\t\t\t\t\t\t\t\t\t\t\t\t\t\t\t\t\t\t\t\t\t<div class=\"entry-thumbnail-wrapper-bg\"><div class=\"entry-thumbnail-wrapper\"><img decoding=\"async\" src=\"https:\/\/sites.uab.pt\/itel2025-es\/wp-content\/uploads\/sites\/59\/2025\/10\/jhopkins-2025.jpg\" width=\"1516\" height=\"1909\" class=\"attachment-news-list-thumbnails-size size-news-list-thumbnails-size block entry-thumbnail img-fluid\" alt=\"\" srcset=\"https:\/\/sites.uab.pt\/itel2025-es\/wp-content\/uploads\/sites\/59\/2025\/10\/jhopkins-2025.jpg 1516w, https:\/\/sites.uab.pt\/itel2025-es\/wp-content\/uploads\/sites\/59\/2025\/10\/jhopkins-2025-238x300.jpg 238w, https:\/\/sites.uab.pt\/itel2025-es\/wp-content\/uploads\/sites\/59\/2025\/10\/jhopkins-2025-813x1024.jpg 813w, https:\/\/sites.uab.pt\/itel2025-es\/wp-content\/uploads\/sites\/59\/2025\/10\/jhopkins-2025-768x967.jpg 768w, https:\/\/sites.uab.pt\/itel2025-es\/wp-content\/uploads\/sites\/59\/2025\/10\/jhopkins-2025-1220x1536.jpg 1220w\" sizes=\"auto, (max-width: 1516px) 100vw, 1516px\"  loading=\"lazy\"><\/div><\/div>\n\t\t\t\t\t\t\t\n\t\t\t\t\t\t\t<div class=\"element-info\">\n\t\t\t\t\t\t\t\t<div class=\"title\">Joseph\u00a0Hopkins<\/div>\n\n\t\t\t\t\t\t\t\t\t\t\t\t\t\t\t\t\t\t\t\t\t\t\t\t\t<dl class=\"affiliation-wrapper\"><dt class=\"affiliation-label visually-hidden\">Affiliation: <\/dt><dd class=\"affiliation-value\">Universitat Oberta de Catalunya<\/dd><\/dl>\n\t\t\t\t\t\t\t\t\n\t\t\t\t\t\t\t\t\t\t\t\t\t\t\t\t\t\t\t\t\t\t\t\t\t\t\t\t\t\t\t\t\t<div class=\"content w-100\">\n<p>Recientemente retirado, pero a\u00fan activo, Joseph Hopkins es profesor de lenguas y formador de docentes, y fue director del Centro de Lenguas Modernas de la <em>Universitat Oberta de Catalunya<\/em> (UOC), una instituci\u00f3n completamente en l\u00ednea. Tambi\u00e9n forma parte del equipo del proyecto ICT-REV, una iniciativa de desarrollo profesional docente financiada por el Centro Europeo de Lenguas Modernas (CELM) y la Comisi\u00f3n Europea.<br>Sus l\u00edneas de investigaci\u00f3n se centran en la ense\u00f1anza y el aprendizaje de lenguas asistidas por tecnolog\u00eda, la gesti\u00f3n de la ense\u00f1anza de idiomas y la formaci\u00f3n en TIC para profesores de lenguas.<\/p>\n<\/div>\n\t\t\t\t\t\t\t\t\t\t\t\t\t\t\t<\/div>\n\t\t\t\t\t\t<\/div>\n\t\t\t\t\t\t\t\t\t<\/li>\n            \t\t\t\t<li class=\" flex-column col-12 col-lg-6  d-flex align-items-center element py-3\">\n\t\t\t\t\t\t\t\t\t\t\t<div class=\"d-flex flex-column align-items-center text-decoration-none lb\">\n\t\t\t\t\t\t\t\t\t\t\t\t\t\t\t\t\t\t\t\t\t<div class=\"entry-thumbnail-wrapper-bg\"><div class=\"entry-thumbnail-wrapper\"><img decoding=\"async\" src=\"https:\/\/sites.uab.pt\/itel2025-es\/wp-content\/uploads\/sites\/59\/2025\/10\/PILAR-RODRIGUEZ-ARANCON.jpg\" width=\"483\" height=\"400\" class=\"attachment-news-list-thumbnails-size size-news-list-thumbnails-size block entry-thumbnail img-fluid\" alt=\"\" srcset=\"https:\/\/sites.uab.pt\/itel2025-es\/wp-content\/uploads\/sites\/59\/2025\/10\/PILAR-RODRIGUEZ-ARANCON.jpg 483w, https:\/\/sites.uab.pt\/itel2025-es\/wp-content\/uploads\/sites\/59\/2025\/10\/PILAR-RODRIGUEZ-ARANCON-300x248.jpg 300w\" sizes=\"auto, (max-width: 483px) 100vw, 483px\"  loading=\"lazy\"><\/div><\/div>\n\t\t\t\t\t\t\t\n\t\t\t\t\t\t\t<div class=\"element-info\">\n\t\t\t\t\t\t\t\t<div class=\"title\">Pilar Rodr\u00edguez-Aranc\u00f3n<\/div>\n\n\t\t\t\t\t\t\t\t\t\t\t\t\t\t\t\t\n\t\t\t\t\t\t\t\t\t\t\t\t\t\t\t\t\t\t\t\t\t\t\t\t\t\t\t\t\t\t\t\t\t<div class=\"content w-100\">\n<p>Pilar Rodr\u00edguez-Aranc\u00f3n trabaja en el Departamento de Filolog\u00edas Extranjeras y sus Ling\u00fc\u00edsticas de la Universidad Nacional de Educaci\u00f3n a Distancia (UNED). Sus l\u00edneas de investigaci\u00f3n se centran en la comunicaci\u00f3n intercultural y en el uso did\u00e1ctico de la traducci\u00f3n audiovisual. Actualmente participa en el proyecto Green GECKO, cuyo objetivo es mejorar las competencias ecol\u00f3gicas de ingenieros asi\u00e1ticos mediante m\u00f3dulos de aprendizaje en l\u00ednea. Es miembro del grupo de investigaci\u00f3n TRADIT, especializado en tres \u00e1reas principales: traducci\u00f3n audiovisual, accesibilidad medi\u00e1tica y aprendizaje de lenguas.<br>Durante los \u00faltimos seis a\u00f1os, ha dirigido el Centro de Idiomas de la UNED.<\/p>\n<\/div>\n\t\t\t\t\t\t\t\t\t\t\t\t\t\t\t<\/div>\n\t\t\t\t\t\t<\/div>\n\t\t\t\t\t\t\t\t\t<\/li>\n            \t\t\t\t<li class=\" flex-column col-12 col-lg-6  d-flex align-items-center element py-3\">\n\t\t\t\t\t\t\t\t\t\t\t<div class=\"d-flex flex-column align-items-center text-decoration-none lb\">\n\t\t\t\t\t\t\t\t\t\t\t\t\t\t\t\t\t\t\t\t\t<div class=\"entry-thumbnail-wrapper-bg\"><div class=\"entry-thumbnail-wrapper\"><img decoding=\"async\" src=\"https:\/\/sites.uab.pt\/itel2025-es\/wp-content\/uploads\/sites\/59\/2025\/10\/Ursula-Stickler.jpg\" width=\"450\" height=\"600\" class=\"attachment-news-list-thumbnails-size size-news-list-thumbnails-size block entry-thumbnail img-fluid\" alt=\"\" srcset=\"https:\/\/sites.uab.pt\/itel2025-es\/wp-content\/uploads\/sites\/59\/2025\/10\/Ursula-Stickler.jpg 450w, https:\/\/sites.uab.pt\/itel2025-es\/wp-content\/uploads\/sites\/59\/2025\/10\/Ursula-Stickler-225x300.jpg 225w\" sizes=\"auto, (max-width: 450px) 100vw, 450px\"  loading=\"lazy\"><\/div><\/div>\n\t\t\t\t\t\t\t\n\t\t\t\t\t\t\t<div class=\"element-info\">\n\t\t\t\t\t\t\t\t<div class=\"title\">Ursula Stickler<\/div>\n\n\t\t\t\t\t\t\t\t\t\t\t\t\t\t\t\t\t\t\t\t\t\t\t\t\t<dl class=\"affiliation-wrapper\"><dt class=\"affiliation-label visually-hidden\">Affiliation: <\/dt><dd class=\"affiliation-value\">Open University<\/dd><\/dl>\n\t\t\t\t\t\t\t\t\n\t\t\t\t\t\t\t\t\t\t\t\t\t\t\t\t\t\t\t\t\t\t\t\t\t\t\t\t\t\t\t\t\t<div class=\"content w-100\">\n<p>Ursula Stickler es profesora de Ense\u00f1anza de Lenguas en L\u00ednea en la <em>Open University<\/em> del Reino Unido, una instituci\u00f3n dedicada a la ense\u00f1anza a distancia. Su investigaci\u00f3n se centra en el aprendizaje de lenguas asistido por tecnolog\u00eda, la formaci\u00f3n del profesorado y el dise\u00f1o de investigaci\u00f3n cualitativa. A lo largo de Europa y m\u00e1s all\u00e1, ha trabajado con docentes de lenguas en la integraci\u00f3n de la tecnolog\u00eda en la pr\u00e1ctica de ense\u00f1anza de idiomas. Es coeditora de la serie de libros de <em>Castledown Developing Online Language Pedagogies<\/em> y del <em>Bloomsbury Handbook of Language Learning and Technology<\/em>, adem\u00e1s de haber coeditado numerosos n\u00fameros monogr\u00e1ficos y proyectos editoriales.<\/p>\n<\/div>\n\t\t\t\t\t\t\t\t\t\t\t\t\t\t\t<\/div>\n\t\t\t\t\t\t<\/div>\n\t\t\t\t\t\t\t\t\t<\/li>\n                    <\/ul>\n    <\/div>\n    <div class=\"clearfix\"><\/div>\n","protected":false},"excerpt":{"rendered":"Conferencistas Plenarios Invitados &#8211; Mesa Redonda","protected":false},"author":1,"featured_media":2332,"parent":0,"menu_order":20,"comment_status":"closed","ping_status":"closed","template":"","meta":{"speak2many_translation":"{\"pt-PT\":{\"postID\":null,\"postTitle\":\"\",\"siteID\":25,\"customURL\":true,\"languageInfo\":{\"speak2many_site_api_url\":\"https:\/\/sites.uab.pt\/itel2023\/wp-json\/\",\"name\":\"Portugu\u00eas\",\"locale\":\"pt_PT_ao90\"},\"langKey\":\"pt-PT\",\"url\":\"https:\/\/sites.uab.pt\/itel2025\/conferencistas-plenarios\/#\"},\"en-GB\":{\"postID\":null,\"postTitle\":\"\",\"siteID\":27,\"customURL\":true,\"languageInfo\":{\"speak2many_site_api_url\":\"https:\/\/sites.uab.pt\/itel2023-en\/wp-json\/\",\"name\":\"English\",\"locale\":\"en_GB\"},\"langKey\":\"en-GB\",\"url\":\"https:\/\/sites.uab.pt\/itel2025-en\/keynote-speakers\/#\"},\"es\":{\"url\":\"\",\"postID\":null,\"postTitle\":\"\",\"siteID\":30,\"customURL\":true,\"languageInfo\":{\"name\":\"Espa\u00f1ol\",\"locale\":\"es_ES\"},\"langKey\":\"es\"},\"de\":{\"postID\":null,\"postTitle\":\"\",\"siteID\":28,\"customURL\":true,\"languageInfo\":{\"speak2many_site_api_url\":\"https:\/\/sites.uab.pt\/itel2023-de\/wp-json\/\",\"name\":\"Deutsch\",\"locale\":\"de_DE\"},\"langKey\":\"de\",\"url\":\"https:\/\/sites.uab.pt\/itel2025-de\/hauptredner\/#\"},\"fr\":{\"postID\":null,\"postTitle\":\"\",\"siteID\":29,\"customURL\":true,\"languageInfo\":{\"speak2many_site_api_url\":\"https:\/\/sites.uab.pt\/itel2023-fr\/wp-json\/\",\"name\":\"Fran\u00e7ais\",\"locale\":\"fr_FR\"},\"langKey\":\"fr\",\"url\":\"https:\/\/sites.uab.pt\/itel2025-fr\/conferences-plenieres\/\"}}","footnotes":""},"class_list":["post-142","page","type-page","status-publish","has-post-thumbnail","hentry"],"_links":{"self":[{"href":"https:\/\/sites.uab.pt\/itel2025-es\/wp-json\/wp\/v2\/pages\/142","targetHints":{"allow":["GET"]}}],"collection":[{"href":"https:\/\/sites.uab.pt\/itel2025-es\/wp-json\/wp\/v2\/pages"}],"about":[{"href":"https:\/\/sites.uab.pt\/itel2025-es\/wp-json\/wp\/v2\/types\/page"}],"author":[{"embeddable":true,"href":"https:\/\/sites.uab.pt\/itel2025-es\/wp-json\/wp\/v2\/users\/1"}],"replies":[{"embeddable":true,"href":"https:\/\/sites.uab.pt\/itel2025-es\/wp-json\/wp\/v2\/comments?post=142"}],"version-history":[{"count":10,"href":"https:\/\/sites.uab.pt\/itel2025-es\/wp-json\/wp\/v2\/pages\/142\/revisions"}],"predecessor-version":[{"id":2386,"href":"https:\/\/sites.uab.pt\/itel2025-es\/wp-json\/wp\/v2\/pages\/142\/revisions\/2386"}],"wp:featuredmedia":[{"embeddable":true,"href":"https:\/\/sites.uab.pt\/itel2025-es\/wp-json\/wp\/v2\/media\/2332"}],"wp:attachment":[{"href":"https:\/\/sites.uab.pt\/itel2025-es\/wp-json\/wp\/v2\/media?parent=142"}],"curies":[{"name":"wp","href":"https:\/\/api.w.org\/{rel}","templated":true}]}}