{"id":1494,"date":"2022-10-19T21:13:18","date_gmt":"2022-10-19T21:13:18","guid":{"rendered":"https:\/\/sites.uab.pt\/congresso-humanidades\/?page_id=2"},"modified":"2025-11-05T18:14:24","modified_gmt":"2025-11-05T18:14:24","slug":"presentacion","status":"publish","type":"page","link":"https:\/\/sites.uab.pt\/itel2025-es\/","title":{"rendered":"Inicio"},"content":{"rendered":"\n<h2 class=\"wp-block-heading has-text-align-center\">4\u00ba Congreso Internacional<em> <\/em><\/h2>\n\n\n\n<h2 class=\"wp-block-heading has-text-align-center\"><em>Innovaci\u00f3n y tecnolog\u00eda en la ense\u00f1anza de lenguas <\/em>(iTel 2025):<\/h2>\n\n\n\n<h2 class=\"wp-block-heading has-text-align-center\"><em>Inteligencia artificial y aprendizaje personalizado<\/em><\/h2>\n\n\n\n<p class=\"has-text-align-center\"><strong>5 y 6 de noviembre de 2025<\/strong><br>Universidade Aberta, Lisboa, Portugal<\/p>\n\n\n\n<p class=\"has-text-align-center\">En l\u00ednea a trav\u00e9s de Zoom \/ Uso Horario de Lisboa, Portugal<\/p>\n\n\n\n<p class=\"has-text-align-center\"><strong>Enlace \u00fanico de la conferencia<\/strong><\/p>\n\n\n\n<p class=\"has-text-align-center\">https:\/\/us02web.zoom.us\/j\/84090364754<br>Access code: 243594<\/p>\n\n\n\n<p class=\"has-text-align-center\"><\/p>\n\n\n\n<p><\/p>\n\n\n<div class=\"wp-block-image is-style-default\">\n<figure class=\"aligncenter size-full\"><img loading=\"lazy\" decoding=\"async\" width=\"592\" height=\"141\" src=\"https:\/\/sites.uab.pt\/itel2025-es\/wp-content\/uploads\/sites\/30\/2023\/06\/EL@N.jpg\" alt=\"\" class=\"wp-image-2291\" srcset=\"https:\/\/sites.uab.pt\/itel2025-es\/wp-content\/uploads\/sites\/59\/2023\/06\/EL@N.jpg 592w, https:\/\/sites.uab.pt\/itel2025-es\/wp-content\/uploads\/sites\/59\/2023\/06\/EL@N-300x71.jpg 300w\" sizes=\"auto, (max-width: 592px) 100vw, 592px\" \/><\/figure>\n<\/div>\n\n\n<p class=\"has-text-align-center\">En l\u00ednea a trav\u00e9s de ZOOM \/ Huso Horario de Lisboa, Portugal<\/p>\n\n\n\n<p class=\"has-text-align-center\"><\/p>\n\n\n\n<p><\/p>\n","protected":false},"excerpt":{"rendered":"4\u00ba Congreso Internacional Innovaci\u00f3n y tecnolog\u00eda en la ense\u00f1anza de lenguas (iTel 2025): Inteligencia artificial y aprendizaje personalizado 5 y 6 de noviembre de 2025Universidade Aberta, Lisboa, Portugal En l\u00ednea a trav\u00e9s de Zoom \/ Uso Horario de Lisboa, Portugal Enlace \u00fanico de la conferencia https:\/\/us02web.zoom.us\/j\/84090364754Access code: 243594 En l\u00ednea a trav\u00e9s de ZOOM \/ [&hellip;]","protected":false},"author":1,"featured_media":2332,"parent":0,"menu_order":0,"comment_status":"closed","ping_status":"closed","template":"","meta":{"speak2many_translation":"{\"pt-PT\":{\"postID\":null,\"postTitle\":\"\",\"siteID\":55,\"customURL\":true,\"languageInfo\":{\"speak2many_site_api_url\":\"https:\/\/sites.uab.pt\/itel2025\/wp-json\/\",\"name\":\"Portugu\u00eas\",\"locale\":\"pt_PT_ao90\"},\"langKey\":\"pt-PT\",\"url\":\"https:\/\/sites.uab.pt\/itel2025\/\"},\"en-GB\":{\"postID\":null,\"postTitle\":\"\",\"siteID\":56,\"customURL\":true,\"languageInfo\":{\"speak2many_site_api_url\":\"https:\/\/sites.uab.pt\/itel2025-en\/wp-json\/\",\"name\":\"English\",\"locale\":\"en_GB\"},\"langKey\":\"en-GB\",\"url\":\"https:\/\/sites.uab.pt\/itel2025-en\/\"},\"es\":{\"url\":\"\",\"postID\":null,\"postTitle\":\"\",\"siteID\":59,\"customURL\":true,\"languageInfo\":{\"name\":\"Espa\u00f1ol\",\"locale\":\"es_ES\"},\"langKey\":\"es\"},\"de\":{\"postID\":null,\"postTitle\":\"\",\"siteID\":28,\"customURL\":true,\"type\":\"page\",\"languageInfo\":{\"name\":\"German\",\"locale\":\"de_DE\",\"speak2many_site_api_url\":\"https:\/\/sites.uab.pt\/itel2023-de\/wp-json\/\"},\"langKey\":\"de\",\"url\":\"https:\/\/sites.uab.pt\/itel2025-de\/\"},\"fr\":{\"postID\":null,\"postTitle\":\"\",\"siteID\":58,\"customURL\":true,\"languageInfo\":{\"speak2many_site_api_url\":\"https:\/\/sites.uab.pt\/itel2025-fr\/wp-json\/\",\"name\":\"Fran\u00e7ais\",\"locale\":\"fr_FR\"},\"langKey\":\"fr\",\"url\":\"https:\/\/sites.uab.pt\/itel2025-fr\/\"}}","footnotes":""},"class_list":["post-1494","page","type-page","status-publish","has-post-thumbnail","hentry"],"_links":{"self":[{"href":"https:\/\/sites.uab.pt\/itel2025-es\/wp-json\/wp\/v2\/pages\/1494","targetHints":{"allow":["GET"]}}],"collection":[{"href":"https:\/\/sites.uab.pt\/itel2025-es\/wp-json\/wp\/v2\/pages"}],"about":[{"href":"https:\/\/sites.uab.pt\/itel2025-es\/wp-json\/wp\/v2\/types\/page"}],"author":[{"embeddable":true,"href":"https:\/\/sites.uab.pt\/itel2025-es\/wp-json\/wp\/v2\/users\/1"}],"replies":[{"embeddable":true,"href":"https:\/\/sites.uab.pt\/itel2025-es\/wp-json\/wp\/v2\/comments?post=1494"}],"version-history":[{"count":12,"href":"https:\/\/sites.uab.pt\/itel2025-es\/wp-json\/wp\/v2\/pages\/1494\/revisions"}],"predecessor-version":[{"id":2409,"href":"https:\/\/sites.uab.pt\/itel2025-es\/wp-json\/wp\/v2\/pages\/1494\/revisions\/2409"}],"wp:featuredmedia":[{"embeddable":true,"href":"https:\/\/sites.uab.pt\/itel2025-es\/wp-json\/wp\/v2\/media\/2332"}],"wp:attachment":[{"href":"https:\/\/sites.uab.pt\/itel2025-es\/wp-json\/wp\/v2\/media?parent=1494"}],"curies":[{"name":"wp","href":"https:\/\/api.w.org\/{rel}","templated":true}]}}