{"id":154,"date":"2022-10-20T10:47:10","date_gmt":"2022-10-20T10:47:10","guid":{"rendered":"https:\/\/sites.uab.pt\/congresso-humanidades\/?page_id=154"},"modified":"2025-06-12T14:05:00","modified_gmt":"2025-06-12T13:05:00","slug":"contactos-e-inscripciones","status":"publish","type":"page","link":"https:\/\/sites.uab.pt\/itel2025-es\/contactos-e-inscripciones\/","title":{"rendered":"Contactos e Inscripciones"},"content":{"rendered":"\n<h2 class=\"wp-block-heading has-text-align-center\">Contactos<\/h2>\n\n\n\n<p class=\"has-text-align-center\">Para m\u00e1s informaci\u00f3n, por favor, p\u00f3ngase en contacto con:<\/p>\n\n\n\n<p class=\"has-text-align-center\"><a href=\"mailto:elon.dh@uab.pt\">elon.dh@uab.pt<\/a><\/p>\n\n\n\n<p class=\"has-text-align-center\"><a href=\"https:\/\/lead.uab.pt\/elon\/\">https:\/\/lead.uab.pt\/elon\/<\/a><\/p>\n\n\n\n<hr class=\"wp-block-separator has-alpha-channel-opacity\"\/>\n\n\n\n<h2 class=\"wp-block-heading has-text-align-center\">Inscripciones<\/h2>\n\n\n\n<p>La inscripci\u00f3n es gratuita, pero obligatoria independientemente de si va presentar una comunicaci\u00f3n o a participar \u00fanicamente como asistente.<\/p>\n\n\n\n<p class=\"has-text-align-center\"><a href=\"https:\/\/forms.cloud.microsoft\/e\/1iNeWZjZrJ\">https:\/\/forms.cloud.microsoft\/e\/1iNeWZjZrJ<\/a><\/p>\n\n\n\n<div style=\"height:50px\" aria-hidden=\"true\" class=\"wp-block-spacer\"><\/div>\n","protected":false},"excerpt":{"rendered":"Contactos Para m\u00e1s informaci\u00f3n, por favor, p\u00f3ngase en contacto con: elon.dh@uab.pt https:\/\/lead.uab.pt\/elon\/ Inscripciones La inscripci\u00f3n es gratuita, pero obligatoria independientemente de si va presentar una comunicaci\u00f3n o a participar \u00fanicamente como asistente. https:\/\/forms.cloud.microsoft\/e\/1iNeWZjZrJ","protected":false},"author":1,"featured_media":2332,"parent":0,"menu_order":70,"comment_status":"closed","ping_status":"closed","template":"","meta":{"speak2many_translation":"{\"pt-PT\":{\"postID\":null,\"postTitle\":\"\",\"siteID\":55,\"customURL\":true,\"languageInfo\":{\"speak2many_site_api_url\":\"https:\/\/sites.uab.pt\/itel2025\/wp-json\/\",\"name\":\"Portugu\u00eas\",\"locale\":\"pt_PT_ao90\"},\"langKey\":\"pt-PT\",\"url\":\"https:\/\/sites.uab.pt\/itel2025\/contactos-e-inscricoes\/\"},\"en-GB\":{\"postID\":null,\"postTitle\":\"\",\"siteID\":56,\"customURL\":true,\"languageInfo\":{\"speak2many_site_api_url\":\"https:\/\/sites.uab.pt\/itel2025-en\/wp-json\/\",\"name\":\"English\",\"locale\":\"en_GB\"},\"langKey\":\"en-GB\",\"url\":\"https:\/\/sites.uab.pt\/itel2025-en\/contacts-and-registration\/\"},\"es\":{\"url\":\"\",\"postID\":null,\"postTitle\":\"\",\"siteID\":59,\"customURL\":true,\"languageInfo\":{\"name\":\"Espa\u00f1ol\",\"locale\":\"es_ES\"},\"langKey\":\"es\"},\"de\":{\"postID\":null,\"postTitle\":\"\",\"siteID\":28,\"customURL\":true,\"type\":\"page\",\"languageInfo\":{\"name\":\"German\",\"locale\":\"de_DE\",\"speak2many_site_api_url\":\"https:\/\/sites.uab.pt\/itel2023-de\/wp-json\/\"},\"langKey\":\"de\",\"url\":\"https:\/\/sites.uab.pt\/itel2025-de\/kontakte-und-anmeldung\/\"},\"fr\":{\"postID\":null,\"postTitle\":\"\",\"siteID\":58,\"customURL\":true,\"languageInfo\":{\"speak2many_site_api_url\":\"https:\/\/sites.uab.pt\/itel2025-fr\/wp-json\/\",\"name\":\"Fran\u00e7ais\",\"locale\":\"fr_FR\"},\"langKey\":\"fr\",\"url\":\"https:\/\/sites.uab.pt\/itel2025-fr\/contacts-et-inscriptions\/\"}}","footnotes":""},"class_list":["post-154","page","type-page","status-publish","has-post-thumbnail","hentry"],"_links":{"self":[{"href":"https:\/\/sites.uab.pt\/itel2025-es\/wp-json\/wp\/v2\/pages\/154","targetHints":{"allow":["GET"]}}],"collection":[{"href":"https:\/\/sites.uab.pt\/itel2025-es\/wp-json\/wp\/v2\/pages"}],"about":[{"href":"https:\/\/sites.uab.pt\/itel2025-es\/wp-json\/wp\/v2\/types\/page"}],"author":[{"embeddable":true,"href":"https:\/\/sites.uab.pt\/itel2025-es\/wp-json\/wp\/v2\/users\/1"}],"replies":[{"embeddable":true,"href":"https:\/\/sites.uab.pt\/itel2025-es\/wp-json\/wp\/v2\/comments?post=154"}],"version-history":[{"count":10,"href":"https:\/\/sites.uab.pt\/itel2025-es\/wp-json\/wp\/v2\/pages\/154\/revisions"}],"predecessor-version":[{"id":2355,"href":"https:\/\/sites.uab.pt\/itel2025-es\/wp-json\/wp\/v2\/pages\/154\/revisions\/2355"}],"wp:featuredmedia":[{"embeddable":true,"href":"https:\/\/sites.uab.pt\/itel2025-es\/wp-json\/wp\/v2\/media\/2332"}],"wp:attachment":[{"href":"https:\/\/sites.uab.pt\/itel2025-es\/wp-json\/wp\/v2\/media?parent=154"}],"curies":[{"name":"wp","href":"https:\/\/api.w.org\/{rel}","templated":true}]}}