{"id":139,"date":"2022-10-19T22:41:51","date_gmt":"2022-10-19T22:41:51","guid":{"rendered":"https:\/\/sites.uab.pt\/congresso-humanidades\/?page_id=139"},"modified":"2025-10-22T22:07:08","modified_gmt":"2025-10-22T21:07:08","slug":"comites","status":"publish","type":"page","link":"https:\/\/sites.uab.pt\/itel2025-fr\/comites\/","title":{"rendered":"Comit\u00e9s"},"content":{"rendered":"<h2 class=\"wp-block-heading has-text-align-center\">Comit\u00e9 d&#8217;Organisation<\/h2>\n<p class=\"has-text-align-center\">(<strong>Universit\u00e9 Aberta<\/strong>)<\/p>\n<p class=\"has-text-align-center\">Coordination : Antonio Chenoll<\/p>\n<p class=\"has-text-align-center\">Adelina Castelo<\/p>\n<p class=\"has-text-align-center\">Ana Cristina Braz<\/p>\n<p class=\"has-text-align-center\">\u00c2zar Renani<\/p>\n<p class=\"has-text-align-center\">Cristiana Vasconcelos Rodrigues<\/p>\n<p class=\"has-text-align-center\">Isabel Roboredo Seara<\/p>\n<p class=\"has-text-align-center\">Isabelle Sim\u00f5es Marques<\/p>\n<p class=\"has-text-align-center\">Katja G\u00f6ttsche Clara<\/p>\n<p class=\"has-text-align-center\">Susana de Magalh\u00e3es Oliveira<\/p>\n<div class=\"wp-block-spacer\" style=\"height: 46px;\" aria-hidden=\"true\"><\/div>\n<hr class=\"wp-block-separator has-alpha-channel-opacity is-style-wide\" \/>\n<h2 class=\"wp-block-heading has-text-align-center\">Comit\u00e9 Scientifique<\/h2>\n<p class=\"has-text-align-center\">\n\n\n<p class=\"has-text-align-center\">Abdelilah Suisse (Universidade de Aveiro)<br>Adelina Castelo (Universidade Aberta)<br>Alicia San Mateo Valdeh\u00edta (Universidad Nacional de Educaci\u00f3n a Distancia (UNED))<br>Ana Braz (Universidade Aberta e CLUNL)<br>Ana Gon\u00e7alves Matos (NOVA FCSH)<br>Ana Lu\u00edsa Costa (Instituto Polit\u00e9cnico de Set\u00fabal e Centro de Lingu\u00edstica da Universidade de Lisboa)<br>Ana Madeira (NOVA FCSH)<br>Ana Margarida Abrantes (Universidade Cat\u00f3lica Portuguesa)<br>Andreea Teletin (Universidade de Bucarest)<br>Andrew Sampson (FLUP)<br>Ant\u00f3nia Estrela (Instituto Polit\u00e9cnico de Lisboa)<br>Antonio Chenoll (LE@D, Universidade Aberta)<br>Beatriz Moriano (Faculdade de Ci\u00eancias Sociais e Humanas. Universidade Nova de Lisboa \/ CETAPS)<br>Chantal Marie Joelle Louchet (Universidade Cat\u00f3lica Portuguesa)<br>Christina Dechamps (NOVA FCSH)<br>Cristiana Vasconcelos Rodrigues (Universidade Aberta)<br>Cristina Martins (CELGA-ILTEC, Universidade de Coimbra)<br>Isabel Aires de Matos (Instituto Polit\u00e9cnico de Viseu &#8211; Escola Superior de Educa\u00e7\u00e3o)<br>Isabel Fal\u00e9 (Universidade Aberta)<br>Isabel Gibert (Universitat Rovira i Virgili )<br>Isabelle Sim\u00f5es Marques (Univ. Aberta &amp; CLUNL-NOVA)<br>Isabel Roboredo Seara (Universidade Aberta)<br>Jorge Mart\u00ed Contreras (Universitat Jaume I)<br>Jos\u00e9 Peixoto Coelho de Souza (University of Manchester)<br>Katja G\u00f6ttsche Esperan\u00e7a Clara (Universidade Aberta)<br>Lili Cavalheiro (Faculdade de Ci\u00eancias Sociais e Humanas da Universidade Nova de Lisboa)<br>Lina Morgado (LE@D, Universidade Aberta)<br>Lola Geraldes Xavier (Universidade Polit\u00e9cnica de Macau \/ Instituto Polit\u00e9cnico de Coimbra)<br>Lu\u00eds Filipe Barbeiro (Escola Superior de Educa\u00e7\u00e3o e Ci\u00eancias Sociais &#8211; Instituto Polit\u00e9cnico de Leiria)<br>M. Dolores Jim\u00e9nez L\u00f3pez (Universitat Rovira i Virgili)<br>Manuel C\u00e9lio Concei\u00e7\u00e3o (Universidade do Algarve)<br>Margarida Martins (Universidade Aberta)<br>Maria Jo\u00e3o Mar\u00e7alo (Universidade de \u00c9vora)<br>Mar\u00eda Luisa Aznar Juan (Faculdade de Letras. Universidade de Coimbra.)<br>M\u00e1rio Cruz (Polytechnic of Porto)<br>Mercedes Rabad\u00e1n Zurita (Universidade do Algarve)<br>Peter Hanenberg (Universidade Cat\u00f3lica Portuguesa)<br>Rui Ramos (Universidade do Minho)<br>Sandra Iglesia Mart\u00edn (Universitat Rovira i Virgili)<br>Sara Badia Climent (Universitat de Val\u00e8ncia)<br>Sara Santos (University of Macau)<br>Susana de Magalh\u00e3es Oliveira (Universidade Aberta)<\/p>\n\n\n\n<p class=\"has-text-align-center\"><\/p>\n\n\n\n<p class=\"has-text-align-center\"><\/p>\n\n\n\n<p class=\"has-text-align-center\"><\/p>\n\n\n\n<p class=\"has-text-align-center\"><\/p>\n","protected":false},"excerpt":{"rendered":"Comit\u00e9 d&#8217;Organisation (Universit\u00e9 Aberta) Coordination : Antonio Chenoll Adelina Castelo Ana Cristina Braz \u00c2zar Renani Cristiana Vasconcelos Rodrigues Isabel Roboredo Seara Isabelle Sim\u00f5es Marques Katja G\u00f6ttsche Clara Susana de Magalh\u00e3es Oliveira Comit\u00e9 Scientifique Abdelilah Suisse (Universidade de Aveiro)Adelina Castelo (Universidade Aberta)Alicia San Mateo Valdeh\u00edta (Universidad Nacional de Educaci\u00f3n a Distancia (UNED))Ana Braz (Universidade Aberta e [&hellip;]","protected":false},"author":1,"featured_media":2333,"parent":0,"menu_order":10,"comment_status":"closed","ping_status":"closed","template":"","meta":{"speak2many_translation":"{\"pt-PT\":{\"postID\":null,\"postTitle\":\"\",\"siteID\":25,\"customURL\":true,\"languageInfo\":{\"speak2many_site_api_url\":\"https:\/\/sites.uab.pt\/itel2023\/wp-json\/\",\"name\":\"Portugu\u00eas\",\"locale\":\"pt_PT_ao90\"},\"langKey\":\"pt-PT\",\"url\":\"https:\/\/sites.uab.pt\/itel2025\/comissoes\/#\"},\"en-GB\":{\"postID\":null,\"postTitle\":\"\",\"siteID\":27,\"customURL\":true,\"languageInfo\":{\"speak2many_site_api_url\":\"https:\/\/sites.uab.pt\/itel2023-en\/wp-json\/\",\"name\":\"English\",\"locale\":\"en_GB\"},\"langKey\":\"en-GB\",\"url\":\"https:\/\/sites.uab.pt\/itel2025-en\/committees\/#\"},\"es\":{\"postID\":null,\"postTitle\":\"\",\"siteID\":30,\"customURL\":true,\"languageInfo\":{\"speak2many_site_api_url\":\"https:\/\/sites.uab.pt\/itel2023-es\/wp-json\/\",\"name\":\"Espa\u00f1ol\",\"locale\":\"es_ES\"},\"langKey\":\"es\",\"url\":\"https:\/\/sites.uab.pt\/itel2025-es\/comites\/\"},\"de\":{\"postID\":null,\"postTitle\":\"\",\"siteID\":28,\"customURL\":true,\"languageInfo\":{\"speak2many_site_api_url\":\"https:\/\/sites.uab.pt\/itel2023-de\/wp-json\/\",\"name\":\"Deutsch\",\"locale\":\"de_DE\"},\"langKey\":\"de\",\"url\":\"https:\/\/sites.uab.pt\/itel2025-de\/ausschuesse\/#\"},\"fr\":{\"url\":\"\",\"postID\":null,\"postTitle\":\"\",\"siteID\":29,\"customURL\":true,\"languageInfo\":{\"name\":\"Fran\u00e7ais\",\"locale\":\"fr_FR\"},\"langKey\":\"fr\"}}","footnotes":""},"class_list":["post-139","page","type-page","status-publish","has-post-thumbnail","hentry"],"_links":{"self":[{"href":"https:\/\/sites.uab.pt\/itel2025-fr\/wp-json\/wp\/v2\/pages\/139","targetHints":{"allow":["GET"]}}],"collection":[{"href":"https:\/\/sites.uab.pt\/itel2025-fr\/wp-json\/wp\/v2\/pages"}],"about":[{"href":"https:\/\/sites.uab.pt\/itel2025-fr\/wp-json\/wp\/v2\/types\/page"}],"author":[{"embeddable":true,"href":"https:\/\/sites.uab.pt\/itel2025-fr\/wp-json\/wp\/v2\/users\/1"}],"replies":[{"embeddable":true,"href":"https:\/\/sites.uab.pt\/itel2025-fr\/wp-json\/wp\/v2\/comments?post=139"}],"version-history":[{"count":15,"href":"https:\/\/sites.uab.pt\/itel2025-fr\/wp-json\/wp\/v2\/pages\/139\/revisions"}],"predecessor-version":[{"id":2402,"href":"https:\/\/sites.uab.pt\/itel2025-fr\/wp-json\/wp\/v2\/pages\/139\/revisions\/2402"}],"wp:featuredmedia":[{"embeddable":true,"href":"https:\/\/sites.uab.pt\/itel2025-fr\/wp-json\/wp\/v2\/media\/2333"}],"wp:attachment":[{"href":"https:\/\/sites.uab.pt\/itel2025-fr\/wp-json\/wp\/v2\/media?parent=139"}],"curies":[{"name":"wp","href":"https:\/\/api.w.org\/{rel}","templated":true}]}}