{"id":148,"date":"2022-10-20T10:45:31","date_gmt":"2022-10-20T10:45:31","guid":{"rendered":"https:\/\/sites.uab.pt\/congresso-humanidades\/?page_id=148"},"modified":"2025-11-05T18:17:48","modified_gmt":"2025-11-05T18:17:48","slug":"programme-et-resumes","status":"publish","type":"page","link":"https:\/\/sites.uab.pt\/itel2025-fr\/programme-et-resumes\/","title":{"rendered":"Programme et R\u00e9sum\u00e9s"},"content":{"rendered":"\n<hr class=\"wp-block-separator has-alpha-channel-opacity\"\/>\n\n\n\n<p class=\"has-text-align-center\"><em><strong>Vous pouvez trouver le programme et les r\u00e9sum\u00e9s des communications du Congr\u00e8s <a href=\"https:\/\/uabpt-my.sharepoint.com\/:f:\/g\/personal\/achenoll_uab_pt\/EsSatfVEX5tOq3eQgfNOuv4BXq0jhlzP6DxxDApp1vyZRw?e=p051bc\" data-type=\"link\" data-id=\"https:\/\/uabpt-my.sharepoint.com\/:f:\/g\/personal\/achenoll_uab_pt\/EsSatfVEX5tOq3eQgfNOuv4BXq0jhlzP6DxxDApp1vyZRw?e=p051bc\" target=\"_blank\" rel=\"noreferrer noopener\">\u00e0 ce lien<\/a>.<\/strong><\/em><\/p>\n\n\n\n<div style=\"height:27px\" aria-hidden=\"true\" class=\"wp-block-spacer\"><\/div>\n\n\n\n<h2 class=\"wp-block-heading\">Programme<\/h2>\n\n\n\n<div data-wp-interactive=\"core\/file\" class=\"wp-block-file\"><object data-wp-bind--hidden=\"!state.hasPdfPreview\" hidden class=\"wp-block-file__embed\" data=\"https:\/\/sites.uab.pt\/itel2025-fr\/wp-content\/uploads\/sites\/58\/2025\/11\/Final-Program_itel2025_Valpha_05102025.pdf\" type=\"application\/pdf\" style=\"width:100%;height:600px\" aria-label=\"Contenu embarqu\u00e9 Final Program_itel2025_Valpha_05102025.\"><\/object><a id=\"wp-block-file--media-ca1031fb-3e06-4608-8b40-d0a32ead45bd\" href=\"https:\/\/sites.uab.pt\/itel2025-fr\/wp-content\/uploads\/sites\/58\/2025\/11\/Final-Program_itel2025_Valpha_05102025.pdf\">Final Program_itel2025_Valpha_05102025<\/a><a href=\"https:\/\/sites.uab.pt\/itel2025-fr\/wp-content\/uploads\/sites\/58\/2025\/11\/Final-Program_itel2025_Valpha_05102025.pdf\" class=\"wp-block-file__button wp-element-button\" download aria-describedby=\"wp-block-file--media-ca1031fb-3e06-4608-8b40-d0a32ead45bd\">Descarregar<\/a><\/div>\n\n\n\n<h2 class=\"wp-block-heading\">R\u00e9sum\u00e9s<\/h2>\n\n\n\n<div data-wp-interactive=\"core\/file\" class=\"wp-block-file\"><object data-wp-bind--hidden=\"!state.hasPdfPreview\" hidden class=\"wp-block-file__embed\" data=\"https:\/\/sites.uab.pt\/itel2025-fr\/wp-content\/uploads\/sites\/58\/2025\/10\/Book-of-abstracts_itel2025_Valpha_31102025.pdf\" type=\"application\/pdf\" style=\"width:100%;height:600px\" aria-label=\"Contenu embarqu\u00e9 Book of abstracts_itel2025_Valpha_31102025.\"><\/object><a id=\"wp-block-file--media-b3451b0d-2673-46e2-8fd2-da1beb8a4699\" href=\"https:\/\/sites.uab.pt\/itel2025-fr\/wp-content\/uploads\/sites\/58\/2025\/10\/Book-of-abstracts_itel2025_Valpha_31102025.pdf\">Book of abstracts_itel2025_Valpha_31102025<\/a><a href=\"https:\/\/sites.uab.pt\/itel2025-fr\/wp-content\/uploads\/sites\/58\/2025\/10\/Book-of-abstracts_itel2025_Valpha_31102025.pdf\" class=\"wp-block-file__button wp-element-button\" download aria-describedby=\"wp-block-file--media-b3451b0d-2673-46e2-8fd2-da1beb8a4699\">T\u00e9l\u00e9charger<\/a><\/div>\n","protected":false},"excerpt":{"rendered":"Vous pouvez trouver le programme et les r\u00e9sum\u00e9s des communications du Congr\u00e8s \u00e0 ce lien. Programme R\u00e9sum\u00e9s","protected":false},"author":1,"featured_media":2333,"parent":0,"menu_order":40,"comment_status":"closed","ping_status":"closed","template":"","meta":{"speak2many_translation":"{\"pt-PT\":{\"postID\":null,\"postTitle\":\"\",\"siteID\":25,\"customURL\":true,\"languageInfo\":{\"speak2many_site_api_url\":\"https:\/\/sites.uab.pt\/itel2023\/wp-json\/\",\"name\":\"Portugu\u00eas\",\"locale\":\"pt_PT_ao90\"},\"langKey\":\"pt-PT\",\"url\":\"https:\/\/sites.uab.pt\/itel2025\/programa-e-resumos\/#\"},\"en-GB\":{\"postID\":null,\"postTitle\":\"\",\"siteID\":27,\"customURL\":true,\"languageInfo\":{\"speak2many_site_api_url\":\"https:\/\/sites.uab.pt\/itel2023-en\/wp-json\/\",\"name\":\"English\",\"locale\":\"en_GB\"},\"langKey\":\"en-GB\",\"url\":\"https:\/\/sites.uab.pt\/itel2025-en\/program-and-abstracts\/#\"},\"es\":{\"postID\":null,\"postTitle\":\"\",\"siteID\":30,\"customURL\":true,\"languageInfo\":{\"speak2many_site_api_url\":\"https:\/\/sites.uab.pt\/itel2023-es\/wp-json\/\",\"name\":\"Espa\u00f1ol\",\"locale\":\"es_ES\"},\"langKey\":\"es\",\"url\":\"https:\/\/sites.uab.pt\/itel2025-es\/programa-y-resumenes\/#\"},\"de\":{\"postID\":null,\"postTitle\":\"\",\"siteID\":28,\"customURL\":true,\"languageInfo\":{\"speak2many_site_api_url\":\"https:\/\/sites.uab.pt\/itel2023-de\/wp-json\/\",\"name\":\"Deutsch\",\"locale\":\"de_DE\"},\"langKey\":\"de\",\"url\":\"https:\/\/sites.uab.pt\/itel2025-de\/programm-und-abstracts\/#\"},\"fr\":{\"url\":\"\",\"postID\":null,\"postTitle\":\"\",\"siteID\":29,\"customURL\":true,\"languageInfo\":{\"name\":\"Fran\u00e7ais\",\"locale\":\"fr_FR\"},\"langKey\":\"fr\"}}","footnotes":""},"class_list":["post-148","page","type-page","status-publish","has-post-thumbnail","hentry"],"_links":{"self":[{"href":"https:\/\/sites.uab.pt\/itel2025-fr\/wp-json\/wp\/v2\/pages\/148","targetHints":{"allow":["GET"]}}],"collection":[{"href":"https:\/\/sites.uab.pt\/itel2025-fr\/wp-json\/wp\/v2\/pages"}],"about":[{"href":"https:\/\/sites.uab.pt\/itel2025-fr\/wp-json\/wp\/v2\/types\/page"}],"author":[{"embeddable":true,"href":"https:\/\/sites.uab.pt\/itel2025-fr\/wp-json\/wp\/v2\/users\/1"}],"replies":[{"embeddable":true,"href":"https:\/\/sites.uab.pt\/itel2025-fr\/wp-json\/wp\/v2\/comments?post=148"}],"version-history":[{"count":15,"href":"https:\/\/sites.uab.pt\/itel2025-fr\/wp-json\/wp\/v2\/pages\/148\/revisions"}],"predecessor-version":[{"id":2424,"href":"https:\/\/sites.uab.pt\/itel2025-fr\/wp-json\/wp\/v2\/pages\/148\/revisions\/2424"}],"wp:featuredmedia":[{"embeddable":true,"href":"https:\/\/sites.uab.pt\/itel2025-fr\/wp-json\/wp\/v2\/media\/2333"}],"wp:attachment":[{"href":"https:\/\/sites.uab.pt\/itel2025-fr\/wp-json\/wp\/v2\/media?parent=148"}],"curies":[{"name":"wp","href":"https:\/\/api.w.org\/{rel}","templated":true}]}}