{"id":2342,"date":"2025-04-26T17:15:46","date_gmt":"2025-04-26T16:15:46","guid":{"rendered":"https:\/\/sites.uab.pt\/itel2025-fr\/?page_id=2342"},"modified":"2025-04-26T17:28:01","modified_gmt":"2025-04-26T16:28:01","slug":"appel-a-publication","status":"publish","type":"page","link":"https:\/\/sites.uab.pt\/itel2025-fr\/appel-a-publication\/","title":{"rendered":"Appel \u00e0 Publication"},"content":{"rendered":"\n<h2 class=\"wp-block-heading has-text-align-center\">Appel \u00e0 Publication<\/h2>\n\n\n\n<div class=\"wp-block-columns is-layout-flex wp-container-core-columns-is-layout-9d6595d7 wp-block-columns-is-layout-flex\">\n  \n  <div class=\"wp-block-column is-layout-flow wp-block-column-is-layout-flow\" style=\"flex-basis:25%\"><\/div>\n  \n\n  \n  <div class=\"wp-block-column is-layout-flow wp-block-column-is-layout-flow\" style=\"flex-basis:50%\"><\/div>\n  \n\n  \n  <div class=\"wp-block-column is-layout-flow wp-block-column-is-layout-flow\" style=\"flex-basis:25%\"><\/div>\n  \n<\/div>\n\n\n\n<p class=\"has-text-align-center\">Les communications accept\u00e9es seront invit\u00e9es \u00e0 publication apr\u00e8s la cl\u00f4ture du congr\u00e8s.<\/p>\n\n\n\n<p class=\"has-text-align-center\"><em>Plus d&#8217;informations prochainement<\/em><\/p>\n","protected":false},"excerpt":{"rendered":"Appel \u00e0 Publication Les communications accept\u00e9es seront invit\u00e9es \u00e0 publication apr\u00e8s la cl\u00f4ture du congr\u00e8s. Plus d&#8217;informations prochainement","protected":false},"author":12,"featured_media":2349,"parent":0,"menu_order":0,"comment_status":"closed","ping_status":"closed","template":"","meta":{"speak2many_translation":"","footnotes":""},"class_list":["post-2342","page","type-page","status-publish","has-post-thumbnail","hentry"],"_links":{"self":[{"href":"https:\/\/sites.uab.pt\/itel2025-fr\/wp-json\/wp\/v2\/pages\/2342","targetHints":{"allow":["GET"]}}],"collection":[{"href":"https:\/\/sites.uab.pt\/itel2025-fr\/wp-json\/wp\/v2\/pages"}],"about":[{"href":"https:\/\/sites.uab.pt\/itel2025-fr\/wp-json\/wp\/v2\/types\/page"}],"author":[{"embeddable":true,"href":"https:\/\/sites.uab.pt\/itel2025-fr\/wp-json\/wp\/v2\/users\/12"}],"replies":[{"embeddable":true,"href":"https:\/\/sites.uab.pt\/itel2025-fr\/wp-json\/wp\/v2\/comments?post=2342"}],"version-history":[{"count":1,"href":"https:\/\/sites.uab.pt\/itel2025-fr\/wp-json\/wp\/v2\/pages\/2342\/revisions"}],"predecessor-version":[{"id":2343,"href":"https:\/\/sites.uab.pt\/itel2025-fr\/wp-json\/wp\/v2\/pages\/2342\/revisions\/2343"}],"wp:featuredmedia":[{"embeddable":true,"href":"https:\/\/sites.uab.pt\/itel2025-fr\/wp-json\/wp\/v2\/media\/2349"}],"wp:attachment":[{"href":"https:\/\/sites.uab.pt\/itel2025-fr\/wp-json\/wp\/v2\/media?parent=2342"}],"curies":[{"name":"wp","href":"https:\/\/api.w.org\/{rel}","templated":true}]}}