{"id":142,"date":"2022-10-19T22:42:28","date_gmt":"2022-10-19T22:42:28","guid":{"rendered":"https:\/\/sites.uab.pt\/congresso-humanidades\/?page_id=142"},"modified":"2025-10-20T21:50:32","modified_gmt":"2025-10-20T20:50:32","slug":"conferencistas-plenarios","status":"publish","type":"page","link":"https:\/\/sites.uab.pt\/itel2025\/conferencistas-plenarios\/","title":{"rendered":"Conferencistas Plen\u00e1rios"},"content":{"rendered":"\n<h2 class=\"wp-block-heading has-text-align-center\">Conferencistas Plen\u00e1rios<\/h2>\n\n\n\n<hr class=\"wp-block-separator has-alpha-channel-opacity\"\/>\n\n\n\n<div style=\"height:31px\" aria-hidden=\"true\" class=\"wp-block-spacer\"><\/div>\n\n\n\n        \n\n    <div class=\"\">\n        <ul class=\"elements row list-unstyled justify-content-center\">\n            \t\t\t\t<li class=\" flex-column col-12 col-lg-6  d-flex align-items-center element py-3\">\n\t\t\t\t\t\t\t\t\t\t\t<div class=\"d-flex flex-column align-items-center text-decoration-none lb\">\n\t\t\t\t\t\t\t\t\t\t\t\t\t\t\t\t\t\t\t\t\t<div class=\"entry-thumbnail-wrapper-bg\"><div class=\"entry-thumbnail-wrapper\"><img decoding=\"async\" src=\"https:\/\/sites.uab.pt\/itel2025\/wp-content\/uploads\/sites\/55\/2025\/09\/PhotoJavier-Munoz-Basols-880x1024-1.jpg\" width=\"880\" height=\"1024\" class=\"attachment-news-list-thumbnails-size size-news-list-thumbnails-size block entry-thumbnail img-fluid\" alt=\"\" srcset=\"https:\/\/sites.uab.pt\/itel2025\/wp-content\/uploads\/sites\/55\/2025\/09\/PhotoJavier-Munoz-Basols-880x1024-1.jpg 880w, https:\/\/sites.uab.pt\/itel2025\/wp-content\/uploads\/sites\/55\/2025\/09\/PhotoJavier-Munoz-Basols-880x1024-1-258x300.jpg 258w, https:\/\/sites.uab.pt\/itel2025\/wp-content\/uploads\/sites\/55\/2025\/09\/PhotoJavier-Munoz-Basols-880x1024-1-768x894.jpg 768w\" sizes=\"auto, (max-width: 880px) 100vw, 880px\"  loading=\"lazy\"><\/div><\/div>\n\t\t\t\t\t\t\t\n\t\t\t\t\t\t\t<div class=\"element-info\">\n\t\t\t\t\t\t\t\t<div class=\"title\">Javier Mu\u00f1oz-Basols<\/div>\n\n\t\t\t\t\t\t\t\t\t\t\t\t\t\t\t\t\t\t\t\t\t\t\t\t\t<dl class=\"affiliation-wrapper\"><dt class=\"affiliation-label visually-hidden\">Afilia\u00e7\u00e3o: <\/dt><dd class=\"affiliation-value\">Executive Director, Instituto Cervantes Los Angeles, and Honorary Research Fellow at the University of Seville and the University of Oxford<\/dd><\/dl>\n\t\t\t\t\t\t\t\t\n\t\t\t\t\t\t\t\t\t\t\t\t\t\t\t\t\t\t\t\t\t\t\t\t\t\t\t\t\t\t\t\t\t<div class=\"content w-100\">\n<p>Javier Mu\u00f1oz-Basols \u00e9&nbsp;<em>Beatriz Galindo Distinguished Senior Researcher<\/em>&nbsp;na Universidade de Sevilha (Espanha), no \u00e2mbito de um programa competitivo de capta\u00e7\u00e3o internacional de talento financiado pelo&nbsp;<em>Ministerio de Ciencia, Innovaci\u00f3n y Universidades<\/em>&nbsp;espanhol. \u00c9 tamb\u00e9m Investigador Honor\u00e1rio na Universidade de Oxford (Reino Unido), onde trabalhou durante 15 anos como&nbsp;<em>Lecturer<\/em>,&nbsp;<em>Senior Lecturer<\/em>&nbsp;em Espanhol e Coordenador de Espanhol.<\/p>\n\n\n\n<p>A sua investiga\u00e7\u00e3o centra-se nas rela\u00e7\u00f5es entre contacto lingu\u00edstico e multilinguismo; na integra\u00e7\u00e3o da tecnologia \u2014 incluindo a Intelig\u00eancia Artificial (IA) \u2014 no ensino de l\u00ednguas, e no impacto dos contextos institucionais no ensino de l\u00ednguas. O seu trabalho tem sido destacado em \u00f3rg\u00e3os de comunica\u00e7\u00e3o social espanh\u00f3is e internacionais de refer\u00eancia, como&nbsp;<em>El Pa\u00eds<\/em>,&nbsp;<em>France 24<\/em>,&nbsp;<em>Radio France Internationale<\/em>,&nbsp;<em>La Vanguardia<\/em>&nbsp;e&nbsp;<em>RNE Radio Exterior<\/em>. Tem ainda proferido confer\u00eancias plen\u00e1rias em encontros e congressos internacionais na Argentina, B\u00e9lgica, Brasil, Canad\u00e1, Hong Kong, It\u00e1lia, Jap\u00e3o, Luxemburgo, M\u00e9xico, Marrocos, Pa\u00edses Baixos, Peru, Portugal, Espanha, Tun\u00edsia e Reino Unido.<\/p>\n\n\n\n<p>Javier Mu\u00f1oz-Basols \u00e9 autor de um vasto n\u00famero de publica\u00e7\u00f5es que inclui 18 livros e volumes editados por prestigiadas editoras internacionais. Publicou em revistas acad\u00e9micas de elevado impacto, entre as quais&nbsp;<em>Applied Linguistics<\/em>,&nbsp;<em>International Journal of Multilingualism<\/em>&nbsp;e&nbsp;<em>Computer Assisted Language Learning<\/em>. O seu mais recente livro,&nbsp;<em>Technology-Mediated Language Teaching: From Social Justice to Artificial Intelligence (AI)<\/em>&nbsp;(<em>Multilingual Matters<\/em>, 2025), explora estrat\u00e9gias inovadoras de investiga\u00e7\u00e3o e ensino para a integra\u00e7\u00e3o da tecnologia no ensino de l\u00ednguas. \u00c9 tamb\u00e9m cofundador e Editor-Chefe da revista&nbsp;<em>Journal of Spanish Language Teaching<\/em>&nbsp;(Routledge).<\/p>\n\n\n\n<p>As suas contribui\u00e7\u00f5es institucionais incluem o exerc\u00edcio das fun\u00e7\u00f5es de Presidente da Asociaci\u00f3n para la Ense\u00f1anza del Espa\u00f1ol como Lengua Extranjera (Associa\u00e7\u00e3o para o Ensino do Espanhol como L\u00edngua Estrangeira) (ASELE), membro do&nbsp;<em>Patronato<\/em>&nbsp;do Instituto Cervantes e membro correspondente da&nbsp;<em>Academia Norteamericana de la Lengua Espa\u00f1ola<\/em>&nbsp;(Academia Norte-Americana da L\u00edngua Espanhola) (ANLE).<\/p>\n<\/div>\n\t\t\t\t\t\t\t\t\t\t\t\t\t\t\t<\/div>\n\t\t\t\t\t\t<\/div>\n\t\t\t\t\t\t\t\t\t<\/li>\n            \t\t\t\t<li class=\" flex-column col-12 col-lg-6  d-flex align-items-center element py-3\">\n\t\t\t\t\t\t\t\t\t\t\t<div class=\"d-flex flex-column align-items-center text-decoration-none lb\">\n\t\t\t\t\t\t\t\t\t\t\t\t\t\t\t\t\t\t\t\t\t<div class=\"entry-thumbnail-wrapper-bg\"><div class=\"entry-thumbnail-wrapper\"><img decoding=\"async\" src=\"https:\/\/sites.uab.pt\/itel2025\/wp-content\/uploads\/sites\/55\/2025\/09\/lcmorgado.jpg\" width=\"200\" height=\"205\" class=\"attachment-news-list-thumbnails-size size-news-list-thumbnails-size block entry-thumbnail img-fluid\" alt=\"\"  loading=\"lazy\"><\/div><\/div>\n\t\t\t\t\t\t\t\n\t\t\t\t\t\t\t<div class=\"element-info\">\n\t\t\t\t\t\t\t\t<div class=\"title\">Leonel Morgado<\/div>\n\n\t\t\t\t\t\t\t\t\t\t\t\t\t\t\t\t\t\t\t\t\t\t\t\t\t<dl class=\"affiliation-wrapper\"><dt class=\"affiliation-label visually-hidden\">Afilia\u00e7\u00e3o: <\/dt><dd class=\"affiliation-value\">Universidade Aberta<\/dd><\/dl>\n\t\t\t\t\t\t\t\t\n\t\t\t\t\t\t\t\t\t\t\t\t\t\t\t\t\t\t\t\t\t\t\t\t\t\t\t\t\t\t\t\t\t<div class=\"content w-100\">\n<p>Leonel Morgado \u00e9 Professor Catedr\u00e1tico da Universidade Aberta (UAb). Leciona m\u00e9todos de investiga\u00e7\u00e3o, ambientes imersivos e programa\u00e7\u00e3o. Investigador S\u00e9nior do INESC TEC, Laborat\u00f3rio Associado, e coordenador do N\u00facleo do INESC TEC na UAb. Integra a Unidade de Desenvolvimento dos Centros Locais de Aprendizagem (UMCLA). \u00c9 Adido para Normas da Comiss\u00e3o T\u00e9cnica para Ambientes de Aprendizagem Imersivos da IEEE Education Society. Membro da Comiss\u00e3o Diretiva e do C\u00edrculo de Acad\u00e9micos da Immersive Learning Research Network. Faz investiga\u00e7\u00e3o cient\u00edfica e desenvolvimento tecnol\u00f3gico sobre ambientes imersivos desde 2000, no apoio ao ensino e \u00e0 aprendizagem. \u00c9 autor de mais de 200 publica\u00e7\u00f5es cient\u00edficas. Antes da carreira acad\u00e9mica foi diretor t\u00e9cnico-comercial de uma empresa de importa\u00e7\u00e3o, distribui\u00e7\u00e3o e venda de hardware, terminologista da localiza\u00e7\u00e3o do Microsoft Office 97 e do Oracle InterOffice, consultor lingu\u00edstico da IBM\/Lotus, coordenador de equipas de desenvolvimento Web e de implanta\u00e7\u00e3o de software, e gestor de equipas de combate \u00e0 infoexclus\u00e3o na regi\u00e3o de Tr\u00e1s-os-Montes e Alto Douro.<\/p>\n\n\n\n<p><a href=\"https:\/\/scholar.google.pt\/citations?user=_sMGYcgAAAAJ&amp;hl=pt-PT\" target=\"_blank\" rel=\"noreferrer noopener\">CV Google Scholar<\/a><br><a href=\"https:\/\/www.cienciavitae.pt\/7119-981F-18A9\" target=\"_blank\" rel=\"noreferrer noopener\">CV Ci\u00eancia Vitae<\/a><\/p>\n<\/div>\n\t\t\t\t\t\t\t\t\t\t\t\t\t\t\t<\/div>\n\t\t\t\t\t\t<\/div>\n\t\t\t\t\t\t\t\t\t<\/li>\n                    <\/ul>\n    <\/div>\n    <div class=\"clearfix\"><\/div>\n\n\n\n<h2 class=\"wp-block-heading has-text-align-center\">Convidados Mesa-redonda<\/h2>\n\n\n\n<hr class=\"wp-block-separator has-alpha-channel-opacity\"\/>\n\n\n\n        \n\n    <div class=\"\">\n        <ul class=\"elements row list-unstyled justify-content-center\">\n            \t\t\t\t<li class=\" flex-column col-12 col-lg-6  d-flex align-items-center element py-3\">\n\t\t\t\t\t\t\t\t\t\t\t<div class=\"d-flex flex-column align-items-center text-decoration-none lb\">\n\t\t\t\t\t\t\t\t\t\t\t\t\t\t\t\t\t\t\t\t\t<div class=\"entry-thumbnail-wrapper-bg\"><div class=\"entry-thumbnail-wrapper\"><img decoding=\"async\" src=\"https:\/\/sites.uab.pt\/itel2025\/wp-content\/uploads\/sites\/55\/2025\/10\/Ursula-Stickler.jpg\" width=\"450\" height=\"600\" class=\"attachment-news-list-thumbnails-size size-news-list-thumbnails-size block entry-thumbnail img-fluid\" alt=\"\" srcset=\"https:\/\/sites.uab.pt\/itel2025\/wp-content\/uploads\/sites\/55\/2025\/10\/Ursula-Stickler.jpg 450w, https:\/\/sites.uab.pt\/itel2025\/wp-content\/uploads\/sites\/55\/2025\/10\/Ursula-Stickler-225x300.jpg 225w\" sizes=\"auto, (max-width: 450px) 100vw, 450px\"  loading=\"lazy\"><\/div><\/div>\n\t\t\t\t\t\t\t\n\t\t\t\t\t\t\t<div class=\"element-info\">\n\t\t\t\t\t\t\t\t<div class=\"title\">Ursula Stickler<\/div>\n\n\t\t\t\t\t\t\t\t\t\t\t\t\t\t\t\t\t\t\t\t\t\t\t\t\t<dl class=\"affiliation-wrapper\"><dt class=\"affiliation-label visually-hidden\">Afilia\u00e7\u00e3o: <\/dt><dd class=\"affiliation-value\">Open University<\/dd><\/dl>\n\t\t\t\t\t\t\t\t\n\t\t\t\t\t\t\t\t\t\t\t\t\t\t\t\t\t\t\t\t\t\t\t\t\t\t\t\t\t\t\t\t\t<div class=\"content w-100\">\n<p>Ursula Stickler is Professor of Online Language Teaching at the Open University, UK, a distance teaching institution. Her research deals with technology enhanced language learning, teacher training, and qualitative research design. Across Europe and beyond she has worked with language teachers on integrating technology into their language teaching practice. She is co-editor of the Castledown book series &#8220;Developing online language pedagogies&#8221; and the &#8220;Bloomsbury Handbook of Language Learning and Technology&#8221;; and has co-edited numerous special issues and book projects.<\/p>\n\n\n\n<p><\/p>\n<\/div>\n\t\t\t\t\t\t\t\t\t\t\t\t\t\t\t<\/div>\n\t\t\t\t\t\t<\/div>\n\t\t\t\t\t\t\t\t\t<\/li>\n            \t\t\t\t<li class=\" flex-column col-12 col-lg-6  d-flex align-items-center element py-3\">\n\t\t\t\t\t\t\t\t\t\t\t<div class=\"d-flex flex-column align-items-center text-decoration-none lb\">\n\t\t\t\t\t\t\t\t\t\t\t\t\t\t\t\t\t\t\t\t\t<div class=\"entry-thumbnail-wrapper-bg\"><div class=\"entry-thumbnail-wrapper\"><img decoding=\"async\" src=\"https:\/\/sites.uab.pt\/itel2025\/wp-content\/uploads\/sites\/55\/2025\/10\/jhopkins-2025.jpg\" width=\"1516\" height=\"1909\" class=\"attachment-news-list-thumbnails-size size-news-list-thumbnails-size block entry-thumbnail img-fluid\" alt=\"\" srcset=\"https:\/\/sites.uab.pt\/itel2025\/wp-content\/uploads\/sites\/55\/2025\/10\/jhopkins-2025.jpg 1516w, https:\/\/sites.uab.pt\/itel2025\/wp-content\/uploads\/sites\/55\/2025\/10\/jhopkins-2025-238x300.jpg 238w, https:\/\/sites.uab.pt\/itel2025\/wp-content\/uploads\/sites\/55\/2025\/10\/jhopkins-2025-813x1024.jpg 813w, https:\/\/sites.uab.pt\/itel2025\/wp-content\/uploads\/sites\/55\/2025\/10\/jhopkins-2025-768x967.jpg 768w, https:\/\/sites.uab.pt\/itel2025\/wp-content\/uploads\/sites\/55\/2025\/10\/jhopkins-2025-1220x1536.jpg 1220w\" sizes=\"auto, (max-width: 1516px) 100vw, 1516px\"  loading=\"lazy\"><\/div><\/div>\n\t\t\t\t\t\t\t\n\t\t\t\t\t\t\t<div class=\"element-info\">\n\t\t\t\t\t\t\t\t<div class=\"title\">Joseph\u00a0Hopkins<\/div>\n\n\t\t\t\t\t\t\t\t\t\t\t\t\t\t\t\t\t\t\t\t\t\t\t\t\t<dl class=\"affiliation-wrapper\"><dt class=\"affiliation-label visually-hidden\">Afilia\u00e7\u00e3o: <\/dt><dd class=\"affiliation-value\">Universitat Oberta de Catalunya<\/dd><\/dl>\n\t\t\t\t\t\t\t\t\n\t\t\t\t\t\t\t\t\t\t\t\t\t\t\t\t\t\t\t\t\t\t\t\t\t\t\t\t\t\t\t\t\t<div class=\"content w-100\">\n<p>Recently retired, but still active,\u00a0Joseph\u00a0Hopkins is a language teacher\/teacher trainer and is the former Director of the Centre for Modern Languages at the Universitat Oberta de Catalunya, a totally online institution. He is also a team member of the project ICT-REV, an teacher development initiative financed by the European Centre for Modern Languages (ECML) and the European Commission. His research interests are technology-enhanced language teaching and learning, language teaching management, and ICT training for language teachers.<\/p>\n<\/div>\n\t\t\t\t\t\t\t\t\t\t\t\t\t\t\t<\/div>\n\t\t\t\t\t\t<\/div>\n\t\t\t\t\t\t\t\t\t<\/li>\n            \t\t\t\t<li class=\" flex-column col-12 col-lg-6  d-flex align-items-center element py-3\">\n\t\t\t\t\t\t\t\t\t\t\t<div class=\"d-flex flex-column align-items-center text-decoration-none lb\">\n\t\t\t\t\t\t\t\t\t\t\t\t\t\t\t\t\t\t\t\t\t<div class=\"entry-thumbnail-wrapper-bg\"><div class=\"entry-thumbnail-wrapper\"><img decoding=\"async\" src=\"https:\/\/sites.uab.pt\/itel2025\/wp-content\/uploads\/sites\/55\/2025\/10\/PILAR-RODRIGUEZ-ARANCON.jpg\" width=\"483\" height=\"400\" class=\"attachment-news-list-thumbnails-size size-news-list-thumbnails-size block entry-thumbnail img-fluid\" alt=\"\" srcset=\"https:\/\/sites.uab.pt\/itel2025\/wp-content\/uploads\/sites\/55\/2025\/10\/PILAR-RODRIGUEZ-ARANCON.jpg 483w, https:\/\/sites.uab.pt\/itel2025\/wp-content\/uploads\/sites\/55\/2025\/10\/PILAR-RODRIGUEZ-ARANCON-300x248.jpg 300w\" sizes=\"auto, (max-width: 483px) 100vw, 483px\"  loading=\"lazy\"><\/div><\/div>\n\t\t\t\t\t\t\t\n\t\t\t\t\t\t\t<div class=\"element-info\">\n\t\t\t\t\t\t\t\t<div class=\"title\">Pilar Rodr\u00edguez-Aranc\u00f3n<\/div>\n\n\t\t\t\t\t\t\t\t\t\t\t\t\t\t\t\t\t\t\t\t\t\t\t\t\t<dl class=\"affiliation-wrapper\"><dt class=\"affiliation-label visually-hidden\">Afilia\u00e7\u00e3o: <\/dt><dd class=\"affiliation-value\">UNED<\/dd><\/dl>\n\t\t\t\t\t\t\t\t\n\t\t\t\t\t\t\t\t\t\t\t\t\t\t\t\t\t\t\t\t\t\t\t\t\t\t\t\t\t\t\t\t\t<div class=\"content w-100\">\n<p>Pilar Rodr\u00edguez-Aranc\u00f3n works at the Department of Foreign Philologies and their Linguistics, National Distance Education University (UNED). Her research interests focus on Intercultural Communication and the didactic use of Audiovisual Translation. Her current projects is Green GECKO, which aims to improve Asian engineers&#8217; green skills through online learning modules. She is a member of the TRADIT Research Group which specializes in three main research areas: audiovisual translation, media accessibility, and language learning. Pilar has managed\u00a0UNED&#8217;s Language Centre for the past six years.<\/p>\n<\/div>\n\t\t\t\t\t\t\t\t\t\t\t\t\t\t\t<\/div>\n\t\t\t\t\t\t<\/div>\n\t\t\t\t\t\t\t\t\t<\/li>\n            \t\t\t\t<li class=\" flex-column col-12 col-lg-6  d-flex align-items-center element py-3\">\n\t\t\t\t\t\t\t\t\t\t\t<div class=\"d-flex flex-column align-items-center text-decoration-none lb\">\n\t\t\t\t\t\t\t\t\t\t\t\t\t\t\t\t\t\t\t\t\t<div class=\"entry-thumbnail-wrapper-bg\"><div class=\"entry-thumbnail-wrapper\"><img decoding=\"async\" src=\"https:\/\/sites.uab.pt\/itel2025\/wp-content\/uploads\/sites\/55\/2025\/10\/Antonio-Chenoll-copia.jpg\" width=\"268\" height=\"268\" class=\"attachment-news-list-thumbnails-size size-news-list-thumbnails-size block entry-thumbnail img-fluid\" alt=\"\" srcset=\"https:\/\/sites.uab.pt\/itel2025\/wp-content\/uploads\/sites\/55\/2025\/10\/Antonio-Chenoll-copia.jpg 268w, https:\/\/sites.uab.pt\/itel2025\/wp-content\/uploads\/sites\/55\/2025\/10\/Antonio-Chenoll-copia-150x150.jpg 150w\" sizes=\"auto, (max-width: 268px) 100vw, 268px\"  loading=\"lazy\"><\/div><\/div>\n\t\t\t\t\t\t\t\n\t\t\t\t\t\t\t<div class=\"element-info\">\n\t\t\t\t\t\t\t\t<div class=\"title\">Antonio Chenoll<\/div>\n\n\t\t\t\t\t\t\t\t\t\t\t\t\t\t\t\t\t\t\t\t\t\t\t\t\t<dl class=\"affiliation-wrapper\"><dt class=\"affiliation-label visually-hidden\">Afilia\u00e7\u00e3o: <\/dt><dd class=\"affiliation-value\">Universidade Aberta<\/dd><\/dl>\n\t\t\t\t\t\t\t\t\n\t\t\t\t\t\t\t\t\t\t\t\t\t\t\t\t\t\t\t\t\t\t\t\t\t\t\t\t\t\t\t\t\t<div class=\"content w-100\">\n<p>Antonio Chenoll is a researcher and lecturer specialising in the teaching of foreign languages, digital educational technologies and online learning. He is currently an integrated member of the LE@D (Distance Learning &amp; eLearning Laboratory) at Universidade Aberta (Portugal), where, in addition to teaching, he coordinates the EL@N group within the same laboratory. His research focuses on foreign-language acquisition as a cognitive process through online and multimedia texts, as well as on the production, perception and acquisition of spoken language. He also investigates the use of web technologies, gamification and digital learning in the language-classroom.<\/p>\n\n\n\n<p><\/p>\n<\/div>\n\t\t\t\t\t\t\t\t\t\t\t\t\t\t\t<\/div>\n\t\t\t\t\t\t<\/div>\n\t\t\t\t\t\t\t\t\t<\/li>\n                    <\/ul>\n    <\/div>\n    <div class=\"clearfix\"><\/div>\n","protected":false},"excerpt":{"rendered":"Conferencistas Plen\u00e1rios Convidados Mesa-redonda","protected":false},"author":1,"featured_media":2146,"parent":0,"menu_order":20,"comment_status":"closed","ping_status":"closed","template":"","meta":{"speak2many_translation":"{\"pt-PT\":{\"url\":\"\",\"postID\":null,\"postTitle\":\"\",\"siteID\":25,\"customURL\":true,\"languageInfo\":{\"name\":\"Portugu\u00eas\",\"locale\":\"pt_PT_ao90\"},\"langKey\":\"pt-PT\"},\"en-GB\":{\"url\":\"https:\/\/sites.uab.pt\/itel2025-en\/keynote-speakers\/#\",\"postID\":null,\"postTitle\":\"\",\"siteID\":27,\"customURL\":true,\"languageInfo\":{\"speak2many_site_api_url\":\"https:\/\/sites.uab.pt\/itel2025-en\/wp-json\/\",\"name\":\"English\",\"locale\":\"en_GB\"},\"langKey\":\"en-GB\"},\"es\":{\"url\":\"https:\/\/sites.uab.pt\/itel2025-es\/conferencistas-plenarios\/\",\"postID\":null,\"postTitle\":\"\",\"siteID\":30,\"customURL\":true,\"languageInfo\":{\"speak2many_site_api_url\":\"https:\/\/sites.uab.pt\/itel2025-es\/wp-json\/\",\"name\":\"Espa\u00f1ol\",\"locale\":\"es_ES\"},\"langKey\":\"es\"},\"de\":{\"url\":\"https:\/\/sites.uab.pt\/itel2025-de\/hauptredner\/#\",\"postID\":null,\"postTitle\":\"\",\"siteID\":28,\"customURL\":true,\"languageInfo\":{\"speak2many_site_api_url\":\"https:\/\/sites.uab.pt\/itel2025-de\/wp-json\/\",\"name\":\"Deutsch\",\"locale\":\"de_DE\"},\"langKey\":\"de\"},\"fr\":{\"url\":\"https:\/\/sites.uab.pt\/itel2025-fr\/conferences-plenieres\/\",\"postID\":null,\"postTitle\":\"\",\"siteID\":29,\"customURL\":true,\"languageInfo\":{\"speak2many_site_api_url\":\"https:\/\/sites.uab.pt\/itel2025-fr\/wp-json\/\",\"name\":\"Fran\u00e7ais\",\"locale\":\"fr_FR\"},\"langKey\":\"fr\"}}","footnotes":""},"class_list":["post-142","page","type-page","status-publish","has-post-thumbnail","hentry"],"_links":{"self":[{"href":"https:\/\/sites.uab.pt\/itel2025\/wp-json\/wp\/v2\/pages\/142","targetHints":{"allow":["GET"]}}],"collection":[{"href":"https:\/\/sites.uab.pt\/itel2025\/wp-json\/wp\/v2\/pages"}],"about":[{"href":"https:\/\/sites.uab.pt\/itel2025\/wp-json\/wp\/v2\/types\/page"}],"author":[{"embeddable":true,"href":"https:\/\/sites.uab.pt\/itel2025\/wp-json\/wp\/v2\/users\/1"}],"replies":[{"embeddable":true,"href":"https:\/\/sites.uab.pt\/itel2025\/wp-json\/wp\/v2\/comments?post=142"}],"version-history":[{"count":14,"href":"https:\/\/sites.uab.pt\/itel2025\/wp-json\/wp\/v2\/pages\/142\/revisions"}],"predecessor-version":[{"id":2241,"href":"https:\/\/sites.uab.pt\/itel2025\/wp-json\/wp\/v2\/pages\/142\/revisions\/2241"}],"wp:featuredmedia":[{"embeddable":true,"href":"https:\/\/sites.uab.pt\/itel2025\/wp-json\/wp\/v2\/media\/2146"}],"wp:attachment":[{"href":"https:\/\/sites.uab.pt\/itel2025\/wp-json\/wp\/v2\/media?parent=142"}],"curies":[{"name":"wp","href":"https:\/\/api.w.org\/{rel}","templated":true}]}}