{"id":1494,"date":"2022-10-19T21:13:18","date_gmt":"2022-10-19T21:13:18","guid":{"rendered":"https:\/\/sites.uab.pt\/congresso-humanidades\/?page_id=2"},"modified":"2025-11-05T18:13:50","modified_gmt":"2025-11-05T18:13:50","slug":"inicio","status":"publish","type":"page","link":"https:\/\/sites.uab.pt\/itel2025\/","title":{"rendered":"Apresenta\u00e7\u00e3o"},"content":{"rendered":"\n<h2 class=\"wp-block-heading has-text-align-center\"><strong><em>4.\u00ba Congresso Internacional Inova\u00e7\u00e3o e Tecnologia no Ensino de L\u00ednguas (iTel2025)<\/em><\/strong>:<\/h2>\n\n\n\n<p class=\"has-text-align-center has-medium-font-size\"><strong><em>Intelig\u00eancia artificial e aprendizagem personalizada<\/em><\/strong><\/p>\n\n\n\n<div style=\"height:50px\" aria-hidden=\"true\" class=\"wp-block-spacer\"><\/div>\n\n\n\n<p class=\"has-text-align-center\"><strong><br>Link \u00fanico da confer\u00eancia<\/strong><\/p>\n\n\n\n<p class=\"has-text-align-center\">https:\/\/us02web.zoom.us\/j\/84090364754<br>Access code: 243594<\/p>\n\n\n\n<p class=\"has-text-align-center\"><\/p>\n\n\n\n<div class=\"wp-block-columns is-layout-flex wp-container-core-columns-is-layout-9d6595d7 wp-block-columns-is-layout-flex\">\n<div class=\"wp-block-column is-layout-flow wp-block-column-is-layout-flow\" style=\"flex-basis:25%\"><\/div>\n\n\n\n<div class=\"wp-block-column is-layout-flow wp-block-column-is-layout-flow\" style=\"flex-basis:50%\"><div class=\"wp-block-image\">\n<figure class=\"aligncenter size-full\"><img loading=\"lazy\" decoding=\"async\" width=\"592\" height=\"141\" src=\"https:\/\/sites.uab.pt\/itel2025\/wp-content\/uploads\/sites\/25\/2023\/06\/EL@N-3.jpg\" alt=\"\" class=\"wp-image-2093\" srcset=\"https:\/\/sites.uab.pt\/itel2025\/wp-content\/uploads\/sites\/55\/2023\/06\/EL@N-3.jpg 592w, https:\/\/sites.uab.pt\/itel2025\/wp-content\/uploads\/sites\/55\/2023\/06\/EL@N-3-300x71.jpg 300w\" sizes=\"auto, (max-width: 592px) 100vw, 592px\" \/><\/figure>\n<\/div><\/div>\n\n\n\n<div class=\"wp-block-column is-layout-flow wp-block-column-is-layout-flow\" style=\"flex-basis:25%\"><\/div>\n<\/div>\n\n\n\n<p class=\"has-text-align-center\"><strong>5 e 6 de novembro de 2025<\/strong><br>Universidade Aberta | Portugal<\/p>\n\n\n\n<p class=\"has-text-align-center\"><em>Online <\/em>via Zoom \/ Fuso hor\u00e1rio de Lisboa, Portugal<\/p>\n\n\n\n<p><\/p>\n","protected":false},"excerpt":{"rendered":"4.\u00ba Congresso Internacional Inova\u00e7\u00e3o e Tecnologia no Ensino de L\u00ednguas (iTel2025): Intelig\u00eancia artificial e aprendizagem personalizada Link \u00fanico da confer\u00eancia https:\/\/us02web.zoom.us\/j\/84090364754Access code: 243594 5 e 6 de novembro de 2025Universidade Aberta | Portugal Online via Zoom \/ Fuso hor\u00e1rio de Lisboa, Portugal","protected":false},"author":1,"featured_media":2146,"parent":0,"menu_order":0,"comment_status":"closed","ping_status":"open","template":"","meta":{"speak2many_translation":"{\"pt-PT\":{\"url\":\"\",\"postID\":null,\"postTitle\":\"\",\"siteID\":25,\"customURL\":true,\"languageInfo\":{\"name\":\"Portugu\u00eas\",\"locale\":\"pt_PT_ao90\"},\"langKey\":\"pt-PT\"},\"en-GB\":{\"postID\":null,\"postTitle\":\"\",\"siteID\":27,\"customURL\":true,\"languageInfo\":{\"speak2many_site_api_url\":\"https:\/\/sites.uab.pt\/itel2025-en\/wp-json\/\",\"name\":\"English\",\"locale\":\"en_GB\"},\"langKey\":\"en-GB\",\"id\":1494,\"url\":\"https:\/\/sites.uab.pt\/itel2025-en\/#\",\"title\":\"Presentation\",\"type\":\"page\"},\"es\":{\"url\":\"https:\/\/sites.uab.pt\/itel2025-es\/#\",\"postID\":null,\"postTitle\":\"\",\"siteID\":30,\"customURL\":true,\"languageInfo\":{\"speak2many_site_api_url\":\"https:\/\/sites.uab.pt\/itel2025-es\/wp-json\/\",\"name\":\"Espa\u00f1ol\",\"locale\":\"es_ES\"},\"langKey\":\"es\"},\"de\":{\"url\":\"https:\/\/sites.uab.pt\/itel2025-de\/#\",\"postID\":null,\"postTitle\":\"\",\"siteID\":28,\"customURL\":true,\"type\":\"page\",\"languageInfo\":{\"name\":\"German\",\"locale\":\"de_DE\",\"speak2many_site_api_url\":\"https:\/\/sites.uab.pt\/itel2025-de\/wp-json\/\"},\"langKey\":\"de\"},\"fr\":{\"url\":\"https:\/\/sites.uab.pt\/itel2025-fr\/#\",\"postID\":null,\"postTitle\":\"\",\"siteID\":29,\"customURL\":true,\"languageInfo\":{\"speak2many_site_api_url\":\"https:\/\/sites.uab.pt\/itel2025-fr\/wp-json\/\",\"name\":\"Fran\u00e7ais\",\"locale\":\"fr_FR\"},\"langKey\":\"fr\"}}","footnotes":""},"class_list":["post-1494","page","type-page","status-publish","has-post-thumbnail","hentry"],"_links":{"self":[{"href":"https:\/\/sites.uab.pt\/itel2025\/wp-json\/wp\/v2\/pages\/1494","targetHints":{"allow":["GET"]}}],"collection":[{"href":"https:\/\/sites.uab.pt\/itel2025\/wp-json\/wp\/v2\/pages"}],"about":[{"href":"https:\/\/sites.uab.pt\/itel2025\/wp-json\/wp\/v2\/types\/page"}],"author":[{"embeddable":true,"href":"https:\/\/sites.uab.pt\/itel2025\/wp-json\/wp\/v2\/users\/1"}],"replies":[{"embeddable":true,"href":"https:\/\/sites.uab.pt\/itel2025\/wp-json\/wp\/v2\/comments?post=1494"}],"version-history":[{"count":15,"href":"https:\/\/sites.uab.pt\/itel2025\/wp-json\/wp\/v2\/pages\/1494\/revisions"}],"predecessor-version":[{"id":2273,"href":"https:\/\/sites.uab.pt\/itel2025\/wp-json\/wp\/v2\/pages\/1494\/revisions\/2273"}],"wp:featuredmedia":[{"embeddable":true,"href":"https:\/\/sites.uab.pt\/itel2025\/wp-json\/wp\/v2\/media\/2146"}],"wp:attachment":[{"href":"https:\/\/sites.uab.pt\/itel2025\/wp-json\/wp\/v2\/media?parent=1494"}],"curies":[{"name":"wp","href":"https:\/\/api.w.org\/{rel}","templated":true}]}}