{"id":154,"date":"2022-10-20T10:47:10","date_gmt":"2022-10-20T10:47:10","guid":{"rendered":"https:\/\/sites.uab.pt\/congresso-humanidades\/?page_id=154"},"modified":"2025-05-16T09:40:48","modified_gmt":"2025-05-16T08:40:48","slug":"contactos-e-inscricoes","status":"publish","type":"page","link":"https:\/\/sites.uab.pt\/itel2025\/contactos-e-inscricoes\/","title":{"rendered":"Contactos e inscri\u00e7\u00e3o"},"content":{"rendered":"\n<h2 class=\"wp-block-heading has-text-align-center\">Contactos<\/h2>\n\n\n\n<p class=\"has-text-align-center\">Para mais informa\u00e7\u00f5es, por favor, contacte:<\/p>\n\n\n\n<p class=\"has-text-align-center\"><a href=\"mailto:elon.dh@uab.pt\">elon.dh@uab.pt<\/a><\/p>\n\n\n\n<p class=\"has-text-align-center\"><a href=\"https:\/\/www.facebook.com\/elonuab\">https:\/\/www.facebook.com\/elonuab<\/a> <\/p>\n\n\n\n<p class=\"has-text-align-center\"><a href=\"https:\/\/lead.uab.pt\/elon\/\">https:\/\/lead.uab.pt\/elon\/<\/a><\/p>\n\n\n\n<h2 class=\"wp-block-heading has-text-align-center\"><strong>Inscri\u00e7\u00e3o<\/strong><\/h2>\n\n\n\n<p class=\"has-text-align-center\">A inscri\u00e7\u00e3o \u00e9 gratuita, mas obrigat\u00f3ria, quer esteja a apresentar uma comunica\u00e7\u00e3o, quer participe apenas como assistente.<\/p>\n\n\n\n<p class=\"has-text-align-center\"><a href=\"https:\/\/forms.cloud.microsoft\/e\/1iNeWZjZrJ\">https:\/\/forms.cloud.microsoft\/e\/1iNeWZjZrJ<\/a><\/p>\n","protected":false},"excerpt":{"rendered":"Contactos Para mais informa\u00e7\u00f5es, por favor, contacte: elon.dh@uab.pt https:\/\/www.facebook.com\/elonuab https:\/\/lead.uab.pt\/elon\/ Inscri\u00e7\u00e3o A inscri\u00e7\u00e3o \u00e9 gratuita, mas obrigat\u00f3ria, quer esteja a apresentar uma comunica\u00e7\u00e3o, quer participe apenas como assistente. https:\/\/forms.cloud.microsoft\/e\/1iNeWZjZrJ","protected":false},"author":1,"featured_media":2146,"parent":0,"menu_order":70,"comment_status":"closed","ping_status":"closed","template":"","meta":{"speak2many_translation":"{\"pt-PT\":{\"url\":\"\",\"postID\":null,\"postTitle\":\"\",\"siteID\":25,\"customURL\":true,\"languageInfo\":{\"name\":\"Portugu\u00eas\",\"locale\":\"pt_PT_ao90\"},\"langKey\":\"pt-PT\"},\"en-GB\":{\"url\":\"https:\/\/sites.uab.pt\/itel2025-en\/contacts-and-registration\/#\",\"postID\":null,\"postTitle\":\"\",\"siteID\":27,\"customURL\":true,\"languageInfo\":{\"speak2many_site_api_url\":\"https:\/\/sites.uab.pt\/itel2025-en\/wp-json\/\",\"name\":\"English\",\"locale\":\"en_GB\"},\"langKey\":\"en-GB\"},\"es\":{\"url\":\"https:\/\/sites.uab.pt\/itel2025-es\/contactos-e-inscripciones\/\",\"postID\":null,\"postTitle\":\"\",\"siteID\":30,\"customURL\":true,\"languageInfo\":{\"speak2many_site_api_url\":\"https:\/\/sites.uab.pt\/itel2025-es\/wp-json\/\",\"name\":\"Espa\u00f1ol\",\"locale\":\"es_ES\"},\"langKey\":\"es\"},\"de\":{\"url\":\"https:\/\/sites.uab.pt\/itel2025-de\/kontakte-und-anmeldung\/#\",\"postID\":null,\"postTitle\":\"\",\"siteID\":28,\"customURL\":true,\"languageInfo\":{\"speak2many_site_api_url\":\"https:\/\/sites.uab.pt\/itel2025-de\/wp-json\/\",\"name\":\"Deutsch\",\"locale\":\"de_DE\"},\"langKey\":\"de\"},\"fr\":{\"url\":\"https:\/\/sites.uab.pt\/itel2025-fr\/contacts-et-inscriptions\/#\",\"postID\":null,\"postTitle\":\"\",\"siteID\":29,\"customURL\":true,\"languageInfo\":{\"speak2many_site_api_url\":\"https:\/\/sites.uab.pt\/itel2025-fr\/wp-json\/\",\"name\":\"Fran\u00e7ais\",\"locale\":\"fr_FR\"},\"langKey\":\"fr\"}}","footnotes":""},"class_list":["post-154","page","type-page","status-publish","has-post-thumbnail","hentry"],"_links":{"self":[{"href":"https:\/\/sites.uab.pt\/itel2025\/wp-json\/wp\/v2\/pages\/154","targetHints":{"allow":["GET"]}}],"collection":[{"href":"https:\/\/sites.uab.pt\/itel2025\/wp-json\/wp\/v2\/pages"}],"about":[{"href":"https:\/\/sites.uab.pt\/itel2025\/wp-json\/wp\/v2\/types\/page"}],"author":[{"embeddable":true,"href":"https:\/\/sites.uab.pt\/itel2025\/wp-json\/wp\/v2\/users\/1"}],"replies":[{"embeddable":true,"href":"https:\/\/sites.uab.pt\/itel2025\/wp-json\/wp\/v2\/comments?post=154"}],"version-history":[{"count":8,"href":"https:\/\/sites.uab.pt\/itel2025\/wp-json\/wp\/v2\/pages\/154\/revisions"}],"predecessor-version":[{"id":2197,"href":"https:\/\/sites.uab.pt\/itel2025\/wp-json\/wp\/v2\/pages\/154\/revisions\/2197"}],"wp:featuredmedia":[{"embeddable":true,"href":"https:\/\/sites.uab.pt\/itel2025\/wp-json\/wp\/v2\/media\/2146"}],"wp:attachment":[{"href":"https:\/\/sites.uab.pt\/itel2025\/wp-json\/wp\/v2\/media?parent=154"}],"curies":[{"name":"wp","href":"https:\/\/api.w.org\/{rel}","templated":true}]}}