{"id":2131,"date":"2024-02-08T12:33:58","date_gmt":"2024-02-08T12:33:58","guid":{"rendered":"https:\/\/sites.uab.pt\/itel2025\/?page_id=2131"},"modified":"2025-05-16T08:48:27","modified_gmt":"2025-05-16T07:48:27","slug":"chamada-de-trabalhos-para-publicacao","status":"publish","type":"page","link":"https:\/\/sites.uab.pt\/itel2025\/chamada-de-trabalhos-para-publicacao\/","title":{"rendered":"Chamada para Publica\u00e7\u00e3o"},"content":{"rendered":"\n<h2 class=\"wp-block-heading has-text-align-center\">Chamada para Publica\u00e7\u00e3o<\/h2>\n\n\n\n<div class=\"wp-block-columns is-layout-flex wp-container-core-columns-is-layout-9d6595d7 wp-block-columns-is-layout-flex\">\n<div class=\"wp-block-column is-layout-flow wp-block-column-is-layout-flow\" style=\"flex-basis:25%\"><\/div>\n\n\n\n<div class=\"wp-block-column is-layout-flow wp-block-column-is-layout-flow\" style=\"flex-basis:50%\"><\/div>\n\n\n\n<div class=\"wp-block-column is-layout-flow wp-block-column-is-layout-flow\" style=\"flex-basis:25%\"><\/div>\n<\/div>\n\n\n\n<p class=\"has-text-align-center\">Os trabalhos aceites poder\u00e3o ser propostos para publica\u00e7\u00e3o ap\u00f3s o encerramento do congresso.<\/p>\n\n\n\n<p class=\"has-text-align-center\"><em>Mais informa\u00e7\u00f5es dispon\u00edveis brevemente<\/em><\/p>\n","protected":false},"excerpt":{"rendered":"Chamada para Publica\u00e7\u00e3o Os trabalhos aceites poder\u00e3o ser propostos para publica\u00e7\u00e3o ap\u00f3s o encerramento do congresso. Mais informa\u00e7\u00f5es dispon\u00edveis brevemente","protected":false},"author":39,"featured_media":2146,"parent":0,"menu_order":40,"comment_status":"closed","ping_status":"closed","template":"","meta":{"speak2many_translation":"{\"pt-PT\":{\"url\":\"\",\"postID\":null,\"postTitle\":\"\",\"siteID\":55,\"customURL\":true,\"languageInfo\":{\"name\":\"Portugu\u00eas\",\"locale\":\"pt_PT_ao90\"},\"langKey\":\"pt-PT\"},\"en-GB\":{\"postID\":null,\"postTitle\":\"\",\"siteID\":56,\"customURL\":true,\"languageInfo\":{\"speak2many_site_api_url\":\"https:\/\/sites.uab.pt\/itel2025-en\/wp-json\/\",\"name\":\"English\",\"locale\":\"en_GB\"},\"langKey\":\"en-GB\",\"url\":\"https:\/\/sites.uab.pt\/itel2025-en\/call-for-publication\/\"},\"es\":{\"postID\":null,\"postTitle\":\"\",\"siteID\":59,\"customURL\":true,\"languageInfo\":{\"speak2many_site_api_url\":\"https:\/\/sites.uab.pt\/itel2025-es\/wp-json\/\",\"name\":\"Espa\u00f1ol\",\"locale\":\"es_ES\"},\"langKey\":\"es\",\"url\":\"https:\/\/sites.uab.pt\/itel2025-es\/llamada-de-trabajos\/\"},\"de\":{\"postID\":null,\"postTitle\":\"\",\"siteID\":57,\"customURL\":true,\"languageInfo\":{\"speak2many_site_api_url\":\"https:\/\/sites.uab.pt\/itel2025-de\/wp-json\/\",\"name\":\"Deutsch\",\"locale\":\"de_DE\"},\"langKey\":\"de\",\"url\":\"https:\/\/sites.uab.pt\/itel2025-de\/aufruf-fuer-beitraegen\/\"},\"fr\":{\"postID\":null,\"postTitle\":\"\",\"siteID\":58,\"customURL\":true,\"languageInfo\":{\"speak2many_site_api_url\":\"https:\/\/sites.uab.pt\/itel2025-fr\/wp-json\/\",\"name\":\"Fran\u00e7ais\",\"locale\":\"fr_FR\"},\"langKey\":\"fr\",\"url\":\"https:\/\/sites.uab.pt\/itel2025-fr\/appel-a-communications\/\"}}","footnotes":""},"class_list":["post-2131","page","type-page","status-publish","has-post-thumbnail","hentry"],"_links":{"self":[{"href":"https:\/\/sites.uab.pt\/itel2025\/wp-json\/wp\/v2\/pages\/2131","targetHints":{"allow":["GET"]}}],"collection":[{"href":"https:\/\/sites.uab.pt\/itel2025\/wp-json\/wp\/v2\/pages"}],"about":[{"href":"https:\/\/sites.uab.pt\/itel2025\/wp-json\/wp\/v2\/types\/page"}],"author":[{"embeddable":true,"href":"https:\/\/sites.uab.pt\/itel2025\/wp-json\/wp\/v2\/users\/39"}],"replies":[{"embeddable":true,"href":"https:\/\/sites.uab.pt\/itel2025\/wp-json\/wp\/v2\/comments?post=2131"}],"version-history":[{"count":9,"href":"https:\/\/sites.uab.pt\/itel2025\/wp-json\/wp\/v2\/pages\/2131\/revisions"}],"predecessor-version":[{"id":2193,"href":"https:\/\/sites.uab.pt\/itel2025\/wp-json\/wp\/v2\/pages\/2131\/revisions\/2193"}],"wp:featuredmedia":[{"embeddable":true,"href":"https:\/\/sites.uab.pt\/itel2025\/wp-json\/wp\/v2\/media\/2146"}],"wp:attachment":[{"href":"https:\/\/sites.uab.pt\/itel2025\/wp-json\/wp\/v2\/media?parent=2131"}],"curies":[{"name":"wp","href":"https:\/\/api.w.org\/{rel}","templated":true}]}}