{"id":137,"date":"2019-09-24T13:48:04","date_gmt":"2019-09-24T13:48:04","guid":{"rendered":"http:\/\/eventos.uab.pt\/jornadas-mea2019\/?page_id=9"},"modified":"2025-11-18T15:22:38","modified_gmt":"2025-11-18T15:22:38","slug":"programa","status":"publish","type":"page","link":"https:\/\/sites.uab.pt\/jornadas-mea2025\/programa\/","title":{"rendered":"Programa"},"content":{"rendered":"<table style=\"width: 100%; border-collapse: collapse; border-style: solid;\" border=\"1\">\n<tbody>\n<tr style=\"height: 24px; background-color: #f7f7f7;\">\n<td style=\"width: 4.10958%; height: 24px;\"><strong>\u00a0 9h45<br \/><\/strong><\/td>\n<td style=\"width: 1.71233%; height: 24px;\"><strong>|<br \/><\/strong><\/td>\n<td style=\"width: 94.1783%; height: 24px;\"><strong>Abertura<\/strong><\/td>\n<\/tr>\n<tr style=\"height: 24px; background-color: #f7f7f7;\">\n<td style=\"width: 4.10958%; height: 24px; text-align: left; border-style: solid;\"><strong>10h00<\/strong><\/td>\n<td style=\"width: 1.71233%; text-align: left; border-style: solid; height: 24px;\"><strong>|<\/strong><\/td>\n<td style=\"width: 94.1783%; height: 24px; text-align: left;\"><strong>Simetrias visuais em modos musicais<\/strong><\/td>\n<\/tr>\n<tr style=\"height: 24px;\">\n<td style=\"width: 4.10958%; height: 24px; text-align: left;\">\u00a0<\/td>\n<td style=\"width: 1.71233%; text-align: left; height: 24px;\">\u00a0<\/td>\n<td style=\"width: 94.1783%; height: 24px; text-align: left;\">Carlota Sim\u00f5es, Departamento de Matem\u00e1tica, Universidade de Coimbra<\/td>\n<\/tr>\n<tr style=\"height: 24px; background-color: #f7f7f7;\">\n<td style=\"width: 4.10958%; height: 24px; text-align: left;\"><strong>10h40<\/strong><\/td>\n<td style=\"width: 1.71233%; text-align: left; height: 24px;\"><strong>|<\/strong><\/td>\n<td style=\"width: 94.1783%; height: 24px; text-align: left;\"><strong>Pausa para caf\u00e9<\/strong><\/td>\n<\/tr>\n<tr style=\"height: 24px; background-color: #f7f7f7;\">\n<td style=\"width: 4.10958%; height: 24px; text-align: left;\"><strong>11h10<\/strong><\/td>\n<td style=\"width: 1.71233%; text-align: left; height: 24px;\"><strong>|<\/strong><\/td>\n<td style=\"width: 94.1783%; height: 24px; text-align: left;\"><b>Mundos poss\u00edveis de Maurits Cornelis Escher<\/b><\/td>\n<\/tr>\n<tr style=\"height: 24px;\">\n<td style=\"width: 4.10958%; height: 24px; text-align: left;\">\u00a0<\/td>\n<td style=\"width: 1.71233%; text-align: left; height: 24px;\">\u00a0<\/td>\n<td style=\"width: 94.1783%; height: 24px; text-align: left;\">Carlos Pereira dos Santos, ISCTE-IUL &amp; NOVA Math\u00a0<\/td>\n<\/tr>\n<tr style=\"height: 24px; background-color: #f7f7f7;\">\n<td style=\"width: 4.10958%; text-align: left; height: 24px;\"><strong>11h50 <\/strong><\/td>\n<td style=\"width: 1.71233%; text-align: left; height: 24px;\"><strong>|<\/strong><\/td>\n<td style=\"width: 94.1783%; text-align: left; height: 24px;\"><strong>Como utilizar um bom manual escolar<\/strong><\/td>\n<\/tr>\n<tr style=\"height: 19px;\">\n<td style=\"width: 4.10958%; text-align: left; height: 19px;\"><strong>\u00a0<\/strong><\/td>\n<td style=\"width: 1.71233%; text-align: left; height: 19px;\">\u00a0<\/td>\n<td style=\"width: 94.1783%; text-align: left; height: 19px;\">Nuno Crato, CEMAPRE-ISEG, Universidade de Lisboa<\/td>\n<\/tr>\n<tr style=\"height: 24px; background-color: #f7f7f7;\">\n<td style=\"width: 4.10958%; text-align: left; height: 24px;\"><strong>12h30<\/strong><\/td>\n<td style=\"width: 1.71233%; text-align: left; height: 24px;\"><strong>|<\/strong><\/td>\n<td style=\"width: 94.1783%; text-align: left; height: 24px;\"><strong>Pausa para almo\u00e7o<\/strong><\/td>\n<\/tr>\n<tr style=\"height: 24px; background-color: #f7f7f7;\">\n<td style=\"width: 4.10958%; text-align: left; height: 24px;\"><strong>14h30<\/strong><\/td>\n<td style=\"width: 1.71233%; text-align: left; height: 24px;\"><strong>|<\/strong><\/td>\n<td style=\"width: 94.1783%; text-align: left; height: 24px;\"><strong><span data-olk-copy-source=\"MessageBody\">Planeta Smullyan: Uma Viagem de Bal\u00e3o digital pelo mundo da L\u00f3gica e dos puzzles matem\u00e1ticos<\/span><\/strong><\/td>\n<\/tr>\n<tr style=\"height: 19px;\">\n<td style=\"width: 4.10958%; text-align: left; height: 19px;\"><strong>\u00a0<\/strong><\/td>\n<td style=\"width: 1.71233%; text-align: left; height: 19px;\"><strong>\u00a0<\/strong><\/td>\n<td style=\"width: 94.1783%; text-align: left; height: 19px;\"><span data-olk-copy-source=\"MessageBody\">Ricardo Silva, Licenciatura em Engenharia Inform\u00e1tica, Universidade Aberta<\/span><\/td>\n<\/tr>\n<tr style=\"height: 24px; background-color: #f7f7f7;\">\n<td style=\"width: 4.10958%; text-align: left; height: 24px;\"><strong> 14h50 <\/strong><\/td>\n<td style=\"width: 1.71233%; text-align: left; height: 24px;\"><strong> |<\/strong><\/td>\n<td style=\"width: 94.1783%; text-align: left; height: 24px;\"><strong><span data-olk-copy-source=\"MessageBody\">An\u00e1lise de S\u00e9ries Temporais nas Din\u00e2micas entre Tokens de Blockchain de Camada 1 e Camada 2<\/span><\/strong><\/td>\n<\/tr>\n<tr style=\"height: 19px;\">\n<td style=\"width: 4.10958%; text-align: left; height: 19px;\"><strong>\u00a0<\/strong><\/td>\n<td style=\"width: 1.71233%; text-align: left; height: 19px;\"><strong>\u00a0<\/strong><\/td>\n<td style=\"width: 94.1783%; text-align: left; height: 19px;\">Ricardo Abreu, Mestrado em Estat\u00edstica, Matem\u00e1tica \u00a0e Computa\u00e7\u00e3o, Universidade Aberta<\/td>\n<\/tr>\n<tr style=\"height: 24px; background-color: #f7f7f7;\">\n<td style=\"width: 4.10958%; text-align: left; height: 24px;\"><strong>15h10 <\/strong><\/td>\n<td style=\"width: 1.71233%; text-align: left; height: 24px;\"><strong>|<\/strong><\/td>\n<td style=\"width: 94.1783%; text-align: left; height: 24px;\"><strong><span data-olk-copy-source=\"MessageBody\">\u00c1lgebra de Boole: dos Circuitos Digitais \u00e0s Redes Neuronais<\/span><\/strong><\/td>\n<\/tr>\n<tr style=\"height: 19px;\">\n<td style=\"width: 4.10958%; text-align: left; height: 19px;\"><strong>\u00a0<\/strong><\/td>\n<td style=\"width: 1.71233%; text-align: left; height: 19px;\">\u00a0<\/td>\n<td style=\"width: 94.1783%; text-align: left; height: 19px;\">Filipa Trindade, <span data-olk-copy-source=\"MessageBody\">Mestrado em Bioestat\u00edstica e Biometria<\/span>, Universidade Aberta<\/td>\n<\/tr>\n<tr style=\"height: 24px; background-color: #f7f7f7;\">\n<td style=\"width: 4.10958%; text-align: left; height: 24px;\"><strong> 15h30 <\/strong><\/td>\n<td style=\"width: 1.71233%; text-align: left; height: 24px;\"><strong> |<\/strong><\/td>\n<td style=\"width: 94.1783%; text-align: left; height: 24px;\"><strong>Pausa para caf\u00e9<\/strong><\/td>\n<\/tr>\n<tr style=\"height: 24px; background-color: #f7f7f7;\">\n<td style=\"width: 4.10958%; text-align: left; height: 24px;\"><strong> 16h00 <\/strong><\/td>\n<td style=\"width: 1.71233%; text-align: left; height: 24px;\"><strong> |<\/strong><\/td>\n<td style=\"width: 94.1783%; text-align: left; height: 24px;\"><strong>Um M\u00e9todo H\u00edbrido para Problemas Inversos de Identifica\u00e7\u00e3o de Obst\u00e1culo ou de Fontes Interiores com Condi\u00e7\u00f5es de Transmiss\u00e3o<\/strong><\/td>\n<\/tr>\n<tr style=\"height: 19px;\">\n<td style=\"width: 4.10958%; text-align: left; height: 19px;\"><strong>\u00a0<\/strong><\/td>\n<td style=\"width: 1.71233%; text-align: left; height: 19px;\"><strong>\u00a0<\/strong><\/td>\n<td style=\"width: 94.1783%; text-align: left; height: 19px;\">Jo\u00e3o Carreira Paix\u00e3o, Doutoramento em Matem\u00e1tica Aplicada e Modela\u00e7\u00e3o, Universidade Aberta<\/td>\n<\/tr>\n<tr style=\"height: 24px; background-color: #f7f7f7;\">\n<td style=\"width: 4.10958%; text-align: left; height: 24px;\"><strong> 16h20 <\/strong><\/td>\n<td style=\"width: 1.71233%; text-align: left; height: 24px;\"><strong> |<\/strong><\/td>\n<td style=\"width: 94.1783%; text-align: left; height: 24px;\"><strong><span data-olk-copy-source=\"MessageBody\">Engenharia Inform\u00e1tica ao servi\u00e7o dos Jogos Matem\u00e1ticos: O desenvolvimento de interfaces com IA para aprendizagem e treino pelos alunos &#8211; o caso do jogo Rastros<\/span><\/strong><\/td>\n<\/tr>\n<tr style=\"height: 19px;\">\n<td style=\"width: 4.10958%; text-align: left; height: 19px;\"><strong>\u00a0<\/strong><\/td>\n<td style=\"width: 1.71233%; text-align: left; height: 19px;\"><strong>\u00a0<\/strong><\/td>\n<td style=\"width: 94.1783%; text-align: left; height: 19px;\"><span data-olk-copy-source=\"MessageBody\">Nuno Paulo, Licenciatura em Engenharia Inform\u00e1tica, Universidade Aberta<\/span><\/td>\n<\/tr>\n<tr style=\"height: 24px; background-color: #f7f7f7;\">\n<td style=\"width: 4.10958%; text-align: left; height: 24px;\"><strong> 16h40 <\/strong><\/td>\n<td style=\"width: 1.71233%; text-align: left; height: 24px;\"><strong> |<\/strong><\/td>\n<td style=\"width: 94.1783%; text-align: left; height: 24px;\"><strong>Debate: Revis\u00e3o do modelo pedag\u00f3gico da UAb: desafios e oportunidades<\/strong><\/td>\n<\/tr>\n<tr style=\"height: 24px;\">\n<td style=\"width: 4.10958%; text-align: left; height: 24px;\">\u00a0<\/td>\n<td style=\"width: 1.71233%; text-align: left; height: 24px;\">\u00a0<\/td>\n<td style=\"width: 94.1783%; text-align: left; height: 24px;\">Com V\u00edtor Rocio e Pedro Serranho, modera\u00e7\u00e3o de Maria do Ros\u00e1rio Ramos<\/td>\n<\/tr>\n<tr style=\"height: 24px; background-color: #f7f7f7;\">\n<td style=\"width: 4.10958%; text-align: left; height: 24px;\"><strong>17h40 <\/strong><\/td>\n<td style=\"width: 1.71233%; text-align: left; height: 24px;\"><strong>|<\/strong><\/td>\n<td style=\"width: 94.1783%; text-align: left; height: 24px;\"><strong>Encerramento<\/strong><\/td>\n<\/tr>\n<\/tbody>\n<\/table>\n\n\n<p><\/p>\n","protected":false},"excerpt":{"rendered":"\u00a0 9h45 | Abertura 10h00 | Simetrias visuais em modos musicais \u00a0 \u00a0 Carlota Sim\u00f5es, Departamento de Matem\u00e1tica, Universidade de Coimbra 10h40 | Pausa para caf\u00e9 11h10 | Mundos poss\u00edveis de Maurits Cornelis Escher \u00a0 \u00a0 Carlos Pereira dos Santos, &hellip; <a href=\"https:\/\/sites.uab.pt\/jornadas-mea2025\/programa\/\">Continue reading <span class=\"meta-nav\">&rarr;<\/span><\/a>","protected":false},"author":1,"featured_media":0,"parent":0,"menu_order":0,"comment_status":"closed","ping_status":"closed","template":"","meta":{"footnotes":""},"class_list":["post-137","page","type-page","status-publish","hentry"],"_links":{"self":[{"href":"https:\/\/sites.uab.pt\/jornadas-mea2025\/wp-json\/wp\/v2\/pages\/137","targetHints":{"allow":["GET"]}}],"collection":[{"href":"https:\/\/sites.uab.pt\/jornadas-mea2025\/wp-json\/wp\/v2\/pages"}],"about":[{"href":"https:\/\/sites.uab.pt\/jornadas-mea2025\/wp-json\/wp\/v2\/types\/page"}],"author":[{"embeddable":true,"href":"https:\/\/sites.uab.pt\/jornadas-mea2025\/wp-json\/wp\/v2\/users\/1"}],"replies":[{"embeddable":true,"href":"https:\/\/sites.uab.pt\/jornadas-mea2025\/wp-json\/wp\/v2\/comments?post=137"}],"version-history":[{"count":15,"href":"https:\/\/sites.uab.pt\/jornadas-mea2025\/wp-json\/wp\/v2\/pages\/137\/revisions"}],"predecessor-version":[{"id":264,"href":"https:\/\/sites.uab.pt\/jornadas-mea2025\/wp-json\/wp\/v2\/pages\/137\/revisions\/264"}],"wp:attachment":[{"href":"https:\/\/sites.uab.pt\/jornadas-mea2025\/wp-json\/wp\/v2\/media?parent=137"}],"curies":[{"name":"wp","href":"https:\/\/api.w.org\/{rel}","templated":true}]}}