{"id":139,"date":"2019-09-24T13:50:43","date_gmt":"2019-09-24T13:50:43","guid":{"rendered":"http:\/\/eventos.uab.pt\/jornadas-mea2019\/?page_id=13"},"modified":"2025-10-14T18:27:22","modified_gmt":"2025-10-14T17:27:22","slug":"organizacao","status":"publish","type":"page","link":"https:\/\/sites.uab.pt\/jornadas-mea2025\/organizacao\/","title":{"rendered":"Organiza\u00e7\u00e3o"},"content":{"rendered":"\n<h4 class=\"wp-block-heading\"><strong>Comiss\u00e3o Organizadora:<\/strong><\/h4>\n\n\n\n<p>Alda Carvalho (alda.carvalho-at-uab.pt)<\/p>\n\n\n\n<p>Gilda Ferreira (gilda.ferreira-at-uab.pt)<\/p>\n\n\n\n<p><span style=\"float: none; background-color: #ffffff; color: #333333; cursor: text; font-family: 'Helvetica Neue',Helvetica,Arial,'Nimbus Sans L',sans-serif; font-size: 15px; font-style: normal; font-variant: normal; font-weight: 300; letter-spacing: normal; text-align: left; text-decoration: none; text-indent: 0px; text-transform: none;\">Maria do Ros\u00e1rio Ramos (mariar.ramos\u2013at\u2013uab.pt)<\/span><\/p>\n\n\n\n<p>M\u00e1rio Bessa (mario.costa-at-uab.pt)<\/p>\n\n\n\n<p>&nbsp;<\/p>\n\n\n\n<h4 class=\"wp-block-heading\"><strong>Comiss\u00e3o Cient\u00edfica:<\/strong><\/h4>\n\n\n\n<p>Alda Carvalho<br>Am\u00edlcar Oliveira<br>Ant\u00f3nio Ara\u00fajo<br>Catarina Nunes<br>Fernando Pestana da Costa<br>Gilda Ferreira<br>Maria do Ros\u00e1rio Ramos<br>Maria Jo\u00e3o Oliveira<br>M\u00e1rio Bessa<br>Pedro Serranho<br>Teresa Oliveira<br>Wolfram Bentz<\/p>\n","protected":false},"excerpt":{"rendered":"Comiss\u00e3o Organizadora: Alda Carvalho (alda.carvalho-at-uab.pt) Gilda Ferreira (gilda.ferreira-at-uab.pt) Maria do Ros\u00e1rio Ramos (mariar.ramos\u2013at\u2013uab.pt) M\u00e1rio Bessa (mario.costa-at-uab.pt) &nbsp; Comiss\u00e3o Cient\u00edfica: Alda CarvalhoAm\u00edlcar OliveiraAnt\u00f3nio Ara\u00fajoCatarina NunesFernando Pestana da CostaGilda FerreiraMaria do Ros\u00e1rio RamosMaria Jo\u00e3o OliveiraM\u00e1rio BessaPedro SerranhoTeresa OliveiraWolfram Bentz","protected":false},"author":1,"featured_media":0,"parent":0,"menu_order":0,"comment_status":"closed","ping_status":"closed","template":"","meta":{"footnotes":""},"class_list":["post-139","page","type-page","status-publish","hentry"],"_links":{"self":[{"href":"https:\/\/sites.uab.pt\/jornadas-mea2025\/wp-json\/wp\/v2\/pages\/139","targetHints":{"allow":["GET"]}}],"collection":[{"href":"https:\/\/sites.uab.pt\/jornadas-mea2025\/wp-json\/wp\/v2\/pages"}],"about":[{"href":"https:\/\/sites.uab.pt\/jornadas-mea2025\/wp-json\/wp\/v2\/types\/page"}],"author":[{"embeddable":true,"href":"https:\/\/sites.uab.pt\/jornadas-mea2025\/wp-json\/wp\/v2\/users\/1"}],"replies":[{"embeddable":true,"href":"https:\/\/sites.uab.pt\/jornadas-mea2025\/wp-json\/wp\/v2\/comments?post=139"}],"version-history":[{"count":3,"href":"https:\/\/sites.uab.pt\/jornadas-mea2025\/wp-json\/wp\/v2\/pages\/139\/revisions"}],"predecessor-version":[{"id":188,"href":"https:\/\/sites.uab.pt\/jornadas-mea2025\/wp-json\/wp\/v2\/pages\/139\/revisions\/188"}],"wp:attachment":[{"href":"https:\/\/sites.uab.pt\/jornadas-mea2025\/wp-json\/wp\/v2\/media?parent=139"}],"curies":[{"name":"wp","href":"https:\/\/api.w.org\/{rel}","templated":true}]}}