{"id":140,"date":"2019-09-24T13:55:10","date_gmt":"2019-09-24T13:55:10","guid":{"rendered":"http:\/\/eventos.uab.pt\/jornadas-mea2019\/?page_id=29"},"modified":"2025-11-27T15:47:50","modified_gmt":"2025-11-27T15:47:50","slug":"inicio","status":"publish","type":"page","link":"https:\/\/sites.uab.pt\/jornadas-mea2025\/","title":{"rendered":"In\u00edcio"},"content":{"rendered":"\n<p>As&nbsp;<strong>Jornadas da Matem\u00e1tica, Estat\u00edstica e Aplica\u00e7\u00f5es 2025<\/strong>&nbsp;realizam-se no dia&nbsp;<strong>22 de novembro de 2025<\/strong> no <strong>Audit\u00f3rio da Almirante Barroso da Universidade Aberta<\/strong>, em Lisboa.<\/p>\n\n\n\n<p>Este evento surge na sua 4.\u00aa edi\u00e7\u00e3o sendo que a primeira realizou-se em <a href=\"https:\/\/eventos.uab.pt\/jornadas-mea\/\">2018 em Lisboa<\/a>, a segunda em <a href=\"https:\/\/eventos.uab.pt\/jornadas-mea2019\/\">2019 no Porto<\/a> e a terceira em <a href=\"https:\/\/eventos.uab.pt\/jornadas-mea2023\/\">2023 no Montijo<\/a>. Pretende promover o contacto direto entre docentes e estudantes dos tr\u00eas ciclos de estudos da \u00e1rea cient\u00edfica da <strong>Matem\u00e1tica e Estat\u00edstica da Universidade Aberta<\/strong>, estando no entanto aberta a participa\u00e7\u00e3o a qualquer interessado no tema.<\/p>\n\n\n\n<p>A inscri\u00e7\u00e3o \u00e9 gratuita, mas obrigat\u00f3ria devido a quest\u00f5es log\u00edsticas. Deve mencionar o tipo de participa\u00e7\u00e3o (presencial\/online) e, caso seja presencial, se pretende participar no almo\u00e7o (pre\u00e7o estimado de 20\u20ac). As inscri\u00e7\u00f5es encerram no dia&nbsp;<strong>16 de novembro<\/strong>.<\/p>\n\n\n\n<p>O programa inclu\u00ed v\u00e1rios oradores: doutorados em matem\u00e1tica\/estat\u00edstica a trabalhar no setor privado e em universidades e estudantes e graduados da Universidade Aberta.&nbsp;<\/p>\n\n\n\n<p>Veja como foi <a href=\"https:\/\/youtu.be\/plnSaCgRipE\">aqui<\/a>.<\/p>\n\n\n\n<p><strong>Localiza\u00e7\u00e3o:<\/strong><\/p>\n\n\n\n<p>Universidade Aberta<br>Rua Almirante Barroso, n.\u00ba 38<br>1000-013 Lisboa<\/p>\n\n\n\n<p><a href=\"https:\/\/maps.app.goo.gl\/P7ahLoBLUyUdqgeY8\" target=\"_blank\" rel=\"noreferrer noopener\">Google Maps<\/a><\/p>\n","protected":false},"excerpt":{"rendered":"As&nbsp;Jornadas da Matem\u00e1tica, Estat\u00edstica e Aplica\u00e7\u00f5es 2025&nbsp;realizam-se no dia&nbsp;22 de novembro de 2025 no Audit\u00f3rio da Almirante Barroso da Universidade Aberta, em Lisboa. Este evento surge na sua 4.\u00aa edi\u00e7\u00e3o sendo que a primeira realizou-se em 2018 em Lisboa, a &hellip; <a href=\"https:\/\/sites.uab.pt\/jornadas-mea2025\/\">Continue reading <span class=\"meta-nav\">&rarr;<\/span><\/a>","protected":false},"author":1,"featured_media":0,"parent":0,"menu_order":0,"comment_status":"closed","ping_status":"closed","template":"","meta":{"footnotes":""},"class_list":["post-140","page","type-page","status-publish","hentry"],"_links":{"self":[{"href":"https:\/\/sites.uab.pt\/jornadas-mea2025\/wp-json\/wp\/v2\/pages\/140","targetHints":{"allow":["GET"]}}],"collection":[{"href":"https:\/\/sites.uab.pt\/jornadas-mea2025\/wp-json\/wp\/v2\/pages"}],"about":[{"href":"https:\/\/sites.uab.pt\/jornadas-mea2025\/wp-json\/wp\/v2\/types\/page"}],"author":[{"embeddable":true,"href":"https:\/\/sites.uab.pt\/jornadas-mea2025\/wp-json\/wp\/v2\/users\/1"}],"replies":[{"embeddable":true,"href":"https:\/\/sites.uab.pt\/jornadas-mea2025\/wp-json\/wp\/v2\/comments?post=140"}],"version-history":[{"count":13,"href":"https:\/\/sites.uab.pt\/jornadas-mea2025\/wp-json\/wp\/v2\/pages\/140\/revisions"}],"predecessor-version":[{"id":265,"href":"https:\/\/sites.uab.pt\/jornadas-mea2025\/wp-json\/wp\/v2\/pages\/140\/revisions\/265"}],"wp:attachment":[{"href":"https:\/\/sites.uab.pt\/jornadas-mea2025\/wp-json\/wp\/v2\/media?parent=140"}],"curies":[{"name":"wp","href":"https:\/\/api.w.org\/{rel}","templated":true}]}}