{"id":142,"date":"2025-09-12T14:46:34","date_gmt":"2025-09-12T14:46:34","guid":{"rendered":"https:\/\/sites.uab.pt\/jscaas2025\/?page_id=142"},"modified":"2025-10-08T15:53:28","modified_gmt":"2025-10-08T15:53:28","slug":"inicio","status":"publish","type":"page","link":"https:\/\/sites.uab.pt\/jscaas2025\/","title":{"rendered":"In\u00edcio"},"content":{"rendered":"\n<h2 class=\"wp-block-heading\">I Jornadas Cient\u00edficas da SCAAS<\/h2>\n\n\n\n<p>As I Jornadas Cient\u00edficas da SCAAS t\u00eam como objetivo agregar e proporcionar a partilha de saberes entre <strong>docentes <\/strong>e <strong>estudantes<\/strong>, em particular nos cursos formais de p\u00f3s-gradua\u00e7\u00e3o em que a SCAAS participa, nomeadamente:<\/p>\n\n\n\n<ul class=\"wp-block-list\">\n<li><a href=\"https:\/\/portal.uab.pt\/alv\/cursos_alv\/pos-graduacao-em-sistemas-alimentares-sustentaveis\/\" target=\"_blank\" rel=\"noreferrer noopener\">P\u00f3s-gradua\u00e7\u00e3o em Sistemas Alimentares Sustent\u00e1veis (PG-SAS)<\/a><\/li>\n\n\n\n<li><a href=\"https:\/\/guiadoscursos.uab.pt\/cursos\/mestrado-em-ciencias-do-consumo-alimentar\/\" target=\"_blank\" rel=\"noreferrer noopener\">Mestrado em Ci\u00eancias do Consumo Alimentar (MCCA)<\/a><\/li>\n\n\n\n<li><a href=\"https:\/\/guiadoscursos.uab.pt\/cursos\/mestrado-em-cidadania-ambiental-e-participacao\/\" target=\"_blank\" rel=\"noreferrer noopener\">Mestrado em Cidadania Ambiental e Participa\u00e7\u00e3o (MCAP)<\/a><\/li>\n\n\n\n<li><a href=\"https:\/\/guiadoscursos.uab.pt\/cursos\/doutoramento-em-sustentabilidade-e-desenvolvimento\/\" target=\"_blank\" rel=\"noreferrer noopener\">Doutoramento em Sustentabilidade e Desenvolvimento (DSD)<\/a><\/li>\n<\/ul>\n\n\n\n<p>O evento decorrer\u00e1 em regime misto (<em>Webinar <\/em>e presencial) para a apresenta\u00e7\u00e3o dos trabalhos.<\/p>\n\n\n\n<div style=\"height:25px\" aria-hidden=\"true\" class=\"wp-block-spacer\"><\/div>\n\n\n\n<p>Os eixos tem\u00e1ticos das chamadas dos trabalhos s\u00e3o as seguintes:<\/p>\n\n\n\n<ul class=\"wp-block-list\">\n<li>Alimenta\u00e7\u00e3o, Consumo e Sustentabilidade<\/li>\n\n\n\n<li>Ambiente, Recursos e Sustentabilidade<\/li>\n\n\n\n<li>Sustentabilidade e Desenvolvimento<\/li>\n<\/ul>\n\n\n\n<div style=\"height:45px\" aria-hidden=\"true\" class=\"wp-block-spacer\"><\/div>\n\n\n\n<p class=\"has-medium-font-size\"><strong>Datas importantes<\/strong><\/p>\n\n\n\n<div style=\"height:10px\" aria-hidden=\"true\" class=\"wp-block-spacer\"><\/div>\n\n\n\n<div class=\"wp-block-group is-content-justification-center is-nowrap is-layout-flex wp-container-core-group-is-layout-94bc23d7 wp-block-group-is-layout-flex\">\n<p class=\"has-text-align-center has-background has-normal-font-size wp-container-content-3b4e4270\" style=\"background-color:#fbfbe4\"><sup><strong><mark style=\"background-color:rgba(0, 0, 0, 0)\" class=\"has-inline-color has-vivid-red-color\">new<\/mark> <\/strong><\/sup>Data de submiss\u00e3o dos resumos dos trabalhos<\/p>\n\n\n\n<p class=\"has-text-align-center has-background has-normal-font-size wp-container-content-2812e524\" style=\"background-color:#f8d983\"><strong>12 de outubro de 2025<\/strong><\/p>\n<\/div>\n\n\n\n<div style=\"height:15px;width:0px\" aria-hidden=\"true\" class=\"wp-block-spacer\"><\/div>\n\n\n\n<div class=\"wp-block-group is-content-justification-center is-nowrap is-layout-flex wp-container-core-group-is-layout-94bc23d7 wp-block-group-is-layout-flex\">\n<p class=\"has-text-align-center has-background has-normal-font-size wp-container-content-3b4e4270\" style=\"background-color:#fbfbe4\">Data de resposta da aceita\u00e7\u00e3o dos trabalhos<\/p>\n\n\n\n<p class=\"has-text-align-center has-background has-normal-font-size wp-container-content-2812e524\" style=\"background-color:#f8d983\"><strong><strong>20 de outubro de 2025<\/strong><\/strong><\/p>\n<\/div>\n\n\n\n<div style=\"height:15px;width:0px\" aria-hidden=\"true\" class=\"wp-block-spacer\"><\/div>\n\n\n\n<div class=\"wp-block-group is-content-justification-center is-nowrap is-layout-flex wp-container-core-group-is-layout-94bc23d7 wp-block-group-is-layout-flex\">\n<p class=\"has-text-align-center has-background has-normal-font-size wp-container-content-3b4e4270\" style=\"background-color:#fbfbe4\">Data das I Jornadas Cient\u00edficas da SCAAS<\/p>\n\n\n\n<p class=\"has-text-align-center has-background has-normal-font-size wp-container-content-2812e524\" style=\"background-color:#f8d983\"><strong><strong>8 de novembro de 2025<\/strong><\/strong><\/p>\n<\/div>\n\n\n\n<div style=\"height:45px\" aria-hidden=\"true\" class=\"wp-block-spacer\"><\/div>\n\n\n\n<div class=\"wp-block-buttons is-content-justification-center is-layout-flex wp-container-core-buttons-is-layout-16018d1d wp-block-buttons-is-layout-flex\">\n<div class=\"wp-block-button is-style-fill\"><a class=\"wp-block-button__link has-text-color has-background has-link-color has-text-align-center wp-element-button\" style=\"border-radius:0px;color:#fffffffc;background-color:#cf2d2ddb\"><strong>Assista <em>online<\/em><\/strong><\/a><\/div>\n<\/div>\n\n\n\n<p><\/p>\n","protected":false},"excerpt":{"rendered":"I Jornadas Cient\u00edficas da SCAAS As I Jornadas Cient\u00edficas da SCAAS t\u00eam como objetivo agregar e proporcionar a partilha de saberes entre docentes e estudantes, em particular nos cursos formais de p\u00f3s-gradua\u00e7\u00e3o em que a SCAAS participa, nomeadamente: O evento &hellip; <a href=\"https:\/\/sites.uab.pt\/jscaas2025\/\">Continue reading <span class=\"meta-nav\">&rarr;<\/span><\/a>","protected":false},"author":98,"featured_media":0,"parent":0,"menu_order":0,"comment_status":"closed","ping_status":"closed","template":"","meta":{"footnotes":""},"class_list":["post-142","page","type-page","status-publish","hentry"],"_links":{"self":[{"href":"https:\/\/sites.uab.pt\/jscaas2025\/wp-json\/wp\/v2\/pages\/142","targetHints":{"allow":["GET"]}}],"collection":[{"href":"https:\/\/sites.uab.pt\/jscaas2025\/wp-json\/wp\/v2\/pages"}],"about":[{"href":"https:\/\/sites.uab.pt\/jscaas2025\/wp-json\/wp\/v2\/types\/page"}],"author":[{"embeddable":true,"href":"https:\/\/sites.uab.pt\/jscaas2025\/wp-json\/wp\/v2\/users\/98"}],"replies":[{"embeddable":true,"href":"https:\/\/sites.uab.pt\/jscaas2025\/wp-json\/wp\/v2\/comments?post=142"}],"version-history":[{"count":13,"href":"https:\/\/sites.uab.pt\/jscaas2025\/wp-json\/wp\/v2\/pages\/142\/revisions"}],"predecessor-version":[{"id":243,"href":"https:\/\/sites.uab.pt\/jscaas2025\/wp-json\/wp\/v2\/pages\/142\/revisions\/243"}],"wp:attachment":[{"href":"https:\/\/sites.uab.pt\/jscaas2025\/wp-json\/wp\/v2\/media?parent=142"}],"curies":[{"name":"wp","href":"https:\/\/api.w.org\/{rel}","templated":true}]}}