{"id":151,"date":"2025-09-12T14:47:20","date_gmt":"2025-09-12T14:47:20","guid":{"rendered":"https:\/\/sites.uab.pt\/jscaas2025\/?page_id=151"},"modified":"2025-09-17T16:04:02","modified_gmt":"2025-09-17T16:04:02","slug":"organizacao","status":"publish","type":"page","link":"https:\/\/sites.uab.pt\/jscaas2025\/organizacao\/","title":{"rendered":"Organiza\u00e7\u00e3o"},"content":{"rendered":"\n<h2 class=\"wp-block-heading\">Organiza\u00e7\u00e3o<\/h2>\n\n\n\n<p>O evento \u00e9 uma organiza\u00e7\u00e3o da Sec\u00e7\u00e3o das Ci\u00eancias Aplicadas, Ambiente e Sociedade, do Departamento de Ci\u00eancias e Tecnologia, Universidade Aberta \u2013 Ana Pinto de Moura, Jorge Trindade e Pedro Pereira (docentes da SCAAS).<\/p>\n","protected":false},"excerpt":{"rendered":"Organiza\u00e7\u00e3o O evento \u00e9 uma organiza\u00e7\u00e3o da Sec\u00e7\u00e3o das Ci\u00eancias Aplicadas, Ambiente e Sociedade, do Departamento de Ci\u00eancias e Tecnologia, Universidade Aberta \u2013 Ana Pinto de Moura, Jorge Trindade e Pedro Pereira (docentes da SCAAS).","protected":false},"author":98,"featured_media":0,"parent":0,"menu_order":0,"comment_status":"closed","ping_status":"closed","template":"","meta":{"footnotes":""},"class_list":["post-151","page","type-page","status-publish","hentry"],"_links":{"self":[{"href":"https:\/\/sites.uab.pt\/jscaas2025\/wp-json\/wp\/v2\/pages\/151","targetHints":{"allow":["GET"]}}],"collection":[{"href":"https:\/\/sites.uab.pt\/jscaas2025\/wp-json\/wp\/v2\/pages"}],"about":[{"href":"https:\/\/sites.uab.pt\/jscaas2025\/wp-json\/wp\/v2\/types\/page"}],"author":[{"embeddable":true,"href":"https:\/\/sites.uab.pt\/jscaas2025\/wp-json\/wp\/v2\/users\/98"}],"replies":[{"embeddable":true,"href":"https:\/\/sites.uab.pt\/jscaas2025\/wp-json\/wp\/v2\/comments?post=151"}],"version-history":[{"count":5,"href":"https:\/\/sites.uab.pt\/jscaas2025\/wp-json\/wp\/v2\/pages\/151\/revisions"}],"predecessor-version":[{"id":237,"href":"https:\/\/sites.uab.pt\/jscaas2025\/wp-json\/wp\/v2\/pages\/151\/revisions\/237"}],"wp:attachment":[{"href":"https:\/\/sites.uab.pt\/jscaas2025\/wp-json\/wp\/v2\/media?parent=151"}],"curies":[{"name":"wp","href":"https:\/\/api.w.org\/{rel}","templated":true}]}}