{"id":154,"date":"2025-09-12T14:47:32","date_gmt":"2025-09-12T14:47:32","guid":{"rendered":"https:\/\/sites.uab.pt\/jscaas2025\/?page_id=154"},"modified":"2025-09-17T16:27:56","modified_gmt":"2025-09-17T16:27:56","slug":"contactos","status":"publish","type":"page","link":"https:\/\/sites.uab.pt\/jscaas2025\/contactos\/","title":{"rendered":"Contactos"},"content":{"rendered":"\n<h2 class=\"wp-block-heading\">Contactos<\/h2>\n\n\n\n<p class=\"has-normal-font-size\">Sec\u00e7\u00e3o das Ci\u00eancias Aplicadas, Ambiente e Sociedade (SCAAS)<\/p>\n\n\n\n<p class=\"has-normal-font-size\">Departamento de Ci\u00eancias e Tecnologia (DCeT)<\/p>\n\n\n\n<div style=\"height:35px\" aria-hidden=\"true\" class=\"wp-block-spacer\"><\/div>\n\n\n\n<p class=\"has-normal-font-size\"><strong>Local<\/strong><\/p>\n\n\n\n<p>Universidade Aberta \u2013 Pal\u00e1cio Ceia<\/p>\n\n\n\n<p>Rua Escola Polit\u00e9cnica, n.\u00ba 147<\/p>\n\n\n\n<p>1269-001 Lisboa<\/p>\n\n\n\n<div style=\"height:25px\" aria-hidden=\"true\" class=\"wp-block-spacer\"><\/div>\n\n\n\n<center><iframe src=\"https:\/\/www.google.com\/maps\/embed?pb=!1m18!1m12!1m3!1d99541.72665013355!2d-9.371189733567785!3d38.771066863334035!2m3!1f0!2f0!3f0!3m2!1i1024!2i768!4f13.1!3m3!1m2!1s0xd193350b82cdad1%3A0x806e760bf925ee28!2sUniversidade%20Aberta!5e0!3m2!1spt-PT!2spt!4v1758125174853!5m2!1spt-PT!2spt\" width=\"600\" height=\"400\" style=\"border:0;\" allowfullscreen=\"\" loading=\"lazy\" referrerpolicy=\"no-referrer-when-downgrade\"><\/iframe><\/center>\n\n\n\n<p><\/p>\n","protected":false},"excerpt":{"rendered":"Contactos Sec\u00e7\u00e3o das Ci\u00eancias Aplicadas, Ambiente e Sociedade (SCAAS) Departamento de Ci\u00eancias e Tecnologia (DCeT) Local Universidade Aberta \u2013 Pal\u00e1cio Ceia Rua Escola Polit\u00e9cnica, n.\u00ba 147 1269-001 Lisboa","protected":false},"author":98,"featured_media":0,"parent":0,"menu_order":0,"comment_status":"closed","ping_status":"closed","template":"","meta":{"footnotes":""},"class_list":["post-154","page","type-page","status-publish","hentry"],"_links":{"self":[{"href":"https:\/\/sites.uab.pt\/jscaas2025\/wp-json\/wp\/v2\/pages\/154","targetHints":{"allow":["GET"]}}],"collection":[{"href":"https:\/\/sites.uab.pt\/jscaas2025\/wp-json\/wp\/v2\/pages"}],"about":[{"href":"https:\/\/sites.uab.pt\/jscaas2025\/wp-json\/wp\/v2\/types\/page"}],"author":[{"embeddable":true,"href":"https:\/\/sites.uab.pt\/jscaas2025\/wp-json\/wp\/v2\/users\/98"}],"replies":[{"embeddable":true,"href":"https:\/\/sites.uab.pt\/jscaas2025\/wp-json\/wp\/v2\/comments?post=154"}],"version-history":[{"count":11,"href":"https:\/\/sites.uab.pt\/jscaas2025\/wp-json\/wp\/v2\/pages\/154\/revisions"}],"predecessor-version":[{"id":236,"href":"https:\/\/sites.uab.pt\/jscaas2025\/wp-json\/wp\/v2\/pages\/154\/revisions\/236"}],"wp:attachment":[{"href":"https:\/\/sites.uab.pt\/jscaas2025\/wp-json\/wp\/v2\/media?parent=154"}],"curies":[{"name":"wp","href":"https:\/\/api.w.org\/{rel}","templated":true}]}}