{"id":133,"date":"2025-06-04T14:22:41","date_gmt":"2025-06-04T14:22:41","guid":{"rendered":"https:\/\/sites.uab.pt\/premio-de-investigacao-rocha-trindade\/?page_id=133"},"modified":"2025-06-25T11:14:06","modified_gmt":"2025-06-25T11:14:06","slug":"inicio","status":"publish","type":"page","link":"https:\/\/sites.uab.pt\/premio-de-investigacao-rocha-trindade\/","title":{"rendered":"Inicio"},"content":{"rendered":"\n<div id=\"gbc-37b948-9f\" class=\"wp-block-c3-framew-gutenbergblocks-advancedcontainer gbc gbc-view row-valign-top align-full c3-framew-gutenbergblocks-advancedcontainer\" style=\"background-color:#385a7c;color:#FFFFFF;margin-top:-30px\"><div class=\"gbc-background-overlay gbc-background-overlay-normal\" style=\"opacity:0.3\"><\/div><div class=\"gbc-wrapper\" style=\"padding-top:100px;padding-bottom:60px\"><div id=\"gbc-container-gbc-37b948-9f\" class=\"inner-container container\" style=\"color:#FFFFFF\">\n<h2 class=\"wp-block-heading has-text-align-center has-xx-large-font-size\" id=\"inicio\"><strong>Pr\u00e9mio de Investiga\u00e7\u00e3o Rocha Trindade<\/strong><\/h2>\n\n\n<div class=\"divider-custom divider-light\">\n                    <div class=\"divider-custom-line\"><\/div>\n                    <div class=\"divider-custom-icon\"><svg class=\"svg-inline--fa fa-calendar-days\" role=\"presentation\" aria-hidden=\"true\" focusable=\"false\" data-prefix=\"fas\" data-icon=\"calendar-days\" xmlns=\"http:\/\/www.w3.org\/2000\/svg\" viewBox=\"0 0 448 512\" data-fa-i2svg=\"\"><path fill=\"currentColor\" d=\"M160 32V64H288V32C288 14.33 302.3 0 320 0C337.7 0 352 14.33 352 32V64H400C426.5 64 448 85.49 448 112V160H0V112C0 85.49 21.49 64 48 64H96V32C96 14.33 110.3 0 128 0C145.7 0 160 14.33 160 32zM0 192H448V464C448 490.5 426.5 512 400 512H48C21.49 512 0 490.5 0 464V192zM64 304C64 312.8 71.16 320 80 320H112C120.8 320 128 312.8 128 304V272C128 263.2 120.8 256 112 256H80C71.16 256 64 263.2 64 272V304zM192 304C192 312.8 199.2 320 208 320H240C248.8 320 256 312.8 256 304V272C256 263.2 248.8 256 240 256H208C199.2 256 192 263.2 192 272V304zM336 256C327.2 256 320 263.2 320 272V304C320 312.8 327.2 320 336 320H368C376.8 320 384 312.8 384 304V272C384 263.2 376.8 256 368 256H336zM64 432C64 440.8 71.16 448 80 448H112C120.8 448 128 440.8 128 432V400C128 391.2 120.8 384 112 384H80C71.16 384 64 391.2 64 400V432zM208 384C199.2 384 192 391.2 192 400V432C192 440.8 199.2 448 208 448H240C248.8 448 256 440.8 256 432V400C256 391.2 248.8 384 240 384H208zM320 432C320 440.8 327.2 448 336 448H368C376.8 448 384 440.8 384 432V400C384 391.2 376.8 384 368 384H336C327.2 384 320 391.2 320 400V432z\"><\/path><\/svg><!-- <i class=\"fa-solid fa-calendar-days\" role=\"presentation\"><\/i> Font Awesome fontawesome.com --><\/div>\n                    <div class=\"divider-custom-line\"><\/div>\n                <\/div><\/div><\/div><\/div>\n\n\n\n<div id=\"gbc-37b948-9f\" class=\"wp-block-c3-framew-gutenbergblocks-advancedcontainer gbc gbc-view row-valign-top align-full c3-framew-gutenbergblocks-advancedcontainer\" style=\"background-color:#FFFFFF;color:#2c3e50\"><div class=\"gbc-background-overlay gbc-background-overlay-normal\" style=\"opacity:0.3\"><\/div><div class=\"gbc-wrapper\" style=\"padding-top:100px;padding-bottom:60px\"><div id=\"gbc-container-gbc-37b948-9f\" class=\"inner-container container\" style=\"color:#2c3e50\">\n<h2 class=\"wp-block-heading has-text-align-center has-xx-large-font-size\" id=\"destinatarios\"><strong>Destinat\u00e1rios<\/strong><\/h2>\n\n\n<div class=\"divider-custom divider-light\">\n                    <div class=\"divider-custom-line\" style=\"background-color: #2c3e50;\"><\/div>\n                    <div class=\"divider-custom-icon\" style=\"color: #2c3e50;\"><svg class=\"svg-inline--fa fa-users\" aria-hidden=\"true\" focusable=\"false\" data-prefix=\"fas\" data-icon=\"users\" role=\"img\" xmlns=\"http:\/\/www.w3.org\/2000\/svg\" viewBox=\"0 0 640 512\" data-fa-i2svg=\"\"><path fill=\"currentColor\" d=\"M319.9 320c57.41 0 103.1-46.56 103.1-104c0-57.44-46.54-104-103.1-104c-57.41 0-103.1 46.56-103.1 104C215.9 273.4 262.5 320 319.9 320zM369.9 352H270.1C191.6 352 128 411.7 128 485.3C128 500.1 140.7 512 156.4 512h327.2C499.3 512 512 500.1 512 485.3C512 411.7 448.4 352 369.9 352zM512 160c44.18 0 80-35.82 80-80S556.2 0 512 0c-44.18 0-80 35.82-80 80S467.8 160 512 160zM183.9 216c0-5.449 .9824-10.63 1.609-15.91C174.6 194.1 162.6 192 149.9 192H88.08C39.44 192 0 233.8 0 285.3C0 295.6 7.887 304 17.62 304h199.5C196.7 280.2 183.9 249.7 183.9 216zM128 160c44.18 0 80-35.82 80-80S172.2 0 128 0C83.82 0 48 35.82 48 80S83.82 160 128 160zM551.9 192h-61.84c-12.8 0-24.88 3.037-35.86 8.24C454.8 205.5 455.8 210.6 455.8 216c0 33.71-12.78 64.21-33.16 88h199.7C632.1 304 640 295.6 640 285.3C640 233.8 600.6 192 551.9 192z\"><\/path><\/svg><!-- <i class=\"fa-solid fa-calendar-days\" role=\"presentation\"><\/i> Font Awesome fontawesome.com --><\/div>\n                    <div class=\"divider-custom-line\" style=\"background-color: #2c3e50;\"><\/div>\n                <\/div>\n\n\n<p class=\"has-text-align-center\">Estudantes da Universidade Aberta<\/p>\n<\/div><\/div><\/div>\n\n\n\n<div id=\"gbc-37b948-9f\" class=\"wp-block-c3-framew-gutenbergblocks-advancedcontainer gbc gbc-view row-valign-top align-full c3-framew-gutenbergblocks-advancedcontainer\" style=\"background-color:#385a7c;color:#FFFFFF\"><div class=\"gbc-background-overlay gbc-background-overlay-normal\" style=\"opacity:0.3\"><\/div><div class=\"gbc-wrapper\" style=\"padding-top:100px;padding-bottom:60px\"><div id=\"gbc-container-gbc-37b948-9f\" class=\"inner-container container\" style=\"color:#FFFFFF\">\n<h2 class=\"wp-block-heading has-text-align-center has-xx-large-font-size\" id=\"descricao\"><strong>Descri\u00e7\u00e3o<\/strong><\/h2>\n\n\n<div class=\"divider-custom divider-light\">\n                    <div class=\"divider-custom-line\"><\/div>\n                    <div class=\"divider-custom-icon\"><svg class=\"svg-inline--fa fa-info\" aria-hidden=\"true\" focusable=\"false\" data-prefix=\"fas\" data-icon=\"info\" role=\"img\" xmlns=\"http:\/\/www.w3.org\/2000\/svg\" viewBox=\"0 0 192 512\" data-fa-i2svg=\"\"><path fill=\"currentColor\" d=\"M160 448h-32V224c0-17.69-14.33-32-32-32L32 192c-17.67 0-32 14.31-32 32s14.33 31.1 32 31.1h32v192H32c-17.67 0-32 14.31-32 32s14.33 32 32 32h128c17.67 0 32-14.31 32-32S177.7 448 160 448zM96 128c26.51 0 48-21.49 48-48S122.5 32.01 96 32.01s-48 21.49-48 48S69.49 128 96 128z\"><\/path><\/svg><!-- <i class=\"fa-solid fa-calendar-days\" role=\"presentation\"><\/i> Font Awesome fontawesome.com --><\/div>\n                    <div class=\"divider-custom-line\"><\/div>\n                <\/div>\n\n\n<div class=\"wp-block-columns is-layout-flex wp-container-core-columns-is-layout-28f84493 wp-block-columns-is-layout-flex\">\n<div class=\"wp-block-column is-layout-flow wp-block-column-is-layout-flow\" style=\"padding-right:var(--wp--preset--spacing--20);padding-left:var(--wp--preset--spacing--20)\">\n<p style=\"padding-top:0;padding-bottom:0\">O pr\u00e9mio Armando Rocha Trindade tem como objetivo reconhecer e incentivar a investiga\u00e7\u00e3o, dirigindo-se aos estudantes da Universidade Aberta, cujo trabalho contribua, pela sua excecional qualidade, para o avan\u00e7o do conhecimento nas comunidades cient\u00edficas e nas sociedades.<\/p>\n\n\n\n<p style=\"padding-top:0;padding-bottom:0\">O pr\u00e9mio consiste na atribui\u00e7\u00e3o de um montante de 1500 euros ao estudante premiado, de acordo com as regras estabelecidas no regulamento.<\/p>\n\n\n\n<p style=\"padding-top:var(--wp--preset--spacing--20);padding-bottom:var(--wp--preset--spacing--20)\"><strong>Constituem requisitos obrigat\u00f3rios de admiss\u00e3o ao concurso<\/strong>:<\/p>\n\n\n\n<ol style=\"padding-top:0;padding-bottom:0;list-style-type:lower-alpha\" class=\"wp-block-list\">\n<li style=\"padding-top:0;padding-bottom:0\"> ter estado, nos 12 meses anteriores \u00e0 data-limite para apresenta\u00e7\u00e3o a concurso numa das seguintes situa\u00e7\u00f5es:\n<ol style=\"padding-top:var(--wp--preset--spacing--20);padding-bottom:var(--wp--preset--spacing--20);list-style-type:lower-roman\" class=\"wp-block-list\">\n<li style=\"padding-top:var(--wp--preset--spacing--20);padding-bottom:var(--wp--preset--spacing--20)\"> matriculado na Universidade Aberta e integrado num centro de investiga\u00e7\u00e3o de uma Institui\u00e7\u00e3o de Ensino Superior;<\/li>\n\n\n\n<li style=\"padding-top:var(--wp--preset--spacing--20);padding-bottom:var(--wp--preset--spacing--20)\">matriculado noutra Institui\u00e7\u00e3o de Ensino Superior em cursos lecionados em conjunto ou em cotutela entre essa institui\u00e7\u00e3o e a UAb;<\/li>\n\n\n\n<li style=\"padding-top:var(--wp--preset--spacing--20);padding-bottom:var(--wp--preset--spacing--20)\">auto-proposto nos termos do regime especial de apresenta\u00e7\u00e3o da tese da UAb.<\/li>\n<\/ol>\n<\/li>\n\n\n\n<li>n\u00e3o ter recebido o Pr\u00e9mio nos tr\u00eas anos letivos anteriores ao da apresenta\u00e7\u00e3o da candidatura.<\/li>\n<\/ol>\n<\/div>\n\n\n\n<div class=\"wp-block-column is-layout-flow wp-container-core-column-is-layout-1fd16bab wp-block-column-is-layout-flow\" style=\"padding-right:var(--wp--preset--spacing--20);padding-left:var(--wp--preset--spacing--20)\">\n<p style=\"padding-top:0;padding-bottom:0\">Os trabalhos admitidos a concurso s\u00e3o os seguintes:<\/p>\n\n\n\n<ol class=\"wp-block-list\">\n<li style=\"padding-top:var(--wp--preset--spacing--20);padding-bottom:var(--wp--preset--spacing--20)\"> S\u00e3o admitidos a concurso, como requisito obrigat\u00f3rio, as teses de doutoramento defendidas h\u00e1 menos de um ano, contado \u00e0 data-limite para entrega de candidaturas;<\/li>\n\n\n\n<li>Complementarmente \u00e0s teses referidas no n\u00famero anterior, pode o candidato ainda apresentar:\n<ol style=\"list-style-type:lower-alpha\" class=\"wp-block-list\">\n<li style=\"padding-top:var(--wp--preset--spacing--20);padding-bottom:var(--wp--preset--spacing--20)\"> Publica\u00e7\u00f5es cient\u00edficas (livros ou artigos publicados ou aceites para publica\u00e7\u00e3o em revistas ou atas de confer\u00eancias internacionais, indexadas em rankings internacionais) com menos de dois anos;<\/li>\n\n\n\n<li style=\"padding-top:var(--wp--preset--spacing--20);padding-bottom:var(--wp--preset--spacing--20)\">Pedidos de patente (realizados ou atribu\u00eddos) ou de outra propriedade intelectual h\u00e1 menos de um ano;<\/li>\n\n\n\n<li style=\"padding-top:var(--wp--preset--spacing--20);padding-bottom:var(--wp--preset--spacing--20)\">Elementos demonstradores dos resultados (ado\u00e7\u00e3o dos contributos de investiga\u00e7\u00e3o pela ind\u00fastria, por organiza\u00e7\u00f5es sociais, por entidades do estado ou outras entidades, cria\u00e7\u00f5es art\u00edsticas);<\/li>\n\n\n\n<li style=\"padding-top:var(--wp--preset--spacing--20);padding-bottom:var(--wp--preset--spacing--20)\">Exposi\u00e7\u00e3o fundamentada de outros fatores objetivos de relev\u00e2ncia a considerar.<\/li>\n<\/ol>\n<\/li>\n<\/ol>\n\n\n\n<p>A candidatura \u00e9 formalizada em <a href=\"https:\/\/forms.office.com\/e\/X5XgaWUiWu\" data-type=\"link\" data-id=\"https:\/\/forms.office.com\/e\/X5XgaWUiWu\" target=\"_blank\" rel=\"noreferrer noopener\">formul\u00e1rio pr\u00f3prio<\/a>, exclusivamente em formato digital, devidamente preenchido e acompanhado dos trabalho(s) apresentado(s) a concurso.<\/p>\n<\/div>\n<\/div>\n\n\n\n<div class=\"wp-block-buttons is-content-justification-center is-layout-flex wp-container-core-buttons-is-layout-a89b3969 wp-block-buttons-is-layout-flex\">\n<div class=\"wp-block-button btn btn-xl btn-outline-light\"><a class=\"wp-block-button__link has-background has-large-font-size has-custom-font-size wp-element-button\" href=\"https:\/\/portal.uab.pt\/investigacao\/wp-content\/uploads\/sites\/22\/2025\/01\/D234-R-2024-_-Premio-Armando-Rocha-Trindade.pdf\" style=\"border-style:none;border-width:0px;border-radius:0px;background-color:#00000000;padding-top:0px;padding-right:0px;padding-bottom:0px;padding-left:0px\" target=\"_blank\" rel=\"noreferrer noopener\">Consultar o Regulamento<\/a><\/div>\n<\/div>\n<\/div><\/div><\/div>\n\n\n\n<div id=\"gbc-37b948-9f\" class=\"wp-block-c3-framew-gutenbergblocks-advancedcontainer gbc gbc-view row-valign-top align-full c3-framew-gutenbergblocks-advancedcontainer\" style=\"background-color:#FFFFFF;color:#2c3e50\"><div class=\"gbc-background-overlay gbc-background-overlay-normal\" style=\"opacity:0.3\"><\/div><div class=\"gbc-wrapper\" style=\"padding-top:100px;padding-bottom:60px\"><div id=\"gbc-container-gbc-37b948-9f\" class=\"inner-container container\" style=\"color:#2c3e50\">\n<h2 class=\"wp-block-heading has-text-align-center has-xx-large-font-size\" id=\"candidatura\"><strong>Candidatura<\/strong><\/h2>\n\n\n<div class=\"divider-custom divider-light\">\n                    <div class=\"divider-custom-line\" style=\"background-color: #2c3e50;\"><\/div>\n                    <div class=\"divider-custom-icon\" style=\"color: #2c3e50;\"><svg class=\"svg-inline--fa fa-newspaper\" aria-hidden=\"true\" focusable=\"false\" data-prefix=\"far\" data-icon=\"newspaper\" role=\"img\" xmlns=\"http:\/\/www.w3.org\/2000\/svg\" viewBox=\"0 0 512 512\" data-fa-i2svg=\"\"><path fill=\"currentColor\" d=\"M456 32h-304C121.1 32 96 57.13 96 88v320c0 13.22-10.77 24-24 24S48 421.2 48 408V112c0-13.25-10.75-24-24-24S0 98.75 0 112v296C0 447.7 32.3 480 72 480h352c48.53 0 88-39.47 88-88v-304C512 57.13 486.9 32 456 32zM464 392c0 22.06-17.94 40-40 40H139.9C142.5 424.5 144 416.4 144 408v-320c0-4.406 3.594-8 8-8h304c4.406 0 8 3.594 8 8V392zM264 272h-64C186.8 272 176 282.8 176 296S186.8 320 200 320h64C277.3 320 288 309.3 288 296S277.3 272 264 272zM408 272h-64C330.8 272 320 282.8 320 296S330.8 320 344 320h64c13.25 0 24-10.75 24-24S421.3 272 408 272zM264 352h-64c-13.25 0-24 10.75-24 24s10.75 24 24 24h64c13.25 0 24-10.75 24-24S277.3 352 264 352zM408 352h-64C330.8 352 320 362.8 320 376s10.75 24 24 24h64c13.25 0 24-10.75 24-24S421.3 352 408 352zM400 112h-192c-17.67 0-32 14.33-32 32v64c0 17.67 14.33 32 32 32h192c17.67 0 32-14.33 32-32v-64C432 126.3 417.7 112 400 112z\"><\/path><\/svg><!-- <i class=\"fa-solid fa-calendar-days\" role=\"presentation\"><\/i> Font Awesome fontawesome.com --><\/div>\n                    <div class=\"divider-custom-line\" style=\"background-color: #2c3e50;\"><\/div>\n                <\/div>\n\n\n<div class=\"wp-block-buttons is-content-justification-center is-layout-flex wp-container-core-buttons-is-layout-a89b3969 wp-block-buttons-is-layout-flex\">\n<div class=\"wp-block-button btn btn-xl btn-outline-dark\"><a class=\"wp-block-button__link has-text-color has-background has-link-color has-large-font-size has-custom-font-size wp-element-button\" href=\"https:\/\/forms.office.com\/e\/X5XgaWUiWu\" style=\"border-style:none;border-width:0px;border-radius:0px;color:#2c3e50;background-color:#2b3d4f00;padding-top:0px;padding-right:0px;padding-bottom:0px;padding-left:0px\" target=\"_blank\" rel=\"noreferrer noopener\">Formul\u00e1rio<\/a><\/div>\n<\/div>\n<\/div><\/div><\/div>\n\n\n\n<p class=\"has-base-background-color has-text-color has-background has-link-color wp-elements-c2ca5f4a9b4bec2e3e3154a584574332\" style=\"color:#2c3e50\"><\/p>\n\n\n\n<p><\/p>\n","protected":false},"excerpt":{"rendered":"","protected":false},"author":1,"featured_media":0,"parent":0,"menu_order":0,"comment_status":"closed","ping_status":"closed","template":"","meta":{"footnotes":""},"class_list":["post-133","page","type-page","status-publish","hentry"],"_links":{"self":[{"href":"https:\/\/sites.uab.pt\/premio-de-investigacao-rocha-trindade\/wp-json\/wp\/v2\/pages\/133","targetHints":{"allow":["GET"]}}],"collection":[{"href":"https:\/\/sites.uab.pt\/premio-de-investigacao-rocha-trindade\/wp-json\/wp\/v2\/pages"}],"about":[{"href":"https:\/\/sites.uab.pt\/premio-de-investigacao-rocha-trindade\/wp-json\/wp\/v2\/types\/page"}],"author":[{"embeddable":true,"href":"https:\/\/sites.uab.pt\/premio-de-investigacao-rocha-trindade\/wp-json\/wp\/v2\/users\/1"}],"replies":[{"embeddable":true,"href":"https:\/\/sites.uab.pt\/premio-de-investigacao-rocha-trindade\/wp-json\/wp\/v2\/comments?post=133"}],"version-history":[{"count":15,"href":"https:\/\/sites.uab.pt\/premio-de-investigacao-rocha-trindade\/wp-json\/wp\/v2\/pages\/133\/revisions"}],"predecessor-version":[{"id":248,"href":"https:\/\/sites.uab.pt\/premio-de-investigacao-rocha-trindade\/wp-json\/wp\/v2\/pages\/133\/revisions\/248"}],"wp:attachment":[{"href":"https:\/\/sites.uab.pt\/premio-de-investigacao-rocha-trindade\/wp-json\/wp\/v2\/media?parent=133"}],"curies":[{"name":"wp","href":"https:\/\/api.w.org\/{rel}","templated":true}]}}