{"id":135,"date":"2025-09-24T13:15:05","date_gmt":"2025-09-24T13:15:05","guid":{"rendered":"https:\/\/sites.uab.pt\/rec-sel\/?page_id=135"},"modified":"2026-01-03T18:02:39","modified_gmt":"2026-01-03T18:02:39","slug":"inicio","status":"publish","type":"page","link":"https:\/\/sites.uab.pt\/rec-sel\/","title":{"rendered":"Projeto S4P REC-SEL"},"content":{"rendered":"\n<blockquote class=\"wp-block-quote is-layout-flow wp-block-quote-is-layout-flow\">\n<h1 class=\"wp-block-heading has-very-dark-gray-color has-text-color has-link-color wp-elements-e4a3c6fb007de5c552c940e96e54910f\">Projeto S4P REC-SEL<\/h1>\n\n\n\n<div class=\"wp-block-columns is-layout-flex wp-container-core-columns-is-layout-9d6595d7 wp-block-columns-is-layout-flex\">\n<div class=\"wp-block-column is-layout-flow wp-block-column-is-layout-flow\"><\/div>\n<\/div>\n\n\n\n<p><\/p>\n<\/blockquote>\n\n\n\n<p>O projeto&nbsp;<strong>S4P REC-SEL &#8211; RECOLHA SELETIVA DE RES\u00cdDUOS EM PORTUGAL: CARACTERIZA\u00c7\u00c3O DE INICIATIVAS E PROPOSTA DE NORMAS E INCENTIVOS<\/strong>&nbsp;foi desenvolvido pela Universidade Aberta no \u00e2mbito do concurso Science4Policy 2023 (S4P-23): Concurso de Estudos de Ci\u00eancia para as Pol\u00edticas P\u00fablicas. Esta iniciativa resulta de uma parceria entre o PLANAPP &#8211; Centro de Planeamento e de Avalia\u00e7\u00e3o de Pol\u00edticas P\u00fablicas e a Funda\u00e7\u00e3o para a Ci\u00eancia e Tecnologia, I. P. (FCT), sendo financiada pelo Plano de Recupera\u00e7\u00e3o e Resili\u00eancia (PRR) (C19-i07.04).<\/p>\n\n\n\n<p>O principal objetivo do projeto foi realizar um estudo comparativo das principais iniciativas de recolha seletiva existentes em Portugal, com foco na&nbsp;<strong>recolha de biorres\u00edduos<\/strong>&nbsp;e nos sistemas tarif\u00e1rios do tipo&nbsp;<strong>PAYT (Pay-As-You-Throw)<\/strong>.<\/p>\n\n\n\n<p>Com uma dura\u00e7\u00e3o de 12 meses (de 27 de agosto de 2024 a 27 de agosto de 2025), o projeto desenvolveu-se em torno de\u00a0<strong>7 tarefas<\/strong>\u00a0principais,\u00a0<strong>29 atividades<\/strong>\u00a0e\u00a0<strong>18 entreg\u00e1veis<\/strong>, culminando na elabora\u00e7\u00e3o de um\u00a0<strong><em>policy brief<\/em><\/strong>\u00a0que sintetiza os principais resultados e apresenta recomenda\u00e7\u00f5es para o refor\u00e7o da coer\u00eancia e efic\u00e1cia das pol\u00edticas p\u00fablicas de gest\u00e3o de biorres\u00edduos em Portugal.<\/p>\n\n\n\n<p><\/p>\n\n\n\n<p><\/p>\n\n\n<hr \/>\n\n\n<p><\/p>\n\n\n\n<p class=\"has-text-align-right has-small-font-size\"><\/p>\n\n\n\n<div class=\"wp-block-group\"><div class=\"wp-block-group__inner-container is-layout-constrained wp-block-group-is-layout-constrained\">\n<div class=\"wp-block-columns is-layout-flex wp-container-core-columns-is-layout-9d6595d7 wp-block-columns-is-layout-flex\">\n<div class=\"wp-block-column is-layout-flow wp-block-column-is-layout-flow\" style=\"flex-basis:85%\"><\/div>\n<\/div>\n<\/div><\/div>\n\n\n<div class=\"wp-block-image\">\n<figure class=\"aligncenter size-full is-resized\"><img loading=\"lazy\" decoding=\"async\" width=\"2475\" height=\"330\" src=\"https:\/\/sites.uab.pt\/rec-sel\/wp-content\/uploads\/sites\/71\/2025\/10\/Imagem7.png\" alt=\"\" class=\"wp-image-318\" style=\"width:800px\" srcset=\"https:\/\/sites.uab.pt\/rec-sel\/wp-content\/uploads\/sites\/71\/2025\/10\/Imagem7.png 2475w, https:\/\/sites.uab.pt\/rec-sel\/wp-content\/uploads\/sites\/71\/2025\/10\/Imagem7-300x40.png 300w, https:\/\/sites.uab.pt\/rec-sel\/wp-content\/uploads\/sites\/71\/2025\/10\/Imagem7-1024x137.png 1024w, https:\/\/sites.uab.pt\/rec-sel\/wp-content\/uploads\/sites\/71\/2025\/10\/Imagem7-768x102.png 768w, https:\/\/sites.uab.pt\/rec-sel\/wp-content\/uploads\/sites\/71\/2025\/10\/Imagem7-1536x205.png 1536w, https:\/\/sites.uab.pt\/rec-sel\/wp-content\/uploads\/sites\/71\/2025\/10\/Imagem7-2048x273.png 2048w\" sizes=\"auto, (max-width: 2475px) 100vw, 2475px\" \/><\/figure>\n<\/div>\n\n\n<p><\/p>\n","protected":false},"excerpt":{"rendered":"O projeto&nbsp;S4P REC-SEL &#8211; RECOLHA SELETIVA DE RES\u00cdDUOS EM PORTUGAL: CARACTERIZA\u00c7\u00c3O DE INICIATIVAS E PROPOSTA DE NORMAS E INCENTIVOS&nbsp;foi desenvolvido pela Universidade Aberta no \u00e2mbito do concurso Science4Policy 2023 (S4P-23): Concurso de Estudos de Ci\u00eancia para as Pol\u00edticas P\u00fablicas. Esta iniciativa resulta de uma parceria entre o PLANAPP &#8211; Centro de Planeamento e de Avalia\u00e7\u00e3o [&hellip;]","protected":false},"author":124,"featured_media":0,"parent":0,"menu_order":0,"comment_status":"closed","ping_status":"closed","template":"","meta":{"footnotes":""},"class_list":["post-135","page","type-page","status-publish","hentry"],"_links":{"self":[{"href":"https:\/\/sites.uab.pt\/rec-sel\/wp-json\/wp\/v2\/pages\/135","targetHints":{"allow":["GET"]}}],"collection":[{"href":"https:\/\/sites.uab.pt\/rec-sel\/wp-json\/wp\/v2\/pages"}],"about":[{"href":"https:\/\/sites.uab.pt\/rec-sel\/wp-json\/wp\/v2\/types\/page"}],"author":[{"embeddable":true,"href":"https:\/\/sites.uab.pt\/rec-sel\/wp-json\/wp\/v2\/users\/124"}],"replies":[{"embeddable":true,"href":"https:\/\/sites.uab.pt\/rec-sel\/wp-json\/wp\/v2\/comments?post=135"}],"version-history":[{"count":15,"href":"https:\/\/sites.uab.pt\/rec-sel\/wp-json\/wp\/v2\/pages\/135\/revisions"}],"predecessor-version":[{"id":713,"href":"https:\/\/sites.uab.pt\/rec-sel\/wp-json\/wp\/v2\/pages\/135\/revisions\/713"}],"wp:attachment":[{"href":"https:\/\/sites.uab.pt\/rec-sel\/wp-json\/wp\/v2\/media?parent=135"}],"curies":[{"name":"wp","href":"https:\/\/api.w.org\/{rel}","templated":true}]}}