{"id":290,"date":"2025-10-03T17:52:29","date_gmt":"2025-10-03T17:52:29","guid":{"rendered":"https:\/\/sites.uab.pt\/rec-sel\/?page_id=290"},"modified":"2026-01-07T17:17:37","modified_gmt":"2026-01-07T17:17:37","slug":"noticias","status":"publish","type":"page","link":"https:\/\/sites.uab.pt\/rec-sel\/noticias\/","title":{"rendered":"Not\u00edcias"},"content":{"rendered":"\n<div class=\"wp-block-columns is-layout-flex wp-container-core-columns-is-layout-9d6595d7 wp-block-columns-is-layout-flex\">\n<div class=\"wp-block-column is-vertically-aligned-center has-background is-layout-flow wp-block-column-is-layout-flow\" style=\"background-color:#f4f8f6\">\n<div id=\"gbc-dfda21-74\" class=\"wp-block-c3-framew-gutenbergblocks-advancedcontainer gbc gbc-view row-valign-top align-none c3-framew-gutenbergblocks-advancedcontainer\"><div class=\"gbc-background-overlay gbc-background-overlay-normal\" style=\"opacity:0.3\"><\/div><div class=\"gbc-wrapper\" style=\"padding-left:10px;padding-right:10px;padding-top:100px;padding-bottom:60px\"><div id=\"gbc-container-gbc-dfda21-74\" class=\"inner-container container\">\n<div class=\"wp-block-group is-vertical is-content-justification-center is-layout-flex wp-container-core-group-is-layout-0472769e wp-block-group-is-layout-flex\">\n<figure class=\"wp-block-image size-thumbnail\"><img loading=\"lazy\" decoding=\"async\" width=\"150\" height=\"150\" src=\"https:\/\/sites.uab.pt\/rec-sel\/wp-content\/uploads\/sites\/71\/2025\/10\/policy-brief-150x150.png\" alt=\"\" class=\"wp-image-505\"\/><\/figure>\n\n\n\n<p><\/p>\n\n\n\n<h2 class=\"wp-block-heading has-text-align-center has-text-color has-link-color has-medium-font-size wp-elements-22b9ec8e26c3f9bf6f9ea4f4f0ec0e3a\" style=\"color:#336574\">Bootcamp para elabora\u00e7\u00e3o do Policy Brief do Projeto S4P REC-SEL<\/h2>\n\n\n\n<p><\/p>\n\n\n\n<p>O <em>Bootcamp<\/em> permitiu discutir, sintetizar e consolidar o conhecimento cient\u00edfico produzido no projeto S4P REC-SEL no <em>Policy Brief<\/em>, uma ferramenta de apoio \u00e0 decis\u00e3o.<\/p>\n\n\n\n<p><\/p>\n\n\n\n<div class=\"wp-block-buttons is-content-justification-center is-layout-flex wp-container-core-buttons-is-layout-16018d1d wp-block-buttons-is-layout-flex\">\n<div class=\"wp-block-button has-custom-width wp-block-button__width-100\"><a class=\"wp-block-button__link has-background has-small-font-size has-custom-font-size wp-element-button\" href=\"https:\/\/sites.uab.pt\/rec-sel\/bootcamp-para-elaboracao-do-policy-brief-do-projeto-s4p-rec-sel\/\" style=\"border-radius:21px;background-color:#028ba6\" target=\"_blank\" rel=\"noreferrer noopener\">Ler mais&#8230;<\/a><\/div>\n<\/div>\n<\/div>\n<\/div><\/div><\/div>\n<\/div>\n\n\n\n<div class=\"wp-block-column is-vertically-aligned-center has-background is-layout-flow wp-block-column-is-layout-flow\" style=\"background-color:#f4f8f6\">\n<div id=\"gbc-dfda21-74\" class=\"wp-block-c3-framew-gutenbergblocks-advancedcontainer gbc gbc-view row-valign-top align-none c3-framew-gutenbergblocks-advancedcontainer\"><div class=\"gbc-background-overlay gbc-background-overlay-normal\" style=\"opacity:0.3\"><\/div><div class=\"gbc-wrapper\" style=\"padding-left:10px;padding-right:10px;padding-top:100px;padding-bottom:60px\"><div id=\"gbc-container-gbc-dfda21-74\" class=\"inner-container container\">\n<div class=\"wp-block-group is-vertical is-content-justification-center is-layout-flex wp-container-core-group-is-layout-0472769e wp-block-group-is-layout-flex\">\n<figure class=\"wp-block-image size-thumbnail\"><img loading=\"lazy\" decoding=\"async\" width=\"150\" height=\"150\" src=\"https:\/\/sites.uab.pt\/rec-sel\/wp-content\/uploads\/sites\/71\/2025\/10\/oficinas-do-futuro-150x150.png\" alt=\"\" class=\"wp-image-511\"\/><\/figure>\n\n\n\n<p><\/p>\n\n\n\n<h2 class=\"wp-block-heading has-text-align-center has-text-color has-link-color has-medium-font-size wp-elements-a66019bd3a256f50cf3a88dc4208069a\" style=\"color:#336574\">\u201cOficinas do Futuro\u201d &#8211; desafios e estrat\u00e9gias da recolha seletiva de res\u00edduos<\/h2>\n\n\n\n<p><\/p>\n\n\n\n<p>As \u201cOficinas do Futuro\u201d, um encontro dedicado ao di\u00e1logo interprofissional e \u00e0 constru\u00e7\u00e3o de solu\u00e7\u00f5es inovadoras para os desafios contempor\u00e2neos da gest\u00e3o de res\u00edduos.<\/p>\n\n\n\n<p><\/p>\n<\/div>\n\n\n\n<div class=\"wp-block-buttons is-content-justification-center is-layout-flex wp-container-core-buttons-is-layout-16018d1d wp-block-buttons-is-layout-flex\">\n<div class=\"wp-block-button\"><a class=\"wp-block-button__link has-very-light-gray-color has-text-color has-background has-link-color has-small-font-size has-text-align-center has-custom-font-size wp-element-button\" href=\"https:\/\/sites.uab.pt\/rec-sel\/oficinas-do-futuro-debateram-desafios-e-estrategias-para-a-recolha-seletiva-de-residuos\/\" style=\"border-radius:21px;background-color:#028ba6\" target=\"_blank\" rel=\"noreferrer noopener\">Ler mais&#8230;<\/a><\/div>\n<\/div>\n<\/div><\/div><\/div>\n<\/div>\n\n\n\n<div class=\"wp-block-column is-vertically-aligned-center has-background is-layout-flow wp-block-column-is-layout-flow\" style=\"background-color:#f4f8f6\">\n<div id=\"gbc-dfda21-74\" class=\"wp-block-c3-framew-gutenbergblocks-advancedcontainer gbc gbc-view row-valign-top align-none c3-framew-gutenbergblocks-advancedcontainer\"><div class=\"gbc-background-overlay gbc-background-overlay-normal\" style=\"opacity:0.3\"><\/div><div class=\"gbc-wrapper\" style=\"padding-left:10px;padding-right:10px;padding-top:100px;padding-bottom:60px\"><div id=\"gbc-container-gbc-dfda21-74\" class=\"inner-container container\">\n<div class=\"wp-block-group is-vertical is-content-justification-center is-layout-flex wp-container-core-group-is-layout-0472769e wp-block-group-is-layout-flex\">\n<figure class=\"wp-block-image size-thumbnail\"><img loading=\"lazy\" decoding=\"async\" width=\"150\" height=\"150\" src=\"https:\/\/sites.uab.pt\/rec-sel\/wp-content\/uploads\/sites\/71\/2025\/10\/cyprus-2025-rec-sel-150x150.png\" alt=\"\" class=\"wp-image-521\"\/><\/figure>\n\n\n\n<p><\/p>\n\n\n\n<h2 class=\"wp-block-heading has-text-align-center has-text-color has-link-color has-medium-font-size wp-elements-ff5a12d68ab53dd750ba68ed5c17a9fd\" style=\"color:#336574\">Projeto S4P REC-SEL na 12\u00aa Confer\u00eancia Internacional de GSRS<\/h2>\n\n\n\n<p><\/p>\n\n\n\n<p>A participa\u00e7\u00e3o da equipa na confer\u00eancia constituiu uma oportunidade privilegiada para partilhar os avan\u00e7os do projeto e estabelecer redes de colabora\u00e7\u00e3o.<\/p>\n\n\n\n<p><\/p>\n\n\n\n<div class=\"wp-block-buttons has-custom-font-size has-normal-font-size is-horizontal is-content-justification-center is-layout-flex wp-container-core-buttons-is-layout-937ffba9 wp-block-buttons-is-layout-flex\">\n<div class=\"wp-block-button\"><a class=\"wp-block-button__link has-background has-small-font-size has-custom-font-size wp-element-button\" href=\"https:\/\/sites.uab.pt\/rec-sel\/projeto-s4p-rec-sel-apresentado-na-12th-international-conference-on-sustainable-solid-waste-management\/\" style=\"border-radius:21px;background-color:#028ba6\" target=\"_blank\" rel=\"noreferrer noopener\">Ler mais&#8230;<\/a><\/div>\n<\/div>\n<\/div>\n<\/div><\/div><\/div>\n<\/div>\n\n\n\n<div class=\"wp-block-column has-background is-layout-flow wp-block-column-is-layout-flow\" style=\"background-color:#f4f8f6\">\n<div id=\"gbc-dfda21-74\" class=\"wp-block-c3-framew-gutenbergblocks-advancedcontainer gbc gbc-view row-valign-top align-none c3-framew-gutenbergblocks-advancedcontainer\"><div class=\"gbc-background-overlay gbc-background-overlay-normal\" style=\"opacity:0.3\"><\/div><div class=\"gbc-wrapper\" style=\"padding-left:10px;padding-right:10px;padding-top:100px;padding-bottom:60px\"><div id=\"gbc-container-gbc-dfda21-74\" class=\"inner-container container\">\n<div class=\"wp-block-group is-vertical is-content-justification-center is-layout-flex wp-container-core-group-is-layout-0472769e wp-block-group-is-layout-flex\">\n<figure class=\"wp-block-image size-thumbnail\"><img loading=\"lazy\" decoding=\"async\" width=\"150\" height=\"150\" src=\"https:\/\/sites.uab.pt\/rec-sel\/wp-content\/uploads\/sites\/71\/2025\/10\/conversas-seletivas-150x150.jpg\" alt=\"\" class=\"wp-image-516\"\/><\/figure>\n\n\n\n<p><\/p>\n\n\n\n<h2 class=\"wp-block-heading has-text-align-center has-text-color has-link-color has-medium-font-size wp-elements-fa4c9166d94d12fd52ad7d2c26e7f04b\" style=\"color:#336574\">\u201cConversas Seletivas\u201d promovem di\u00e1logo sobre recolha seletiva de res\u00edduos<\/h2>\n\n\n\n<p><\/p>\n\n\n\n<p>As \u201cConversas Seletivas\u201d refor\u00e7am o compromisso do Projeto S4P REC-SEL em promover di\u00e1logo, aprendizagem colaborativa e inova\u00e7\u00e3o na recolha seletiva de res\u00edduos.<\/p>\n\n\n\n<p><\/p>\n<\/div>\n\n\n\n<div class=\"wp-block-buttons is-content-justification-center is-layout-flex wp-container-core-buttons-is-layout-16018d1d wp-block-buttons-is-layout-flex\">\n<div class=\"wp-block-button\"><a class=\"wp-block-button__link has-background has-small-font-size has-custom-font-size wp-element-button\" href=\"https:\/\/sites.uab.pt\/rec-sel\/conversas-seletivas-promovem-dialogo-sobre-gestao-de-biorresiduos-e-comunidades-de-pratica\/\" style=\"border-radius:21px;background-color:#028ba6\" target=\"_blank\" rel=\"noreferrer noopener\">Ler mais&#8230;<\/a><\/div>\n<\/div>\n<\/div><\/div><\/div>\n<\/div>\n<\/div>\n","protected":false},"excerpt":{"rendered":"","protected":false},"author":152,"featured_media":693,"parent":0,"menu_order":0,"comment_status":"closed","ping_status":"closed","template":"","meta":{"footnotes":""},"class_list":["post-290","page","type-page","status-publish","has-post-thumbnail","hentry"],"_links":{"self":[{"href":"https:\/\/sites.uab.pt\/rec-sel\/wp-json\/wp\/v2\/pages\/290","targetHints":{"allow":["GET"]}}],"collection":[{"href":"https:\/\/sites.uab.pt\/rec-sel\/wp-json\/wp\/v2\/pages"}],"about":[{"href":"https:\/\/sites.uab.pt\/rec-sel\/wp-json\/wp\/v2\/types\/page"}],"author":[{"embeddable":true,"href":"https:\/\/sites.uab.pt\/rec-sel\/wp-json\/wp\/v2\/users\/152"}],"replies":[{"embeddable":true,"href":"https:\/\/sites.uab.pt\/rec-sel\/wp-json\/wp\/v2\/comments?post=290"}],"version-history":[{"count":14,"href":"https:\/\/sites.uab.pt\/rec-sel\/wp-json\/wp\/v2\/pages\/290\/revisions"}],"predecessor-version":[{"id":643,"href":"https:\/\/sites.uab.pt\/rec-sel\/wp-json\/wp\/v2\/pages\/290\/revisions\/643"}],"wp:featuredmedia":[{"embeddable":true,"href":"https:\/\/sites.uab.pt\/rec-sel\/wp-json\/wp\/v2\/media\/693"}],"wp:attachment":[{"href":"https:\/\/sites.uab.pt\/rec-sel\/wp-json\/wp\/v2\/media?parent=290"}],"curies":[{"name":"wp","href":"https:\/\/api.w.org\/{rel}","templated":true}]}}