{"id":293,"date":"2025-10-03T17:53:04","date_gmt":"2025-10-03T17:53:04","guid":{"rendered":"https:\/\/sites.uab.pt\/rec-sel\/?page_id=293"},"modified":"2026-01-07T18:11:47","modified_gmt":"2026-01-07T18:11:47","slug":"contacto","status":"publish","type":"page","link":"https:\/\/sites.uab.pt\/rec-sel\/contacto\/","title":{"rendered":"Contacto"},"content":{"rendered":"\n<h1 class=\"wp-block-heading has-very-dark-gray-color has-text-color has-link-color wp-elements-6bef5f2de7d75e7619e424f889e1ed07\">Contacto<\/h1>\n\n\n\n<div class=\"wp-block-columns is-layout-flex wp-container-core-columns-is-layout-9d6595d7 wp-block-columns-is-layout-flex\">\n<div class=\"wp-block-column is-layout-flow wp-block-column-is-layout-flow\"><\/div>\n<\/div>\n\n\n\n<p>Em caso de d\u00favida, por favor, n\u00e3o hesite em contactar-nos atrav\u00e9s do e-mail (recolha.seletiva@uab.pt)<\/p>\n\n\n\n<div class=\"wp-block-columns is-layout-flex wp-container-core-columns-is-layout-9d6595d7 wp-block-columns-is-layout-flex\">\n<div class=\"wp-block-column is-layout-flow wp-block-column-is-layout-flow\"><\/div>\n<\/div>\n\n\n\n<p><\/p>\n\n\n\n<p><\/p>\n\n\n\n<hr class=\"wp-block-separator has-alpha-channel-opacity\"\/>\n\n\n<div class=\"wp-block-image\">\n<figure class=\"aligncenter size-full\"><img loading=\"lazy\" decoding=\"async\" width=\"2475\" height=\"330\" src=\"https:\/\/sites.uab.pt\/rec-sel\/wp-content\/uploads\/sites\/71\/2025\/10\/Imagem7.png\" alt=\"\" class=\"wp-image-318\" srcset=\"https:\/\/sites.uab.pt\/rec-sel\/wp-content\/uploads\/sites\/71\/2025\/10\/Imagem7.png 2475w, https:\/\/sites.uab.pt\/rec-sel\/wp-content\/uploads\/sites\/71\/2025\/10\/Imagem7-300x40.png 300w, https:\/\/sites.uab.pt\/rec-sel\/wp-content\/uploads\/sites\/71\/2025\/10\/Imagem7-1024x137.png 1024w, https:\/\/sites.uab.pt\/rec-sel\/wp-content\/uploads\/sites\/71\/2025\/10\/Imagem7-768x102.png 768w, https:\/\/sites.uab.pt\/rec-sel\/wp-content\/uploads\/sites\/71\/2025\/10\/Imagem7-1536x205.png 1536w, https:\/\/sites.uab.pt\/rec-sel\/wp-content\/uploads\/sites\/71\/2025\/10\/Imagem7-2048x273.png 2048w\" sizes=\"auto, (max-width: 2475px) 100vw, 2475px\" \/><\/figure>\n<\/div>\n\n\n<p><\/p>\n","protected":false},"excerpt":{"rendered":"Contacto Em caso de d\u00favida, por favor, n\u00e3o hesite em contactar-nos atrav\u00e9s do e-mail (recolha.seletiva@uab.pt)","protected":false},"author":152,"featured_media":710,"parent":0,"menu_order":0,"comment_status":"closed","ping_status":"closed","template":"","meta":{"footnotes":""},"class_list":["post-293","page","type-page","status-publish","has-post-thumbnail","hentry"],"_links":{"self":[{"href":"https:\/\/sites.uab.pt\/rec-sel\/wp-json\/wp\/v2\/pages\/293","targetHints":{"allow":["GET"]}}],"collection":[{"href":"https:\/\/sites.uab.pt\/rec-sel\/wp-json\/wp\/v2\/pages"}],"about":[{"href":"https:\/\/sites.uab.pt\/rec-sel\/wp-json\/wp\/v2\/types\/page"}],"author":[{"embeddable":true,"href":"https:\/\/sites.uab.pt\/rec-sel\/wp-json\/wp\/v2\/users\/152"}],"replies":[{"embeddable":true,"href":"https:\/\/sites.uab.pt\/rec-sel\/wp-json\/wp\/v2\/comments?post=293"}],"version-history":[{"count":13,"href":"https:\/\/sites.uab.pt\/rec-sel\/wp-json\/wp\/v2\/pages\/293\/revisions"}],"predecessor-version":[{"id":778,"href":"https:\/\/sites.uab.pt\/rec-sel\/wp-json\/wp\/v2\/pages\/293\/revisions\/778"}],"wp:featuredmedia":[{"embeddable":true,"href":"https:\/\/sites.uab.pt\/rec-sel\/wp-json\/wp\/v2\/media\/710"}],"wp:attachment":[{"href":"https:\/\/sites.uab.pt\/rec-sel\/wp-json\/wp\/v2\/media?parent=293"}],"curies":[{"name":"wp","href":"https:\/\/api.w.org\/{rel}","templated":true}]}}