{"id":1493,"date":"2022-10-19T21:13:18","date_gmt":"2022-10-19T21:13:18","guid":{"rendered":"https:\/\/sites.uab.pt\/congresso-humanidades\/?page_id=2"},"modified":"2023-05-09T11:59:41","modified_gmt":"2023-05-09T11:59:41","slug":"apresentacao","status":"publish","type":"page","link":"https:\/\/sites.uab.pt\/seminario-alv-senior-2023\/","title":{"rendered":"Apresenta\u00e7\u00e3o"},"content":{"rendered":"\n<h2 class=\"wp-block-heading\">| 26 maio 2023 |<\/h2>\n\n\n\n<p class=\"has-very-dark-gray-color has-text-color has-medium-font-size\">Semin\u00e1rio \u2018<strong>Aprendizagem ao Longo da Vida S\u00e9nior &#8211; Vivendo e Aprendendo @tivamente<\/strong>\u2019<\/p>\n\n\n\n<p>As profundas altera\u00e7\u00f5es que se t\u00eam vindo a registar no atual quadro demogr\u00e1fico europeu e nacional, em que a representatividade das pessoas com 65 ou mais anos \u00e9 de 19,7%, no contexto da Uni\u00e3o Europeia (UE, 2020) e 23,4% no contexto nacional (INE, 2021), posicionam Portugal como sendo um dos pa\u00edses mais envelhecidos ao n\u00edvel mundial e colocam \u00e0s entidades e institui\u00e7\u00f5es um conjunto de desafios no reordenamento das suas agendas, em ordem a conferir processos de envelhecimento ativos e saud\u00e1veis, comprometidos, positivos e com significado.<\/p>\n\n\n\n<p><strong>A aprendizagem ao longo da vida \u00e9 hoje concebida como uma componente imprescind\u00edvel da educa\u00e7\u00e3o e da forma\u00e7\u00e3o n\u00e3o formal, tornando-se num importante vetor de transmissibilidade de saberes, gerador de conhecimentos, aptid\u00f5es e atitudes, sendo, por isso, assumido pela Universidade Aberta, atrav\u00e9s da sua Unidade para a Aprendizagem ao Longo da Vida (UALV), como princ\u00edpio orientador da sua oferta pedag\u00f3gica, segundo o seu modelo pedag\u00f3gico de educa\u00e7\u00e3o a dist\u00e2ncia.<\/strong><\/p>\n\n\n\n<p>O Semin\u00e1rio <strong>\u2018Aprendizagem ao Longo da Vida S\u00e9nior &#8211; Vivendo e Aprendendo @tivamente\u2019<\/strong> procura corresponder ao desiderato das oportunidades da longevidade contempor\u00e2nea numa perspetiva sist\u00e9mica, hol\u00edstica e sustent\u00e1vel, pretendendo ainda refletir e debater acerca da aprendizagem ao longo da vida enquanto pilar vital do envelhecimento ativo, partilhar modelos e experi\u00eancias de programas nacionais e internacionais de aprendizagem ao longo da vida e difundir boas pr\u00e1ticas de inclus\u00e3o e literacia digital.<\/p>\n\n\n\n<p>\u00c9 com imensa satisfa\u00e7\u00e3o que o\/a convidamos a participar neste Semin\u00e1rio, para podermos em conjunto, presencialmente ou remotamente, trocar experi\u00eancias e viv\u00eancias sobre a tem\u00e1tica em evid\u00eancia, contando com o contributo dos nossos ilustres oradores-convidados. <\/p>\n\n\n\n<p>Esperamos por si.<\/p>\n\n\n\n<p><strong>Local:<\/strong><\/p>\n\n\n\n<p>Universidade Aberta, Pal\u00e1cio Ceia<\/p>\n\n\n\n<p>Rua da Escola Polit\u00e9cnica, 147<\/p>\n\n\n\n<p>1269-001 Lisboa<\/p>\n","protected":false},"excerpt":{"rendered":"| 26 maio 2023 | Semin\u00e1rio \u2018Aprendizagem ao Longo da Vida S\u00e9nior &#8211; Vivendo e Aprendendo @tivamente\u2019 As profundas altera\u00e7\u00f5es que se t\u00eam vindo a registar no atual quadro demogr\u00e1fico europeu e nacional, em que a representatividade das pessoas com 65 ou mais anos \u00e9 de 19,7%, no contexto da Uni\u00e3o Europeia (UE, 2020) e [&hellip;]","protected":false},"author":3,"featured_media":0,"parent":0,"menu_order":0,"comment_status":"closed","ping_status":"closed","template":"","meta":{"footnotes":""},"class_list":["post-1493","page","type-page","status-publish","hentry"],"_links":{"self":[{"href":"https:\/\/sites.uab.pt\/seminario-alv-senior-2023\/wp-json\/wp\/v2\/pages\/1493","targetHints":{"allow":["GET"]}}],"collection":[{"href":"https:\/\/sites.uab.pt\/seminario-alv-senior-2023\/wp-json\/wp\/v2\/pages"}],"about":[{"href":"https:\/\/sites.uab.pt\/seminario-alv-senior-2023\/wp-json\/wp\/v2\/types\/page"}],"author":[{"embeddable":true,"href":"https:\/\/sites.uab.pt\/seminario-alv-senior-2023\/wp-json\/wp\/v2\/users\/3"}],"replies":[{"embeddable":true,"href":"https:\/\/sites.uab.pt\/seminario-alv-senior-2023\/wp-json\/wp\/v2\/comments?post=1493"}],"version-history":[{"count":15,"href":"https:\/\/sites.uab.pt\/seminario-alv-senior-2023\/wp-json\/wp\/v2\/pages\/1493\/revisions"}],"predecessor-version":[{"id":2129,"href":"https:\/\/sites.uab.pt\/seminario-alv-senior-2023\/wp-json\/wp\/v2\/pages\/1493\/revisions\/2129"}],"wp:attachment":[{"href":"https:\/\/sites.uab.pt\/seminario-alv-senior-2023\/wp-json\/wp\/v2\/media?parent=1493"}],"curies":[{"name":"wp","href":"https:\/\/api.w.org\/{rel}","templated":true}]}}